{"id":1334,"date":"2025-02-06T12:44:33","date_gmt":"2025-02-06T11:44:33","guid":{"rendered":"https:\/\/cm-castelo-paiva-pro.globalskillmind.pt\/portal-turismo\/?page_id=1334"},"modified":"2025-06-06T16:08:41","modified_gmt":"2025-06-06T15:08:41","slug":"festival-crokas-rock","status":"publish","type":"page","link":"https:\/\/cm-castelo-paiva-pro.globalskillmind.pt\/portal-turismo\/experiencias\/eventos\/eventos-anuais-de-referencia\/festival-crokas-rock\/","title":{"rendered":"Festival Croka\u00b4s Rock"},"content":{"rendered":"<p style=\"text-align: right\"><strong><em>M\u00fasica, Ver\u00e3o e Esp\u00edrito Livre.<\/em><\/strong><\/p>\n<p>O Croka\u2019s Rock \u00e9 um dos eventos mais animados do ver\u00e3o em Castelo de Paiva, realizado anualmente na zona de lazer da Croca, em Oliveira do Arda. Organizado pela Associa\u00e7\u00e3o Grupo Jovens Esperan\u00e7a, este festival une m\u00fasica, criatividade e esp\u00edrito comunit\u00e1rio, promovendo a din\u00e2mica cultural do concelho e proporcionando momentos \u00fanicos de conv\u00edvio e divers\u00e3o.<\/p>\n<p>Com entrada gratuita, o festival apresenta um cartaz diversificado com concertos ao ar livre, bandas emergentes e m\u00fasica alternativa, sempre num ambiente descontra\u00eddo, jovem e vibrante. Para al\u00e9m da m\u00fasica, o Croka\u2019s Rock oferece ainda uma variedade de atividades: baloi\u00e7os, performances de rua, atividades radicais e exposi\u00e7\u00f5es, garantindo anima\u00e7\u00e3o para todos os gostos.<\/p>\n<p>O Croka\u2019s Rock \u00e9 mais do que um festival \u2014 \u00e9 um ponto de encontro entre gera\u00e7\u00f5es, uma celebra\u00e7\u00e3o de ver\u00e3o que junta a energia da juventude com o charme natural das margens do Arda.<\/p>\n<p>O Croka\u2019s Rock \u00e9 para todos \u2014 venha viver esta experi\u00eancia connosco.<\/p>\n","protected":false},"excerpt":{"rendered":"<p>M\u00fasica, Ver\u00e3o e Esp\u00edrito Livre. O Croka\u2019s Rock \u00e9 um dos eventos mais animados do ver\u00e3o em Castelo de Paiva, realizado anualmente na zona de lazer da Croca, em Oliveira do Arda. Organizado pela Associa\u00e7\u00e3o Grupo Jovens Esperan\u00e7a, este festival une m\u00fasica, criatividade e esp\u00edrito comunit\u00e1rio, promovendo a din\u00e2mica cultural do concelho e proporcionando momentos [&hellip;]<\/p>\n","protected":false},"author":1,"featured_media":0,"parent":1322,"menu_order":0,"comment_status":"closed","ping_status":"closed","template":"templates-map\/component-text-layout1.php","meta":{"_acf_changed":false,"footnotes":""},"class_list":["post-1334","page","type-page","status-publish","hentry"],"acf":[],"yoast_head":"<!-- This site is optimized with the Yoast SEO plugin v22.9 - https:\/\/yoast.com\/wordpress\/plugins\/seo\/ -->\n<title>Festival Croka\u00b4s Rock - Portal Turismo C\u00e2mara Municipal de Castelo de Paiva<\/title>\n<meta name=\"robots\" content=\"noindex, follow, max-snippet:-1, max-image-preview:large, max-video-preview:-1\" \/>\n<meta property=\"og:locale\" content=\"pt_PT\" \/>\n<meta property=\"og:type\" content=\"article\" \/>\n<meta property=\"og:title\" content=\"Festival Croka\u00b4s Rock - Portal Turismo C\u00e2mara Municipal de Castelo de Paiva\" \/>\n<meta property=\"og:description\" content=\"M\u00fasica, Ver\u00e3o e Esp\u00edrito Livre. O Croka\u2019s Rock \u00e9 um dos eventos mais animados do ver\u00e3o em Castelo de Paiva, realizado anualmente na zona de lazer da Croca, em Oliveira do Arda. Organizado pela Associa\u00e7\u00e3o Grupo Jovens Esperan\u00e7a, este festival une m\u00fasica, criatividade e esp\u00edrito comunit\u00e1rio, promovendo a din\u00e2mica cultural do concelho e proporcionando momentos [&hellip;]\" \/>\n<meta property=\"og:url\" content=\"https:\/\/cm-castelo-paiva-pro.globalskillmind.pt\/portal-turismo\/experiencias\/eventos\/eventos-anuais-de-referencia\/festival-crokas-rock\/\" \/>\n<meta property=\"og:site_name\" content=\"Portal Turismo C\u00e2mara Municipal de Castelo de Paiva\" \/>\n<meta property=\"article:modified_time\" content=\"2025-06-06T15:08:41+00:00\" \/>\n<meta name=\"twitter:card\" content=\"summary_large_image\" \/>\n<meta name=\"twitter:label1\" content=\"Tempo estimado de leitura\" \/>\n\t<meta name=\"twitter:data1\" content=\"1 minuto\" \/>\n<script type=\"application\/ld+json\" class=\"yoast-schema-graph\">{\"@context\":\"https:\/\/schema.org\",\"@graph\":[{\"@type\":\"WebPage\",\"@id\":\"https:\/\/cm-castelo-paiva-pro.globalskillmind.pt\/portal-turismo\/experiencias\/eventos\/eventos-anuais-de-referencia\/festival-crokas-rock\/\",\"url\":\"https:\/\/cm-castelo-paiva-pro.globalskillmind.pt\/portal-turismo\/experiencias\/eventos\/eventos-anuais-de-referencia\/festival-crokas-rock\/\",\"name\":\"Festival Croka\u00b4s Rock - Portal Turismo C\u00e2mara Municipal de Castelo de Paiva\",\"isPartOf\":{\"@id\":\"https:\/\/cm-castelo-paiva-pro.globalskillmind.pt\/portal-turismo\/#website\"},\"datePublished\":\"2025-02-06T11:44:33+00:00\",\"dateModified\":\"2025-06-06T15:08:41+00:00\",\"breadcrumb\":{\"@id\":\"https:\/\/cm-castelo-paiva-pro.globalskillmind.pt\/portal-turismo\/experiencias\/eventos\/eventos-anuais-de-referencia\/festival-crokas-rock\/#breadcrumb\"},\"inLanguage\":\"pt-PT\",\"potentialAction\":[{\"@type\":\"ReadAction\",\"target\":[\"https:\/\/cm-castelo-paiva-pro.globalskillmind.pt\/portal-turismo\/experiencias\/eventos\/eventos-anuais-de-referencia\/festival-crokas-rock\/\"]}]},{\"@type\":\"BreadcrumbList\",\"@id\":\"https:\/\/cm-castelo-paiva-pro.globalskillmind.pt\/portal-turismo\/experiencias\/eventos\/eventos-anuais-de-referencia\/festival-crokas-rock\/#breadcrumb\",\"itemListElement\":[{\"@type\":\"ListItem\",\"position\":1,\"name\":\"In\u00edcio\",\"item\":\"https:\/\/cm-castelo-paiva-pro.globalskillmind.pt\/portal-turismo\/\"},{\"@type\":\"ListItem\",\"position\":2,\"name\":\"Experi\u00eancias\",\"item\":\"https:\/\/cm-castelo-paiva-pro.globalskillmind.pt\/portal-turismo\/experiencias\/\"},{\"@type\":\"ListItem\",\"position\":3,\"name\":\"Eventos\",\"item\":\"https:\/\/cm-castelo-paiva-pro.globalskillmind.pt\/portal-turismo\/experiencias\/eventos\/\"},{\"@type\":\"ListItem\",\"position\":4,\"name\":\"Eventos anuais de refer\u00eancia\",\"item\":\"https:\/\/cm-castelo-paiva-pro.globalskillmind.pt\/portal-turismo\/experiencias\/eventos\/eventos-anuais-de-referencia\/\"},{\"@type\":\"ListItem\",\"position\":5,\"name\":\"Festival Croka\u00b4s Rock\"}]},{\"@type\":\"WebSite\",\"@id\":\"https:\/\/cm-castelo-paiva-pro.globalskillmind.pt\/portal-turismo\/#website\",\"url\":\"https:\/\/cm-castelo-paiva-pro.globalskillmind.pt\/portal-turismo\/\",\"name\":\"Portal Turismo C\u00e2mara Municipal de Castelo de Paiva\",\"description\":\"\",\"potentialAction\":[{\"@type\":\"SearchAction\",\"target\":{\"@type\":\"EntryPoint\",\"urlTemplate\":\"https:\/\/cm-castelo-paiva-pro.globalskillmind.pt\/portal-turismo\/?s={search_term_string}\"},\"query-input\":\"required name=search_term_string\"}],\"inLanguage\":\"pt-PT\"}]}<\/script>\n<!-- \/ Yoast SEO plugin. -->","yoast_head_json":{"title":"Festival Croka\u00b4s Rock - Portal Turismo C\u00e2mara Municipal de Castelo de Paiva","robots":{"index":"noindex","follow":"follow","max-snippet":"max-snippet:-1","max-image-preview":"max-image-preview:large","max-video-preview":"max-video-preview:-1"},"og_locale":"pt_PT","og_type":"article","og_title":"Festival Croka\u00b4s Rock - Portal Turismo C\u00e2mara Municipal de Castelo de Paiva","og_description":"M\u00fasica, Ver\u00e3o e Esp\u00edrito Livre. O Croka\u2019s Rock \u00e9 um dos eventos mais animados do ver\u00e3o em Castelo de Paiva, realizado anualmente na zona de lazer da Croca, em Oliveira do Arda. Organizado pela Associa\u00e7\u00e3o Grupo Jovens Esperan\u00e7a, este festival une m\u00fasica, criatividade e esp\u00edrito comunit\u00e1rio, promovendo a din\u00e2mica cultural do concelho e proporcionando momentos [&hellip;]","og_url":"https:\/\/cm-castelo-paiva-pro.globalskillmind.pt\/portal-turismo\/experiencias\/eventos\/eventos-anuais-de-referencia\/festival-crokas-rock\/","og_site_name":"Portal Turismo C\u00e2mara Municipal de Castelo de Paiva","article_modified_time":"2025-06-06T15:08:41+00:00","twitter_card":"summary_large_image","twitter_misc":{"Tempo estimado de leitura":"1 minuto"},"schema":{"@context":"https:\/\/schema.org","@graph":[{"@type":"WebPage","@id":"https:\/\/cm-castelo-paiva-pro.globalskillmind.pt\/portal-turismo\/experiencias\/eventos\/eventos-anuais-de-referencia\/festival-crokas-rock\/","url":"https:\/\/cm-castelo-paiva-pro.globalskillmind.pt\/portal-turismo\/experiencias\/eventos\/eventos-anuais-de-referencia\/festival-crokas-rock\/","name":"Festival Croka\u00b4s Rock - Portal Turismo C\u00e2mara Municipal de Castelo de Paiva","isPartOf":{"@id":"https:\/\/cm-castelo-paiva-pro.globalskillmind.pt\/portal-turismo\/#website"},"datePublished":"2025-02-06T11:44:33+00:00","dateModified":"2025-06-06T15:08:41+00:00","breadcrumb":{"@id":"https:\/\/cm-castelo-paiva-pro.globalskillmind.pt\/portal-turismo\/experiencias\/eventos\/eventos-anuais-de-referencia\/festival-crokas-rock\/#breadcrumb"},"inLanguage":"pt-PT","potentialAction":[{"@type":"ReadAction","target":["https:\/\/cm-castelo-paiva-pro.globalskillmind.pt\/portal-turismo\/experiencias\/eventos\/eventos-anuais-de-referencia\/festival-crokas-rock\/"]}]},{"@type":"BreadcrumbList","@id":"https:\/\/cm-castelo-paiva-pro.globalskillmind.pt\/portal-turismo\/experiencias\/eventos\/eventos-anuais-de-referencia\/festival-crokas-rock\/#breadcrumb","itemListElement":[{"@type":"ListItem","position":1,"name":"In\u00edcio","item":"https:\/\/cm-castelo-paiva-pro.globalskillmind.pt\/portal-turismo\/"},{"@type":"ListItem","position":2,"name":"Experi\u00eancias","item":"https:\/\/cm-castelo-paiva-pro.globalskillmind.pt\/portal-turismo\/experiencias\/"},{"@type":"ListItem","position":3,"name":"Eventos","item":"https:\/\/cm-castelo-paiva-pro.globalskillmind.pt\/portal-turismo\/experiencias\/eventos\/"},{"@type":"ListItem","position":4,"name":"Eventos anuais de refer\u00eancia","item":"https:\/\/cm-castelo-paiva-pro.globalskillmind.pt\/portal-turismo\/experiencias\/eventos\/eventos-anuais-de-referencia\/"},{"@type":"ListItem","position":5,"name":"Festival Croka\u00b4s Rock"}]},{"@type":"WebSite","@id":"https:\/\/cm-castelo-paiva-pro.globalskillmind.pt\/portal-turismo\/#website","url":"https:\/\/cm-castelo-paiva-pro.globalskillmind.pt\/portal-turismo\/","name":"Portal Turismo C\u00e2mara Municipal de Castelo de Paiva","description":"","potentialAction":[{"@type":"SearchAction","target":{"@type":"EntryPoint","urlTemplate":"https:\/\/cm-castelo-paiva-pro.globalskillmind.pt\/portal-turismo\/?s={search_term_string}"},"query-input":"required name=search_term_string"}],"inLanguage":"pt-PT"}]}},"_links":{"self":[{"href":"https:\/\/cm-castelo-paiva-pro.globalskillmind.pt\/portal-turismo\/wp-json\/wp\/v2\/pages\/1334"}],"collection":[{"href":"https:\/\/cm-castelo-paiva-pro.globalskillmind.pt\/portal-turismo\/wp-json\/wp\/v2\/pages"}],"about":[{"href":"https:\/\/cm-castelo-paiva-pro.globalskillmind.pt\/portal-turismo\/wp-json\/wp\/v2\/types\/page"}],"author":[{"embeddable":true,"href":"https:\/\/cm-castelo-paiva-pro.globalskillmind.pt\/portal-turismo\/wp-json\/wp\/v2\/users\/1"}],"replies":[{"embeddable":true,"href":"https:\/\/cm-castelo-paiva-pro.globalskillmind.pt\/portal-turismo\/wp-json\/wp\/v2\/comments?post=1334"}],"version-history":[{"count":4,"href":"https:\/\/cm-castelo-paiva-pro.globalskillmind.pt\/portal-turismo\/wp-json\/wp\/v2\/pages\/1334\/revisions"}],"predecessor-version":[{"id":2769,"href":"https:\/\/cm-castelo-paiva-pro.globalskillmind.pt\/portal-turismo\/wp-json\/wp\/v2\/pages\/1334\/revisions\/2769"}],"up":[{"embeddable":true,"href":"https:\/\/cm-castelo-paiva-pro.globalskillmind.pt\/portal-turismo\/wp-json\/wp\/v2\/pages\/1322"}],"wp:attachment":[{"href":"https:\/\/cm-castelo-paiva-pro.globalskillmind.pt\/portal-turismo\/wp-json\/wp\/v2\/media?parent=1334"}],"curies":[{"name":"wp","href":"https:\/\/api.w.org\/{rel}","templated":true}]}}