{"id":1328,"date":"2025-02-06T12:43:32","date_gmt":"2025-02-06T11:43:32","guid":{"rendered":"https:\/\/cm-castelo-paiva-pro.globalskillmind.pt\/portal-turismo\/?page_id=1328"},"modified":"2025-06-06T15:47:14","modified_gmt":"2025-06-06T14:47:14","slug":"festejos-de-s-joao","status":"publish","type":"page","link":"https:\/\/cm-castelo-paiva-pro.globalskillmind.pt\/portal-turismo\/experiencias\/eventos\/eventos-anuais-de-referencia\/festejos-de-s-joao\/","title":{"rendered":"Festejos de S. Jo\u00e3o"},"content":{"rendered":"<p style=\"text-align: right\"><strong><em>Noites m\u00e1gicas. Sardinha no p\u00e3o. M\u00fasica no ar.<\/em><\/strong><\/p>\n<p>Os festejos de S\u00e3o Jo\u00e3o s\u00e3o um dos momentos mais aguardados do ano em Castelo de Paiva, celebrados com entusiasmo, cor e muita anima\u00e7\u00e3o. Integrados nas festas dos Santos Populares, ganham um destaque especial no concelho pela sua energia contagiante e forte envolvimento da comunidade.<\/p>\n<p>As comemora\u00e7\u00f5es arrancam na noite de 23 de junho, com as tradicionais marchas populares, que desfilam pelas ruas e enchem a vila de cor, m\u00fasica e alegria. \u00c0 meia-noite, o c\u00e9u ilumina-se com um espet\u00e1culo de fogo de artif\u00edcio, seguido por concertos com grupos musicais de renome, que prolongam a festa madrugada dentro.<\/p>\n<p>No dia 24 de junho, feriado municipal, a festa continua com uma grande sardinhada popular promovida pela C\u00e2mara Municipal, onde n\u00e3o falta o famoso Vinho Verde de Paiva, m\u00fasica e muito conv\u00edvio.<\/p>\n<p>Todos os anos, milhares de visitantes juntam-se \u00e0 popula\u00e7\u00e3o local para celebrar esta tradi\u00e7\u00e3o \u00fanica, que combina divers\u00e3o, cultura popular e gastronomia regional. Um verdadeiro encontro de gera\u00e7\u00f5es, onde o esp\u00edrito comunit\u00e1rio e festivo se sente em cada canto da vila.<\/p>\n<p>23 e 24 de junho \u2014 n\u00e3o marque nada, porque a festa \u00e9 em Paiva.<\/p>\n","protected":false},"excerpt":{"rendered":"<p>Noites m\u00e1gicas. Sardinha no p\u00e3o. M\u00fasica no ar. Os festejos de S\u00e3o Jo\u00e3o s\u00e3o um dos momentos mais aguardados do ano em Castelo de Paiva, celebrados com entusiasmo, cor e muita anima\u00e7\u00e3o. Integrados nas festas dos Santos Populares, ganham um destaque especial no concelho pela sua energia contagiante e forte envolvimento da comunidade. As comemora\u00e7\u00f5es [&hellip;]<\/p>\n","protected":false},"author":1,"featured_media":0,"parent":1322,"menu_order":0,"comment_status":"closed","ping_status":"closed","template":"templates-map\/component-text-layout1.php","meta":{"_acf_changed":false,"footnotes":""},"class_list":["post-1328","page","type-page","status-publish","hentry"],"acf":[],"yoast_head":"<!-- This site is optimized with the Yoast SEO plugin v22.9 - https:\/\/yoast.com\/wordpress\/plugins\/seo\/ -->\n<title>Festejos de S. Jo\u00e3o - Portal Turismo C\u00e2mara Municipal de Castelo de Paiva<\/title>\n<meta name=\"robots\" content=\"noindex, follow, max-snippet:-1, max-image-preview:large, max-video-preview:-1\" \/>\n<meta property=\"og:locale\" content=\"pt_PT\" \/>\n<meta property=\"og:type\" content=\"article\" \/>\n<meta property=\"og:title\" content=\"Festejos de S. Jo\u00e3o - Portal Turismo C\u00e2mara Municipal de Castelo de Paiva\" \/>\n<meta property=\"og:description\" content=\"Noites m\u00e1gicas. Sardinha no p\u00e3o. M\u00fasica no ar. Os festejos de S\u00e3o Jo\u00e3o s\u00e3o um dos momentos mais aguardados do ano em Castelo de Paiva, celebrados com entusiasmo, cor e muita anima\u00e7\u00e3o. Integrados nas festas dos Santos Populares, ganham um destaque especial no concelho pela sua energia contagiante e forte envolvimento da comunidade. As comemora\u00e7\u00f5es [&hellip;]\" \/>\n<meta property=\"og:url\" content=\"https:\/\/cm-castelo-paiva-pro.globalskillmind.pt\/portal-turismo\/experiencias\/eventos\/eventos-anuais-de-referencia\/festejos-de-s-joao\/\" \/>\n<meta property=\"og:site_name\" content=\"Portal Turismo C\u00e2mara Municipal de Castelo de Paiva\" \/>\n<meta property=\"article:modified_time\" content=\"2025-06-06T14:47:14+00:00\" \/>\n<meta name=\"twitter:card\" content=\"summary_large_image\" \/>\n<meta name=\"twitter:label1\" content=\"Tempo estimado de leitura\" \/>\n\t<meta name=\"twitter:data1\" content=\"2 minutos\" \/>\n<script type=\"application\/ld+json\" class=\"yoast-schema-graph\">{\"@context\":\"https:\/\/schema.org\",\"@graph\":[{\"@type\":\"WebPage\",\"@id\":\"https:\/\/cm-castelo-paiva-pro.globalskillmind.pt\/portal-turismo\/experiencias\/eventos\/eventos-anuais-de-referencia\/festejos-de-s-joao\/\",\"url\":\"https:\/\/cm-castelo-paiva-pro.globalskillmind.pt\/portal-turismo\/experiencias\/eventos\/eventos-anuais-de-referencia\/festejos-de-s-joao\/\",\"name\":\"Festejos de S. Jo\u00e3o - Portal Turismo C\u00e2mara Municipal de Castelo de Paiva\",\"isPartOf\":{\"@id\":\"https:\/\/cm-castelo-paiva-pro.globalskillmind.pt\/portal-turismo\/#website\"},\"datePublished\":\"2025-02-06T11:43:32+00:00\",\"dateModified\":\"2025-06-06T14:47:14+00:00\",\"breadcrumb\":{\"@id\":\"https:\/\/cm-castelo-paiva-pro.globalskillmind.pt\/portal-turismo\/experiencias\/eventos\/eventos-anuais-de-referencia\/festejos-de-s-joao\/#breadcrumb\"},\"inLanguage\":\"pt-PT\",\"potentialAction\":[{\"@type\":\"ReadAction\",\"target\":[\"https:\/\/cm-castelo-paiva-pro.globalskillmind.pt\/portal-turismo\/experiencias\/eventos\/eventos-anuais-de-referencia\/festejos-de-s-joao\/\"]}]},{\"@type\":\"BreadcrumbList\",\"@id\":\"https:\/\/cm-castelo-paiva-pro.globalskillmind.pt\/portal-turismo\/experiencias\/eventos\/eventos-anuais-de-referencia\/festejos-de-s-joao\/#breadcrumb\",\"itemListElement\":[{\"@type\":\"ListItem\",\"position\":1,\"name\":\"In\u00edcio\",\"item\":\"https:\/\/cm-castelo-paiva-pro.globalskillmind.pt\/portal-turismo\/\"},{\"@type\":\"ListItem\",\"position\":2,\"name\":\"Experi\u00eancias\",\"item\":\"https:\/\/cm-castelo-paiva-pro.globalskillmind.pt\/portal-turismo\/experiencias\/\"},{\"@type\":\"ListItem\",\"position\":3,\"name\":\"Eventos\",\"item\":\"https:\/\/cm-castelo-paiva-pro.globalskillmind.pt\/portal-turismo\/experiencias\/eventos\/\"},{\"@type\":\"ListItem\",\"position\":4,\"name\":\"Eventos anuais de refer\u00eancia\",\"item\":\"https:\/\/cm-castelo-paiva-pro.globalskillmind.pt\/portal-turismo\/experiencias\/eventos\/eventos-anuais-de-referencia\/\"},{\"@type\":\"ListItem\",\"position\":5,\"name\":\"Festejos de S. Jo\u00e3o\"}]},{\"@type\":\"WebSite\",\"@id\":\"https:\/\/cm-castelo-paiva-pro.globalskillmind.pt\/portal-turismo\/#website\",\"url\":\"https:\/\/cm-castelo-paiva-pro.globalskillmind.pt\/portal-turismo\/\",\"name\":\"Portal Turismo C\u00e2mara Municipal de Castelo de Paiva\",\"description\":\"\",\"potentialAction\":[{\"@type\":\"SearchAction\",\"target\":{\"@type\":\"EntryPoint\",\"urlTemplate\":\"https:\/\/cm-castelo-paiva-pro.globalskillmind.pt\/portal-turismo\/?s={search_term_string}\"},\"query-input\":\"required name=search_term_string\"}],\"inLanguage\":\"pt-PT\"}]}<\/script>\n<!-- \/ Yoast SEO plugin. -->","yoast_head_json":{"title":"Festejos de S. Jo\u00e3o - Portal Turismo C\u00e2mara Municipal de Castelo de Paiva","robots":{"index":"noindex","follow":"follow","max-snippet":"max-snippet:-1","max-image-preview":"max-image-preview:large","max-video-preview":"max-video-preview:-1"},"og_locale":"pt_PT","og_type":"article","og_title":"Festejos de S. Jo\u00e3o - Portal Turismo C\u00e2mara Municipal de Castelo de Paiva","og_description":"Noites m\u00e1gicas. Sardinha no p\u00e3o. M\u00fasica no ar. Os festejos de S\u00e3o Jo\u00e3o s\u00e3o um dos momentos mais aguardados do ano em Castelo de Paiva, celebrados com entusiasmo, cor e muita anima\u00e7\u00e3o. Integrados nas festas dos Santos Populares, ganham um destaque especial no concelho pela sua energia contagiante e forte envolvimento da comunidade. As comemora\u00e7\u00f5es [&hellip;]","og_url":"https:\/\/cm-castelo-paiva-pro.globalskillmind.pt\/portal-turismo\/experiencias\/eventos\/eventos-anuais-de-referencia\/festejos-de-s-joao\/","og_site_name":"Portal Turismo C\u00e2mara Municipal de Castelo de Paiva","article_modified_time":"2025-06-06T14:47:14+00:00","twitter_card":"summary_large_image","twitter_misc":{"Tempo estimado de leitura":"2 minutos"},"schema":{"@context":"https:\/\/schema.org","@graph":[{"@type":"WebPage","@id":"https:\/\/cm-castelo-paiva-pro.globalskillmind.pt\/portal-turismo\/experiencias\/eventos\/eventos-anuais-de-referencia\/festejos-de-s-joao\/","url":"https:\/\/cm-castelo-paiva-pro.globalskillmind.pt\/portal-turismo\/experiencias\/eventos\/eventos-anuais-de-referencia\/festejos-de-s-joao\/","name":"Festejos de S. Jo\u00e3o - Portal Turismo C\u00e2mara Municipal de Castelo de Paiva","isPartOf":{"@id":"https:\/\/cm-castelo-paiva-pro.globalskillmind.pt\/portal-turismo\/#website"},"datePublished":"2025-02-06T11:43:32+00:00","dateModified":"2025-06-06T14:47:14+00:00","breadcrumb":{"@id":"https:\/\/cm-castelo-paiva-pro.globalskillmind.pt\/portal-turismo\/experiencias\/eventos\/eventos-anuais-de-referencia\/festejos-de-s-joao\/#breadcrumb"},"inLanguage":"pt-PT","potentialAction":[{"@type":"ReadAction","target":["https:\/\/cm-castelo-paiva-pro.globalskillmind.pt\/portal-turismo\/experiencias\/eventos\/eventos-anuais-de-referencia\/festejos-de-s-joao\/"]}]},{"@type":"BreadcrumbList","@id":"https:\/\/cm-castelo-paiva-pro.globalskillmind.pt\/portal-turismo\/experiencias\/eventos\/eventos-anuais-de-referencia\/festejos-de-s-joao\/#breadcrumb","itemListElement":[{"@type":"ListItem","position":1,"name":"In\u00edcio","item":"https:\/\/cm-castelo-paiva-pro.globalskillmind.pt\/portal-turismo\/"},{"@type":"ListItem","position":2,"name":"Experi\u00eancias","item":"https:\/\/cm-castelo-paiva-pro.globalskillmind.pt\/portal-turismo\/experiencias\/"},{"@type":"ListItem","position":3,"name":"Eventos","item":"https:\/\/cm-castelo-paiva-pro.globalskillmind.pt\/portal-turismo\/experiencias\/eventos\/"},{"@type":"ListItem","position":4,"name":"Eventos anuais de refer\u00eancia","item":"https:\/\/cm-castelo-paiva-pro.globalskillmind.pt\/portal-turismo\/experiencias\/eventos\/eventos-anuais-de-referencia\/"},{"@type":"ListItem","position":5,"name":"Festejos de S. Jo\u00e3o"}]},{"@type":"WebSite","@id":"https:\/\/cm-castelo-paiva-pro.globalskillmind.pt\/portal-turismo\/#website","url":"https:\/\/cm-castelo-paiva-pro.globalskillmind.pt\/portal-turismo\/","name":"Portal Turismo C\u00e2mara Municipal de Castelo de Paiva","description":"","potentialAction":[{"@type":"SearchAction","target":{"@type":"EntryPoint","urlTemplate":"https:\/\/cm-castelo-paiva-pro.globalskillmind.pt\/portal-turismo\/?s={search_term_string}"},"query-input":"required name=search_term_string"}],"inLanguage":"pt-PT"}]}},"_links":{"self":[{"href":"https:\/\/cm-castelo-paiva-pro.globalskillmind.pt\/portal-turismo\/wp-json\/wp\/v2\/pages\/1328"}],"collection":[{"href":"https:\/\/cm-castelo-paiva-pro.globalskillmind.pt\/portal-turismo\/wp-json\/wp\/v2\/pages"}],"about":[{"href":"https:\/\/cm-castelo-paiva-pro.globalskillmind.pt\/portal-turismo\/wp-json\/wp\/v2\/types\/page"}],"author":[{"embeddable":true,"href":"https:\/\/cm-castelo-paiva-pro.globalskillmind.pt\/portal-turismo\/wp-json\/wp\/v2\/users\/1"}],"replies":[{"embeddable":true,"href":"https:\/\/cm-castelo-paiva-pro.globalskillmind.pt\/portal-turismo\/wp-json\/wp\/v2\/comments?post=1328"}],"version-history":[{"count":4,"href":"https:\/\/cm-castelo-paiva-pro.globalskillmind.pt\/portal-turismo\/wp-json\/wp\/v2\/pages\/1328\/revisions"}],"predecessor-version":[{"id":2765,"href":"https:\/\/cm-castelo-paiva-pro.globalskillmind.pt\/portal-turismo\/wp-json\/wp\/v2\/pages\/1328\/revisions\/2765"}],"up":[{"embeddable":true,"href":"https:\/\/cm-castelo-paiva-pro.globalskillmind.pt\/portal-turismo\/wp-json\/wp\/v2\/pages\/1322"}],"wp:attachment":[{"href":"https:\/\/cm-castelo-paiva-pro.globalskillmind.pt\/portal-turismo\/wp-json\/wp\/v2\/media?parent=1328"}],"curies":[{"name":"wp","href":"https:\/\/api.w.org\/{rel}","templated":true}]}}