{"id":1326,"date":"2025-02-06T12:43:18","date_gmt":"2025-02-06T11:43:18","guid":{"rendered":"https:\/\/cm-castelo-paiva-pro.globalskillmind.pt\/portal-turismo\/?page_id=1326"},"modified":"2025-06-06T15:14:06","modified_gmt":"2025-06-06T14:14:06","slug":"feira-do-seculo-xix","status":"publish","type":"page","link":"https:\/\/cm-castelo-paiva-pro.globalskillmind.pt\/portal-turismo\/experiencias\/eventos\/eventos-anuais-de-referencia\/feira-do-seculo-xix\/","title":{"rendered":"Feira do S\u00e9culo XIX"},"content":{"rendered":"<p style=\"text-align: right\"><strong><em>No Presente, uma Viagem ao Passado<\/em><\/strong><\/p>\n<p>A Feira do S\u00e9culo XIX, tamb\u00e9m conhecida como Feira \u00e0 Moda Antiga, \u00e9 um dos eventos culturais mais emblem\u00e1ticos de Castelo de Paiva. Realizada anualmente no Parque das T\u00edlias, por norma no segundo domingo de outubro, esta recria\u00e7\u00e3o hist\u00f3rica transporta os visitantes at\u00e9 ao quotidiano rural de h\u00e1 dois s\u00e9culos.<\/p>\n<p>Ao longo do dia, o recinto enche-se de vida com trajes de \u00e9poca, representa\u00e7\u00f5es de of\u00edcios tradicionais, produtos agr\u00edcolas, animais dom\u00e9sticos e um ambiente fiel \u00e0s viv\u00eancias dos nossos antepassados. Artesanato, gastronomia tradicional, vinho doce das vindimas recentes e jogos populares completam o cen\u00e1rio, num convite \u00e0 descoberta da cultura local.<\/p>\n<p>O programa inclui ainda m\u00fasica tradicional, teatro de rua e bailes \u00e0 moda antiga, proporcionando um ambiente festivo, educativo e aut\u00eantico.<\/p>\n<p>Organizada pela ADEP \u2013 Associa\u00e7\u00e3o de Defesa do Patrim\u00f3nio Hist\u00f3rico e Cultural de Castelo de Paiva, esta feira \u00e9 uma celebra\u00e7\u00e3o viva da hist\u00f3ria local, que promove a valoriza\u00e7\u00e3o do patrim\u00f3nio e o envolvimento da comunidade.<\/p>\n<p>Castelo de Paiva convida-o a viver o passado \u2014 em festa, com mem\u00f3ria e tradi\u00e7\u00e3o.<\/p>\n","protected":false},"excerpt":{"rendered":"<p>No Presente, uma Viagem ao Passado A Feira do S\u00e9culo XIX, tamb\u00e9m conhecida como Feira \u00e0 Moda Antiga, \u00e9 um dos eventos culturais mais emblem\u00e1ticos de Castelo de Paiva. Realizada anualmente no Parque das T\u00edlias, por norma no segundo domingo de outubro, esta recria\u00e7\u00e3o hist\u00f3rica transporta os visitantes at\u00e9 ao quotidiano rural de h\u00e1 dois [&hellip;]<\/p>\n","protected":false},"author":1,"featured_media":0,"parent":1322,"menu_order":0,"comment_status":"closed","ping_status":"closed","template":"templates-map\/component-text-layout1.php","meta":{"_acf_changed":false,"footnotes":""},"class_list":["post-1326","page","type-page","status-publish","hentry"],"acf":[],"yoast_head":"<!-- This site is optimized with the Yoast SEO plugin v22.9 - https:\/\/yoast.com\/wordpress\/plugins\/seo\/ -->\n<title>Feira do S\u00e9culo XIX - Portal Turismo C\u00e2mara Municipal de Castelo de Paiva<\/title>\n<meta name=\"robots\" content=\"noindex, follow, max-snippet:-1, max-image-preview:large, max-video-preview:-1\" \/>\n<meta property=\"og:locale\" content=\"pt_PT\" \/>\n<meta property=\"og:type\" content=\"article\" \/>\n<meta property=\"og:title\" content=\"Feira do S\u00e9culo XIX - Portal Turismo C\u00e2mara Municipal de Castelo de Paiva\" \/>\n<meta property=\"og:description\" content=\"No Presente, uma Viagem ao Passado A Feira do S\u00e9culo XIX, tamb\u00e9m conhecida como Feira \u00e0 Moda Antiga, \u00e9 um dos eventos culturais mais emblem\u00e1ticos de Castelo de Paiva. Realizada anualmente no Parque das T\u00edlias, por norma no segundo domingo de outubro, esta recria\u00e7\u00e3o hist\u00f3rica transporta os visitantes at\u00e9 ao quotidiano rural de h\u00e1 dois [&hellip;]\" \/>\n<meta property=\"og:url\" content=\"https:\/\/cm-castelo-paiva-pro.globalskillmind.pt\/portal-turismo\/experiencias\/eventos\/eventos-anuais-de-referencia\/feira-do-seculo-xix\/\" \/>\n<meta property=\"og:site_name\" content=\"Portal Turismo C\u00e2mara Municipal de Castelo de Paiva\" \/>\n<meta property=\"article:modified_time\" content=\"2025-06-06T14:14:06+00:00\" \/>\n<meta name=\"twitter:card\" content=\"summary_large_image\" \/>\n<meta name=\"twitter:label1\" content=\"Tempo estimado de leitura\" \/>\n\t<meta name=\"twitter:data1\" content=\"1 minuto\" \/>\n<script type=\"application\/ld+json\" class=\"yoast-schema-graph\">{\"@context\":\"https:\/\/schema.org\",\"@graph\":[{\"@type\":\"WebPage\",\"@id\":\"https:\/\/cm-castelo-paiva-pro.globalskillmind.pt\/portal-turismo\/experiencias\/eventos\/eventos-anuais-de-referencia\/feira-do-seculo-xix\/\",\"url\":\"https:\/\/cm-castelo-paiva-pro.globalskillmind.pt\/portal-turismo\/experiencias\/eventos\/eventos-anuais-de-referencia\/feira-do-seculo-xix\/\",\"name\":\"Feira do S\u00e9culo XIX - Portal Turismo C\u00e2mara Municipal de Castelo de Paiva\",\"isPartOf\":{\"@id\":\"https:\/\/cm-castelo-paiva-pro.globalskillmind.pt\/portal-turismo\/#website\"},\"datePublished\":\"2025-02-06T11:43:18+00:00\",\"dateModified\":\"2025-06-06T14:14:06+00:00\",\"breadcrumb\":{\"@id\":\"https:\/\/cm-castelo-paiva-pro.globalskillmind.pt\/portal-turismo\/experiencias\/eventos\/eventos-anuais-de-referencia\/feira-do-seculo-xix\/#breadcrumb\"},\"inLanguage\":\"pt-PT\",\"potentialAction\":[{\"@type\":\"ReadAction\",\"target\":[\"https:\/\/cm-castelo-paiva-pro.globalskillmind.pt\/portal-turismo\/experiencias\/eventos\/eventos-anuais-de-referencia\/feira-do-seculo-xix\/\"]}]},{\"@type\":\"BreadcrumbList\",\"@id\":\"https:\/\/cm-castelo-paiva-pro.globalskillmind.pt\/portal-turismo\/experiencias\/eventos\/eventos-anuais-de-referencia\/feira-do-seculo-xix\/#breadcrumb\",\"itemListElement\":[{\"@type\":\"ListItem\",\"position\":1,\"name\":\"In\u00edcio\",\"item\":\"https:\/\/cm-castelo-paiva-pro.globalskillmind.pt\/portal-turismo\/\"},{\"@type\":\"ListItem\",\"position\":2,\"name\":\"Experi\u00eancias\",\"item\":\"https:\/\/cm-castelo-paiva-pro.globalskillmind.pt\/portal-turismo\/experiencias\/\"},{\"@type\":\"ListItem\",\"position\":3,\"name\":\"Eventos\",\"item\":\"https:\/\/cm-castelo-paiva-pro.globalskillmind.pt\/portal-turismo\/experiencias\/eventos\/\"},{\"@type\":\"ListItem\",\"position\":4,\"name\":\"Eventos anuais de refer\u00eancia\",\"item\":\"https:\/\/cm-castelo-paiva-pro.globalskillmind.pt\/portal-turismo\/experiencias\/eventos\/eventos-anuais-de-referencia\/\"},{\"@type\":\"ListItem\",\"position\":5,\"name\":\"Feira do S\u00e9culo XIX\"}]},{\"@type\":\"WebSite\",\"@id\":\"https:\/\/cm-castelo-paiva-pro.globalskillmind.pt\/portal-turismo\/#website\",\"url\":\"https:\/\/cm-castelo-paiva-pro.globalskillmind.pt\/portal-turismo\/\",\"name\":\"Portal Turismo C\u00e2mara Municipal de Castelo de Paiva\",\"description\":\"\",\"potentialAction\":[{\"@type\":\"SearchAction\",\"target\":{\"@type\":\"EntryPoint\",\"urlTemplate\":\"https:\/\/cm-castelo-paiva-pro.globalskillmind.pt\/portal-turismo\/?s={search_term_string}\"},\"query-input\":\"required name=search_term_string\"}],\"inLanguage\":\"pt-PT\"}]}<\/script>\n<!-- \/ Yoast SEO plugin. -->","yoast_head_json":{"title":"Feira do S\u00e9culo XIX - Portal Turismo C\u00e2mara Municipal de Castelo de Paiva","robots":{"index":"noindex","follow":"follow","max-snippet":"max-snippet:-1","max-image-preview":"max-image-preview:large","max-video-preview":"max-video-preview:-1"},"og_locale":"pt_PT","og_type":"article","og_title":"Feira do S\u00e9culo XIX - Portal Turismo C\u00e2mara Municipal de Castelo de Paiva","og_description":"No Presente, uma Viagem ao Passado A Feira do S\u00e9culo XIX, tamb\u00e9m conhecida como Feira \u00e0 Moda Antiga, \u00e9 um dos eventos culturais mais emblem\u00e1ticos de Castelo de Paiva. Realizada anualmente no Parque das T\u00edlias, por norma no segundo domingo de outubro, esta recria\u00e7\u00e3o hist\u00f3rica transporta os visitantes at\u00e9 ao quotidiano rural de h\u00e1 dois [&hellip;]","og_url":"https:\/\/cm-castelo-paiva-pro.globalskillmind.pt\/portal-turismo\/experiencias\/eventos\/eventos-anuais-de-referencia\/feira-do-seculo-xix\/","og_site_name":"Portal Turismo C\u00e2mara Municipal de Castelo de Paiva","article_modified_time":"2025-06-06T14:14:06+00:00","twitter_card":"summary_large_image","twitter_misc":{"Tempo estimado de leitura":"1 minuto"},"schema":{"@context":"https:\/\/schema.org","@graph":[{"@type":"WebPage","@id":"https:\/\/cm-castelo-paiva-pro.globalskillmind.pt\/portal-turismo\/experiencias\/eventos\/eventos-anuais-de-referencia\/feira-do-seculo-xix\/","url":"https:\/\/cm-castelo-paiva-pro.globalskillmind.pt\/portal-turismo\/experiencias\/eventos\/eventos-anuais-de-referencia\/feira-do-seculo-xix\/","name":"Feira do S\u00e9culo XIX - Portal Turismo C\u00e2mara Municipal de Castelo de Paiva","isPartOf":{"@id":"https:\/\/cm-castelo-paiva-pro.globalskillmind.pt\/portal-turismo\/#website"},"datePublished":"2025-02-06T11:43:18+00:00","dateModified":"2025-06-06T14:14:06+00:00","breadcrumb":{"@id":"https:\/\/cm-castelo-paiva-pro.globalskillmind.pt\/portal-turismo\/experiencias\/eventos\/eventos-anuais-de-referencia\/feira-do-seculo-xix\/#breadcrumb"},"inLanguage":"pt-PT","potentialAction":[{"@type":"ReadAction","target":["https:\/\/cm-castelo-paiva-pro.globalskillmind.pt\/portal-turismo\/experiencias\/eventos\/eventos-anuais-de-referencia\/feira-do-seculo-xix\/"]}]},{"@type":"BreadcrumbList","@id":"https:\/\/cm-castelo-paiva-pro.globalskillmind.pt\/portal-turismo\/experiencias\/eventos\/eventos-anuais-de-referencia\/feira-do-seculo-xix\/#breadcrumb","itemListElement":[{"@type":"ListItem","position":1,"name":"In\u00edcio","item":"https:\/\/cm-castelo-paiva-pro.globalskillmind.pt\/portal-turismo\/"},{"@type":"ListItem","position":2,"name":"Experi\u00eancias","item":"https:\/\/cm-castelo-paiva-pro.globalskillmind.pt\/portal-turismo\/experiencias\/"},{"@type":"ListItem","position":3,"name":"Eventos","item":"https:\/\/cm-castelo-paiva-pro.globalskillmind.pt\/portal-turismo\/experiencias\/eventos\/"},{"@type":"ListItem","position":4,"name":"Eventos anuais de refer\u00eancia","item":"https:\/\/cm-castelo-paiva-pro.globalskillmind.pt\/portal-turismo\/experiencias\/eventos\/eventos-anuais-de-referencia\/"},{"@type":"ListItem","position":5,"name":"Feira do S\u00e9culo XIX"}]},{"@type":"WebSite","@id":"https:\/\/cm-castelo-paiva-pro.globalskillmind.pt\/portal-turismo\/#website","url":"https:\/\/cm-castelo-paiva-pro.globalskillmind.pt\/portal-turismo\/","name":"Portal Turismo C\u00e2mara Municipal de Castelo de Paiva","description":"","potentialAction":[{"@type":"SearchAction","target":{"@type":"EntryPoint","urlTemplate":"https:\/\/cm-castelo-paiva-pro.globalskillmind.pt\/portal-turismo\/?s={search_term_string}"},"query-input":"required name=search_term_string"}],"inLanguage":"pt-PT"}]}},"_links":{"self":[{"href":"https:\/\/cm-castelo-paiva-pro.globalskillmind.pt\/portal-turismo\/wp-json\/wp\/v2\/pages\/1326"}],"collection":[{"href":"https:\/\/cm-castelo-paiva-pro.globalskillmind.pt\/portal-turismo\/wp-json\/wp\/v2\/pages"}],"about":[{"href":"https:\/\/cm-castelo-paiva-pro.globalskillmind.pt\/portal-turismo\/wp-json\/wp\/v2\/types\/page"}],"author":[{"embeddable":true,"href":"https:\/\/cm-castelo-paiva-pro.globalskillmind.pt\/portal-turismo\/wp-json\/wp\/v2\/users\/1"}],"replies":[{"embeddable":true,"href":"https:\/\/cm-castelo-paiva-pro.globalskillmind.pt\/portal-turismo\/wp-json\/wp\/v2\/comments?post=1326"}],"version-history":[{"count":4,"href":"https:\/\/cm-castelo-paiva-pro.globalskillmind.pt\/portal-turismo\/wp-json\/wp\/v2\/pages\/1326\/revisions"}],"predecessor-version":[{"id":2764,"href":"https:\/\/cm-castelo-paiva-pro.globalskillmind.pt\/portal-turismo\/wp-json\/wp\/v2\/pages\/1326\/revisions\/2764"}],"up":[{"embeddable":true,"href":"https:\/\/cm-castelo-paiva-pro.globalskillmind.pt\/portal-turismo\/wp-json\/wp\/v2\/pages\/1322"}],"wp:attachment":[{"href":"https:\/\/cm-castelo-paiva-pro.globalskillmind.pt\/portal-turismo\/wp-json\/wp\/v2\/media?parent=1326"}],"curies":[{"name":"wp","href":"https:\/\/api.w.org\/{rel}","templated":true}]}}