{"id":1322,"date":"2025-02-06T12:42:24","date_gmt":"2025-02-06T11:42:24","guid":{"rendered":"https:\/\/cm-castelo-paiva-pro.globalskillmind.pt\/portal-turismo\/?page_id=1322"},"modified":"2025-06-06T14:59:36","modified_gmt":"2025-06-06T13:59:36","slug":"eventos-anuais-de-referencia","status":"publish","type":"page","link":"https:\/\/cm-castelo-paiva-pro.globalskillmind.pt\/portal-turismo\/experiencias\/eventos\/eventos-anuais-de-referencia\/","title":{"rendered":"Eventos anuais de refer\u00eancia"},"content":{"rendered":"<p style=\"text-align: right\"><strong><em>Mais do que eventos, experi\u00eancias. Em cada um a alma de Paiva.<\/em><\/strong><\/p>\n<p>Castelo de Paiva distingue-se pela riqueza e vitalidade dos seus eventos anuais, que celebram a identidade cultural, hist\u00f3rica e comunit\u00e1ria do concelho. Ao longo do ano, residentes e visitantes s\u00e3o convidados a participar em iniciativas que conjugam tradi\u00e7\u00e3o, anima\u00e7\u00e3o e autenticidade.<\/p>\n<p>Entre os principais destaques encontram-se a Feira do Vinho Verde, do Lavrador, Gastronomia e Artesanato de Castelo de Paiva, a evocativa Feira do S\u00e9culo XIX, os vibrantes festejos de S. Jo\u00e3o, o en\u00e9rgico festival de m\u00fasica Croka\u2019s Rock e as romarias populares de S. Domingos e Santa Euf\u00e9mia.<\/p>\n<p>Cada evento \u00e9 uma oportunidade para viver Castelo de Paiva com todos os sentidos \u2014 com sabores, sons, mem\u00f3rias e encontros que perduram no tempo<\/p>\n","protected":false},"excerpt":{"rendered":"<p>Mais do que eventos, experi\u00eancias. Em cada um a alma de Paiva. Castelo de Paiva distingue-se pela riqueza e vitalidade dos seus eventos anuais, que celebram a identidade cultural, hist\u00f3rica e comunit\u00e1ria do concelho. Ao longo do ano, residentes e visitantes s\u00e3o convidados a participar em iniciativas que conjugam tradi\u00e7\u00e3o, anima\u00e7\u00e3o e autenticidade. Entre os [&hellip;]<\/p>\n","protected":false},"author":1,"featured_media":0,"parent":1320,"menu_order":0,"comment_status":"closed","ping_status":"closed","template":"templates-map\/component-text-layout1.php","meta":{"_acf_changed":false,"footnotes":""},"class_list":["post-1322","page","type-page","status-publish","hentry"],"acf":[],"yoast_head":"<!-- This site is optimized with the Yoast SEO plugin v22.9 - https:\/\/yoast.com\/wordpress\/plugins\/seo\/ -->\n<title>Eventos anuais de refer\u00eancia - Portal Turismo C\u00e2mara Municipal de Castelo de Paiva<\/title>\n<meta name=\"robots\" content=\"noindex, follow, max-snippet:-1, max-image-preview:large, max-video-preview:-1\" \/>\n<meta property=\"og:locale\" content=\"pt_PT\" \/>\n<meta property=\"og:type\" content=\"article\" \/>\n<meta property=\"og:title\" content=\"Eventos anuais de refer\u00eancia - Portal Turismo C\u00e2mara Municipal de Castelo de Paiva\" \/>\n<meta property=\"og:description\" content=\"Mais do que eventos, experi\u00eancias. Em cada um a alma de Paiva. Castelo de Paiva distingue-se pela riqueza e vitalidade dos seus eventos anuais, que celebram a identidade cultural, hist\u00f3rica e comunit\u00e1ria do concelho. Ao longo do ano, residentes e visitantes s\u00e3o convidados a participar em iniciativas que conjugam tradi\u00e7\u00e3o, anima\u00e7\u00e3o e autenticidade. Entre os [&hellip;]\" \/>\n<meta property=\"og:url\" content=\"https:\/\/cm-castelo-paiva-pro.globalskillmind.pt\/portal-turismo\/experiencias\/eventos\/eventos-anuais-de-referencia\/\" \/>\n<meta property=\"og:site_name\" content=\"Portal Turismo C\u00e2mara Municipal de Castelo de Paiva\" \/>\n<meta property=\"article:modified_time\" content=\"2025-06-06T13:59:36+00:00\" \/>\n<meta name=\"twitter:card\" content=\"summary_large_image\" \/>\n<meta name=\"twitter:label1\" content=\"Tempo estimado de leitura\" \/>\n\t<meta name=\"twitter:data1\" content=\"1 minuto\" \/>\n<script type=\"application\/ld+json\" class=\"yoast-schema-graph\">{\"@context\":\"https:\/\/schema.org\",\"@graph\":[{\"@type\":\"WebPage\",\"@id\":\"https:\/\/cm-castelo-paiva-pro.globalskillmind.pt\/portal-turismo\/experiencias\/eventos\/eventos-anuais-de-referencia\/\",\"url\":\"https:\/\/cm-castelo-paiva-pro.globalskillmind.pt\/portal-turismo\/experiencias\/eventos\/eventos-anuais-de-referencia\/\",\"name\":\"Eventos anuais de refer\u00eancia - Portal Turismo C\u00e2mara Municipal de Castelo de Paiva\",\"isPartOf\":{\"@id\":\"https:\/\/cm-castelo-paiva-pro.globalskillmind.pt\/portal-turismo\/#website\"},\"datePublished\":\"2025-02-06T11:42:24+00:00\",\"dateModified\":\"2025-06-06T13:59:36+00:00\",\"breadcrumb\":{\"@id\":\"https:\/\/cm-castelo-paiva-pro.globalskillmind.pt\/portal-turismo\/experiencias\/eventos\/eventos-anuais-de-referencia\/#breadcrumb\"},\"inLanguage\":\"pt-PT\",\"potentialAction\":[{\"@type\":\"ReadAction\",\"target\":[\"https:\/\/cm-castelo-paiva-pro.globalskillmind.pt\/portal-turismo\/experiencias\/eventos\/eventos-anuais-de-referencia\/\"]}]},{\"@type\":\"BreadcrumbList\",\"@id\":\"https:\/\/cm-castelo-paiva-pro.globalskillmind.pt\/portal-turismo\/experiencias\/eventos\/eventos-anuais-de-referencia\/#breadcrumb\",\"itemListElement\":[{\"@type\":\"ListItem\",\"position\":1,\"name\":\"In\u00edcio\",\"item\":\"https:\/\/cm-castelo-paiva-pro.globalskillmind.pt\/portal-turismo\/\"},{\"@type\":\"ListItem\",\"position\":2,\"name\":\"Experi\u00eancias\",\"item\":\"https:\/\/cm-castelo-paiva-pro.globalskillmind.pt\/portal-turismo\/experiencias\/\"},{\"@type\":\"ListItem\",\"position\":3,\"name\":\"Eventos\",\"item\":\"https:\/\/cm-castelo-paiva-pro.globalskillmind.pt\/portal-turismo\/experiencias\/eventos\/\"},{\"@type\":\"ListItem\",\"position\":4,\"name\":\"Eventos anuais de refer\u00eancia\"}]},{\"@type\":\"WebSite\",\"@id\":\"https:\/\/cm-castelo-paiva-pro.globalskillmind.pt\/portal-turismo\/#website\",\"url\":\"https:\/\/cm-castelo-paiva-pro.globalskillmind.pt\/portal-turismo\/\",\"name\":\"Portal Turismo C\u00e2mara Municipal de Castelo de Paiva\",\"description\":\"\",\"potentialAction\":[{\"@type\":\"SearchAction\",\"target\":{\"@type\":\"EntryPoint\",\"urlTemplate\":\"https:\/\/cm-castelo-paiva-pro.globalskillmind.pt\/portal-turismo\/?s={search_term_string}\"},\"query-input\":\"required name=search_term_string\"}],\"inLanguage\":\"pt-PT\"}]}<\/script>\n<!-- \/ Yoast SEO plugin. -->","yoast_head_json":{"title":"Eventos anuais de refer\u00eancia - Portal Turismo C\u00e2mara Municipal de Castelo de Paiva","robots":{"index":"noindex","follow":"follow","max-snippet":"max-snippet:-1","max-image-preview":"max-image-preview:large","max-video-preview":"max-video-preview:-1"},"og_locale":"pt_PT","og_type":"article","og_title":"Eventos anuais de refer\u00eancia - Portal Turismo C\u00e2mara Municipal de Castelo de Paiva","og_description":"Mais do que eventos, experi\u00eancias. Em cada um a alma de Paiva. Castelo de Paiva distingue-se pela riqueza e vitalidade dos seus eventos anuais, que celebram a identidade cultural, hist\u00f3rica e comunit\u00e1ria do concelho. Ao longo do ano, residentes e visitantes s\u00e3o convidados a participar em iniciativas que conjugam tradi\u00e7\u00e3o, anima\u00e7\u00e3o e autenticidade. Entre os [&hellip;]","og_url":"https:\/\/cm-castelo-paiva-pro.globalskillmind.pt\/portal-turismo\/experiencias\/eventos\/eventos-anuais-de-referencia\/","og_site_name":"Portal Turismo C\u00e2mara Municipal de Castelo de Paiva","article_modified_time":"2025-06-06T13:59:36+00:00","twitter_card":"summary_large_image","twitter_misc":{"Tempo estimado de leitura":"1 minuto"},"schema":{"@context":"https:\/\/schema.org","@graph":[{"@type":"WebPage","@id":"https:\/\/cm-castelo-paiva-pro.globalskillmind.pt\/portal-turismo\/experiencias\/eventos\/eventos-anuais-de-referencia\/","url":"https:\/\/cm-castelo-paiva-pro.globalskillmind.pt\/portal-turismo\/experiencias\/eventos\/eventos-anuais-de-referencia\/","name":"Eventos anuais de refer\u00eancia - Portal Turismo C\u00e2mara Municipal de Castelo de Paiva","isPartOf":{"@id":"https:\/\/cm-castelo-paiva-pro.globalskillmind.pt\/portal-turismo\/#website"},"datePublished":"2025-02-06T11:42:24+00:00","dateModified":"2025-06-06T13:59:36+00:00","breadcrumb":{"@id":"https:\/\/cm-castelo-paiva-pro.globalskillmind.pt\/portal-turismo\/experiencias\/eventos\/eventos-anuais-de-referencia\/#breadcrumb"},"inLanguage":"pt-PT","potentialAction":[{"@type":"ReadAction","target":["https:\/\/cm-castelo-paiva-pro.globalskillmind.pt\/portal-turismo\/experiencias\/eventos\/eventos-anuais-de-referencia\/"]}]},{"@type":"BreadcrumbList","@id":"https:\/\/cm-castelo-paiva-pro.globalskillmind.pt\/portal-turismo\/experiencias\/eventos\/eventos-anuais-de-referencia\/#breadcrumb","itemListElement":[{"@type":"ListItem","position":1,"name":"In\u00edcio","item":"https:\/\/cm-castelo-paiva-pro.globalskillmind.pt\/portal-turismo\/"},{"@type":"ListItem","position":2,"name":"Experi\u00eancias","item":"https:\/\/cm-castelo-paiva-pro.globalskillmind.pt\/portal-turismo\/experiencias\/"},{"@type":"ListItem","position":3,"name":"Eventos","item":"https:\/\/cm-castelo-paiva-pro.globalskillmind.pt\/portal-turismo\/experiencias\/eventos\/"},{"@type":"ListItem","position":4,"name":"Eventos anuais de refer\u00eancia"}]},{"@type":"WebSite","@id":"https:\/\/cm-castelo-paiva-pro.globalskillmind.pt\/portal-turismo\/#website","url":"https:\/\/cm-castelo-paiva-pro.globalskillmind.pt\/portal-turismo\/","name":"Portal Turismo C\u00e2mara Municipal de Castelo de Paiva","description":"","potentialAction":[{"@type":"SearchAction","target":{"@type":"EntryPoint","urlTemplate":"https:\/\/cm-castelo-paiva-pro.globalskillmind.pt\/portal-turismo\/?s={search_term_string}"},"query-input":"required name=search_term_string"}],"inLanguage":"pt-PT"}]}},"_links":{"self":[{"href":"https:\/\/cm-castelo-paiva-pro.globalskillmind.pt\/portal-turismo\/wp-json\/wp\/v2\/pages\/1322"}],"collection":[{"href":"https:\/\/cm-castelo-paiva-pro.globalskillmind.pt\/portal-turismo\/wp-json\/wp\/v2\/pages"}],"about":[{"href":"https:\/\/cm-castelo-paiva-pro.globalskillmind.pt\/portal-turismo\/wp-json\/wp\/v2\/types\/page"}],"author":[{"embeddable":true,"href":"https:\/\/cm-castelo-paiva-pro.globalskillmind.pt\/portal-turismo\/wp-json\/wp\/v2\/users\/1"}],"replies":[{"embeddable":true,"href":"https:\/\/cm-castelo-paiva-pro.globalskillmind.pt\/portal-turismo\/wp-json\/wp\/v2\/comments?post=1322"}],"version-history":[{"count":3,"href":"https:\/\/cm-castelo-paiva-pro.globalskillmind.pt\/portal-turismo\/wp-json\/wp\/v2\/pages\/1322\/revisions"}],"predecessor-version":[{"id":2762,"href":"https:\/\/cm-castelo-paiva-pro.globalskillmind.pt\/portal-turismo\/wp-json\/wp\/v2\/pages\/1322\/revisions\/2762"}],"up":[{"embeddable":true,"href":"https:\/\/cm-castelo-paiva-pro.globalskillmind.pt\/portal-turismo\/wp-json\/wp\/v2\/pages\/1320"}],"wp:attachment":[{"href":"https:\/\/cm-castelo-paiva-pro.globalskillmind.pt\/portal-turismo\/wp-json\/wp\/v2\/media?parent=1322"}],"curies":[{"name":"wp","href":"https:\/\/api.w.org\/{rel}","templated":true}]}}