{"id":1207,"date":"2025-02-06T12:08:24","date_gmt":"2025-02-06T11:08:24","guid":{"rendered":"https:\/\/cm-castelo-paiva-pro.globalskillmind.pt\/portal-turismo\/?page_id=1207"},"modified":"2025-06-04T15:01:53","modified_gmt":"2025-06-04T14:01:53","slug":"pratos-tipicos","status":"publish","type":"page","link":"https:\/\/cm-castelo-paiva-pro.globalskillmind.pt\/portal-turismo\/experiencias\/gastronomia-e-vinhos\/pratos-tipicos\/","title":{"rendered":"Pratos T\u00edpicos"},"content":{"rendered":"<p style=\"text-align: right\"><strong><em>Tradi\u00e7\u00e3o \u00e0 mesa. Emo\u00e7\u00f5es no prato.<\/em><\/strong><\/p>\n<p>Castelo de Paiva \u00e9 conhecido pela sua rica e genu\u00edna gastronomia, onde cada receita conta uma hist\u00f3ria e cada sabor reflete a identidade da regi\u00e3o. Dos pratos festivos \u00e0s especialidades sazonais, a cozinha paivense \u00e9 um verdadeiro convite ao paladar.<\/p>\n<p><strong>Anho Assado com Arroz de Forno: <\/strong>Prato emblem\u00e1tico das grandes celebra\u00e7\u00f5es, o anho \u00e9 assado lentamente em forno tradicional, tornando-se suculento e arom\u00e1tico. Acompanham-no o inconfund\u00edvel arroz de forno e os sabores das ervas locais.<\/p>\n<p><strong>Vitela Assada:<\/strong>\u00a0Tenra e suculenta, a vitela \u00e9 preparada com ervas arom\u00e1ticas e assada at\u00e9 atingir o ponto perfeito. \u00c9 uma das especialidades mais apreciadas da gastronomia regional.<\/p>\n<p><strong>Bife \u00e0 Romaria:<\/strong>\u00a0Um cl\u00e1ssico das festas religiosas e romarias, este bife de carne de qualidade \u2014 geralmente da ra\u00e7a arouquesa \u2014 \u00e9 servido com uma generosa cebolada e batatas fritas. Simples, mas absolutamente memor\u00e1vel.<\/p>\n<p><strong>Lampreia e S\u00e1vel:<\/strong>\u00a0Del\u00edcias do rio Douro, a lampreia e o s\u00e1vel s\u00e3o preparados de v\u00e1rias formas durante a sua \u00e9poca. S\u00e3o pratos sazonais muito apreciados, que respeitam a tradi\u00e7\u00e3o e enaltecem os sabores das \u00e1guas doces.<\/p>\n","protected":false},"excerpt":{"rendered":"<p>Tradi\u00e7\u00e3o \u00e0 mesa. Emo\u00e7\u00f5es no prato. Castelo de Paiva \u00e9 conhecido pela sua rica e genu\u00edna gastronomia, onde cada receita conta uma hist\u00f3ria e cada sabor reflete a identidade da regi\u00e3o. Dos pratos festivos \u00e0s especialidades sazonais, a cozinha paivense \u00e9 um verdadeiro convite ao paladar. Anho Assado com Arroz de Forno: Prato emblem\u00e1tico das [&hellip;]<\/p>\n","protected":false},"author":1,"featured_media":1907,"parent":1205,"menu_order":0,"comment_status":"closed","ping_status":"closed","template":"templates-map\/component-text-layout1.php","meta":{"_acf_changed":false,"footnotes":""},"class_list":["post-1207","page","type-page","status-publish","has-post-thumbnail","hentry"],"acf":[],"yoast_head":"<!-- This site is optimized with the Yoast SEO plugin v22.9 - https:\/\/yoast.com\/wordpress\/plugins\/seo\/ -->\n<title>Pratos T\u00edpicos - Portal Turismo C\u00e2mara Municipal de Castelo de Paiva<\/title>\n<meta name=\"robots\" content=\"noindex, follow, max-snippet:-1, max-image-preview:large, max-video-preview:-1\" \/>\n<meta property=\"og:locale\" content=\"pt_PT\" \/>\n<meta property=\"og:type\" content=\"article\" \/>\n<meta property=\"og:title\" content=\"Pratos T\u00edpicos - Portal Turismo C\u00e2mara Municipal de Castelo de Paiva\" \/>\n<meta property=\"og:description\" content=\"Tradi\u00e7\u00e3o \u00e0 mesa. Emo\u00e7\u00f5es no prato. Castelo de Paiva \u00e9 conhecido pela sua rica e genu\u00edna gastronomia, onde cada receita conta uma hist\u00f3ria e cada sabor reflete a identidade da regi\u00e3o. Dos pratos festivos \u00e0s especialidades sazonais, a cozinha paivense \u00e9 um verdadeiro convite ao paladar. Anho Assado com Arroz de Forno: Prato emblem\u00e1tico das [&hellip;]\" \/>\n<meta property=\"og:url\" content=\"https:\/\/cm-castelo-paiva-pro.globalskillmind.pt\/portal-turismo\/experiencias\/gastronomia-e-vinhos\/pratos-tipicos\/\" \/>\n<meta property=\"og:site_name\" content=\"Portal Turismo C\u00e2mara Municipal de Castelo de Paiva\" \/>\n<meta property=\"article:modified_time\" content=\"2025-06-04T14:01:53+00:00\" \/>\n<meta property=\"og:image\" content=\"https:\/\/cm-castelo-paiva-pro.globalskillmind.pt\/portal-turismo\/wp-content\/uploads\/sites\/2\/2025\/02\/Anho-assado-em-forno-a-lenha.jpg\" \/>\n\t<meta property=\"og:image:width\" content=\"1920\" \/>\n\t<meta property=\"og:image:height\" content=\"1280\" \/>\n\t<meta property=\"og:image:type\" content=\"image\/jpeg\" \/>\n<meta name=\"twitter:card\" content=\"summary_large_image\" \/>\n<meta name=\"twitter:label1\" content=\"Tempo estimado de leitura\" \/>\n\t<meta name=\"twitter:data1\" content=\"2 minutos\" \/>\n<script type=\"application\/ld+json\" class=\"yoast-schema-graph\">{\"@context\":\"https:\/\/schema.org\",\"@graph\":[{\"@type\":\"WebPage\",\"@id\":\"https:\/\/cm-castelo-paiva-pro.globalskillmind.pt\/portal-turismo\/experiencias\/gastronomia-e-vinhos\/pratos-tipicos\/\",\"url\":\"https:\/\/cm-castelo-paiva-pro.globalskillmind.pt\/portal-turismo\/experiencias\/gastronomia-e-vinhos\/pratos-tipicos\/\",\"name\":\"Pratos T\u00edpicos - Portal Turismo C\u00e2mara Municipal de Castelo de Paiva\",\"isPartOf\":{\"@id\":\"https:\/\/cm-castelo-paiva-pro.globalskillmind.pt\/portal-turismo\/#website\"},\"primaryImageOfPage\":{\"@id\":\"https:\/\/cm-castelo-paiva-pro.globalskillmind.pt\/portal-turismo\/experiencias\/gastronomia-e-vinhos\/pratos-tipicos\/#primaryimage\"},\"image\":{\"@id\":\"https:\/\/cm-castelo-paiva-pro.globalskillmind.pt\/portal-turismo\/experiencias\/gastronomia-e-vinhos\/pratos-tipicos\/#primaryimage\"},\"thumbnailUrl\":\"https:\/\/cm-castelo-paiva-pro.globalskillmind.pt\/portal-turismo\/wp-content\/uploads\/sites\/2\/2025\/02\/Anho-assado-em-forno-a-lenha.jpg\",\"datePublished\":\"2025-02-06T11:08:24+00:00\",\"dateModified\":\"2025-06-04T14:01:53+00:00\",\"breadcrumb\":{\"@id\":\"https:\/\/cm-castelo-paiva-pro.globalskillmind.pt\/portal-turismo\/experiencias\/gastronomia-e-vinhos\/pratos-tipicos\/#breadcrumb\"},\"inLanguage\":\"pt-PT\",\"potentialAction\":[{\"@type\":\"ReadAction\",\"target\":[\"https:\/\/cm-castelo-paiva-pro.globalskillmind.pt\/portal-turismo\/experiencias\/gastronomia-e-vinhos\/pratos-tipicos\/\"]}]},{\"@type\":\"ImageObject\",\"inLanguage\":\"pt-PT\",\"@id\":\"https:\/\/cm-castelo-paiva-pro.globalskillmind.pt\/portal-turismo\/experiencias\/gastronomia-e-vinhos\/pratos-tipicos\/#primaryimage\",\"url\":\"https:\/\/cm-castelo-paiva-pro.globalskillmind.pt\/portal-turismo\/wp-content\/uploads\/sites\/2\/2025\/02\/Anho-assado-em-forno-a-lenha.jpg\",\"contentUrl\":\"https:\/\/cm-castelo-paiva-pro.globalskillmind.pt\/portal-turismo\/wp-content\/uploads\/sites\/2\/2025\/02\/Anho-assado-em-forno-a-lenha.jpg\",\"width\":1920,\"height\":1280},{\"@type\":\"BreadcrumbList\",\"@id\":\"https:\/\/cm-castelo-paiva-pro.globalskillmind.pt\/portal-turismo\/experiencias\/gastronomia-e-vinhos\/pratos-tipicos\/#breadcrumb\",\"itemListElement\":[{\"@type\":\"ListItem\",\"position\":1,\"name\":\"In\u00edcio\",\"item\":\"https:\/\/cm-castelo-paiva-pro.globalskillmind.pt\/portal-turismo\/\"},{\"@type\":\"ListItem\",\"position\":2,\"name\":\"Experi\u00eancias\",\"item\":\"https:\/\/cm-castelo-paiva-pro.globalskillmind.pt\/portal-turismo\/experiencias\/\"},{\"@type\":\"ListItem\",\"position\":3,\"name\":\"Gastronomia e Vinhos\",\"item\":\"https:\/\/cm-castelo-paiva-pro.globalskillmind.pt\/portal-turismo\/experiencias\/gastronomia-e-vinhos\/\"},{\"@type\":\"ListItem\",\"position\":4,\"name\":\"Pratos T\u00edpicos\"}]},{\"@type\":\"WebSite\",\"@id\":\"https:\/\/cm-castelo-paiva-pro.globalskillmind.pt\/portal-turismo\/#website\",\"url\":\"https:\/\/cm-castelo-paiva-pro.globalskillmind.pt\/portal-turismo\/\",\"name\":\"Portal Turismo C\u00e2mara Municipal de Castelo de Paiva\",\"description\":\"\",\"potentialAction\":[{\"@type\":\"SearchAction\",\"target\":{\"@type\":\"EntryPoint\",\"urlTemplate\":\"https:\/\/cm-castelo-paiva-pro.globalskillmind.pt\/portal-turismo\/?s={search_term_string}\"},\"query-input\":\"required name=search_term_string\"}],\"inLanguage\":\"pt-PT\"}]}<\/script>\n<!-- \/ Yoast SEO plugin. -->","yoast_head_json":{"title":"Pratos T\u00edpicos - Portal Turismo C\u00e2mara Municipal de Castelo de Paiva","robots":{"index":"noindex","follow":"follow","max-snippet":"max-snippet:-1","max-image-preview":"max-image-preview:large","max-video-preview":"max-video-preview:-1"},"og_locale":"pt_PT","og_type":"article","og_title":"Pratos T\u00edpicos - Portal Turismo C\u00e2mara Municipal de Castelo de Paiva","og_description":"Tradi\u00e7\u00e3o \u00e0 mesa. Emo\u00e7\u00f5es no prato. Castelo de Paiva \u00e9 conhecido pela sua rica e genu\u00edna gastronomia, onde cada receita conta uma hist\u00f3ria e cada sabor reflete a identidade da regi\u00e3o. Dos pratos festivos \u00e0s especialidades sazonais, a cozinha paivense \u00e9 um verdadeiro convite ao paladar. Anho Assado com Arroz de Forno: Prato emblem\u00e1tico das [&hellip;]","og_url":"https:\/\/cm-castelo-paiva-pro.globalskillmind.pt\/portal-turismo\/experiencias\/gastronomia-e-vinhos\/pratos-tipicos\/","og_site_name":"Portal Turismo C\u00e2mara Municipal de Castelo de Paiva","article_modified_time":"2025-06-04T14:01:53+00:00","og_image":[{"width":1920,"height":1280,"url":"https:\/\/cm-castelo-paiva-pro.globalskillmind.pt\/portal-turismo\/wp-content\/uploads\/sites\/2\/2025\/02\/Anho-assado-em-forno-a-lenha.jpg","type":"image\/jpeg"}],"twitter_card":"summary_large_image","twitter_misc":{"Tempo estimado de leitura":"2 minutos"},"schema":{"@context":"https:\/\/schema.org","@graph":[{"@type":"WebPage","@id":"https:\/\/cm-castelo-paiva-pro.globalskillmind.pt\/portal-turismo\/experiencias\/gastronomia-e-vinhos\/pratos-tipicos\/","url":"https:\/\/cm-castelo-paiva-pro.globalskillmind.pt\/portal-turismo\/experiencias\/gastronomia-e-vinhos\/pratos-tipicos\/","name":"Pratos T\u00edpicos - Portal Turismo C\u00e2mara Municipal de Castelo de Paiva","isPartOf":{"@id":"https:\/\/cm-castelo-paiva-pro.globalskillmind.pt\/portal-turismo\/#website"},"primaryImageOfPage":{"@id":"https:\/\/cm-castelo-paiva-pro.globalskillmind.pt\/portal-turismo\/experiencias\/gastronomia-e-vinhos\/pratos-tipicos\/#primaryimage"},"image":{"@id":"https:\/\/cm-castelo-paiva-pro.globalskillmind.pt\/portal-turismo\/experiencias\/gastronomia-e-vinhos\/pratos-tipicos\/#primaryimage"},"thumbnailUrl":"https:\/\/cm-castelo-paiva-pro.globalskillmind.pt\/portal-turismo\/wp-content\/uploads\/sites\/2\/2025\/02\/Anho-assado-em-forno-a-lenha.jpg","datePublished":"2025-02-06T11:08:24+00:00","dateModified":"2025-06-04T14:01:53+00:00","breadcrumb":{"@id":"https:\/\/cm-castelo-paiva-pro.globalskillmind.pt\/portal-turismo\/experiencias\/gastronomia-e-vinhos\/pratos-tipicos\/#breadcrumb"},"inLanguage":"pt-PT","potentialAction":[{"@type":"ReadAction","target":["https:\/\/cm-castelo-paiva-pro.globalskillmind.pt\/portal-turismo\/experiencias\/gastronomia-e-vinhos\/pratos-tipicos\/"]}]},{"@type":"ImageObject","inLanguage":"pt-PT","@id":"https:\/\/cm-castelo-paiva-pro.globalskillmind.pt\/portal-turismo\/experiencias\/gastronomia-e-vinhos\/pratos-tipicos\/#primaryimage","url":"https:\/\/cm-castelo-paiva-pro.globalskillmind.pt\/portal-turismo\/wp-content\/uploads\/sites\/2\/2025\/02\/Anho-assado-em-forno-a-lenha.jpg","contentUrl":"https:\/\/cm-castelo-paiva-pro.globalskillmind.pt\/portal-turismo\/wp-content\/uploads\/sites\/2\/2025\/02\/Anho-assado-em-forno-a-lenha.jpg","width":1920,"height":1280},{"@type":"BreadcrumbList","@id":"https:\/\/cm-castelo-paiva-pro.globalskillmind.pt\/portal-turismo\/experiencias\/gastronomia-e-vinhos\/pratos-tipicos\/#breadcrumb","itemListElement":[{"@type":"ListItem","position":1,"name":"In\u00edcio","item":"https:\/\/cm-castelo-paiva-pro.globalskillmind.pt\/portal-turismo\/"},{"@type":"ListItem","position":2,"name":"Experi\u00eancias","item":"https:\/\/cm-castelo-paiva-pro.globalskillmind.pt\/portal-turismo\/experiencias\/"},{"@type":"ListItem","position":3,"name":"Gastronomia e Vinhos","item":"https:\/\/cm-castelo-paiva-pro.globalskillmind.pt\/portal-turismo\/experiencias\/gastronomia-e-vinhos\/"},{"@type":"ListItem","position":4,"name":"Pratos T\u00edpicos"}]},{"@type":"WebSite","@id":"https:\/\/cm-castelo-paiva-pro.globalskillmind.pt\/portal-turismo\/#website","url":"https:\/\/cm-castelo-paiva-pro.globalskillmind.pt\/portal-turismo\/","name":"Portal Turismo C\u00e2mara Municipal de Castelo de Paiva","description":"","potentialAction":[{"@type":"SearchAction","target":{"@type":"EntryPoint","urlTemplate":"https:\/\/cm-castelo-paiva-pro.globalskillmind.pt\/portal-turismo\/?s={search_term_string}"},"query-input":"required name=search_term_string"}],"inLanguage":"pt-PT"}]}},"_links":{"self":[{"href":"https:\/\/cm-castelo-paiva-pro.globalskillmind.pt\/portal-turismo\/wp-json\/wp\/v2\/pages\/1207"}],"collection":[{"href":"https:\/\/cm-castelo-paiva-pro.globalskillmind.pt\/portal-turismo\/wp-json\/wp\/v2\/pages"}],"about":[{"href":"https:\/\/cm-castelo-paiva-pro.globalskillmind.pt\/portal-turismo\/wp-json\/wp\/v2\/types\/page"}],"author":[{"embeddable":true,"href":"https:\/\/cm-castelo-paiva-pro.globalskillmind.pt\/portal-turismo\/wp-json\/wp\/v2\/users\/1"}],"replies":[{"embeddable":true,"href":"https:\/\/cm-castelo-paiva-pro.globalskillmind.pt\/portal-turismo\/wp-json\/wp\/v2\/comments?post=1207"}],"version-history":[{"count":8,"href":"https:\/\/cm-castelo-paiva-pro.globalskillmind.pt\/portal-turismo\/wp-json\/wp\/v2\/pages\/1207\/revisions"}],"predecessor-version":[{"id":2740,"href":"https:\/\/cm-castelo-paiva-pro.globalskillmind.pt\/portal-turismo\/wp-json\/wp\/v2\/pages\/1207\/revisions\/2740"}],"up":[{"embeddable":true,"href":"https:\/\/cm-castelo-paiva-pro.globalskillmind.pt\/portal-turismo\/wp-json\/wp\/v2\/pages\/1205"}],"wp:featuredmedia":[{"embeddable":true,"href":"https:\/\/cm-castelo-paiva-pro.globalskillmind.pt\/portal-turismo\/wp-json\/wp\/v2\/media\/1907"}],"wp:attachment":[{"href":"https:\/\/cm-castelo-paiva-pro.globalskillmind.pt\/portal-turismo\/wp-json\/wp\/v2\/media?parent=1207"}],"curies":[{"name":"wp","href":"https:\/\/api.w.org\/{rel}","templated":true}]}}