{"id":1203,"date":"2025-02-06T12:07:26","date_gmt":"2025-02-06T11:07:26","guid":{"rendered":"https:\/\/cm-castelo-paiva-pro.globalskillmind.pt\/portal-turismo\/?page_id=1203"},"modified":"2025-06-05T14:50:06","modified_gmt":"2025-06-05T13:50:06","slug":"quinta-da-corga-da-cha","status":"publish","type":"page","link":"https:\/\/cm-castelo-paiva-pro.globalskillmind.pt\/portal-turismo\/experiencias\/enoturismo\/quinta-da-corga-da-cha\/","title":{"rendered":"Quinta da Corga da Ch\u00e3"},"content":{"rendered":"<p style=\"text-align: right\"><strong><em>Tradi\u00e7\u00e3o familiar e vinhos de excel\u00eancia.<\/em><\/strong><\/p>\n<p>O enoturismo em Castelo de Paiva \u00e9 uma viagem pelos sabores aut\u00eanticos e pelas paisagens verdes que caracterizam esta sub-regi\u00e3o da Regi\u00e3o Demarcada dos Vinhos Verdes. Aqui, o vinho conta hist\u00f3rias, transmite mem\u00f3rias e convida \u00e0 descoberta.<\/p>\n<p>A <strong>Quinta da Corga da Ch\u00e3<\/strong>, situada na freguesia de Para\u00edso, \u00e9 um exemplo not\u00e1vel dessa tradi\u00e7\u00e3o. Gerida pela mesma fam\u00edlia h\u00e1 tr\u00eas gera\u00e7\u00f5es, esta propriedade com cerca de 40 hectares \u2014 dos quais 5 s\u00e3o exclusivamente dedicados \u00e0 vinha \u2014 est\u00e1 profundamente enraizada na identidade agr\u00edcola e vin\u00edcola da regi\u00e3o.<\/p>\n<p>Integrada na sub-regi\u00e3o do Paiva, a quinta produz vinhos verdes brancos, tintos e ros\u00e9s, com castas nobres como Loureiro, Arinto, Avesso, Trajadura, Alvarinho, Fern\u00e3o Pires e Vinh\u00e3o. As visitas guiadas permitem conhecer o processo produtivo e a hist\u00f3ria da quinta, culminando em degusta\u00e7\u00f5es que revelam os aromas e sabores \u00fanicos da Terra de Paiva.<\/p>\n<p>Para al\u00e9m do vinho, a Quinta da Corga da Ch\u00e3 proporciona uma experi\u00eancia de natureza com percursos pedestres e atividades sazonais como a apanha de cogumelos silvestres, oferecendo aos visitantes uma liga\u00e7\u00e3o aut\u00eantica ao territ\u00f3rio e \u00e0s suas tradi\u00e7\u00f5es.<\/p>\n<p>Em Castelo de Paiva, o enoturismo \u00e9 uma celebra\u00e7\u00e3o dos sentidos, da terra e do tempo. Um convite para viver o melhor da regi\u00e3o, entre vinhas, hist\u00f3ria e hospitalidade.<\/p>\n","protected":false},"excerpt":{"rendered":"<p>Tradi\u00e7\u00e3o familiar e vinhos de excel\u00eancia. O enoturismo em Castelo de Paiva \u00e9 uma viagem pelos sabores aut\u00eanticos e pelas paisagens verdes que caracterizam esta sub-regi\u00e3o da Regi\u00e3o Demarcada dos Vinhos Verdes. Aqui, o vinho conta hist\u00f3rias, transmite mem\u00f3rias e convida \u00e0 descoberta. A Quinta da Corga da Ch\u00e3, situada na freguesia de Para\u00edso, \u00e9 [&hellip;]<\/p>\n","protected":false},"author":1,"featured_media":1890,"parent":1199,"menu_order":0,"comment_status":"closed","ping_status":"closed","template":"templates-map\/component-text-layout1.php","meta":{"_acf_changed":false,"footnotes":""},"class_list":["post-1203","page","type-page","status-publish","has-post-thumbnail","hentry"],"acf":[],"yoast_head":"<!-- This site is optimized with the Yoast SEO plugin v22.9 - https:\/\/yoast.com\/wordpress\/plugins\/seo\/ -->\n<title>Quinta da Corga da Ch\u00e3 - Portal Turismo C\u00e2mara Municipal de Castelo de Paiva<\/title>\n<meta name=\"robots\" content=\"noindex, follow, max-snippet:-1, max-image-preview:large, max-video-preview:-1\" \/>\n<meta property=\"og:locale\" content=\"pt_PT\" \/>\n<meta property=\"og:type\" content=\"article\" \/>\n<meta property=\"og:title\" content=\"Quinta da Corga da Ch\u00e3 - Portal Turismo C\u00e2mara Municipal de Castelo de Paiva\" \/>\n<meta property=\"og:description\" content=\"Tradi\u00e7\u00e3o familiar e vinhos de excel\u00eancia. O enoturismo em Castelo de Paiva \u00e9 uma viagem pelos sabores aut\u00eanticos e pelas paisagens verdes que caracterizam esta sub-regi\u00e3o da Regi\u00e3o Demarcada dos Vinhos Verdes. Aqui, o vinho conta hist\u00f3rias, transmite mem\u00f3rias e convida \u00e0 descoberta. A Quinta da Corga da Ch\u00e3, situada na freguesia de Para\u00edso, \u00e9 [&hellip;]\" \/>\n<meta property=\"og:url\" content=\"https:\/\/cm-castelo-paiva-pro.globalskillmind.pt\/portal-turismo\/experiencias\/enoturismo\/quinta-da-corga-da-cha\/\" \/>\n<meta property=\"og:site_name\" content=\"Portal Turismo C\u00e2mara Municipal de Castelo de Paiva\" \/>\n<meta property=\"article:modified_time\" content=\"2025-06-05T13:50:06+00:00\" \/>\n<meta property=\"og:image\" content=\"https:\/\/cm-castelo-paiva-pro.globalskillmind.pt\/portal-turismo\/wp-content\/uploads\/sites\/2\/2025\/02\/Corga-da-Cha-1-scaled.jpg\" \/>\n\t<meta property=\"og:image:width\" content=\"1895\" \/>\n\t<meta property=\"og:image:height\" content=\"2560\" \/>\n\t<meta property=\"og:image:type\" content=\"image\/jpeg\" \/>\n<meta name=\"twitter:card\" content=\"summary_large_image\" \/>\n<meta name=\"twitter:label1\" content=\"Tempo estimado de leitura\" \/>\n\t<meta name=\"twitter:data1\" content=\"2 minutos\" \/>\n<script type=\"application\/ld+json\" class=\"yoast-schema-graph\">{\"@context\":\"https:\/\/schema.org\",\"@graph\":[{\"@type\":\"WebPage\",\"@id\":\"https:\/\/cm-castelo-paiva-pro.globalskillmind.pt\/portal-turismo\/experiencias\/enoturismo\/quinta-da-corga-da-cha\/\",\"url\":\"https:\/\/cm-castelo-paiva-pro.globalskillmind.pt\/portal-turismo\/experiencias\/enoturismo\/quinta-da-corga-da-cha\/\",\"name\":\"Quinta da Corga da Ch\u00e3 - Portal Turismo C\u00e2mara Municipal de Castelo de Paiva\",\"isPartOf\":{\"@id\":\"https:\/\/cm-castelo-paiva-pro.globalskillmind.pt\/portal-turismo\/#website\"},\"primaryImageOfPage\":{\"@id\":\"https:\/\/cm-castelo-paiva-pro.globalskillmind.pt\/portal-turismo\/experiencias\/enoturismo\/quinta-da-corga-da-cha\/#primaryimage\"},\"image\":{\"@id\":\"https:\/\/cm-castelo-paiva-pro.globalskillmind.pt\/portal-turismo\/experiencias\/enoturismo\/quinta-da-corga-da-cha\/#primaryimage\"},\"thumbnailUrl\":\"https:\/\/cm-castelo-paiva-pro.globalskillmind.pt\/portal-turismo\/wp-content\/uploads\/sites\/2\/2025\/02\/Corga-da-Cha-1-scaled.jpg\",\"datePublished\":\"2025-02-06T11:07:26+00:00\",\"dateModified\":\"2025-06-05T13:50:06+00:00\",\"breadcrumb\":{\"@id\":\"https:\/\/cm-castelo-paiva-pro.globalskillmind.pt\/portal-turismo\/experiencias\/enoturismo\/quinta-da-corga-da-cha\/#breadcrumb\"},\"inLanguage\":\"pt-PT\",\"potentialAction\":[{\"@type\":\"ReadAction\",\"target\":[\"https:\/\/cm-castelo-paiva-pro.globalskillmind.pt\/portal-turismo\/experiencias\/enoturismo\/quinta-da-corga-da-cha\/\"]}]},{\"@type\":\"ImageObject\",\"inLanguage\":\"pt-PT\",\"@id\":\"https:\/\/cm-castelo-paiva-pro.globalskillmind.pt\/portal-turismo\/experiencias\/enoturismo\/quinta-da-corga-da-cha\/#primaryimage\",\"url\":\"https:\/\/cm-castelo-paiva-pro.globalskillmind.pt\/portal-turismo\/wp-content\/uploads\/sites\/2\/2025\/02\/Corga-da-Cha-1-scaled.jpg\",\"contentUrl\":\"https:\/\/cm-castelo-paiva-pro.globalskillmind.pt\/portal-turismo\/wp-content\/uploads\/sites\/2\/2025\/02\/Corga-da-Cha-1-scaled.jpg\",\"width\":1895,\"height\":2560},{\"@type\":\"BreadcrumbList\",\"@id\":\"https:\/\/cm-castelo-paiva-pro.globalskillmind.pt\/portal-turismo\/experiencias\/enoturismo\/quinta-da-corga-da-cha\/#breadcrumb\",\"itemListElement\":[{\"@type\":\"ListItem\",\"position\":1,\"name\":\"In\u00edcio\",\"item\":\"https:\/\/cm-castelo-paiva-pro.globalskillmind.pt\/portal-turismo\/\"},{\"@type\":\"ListItem\",\"position\":2,\"name\":\"Experi\u00eancias\",\"item\":\"https:\/\/cm-castelo-paiva-pro.globalskillmind.pt\/portal-turismo\/experiencias\/\"},{\"@type\":\"ListItem\",\"position\":3,\"name\":\"Enoturismo\",\"item\":\"https:\/\/cm-castelo-paiva-pro.globalskillmind.pt\/portal-turismo\/experiencias\/enoturismo\/\"},{\"@type\":\"ListItem\",\"position\":4,\"name\":\"Quinta da Corga da Ch\u00e3\"}]},{\"@type\":\"WebSite\",\"@id\":\"https:\/\/cm-castelo-paiva-pro.globalskillmind.pt\/portal-turismo\/#website\",\"url\":\"https:\/\/cm-castelo-paiva-pro.globalskillmind.pt\/portal-turismo\/\",\"name\":\"Portal Turismo C\u00e2mara Municipal de Castelo de Paiva\",\"description\":\"\",\"potentialAction\":[{\"@type\":\"SearchAction\",\"target\":{\"@type\":\"EntryPoint\",\"urlTemplate\":\"https:\/\/cm-castelo-paiva-pro.globalskillmind.pt\/portal-turismo\/?s={search_term_string}\"},\"query-input\":\"required name=search_term_string\"}],\"inLanguage\":\"pt-PT\"}]}<\/script>\n<!-- \/ Yoast SEO plugin. -->","yoast_head_json":{"title":"Quinta da Corga da Ch\u00e3 - Portal Turismo C\u00e2mara Municipal de Castelo de Paiva","robots":{"index":"noindex","follow":"follow","max-snippet":"max-snippet:-1","max-image-preview":"max-image-preview:large","max-video-preview":"max-video-preview:-1"},"og_locale":"pt_PT","og_type":"article","og_title":"Quinta da Corga da Ch\u00e3 - Portal Turismo C\u00e2mara Municipal de Castelo de Paiva","og_description":"Tradi\u00e7\u00e3o familiar e vinhos de excel\u00eancia. O enoturismo em Castelo de Paiva \u00e9 uma viagem pelos sabores aut\u00eanticos e pelas paisagens verdes que caracterizam esta sub-regi\u00e3o da Regi\u00e3o Demarcada dos Vinhos Verdes. Aqui, o vinho conta hist\u00f3rias, transmite mem\u00f3rias e convida \u00e0 descoberta. A Quinta da Corga da Ch\u00e3, situada na freguesia de Para\u00edso, \u00e9 [&hellip;]","og_url":"https:\/\/cm-castelo-paiva-pro.globalskillmind.pt\/portal-turismo\/experiencias\/enoturismo\/quinta-da-corga-da-cha\/","og_site_name":"Portal Turismo C\u00e2mara Municipal de Castelo de Paiva","article_modified_time":"2025-06-05T13:50:06+00:00","og_image":[{"width":1895,"height":2560,"url":"https:\/\/cm-castelo-paiva-pro.globalskillmind.pt\/portal-turismo\/wp-content\/uploads\/sites\/2\/2025\/02\/Corga-da-Cha-1-scaled.jpg","type":"image\/jpeg"}],"twitter_card":"summary_large_image","twitter_misc":{"Tempo estimado de leitura":"2 minutos"},"schema":{"@context":"https:\/\/schema.org","@graph":[{"@type":"WebPage","@id":"https:\/\/cm-castelo-paiva-pro.globalskillmind.pt\/portal-turismo\/experiencias\/enoturismo\/quinta-da-corga-da-cha\/","url":"https:\/\/cm-castelo-paiva-pro.globalskillmind.pt\/portal-turismo\/experiencias\/enoturismo\/quinta-da-corga-da-cha\/","name":"Quinta da Corga da Ch\u00e3 - Portal Turismo C\u00e2mara Municipal de Castelo de Paiva","isPartOf":{"@id":"https:\/\/cm-castelo-paiva-pro.globalskillmind.pt\/portal-turismo\/#website"},"primaryImageOfPage":{"@id":"https:\/\/cm-castelo-paiva-pro.globalskillmind.pt\/portal-turismo\/experiencias\/enoturismo\/quinta-da-corga-da-cha\/#primaryimage"},"image":{"@id":"https:\/\/cm-castelo-paiva-pro.globalskillmind.pt\/portal-turismo\/experiencias\/enoturismo\/quinta-da-corga-da-cha\/#primaryimage"},"thumbnailUrl":"https:\/\/cm-castelo-paiva-pro.globalskillmind.pt\/portal-turismo\/wp-content\/uploads\/sites\/2\/2025\/02\/Corga-da-Cha-1-scaled.jpg","datePublished":"2025-02-06T11:07:26+00:00","dateModified":"2025-06-05T13:50:06+00:00","breadcrumb":{"@id":"https:\/\/cm-castelo-paiva-pro.globalskillmind.pt\/portal-turismo\/experiencias\/enoturismo\/quinta-da-corga-da-cha\/#breadcrumb"},"inLanguage":"pt-PT","potentialAction":[{"@type":"ReadAction","target":["https:\/\/cm-castelo-paiva-pro.globalskillmind.pt\/portal-turismo\/experiencias\/enoturismo\/quinta-da-corga-da-cha\/"]}]},{"@type":"ImageObject","inLanguage":"pt-PT","@id":"https:\/\/cm-castelo-paiva-pro.globalskillmind.pt\/portal-turismo\/experiencias\/enoturismo\/quinta-da-corga-da-cha\/#primaryimage","url":"https:\/\/cm-castelo-paiva-pro.globalskillmind.pt\/portal-turismo\/wp-content\/uploads\/sites\/2\/2025\/02\/Corga-da-Cha-1-scaled.jpg","contentUrl":"https:\/\/cm-castelo-paiva-pro.globalskillmind.pt\/portal-turismo\/wp-content\/uploads\/sites\/2\/2025\/02\/Corga-da-Cha-1-scaled.jpg","width":1895,"height":2560},{"@type":"BreadcrumbList","@id":"https:\/\/cm-castelo-paiva-pro.globalskillmind.pt\/portal-turismo\/experiencias\/enoturismo\/quinta-da-corga-da-cha\/#breadcrumb","itemListElement":[{"@type":"ListItem","position":1,"name":"In\u00edcio","item":"https:\/\/cm-castelo-paiva-pro.globalskillmind.pt\/portal-turismo\/"},{"@type":"ListItem","position":2,"name":"Experi\u00eancias","item":"https:\/\/cm-castelo-paiva-pro.globalskillmind.pt\/portal-turismo\/experiencias\/"},{"@type":"ListItem","position":3,"name":"Enoturismo","item":"https:\/\/cm-castelo-paiva-pro.globalskillmind.pt\/portal-turismo\/experiencias\/enoturismo\/"},{"@type":"ListItem","position":4,"name":"Quinta da Corga da Ch\u00e3"}]},{"@type":"WebSite","@id":"https:\/\/cm-castelo-paiva-pro.globalskillmind.pt\/portal-turismo\/#website","url":"https:\/\/cm-castelo-paiva-pro.globalskillmind.pt\/portal-turismo\/","name":"Portal Turismo C\u00e2mara Municipal de Castelo de Paiva","description":"","potentialAction":[{"@type":"SearchAction","target":{"@type":"EntryPoint","urlTemplate":"https:\/\/cm-castelo-paiva-pro.globalskillmind.pt\/portal-turismo\/?s={search_term_string}"},"query-input":"required name=search_term_string"}],"inLanguage":"pt-PT"}]}},"_links":{"self":[{"href":"https:\/\/cm-castelo-paiva-pro.globalskillmind.pt\/portal-turismo\/wp-json\/wp\/v2\/pages\/1203"}],"collection":[{"href":"https:\/\/cm-castelo-paiva-pro.globalskillmind.pt\/portal-turismo\/wp-json\/wp\/v2\/pages"}],"about":[{"href":"https:\/\/cm-castelo-paiva-pro.globalskillmind.pt\/portal-turismo\/wp-json\/wp\/v2\/types\/page"}],"author":[{"embeddable":true,"href":"https:\/\/cm-castelo-paiva-pro.globalskillmind.pt\/portal-turismo\/wp-json\/wp\/v2\/users\/1"}],"replies":[{"embeddable":true,"href":"https:\/\/cm-castelo-paiva-pro.globalskillmind.pt\/portal-turismo\/wp-json\/wp\/v2\/comments?post=1203"}],"version-history":[{"count":5,"href":"https:\/\/cm-castelo-paiva-pro.globalskillmind.pt\/portal-turismo\/wp-json\/wp\/v2\/pages\/1203\/revisions"}],"predecessor-version":[{"id":2750,"href":"https:\/\/cm-castelo-paiva-pro.globalskillmind.pt\/portal-turismo\/wp-json\/wp\/v2\/pages\/1203\/revisions\/2750"}],"up":[{"embeddable":true,"href":"https:\/\/cm-castelo-paiva-pro.globalskillmind.pt\/portal-turismo\/wp-json\/wp\/v2\/pages\/1199"}],"wp:featuredmedia":[{"embeddable":true,"href":"https:\/\/cm-castelo-paiva-pro.globalskillmind.pt\/portal-turismo\/wp-json\/wp\/v2\/media\/1890"}],"wp:attachment":[{"href":"https:\/\/cm-castelo-paiva-pro.globalskillmind.pt\/portal-turismo\/wp-json\/wp\/v2\/media?parent=1203"}],"curies":[{"name":"wp","href":"https:\/\/api.w.org\/{rel}","templated":true}]}}