{"id":1193,"date":"2025-02-06T12:05:33","date_gmt":"2025-02-06T11:05:33","guid":{"rendered":"https:\/\/cm-castelo-paiva-pro.globalskillmind.pt\/portal-turismo\/?page_id=1193"},"modified":"2025-05-23T16:56:45","modified_gmt":"2025-05-23T15:56:45","slug":"escalada","status":"publish","type":"page","link":"https:\/\/cm-castelo-paiva-pro.globalskillmind.pt\/portal-turismo\/o-que-fazer\/escalada\/","title":{"rendered":"Escalada"},"content":{"rendered":"<p><strong>Aventura\/Escalada<\/strong><\/p>\n<p><em>Castelo de Paiva em altura: escalada e emo\u00e7\u00e3o<\/em><\/p>\n<p>Castelo de Paiva \u00e9 um destino de elei\u00e7\u00e3o para os amantes de aventura e atividades ao ar livre. A combina\u00e7\u00e3o de montanhas, rios e vales faz desta regi\u00e3o um verdadeiro para\u00edso para os amantes da natureza e da aventura.<\/p>\n<p>A pr\u00e1tica de escalada em Castelo de Paiva \u00e9 bastante popular, especialmente nas zonas de escalada do <strong>Penedo Lastr\u00e3o<\/strong> e do <strong>Rat\u00e3o<\/strong> que oferecem excelentes condi\u00e7\u00f5es para escaladores de todos os n\u00edveis.<\/p>\n<p>Ambas as zonas proporcionam ainda vistas panor\u00e2micas deslumbrantes e um ambiente natural tranquilo, ideal para a pr\u00e1tica n\u00e3o s\u00f3 de escalada, mas tamb\u00e9m de outras atividades ao ar livre.<\/p>\n<p>Se procura um local para se superar, em comunh\u00e3o com a natureza, Castelo de Paiva espera por si. Entre vales e penedos, o esp\u00edrito de aventura vive aqui.<\/p>\n<p style=\"text-align: center\">\u2126<\/p>\n<p><strong>Zona de Escalada do Penedo Lastr\u00e3o<\/strong><\/p>\n<ul>\n<li><strong>Localiza\u00e7\u00e3o:<\/strong> Margem sul do Rio Douro, nas imedia\u00e7\u00f5es do antigo complexo mineiro de Germunde (Couto Mineiro do Pej\u00e3o).<\/li>\n<li><strong>Caracter\u00edsticas:<\/strong> Quartzito rico em fissuras, ideal para a pr\u00e1tica de escalada cl\u00e1ssica como desportiva.<\/li>\n<li><strong>Vias de Escalada:<\/strong> 10 vias desportivas e 1 via cl\u00e1ssica, com n\u00edveis de dificuldade entre o IV e o 6c, atingindo at\u00e9 27 metros de altura.<\/li>\n<li><strong>Acessibilidade:<\/strong> Bons acessos e estacionamento nas proximidades.<\/li>\n<\/ul>\n<p>Este local combina natureza bruta com vistas panor\u00e2micas sobre o Douro, criando um ambiente \u00fanico para quem procura desafiar os limites com seguran\u00e7a e beleza natural.<\/p>\n<p style=\"text-align: center\">\u2126<\/p>\n<p><strong>Zona de Escalada do Rat\u00e3o<\/strong><\/p>\n<ul>\n<li><strong>Localiza\u00e7\u00e3o:<\/strong> Situada junto ao Rio Paiva, na freguesia de Bairros.<\/li>\n<li><strong>Vias de Escalada<\/strong>: Cerca de 20 vias de escalada desportiva e mais de 15 linhas de bloco, com diferentes graus de dificuldade.<\/li>\n<li><strong>Highline e Waterline<\/strong>: Possibilidade para a pr\u00e1tica de <em>highline<\/em> e <em>waterline<\/em>, oferecendo experi\u00eancias emocionantes sobre fitas suspensas entre rochedos.<\/li>\n<li><strong>Eventos<\/strong>: Local do evento anual <em>Ratonar<\/em>, um encontro que celebra a comunidade da escalada, reunindo praticantes de todo o pa\u00eds.<\/li>\n<\/ul>\n<p>Com a envolv\u00eancia natural do Paiva e uma atmosfera de partilha e desafio, o Rat\u00e3o \u00e9 um verdadeiro ponto de encontro para aventureiros.<\/p>\n","protected":false},"excerpt":{"rendered":"<p>Aventura\/Escalada Castelo de Paiva em altura: escalada e emo\u00e7\u00e3o Castelo de Paiva \u00e9 um destino de elei\u00e7\u00e3o para os amantes de aventura e atividades ao ar livre. A combina\u00e7\u00e3o de montanhas, rios e vales faz desta regi\u00e3o um verdadeiro para\u00edso para os amantes da natureza e da aventura. A pr\u00e1tica de escalada em Castelo de [&hellip;]<\/p>\n","protected":false},"author":1,"featured_media":1856,"parent":1171,"menu_order":0,"comment_status":"closed","ping_status":"closed","template":"templates-map\/component-text-layout1.php","meta":{"_acf_changed":false,"footnotes":""},"class_list":["post-1193","page","type-page","status-publish","has-post-thumbnail","hentry"],"acf":[],"yoast_head":"<!-- This site is optimized with the Yoast SEO plugin v22.9 - https:\/\/yoast.com\/wordpress\/plugins\/seo\/ -->\n<title>Escalada - Portal Turismo C\u00e2mara Municipal de Castelo de Paiva<\/title>\n<meta name=\"robots\" content=\"noindex, follow, max-snippet:-1, max-image-preview:large, max-video-preview:-1\" \/>\n<meta property=\"og:locale\" content=\"pt_PT\" \/>\n<meta property=\"og:type\" content=\"article\" \/>\n<meta property=\"og:title\" content=\"Escalada - Portal Turismo C\u00e2mara Municipal de Castelo de Paiva\" \/>\n<meta property=\"og:description\" content=\"Aventura\/Escalada Castelo de Paiva em altura: escalada e emo\u00e7\u00e3o Castelo de Paiva \u00e9 um destino de elei\u00e7\u00e3o para os amantes de aventura e atividades ao ar livre. A combina\u00e7\u00e3o de montanhas, rios e vales faz desta regi\u00e3o um verdadeiro para\u00edso para os amantes da natureza e da aventura. A pr\u00e1tica de escalada em Castelo de [&hellip;]\" \/>\n<meta property=\"og:url\" content=\"https:\/\/cm-castelo-paiva-pro.globalskillmind.pt\/portal-turismo\/o-que-fazer\/escalada\/\" \/>\n<meta property=\"og:site_name\" content=\"Portal Turismo C\u00e2mara Municipal de Castelo de Paiva\" \/>\n<meta property=\"article:modified_time\" content=\"2025-05-23T15:56:45+00:00\" \/>\n<meta property=\"og:image\" content=\"https:\/\/cm-castelo-paiva-pro.globalskillmind.pt\/portal-turismo\/wp-content\/uploads\/sites\/2\/2025\/02\/FB_IMG_1720596244306.jpg\" \/>\n\t<meta property=\"og:image:width\" content=\"1920\" \/>\n\t<meta property=\"og:image:height\" content=\"1920\" \/>\n\t<meta property=\"og:image:type\" content=\"image\/jpeg\" \/>\n<meta name=\"twitter:card\" content=\"summary_large_image\" \/>\n<meta name=\"twitter:label1\" content=\"Tempo estimado de leitura\" \/>\n\t<meta name=\"twitter:data1\" content=\"3 minutos\" \/>\n<script type=\"application\/ld+json\" class=\"yoast-schema-graph\">{\"@context\":\"https:\/\/schema.org\",\"@graph\":[{\"@type\":\"WebPage\",\"@id\":\"https:\/\/cm-castelo-paiva-pro.globalskillmind.pt\/portal-turismo\/o-que-fazer\/escalada\/\",\"url\":\"https:\/\/cm-castelo-paiva-pro.globalskillmind.pt\/portal-turismo\/o-que-fazer\/escalada\/\",\"name\":\"Escalada - Portal Turismo C\u00e2mara Municipal de Castelo de Paiva\",\"isPartOf\":{\"@id\":\"https:\/\/cm-castelo-paiva-pro.globalskillmind.pt\/portal-turismo\/#website\"},\"primaryImageOfPage\":{\"@id\":\"https:\/\/cm-castelo-paiva-pro.globalskillmind.pt\/portal-turismo\/o-que-fazer\/escalada\/#primaryimage\"},\"image\":{\"@id\":\"https:\/\/cm-castelo-paiva-pro.globalskillmind.pt\/portal-turismo\/o-que-fazer\/escalada\/#primaryimage\"},\"thumbnailUrl\":\"https:\/\/cm-castelo-paiva-pro.globalskillmind.pt\/portal-turismo\/wp-content\/uploads\/sites\/2\/2025\/02\/FB_IMG_1720596244306.jpg\",\"datePublished\":\"2025-02-06T11:05:33+00:00\",\"dateModified\":\"2025-05-23T15:56:45+00:00\",\"breadcrumb\":{\"@id\":\"https:\/\/cm-castelo-paiva-pro.globalskillmind.pt\/portal-turismo\/o-que-fazer\/escalada\/#breadcrumb\"},\"inLanguage\":\"pt-PT\",\"potentialAction\":[{\"@type\":\"ReadAction\",\"target\":[\"https:\/\/cm-castelo-paiva-pro.globalskillmind.pt\/portal-turismo\/o-que-fazer\/escalada\/\"]}]},{\"@type\":\"ImageObject\",\"inLanguage\":\"pt-PT\",\"@id\":\"https:\/\/cm-castelo-paiva-pro.globalskillmind.pt\/portal-turismo\/o-que-fazer\/escalada\/#primaryimage\",\"url\":\"https:\/\/cm-castelo-paiva-pro.globalskillmind.pt\/portal-turismo\/wp-content\/uploads\/sites\/2\/2025\/02\/FB_IMG_1720596244306.jpg\",\"contentUrl\":\"https:\/\/cm-castelo-paiva-pro.globalskillmind.pt\/portal-turismo\/wp-content\/uploads\/sites\/2\/2025\/02\/FB_IMG_1720596244306.jpg\",\"width\":1920,\"height\":1920},{\"@type\":\"BreadcrumbList\",\"@id\":\"https:\/\/cm-castelo-paiva-pro.globalskillmind.pt\/portal-turismo\/o-que-fazer\/escalada\/#breadcrumb\",\"itemListElement\":[{\"@type\":\"ListItem\",\"position\":1,\"name\":\"In\u00edcio\",\"item\":\"https:\/\/cm-castelo-paiva-pro.globalskillmind.pt\/portal-turismo\/\"},{\"@type\":\"ListItem\",\"position\":2,\"name\":\"O que fazer\",\"item\":\"https:\/\/cm-castelo-paiva-pro.globalskillmind.pt\/portal-turismo\/o-que-fazer\/\"},{\"@type\":\"ListItem\",\"position\":3,\"name\":\"Escalada\"}]},{\"@type\":\"WebSite\",\"@id\":\"https:\/\/cm-castelo-paiva-pro.globalskillmind.pt\/portal-turismo\/#website\",\"url\":\"https:\/\/cm-castelo-paiva-pro.globalskillmind.pt\/portal-turismo\/\",\"name\":\"Portal Turismo C\u00e2mara Municipal de Castelo de Paiva\",\"description\":\"\",\"potentialAction\":[{\"@type\":\"SearchAction\",\"target\":{\"@type\":\"EntryPoint\",\"urlTemplate\":\"https:\/\/cm-castelo-paiva-pro.globalskillmind.pt\/portal-turismo\/?s={search_term_string}\"},\"query-input\":\"required name=search_term_string\"}],\"inLanguage\":\"pt-PT\"}]}<\/script>\n<!-- \/ Yoast SEO plugin. -->","yoast_head_json":{"title":"Escalada - Portal Turismo C\u00e2mara Municipal de Castelo de Paiva","robots":{"index":"noindex","follow":"follow","max-snippet":"max-snippet:-1","max-image-preview":"max-image-preview:large","max-video-preview":"max-video-preview:-1"},"og_locale":"pt_PT","og_type":"article","og_title":"Escalada - Portal Turismo C\u00e2mara Municipal de Castelo de Paiva","og_description":"Aventura\/Escalada Castelo de Paiva em altura: escalada e emo\u00e7\u00e3o Castelo de Paiva \u00e9 um destino de elei\u00e7\u00e3o para os amantes de aventura e atividades ao ar livre. A combina\u00e7\u00e3o de montanhas, rios e vales faz desta regi\u00e3o um verdadeiro para\u00edso para os amantes da natureza e da aventura. A pr\u00e1tica de escalada em Castelo de [&hellip;]","og_url":"https:\/\/cm-castelo-paiva-pro.globalskillmind.pt\/portal-turismo\/o-que-fazer\/escalada\/","og_site_name":"Portal Turismo C\u00e2mara Municipal de Castelo de Paiva","article_modified_time":"2025-05-23T15:56:45+00:00","og_image":[{"width":1920,"height":1920,"url":"https:\/\/cm-castelo-paiva-pro.globalskillmind.pt\/portal-turismo\/wp-content\/uploads\/sites\/2\/2025\/02\/FB_IMG_1720596244306.jpg","type":"image\/jpeg"}],"twitter_card":"summary_large_image","twitter_misc":{"Tempo estimado de leitura":"3 minutos"},"schema":{"@context":"https:\/\/schema.org","@graph":[{"@type":"WebPage","@id":"https:\/\/cm-castelo-paiva-pro.globalskillmind.pt\/portal-turismo\/o-que-fazer\/escalada\/","url":"https:\/\/cm-castelo-paiva-pro.globalskillmind.pt\/portal-turismo\/o-que-fazer\/escalada\/","name":"Escalada - Portal Turismo C\u00e2mara Municipal de Castelo de Paiva","isPartOf":{"@id":"https:\/\/cm-castelo-paiva-pro.globalskillmind.pt\/portal-turismo\/#website"},"primaryImageOfPage":{"@id":"https:\/\/cm-castelo-paiva-pro.globalskillmind.pt\/portal-turismo\/o-que-fazer\/escalada\/#primaryimage"},"image":{"@id":"https:\/\/cm-castelo-paiva-pro.globalskillmind.pt\/portal-turismo\/o-que-fazer\/escalada\/#primaryimage"},"thumbnailUrl":"https:\/\/cm-castelo-paiva-pro.globalskillmind.pt\/portal-turismo\/wp-content\/uploads\/sites\/2\/2025\/02\/FB_IMG_1720596244306.jpg","datePublished":"2025-02-06T11:05:33+00:00","dateModified":"2025-05-23T15:56:45+00:00","breadcrumb":{"@id":"https:\/\/cm-castelo-paiva-pro.globalskillmind.pt\/portal-turismo\/o-que-fazer\/escalada\/#breadcrumb"},"inLanguage":"pt-PT","potentialAction":[{"@type":"ReadAction","target":["https:\/\/cm-castelo-paiva-pro.globalskillmind.pt\/portal-turismo\/o-que-fazer\/escalada\/"]}]},{"@type":"ImageObject","inLanguage":"pt-PT","@id":"https:\/\/cm-castelo-paiva-pro.globalskillmind.pt\/portal-turismo\/o-que-fazer\/escalada\/#primaryimage","url":"https:\/\/cm-castelo-paiva-pro.globalskillmind.pt\/portal-turismo\/wp-content\/uploads\/sites\/2\/2025\/02\/FB_IMG_1720596244306.jpg","contentUrl":"https:\/\/cm-castelo-paiva-pro.globalskillmind.pt\/portal-turismo\/wp-content\/uploads\/sites\/2\/2025\/02\/FB_IMG_1720596244306.jpg","width":1920,"height":1920},{"@type":"BreadcrumbList","@id":"https:\/\/cm-castelo-paiva-pro.globalskillmind.pt\/portal-turismo\/o-que-fazer\/escalada\/#breadcrumb","itemListElement":[{"@type":"ListItem","position":1,"name":"In\u00edcio","item":"https:\/\/cm-castelo-paiva-pro.globalskillmind.pt\/portal-turismo\/"},{"@type":"ListItem","position":2,"name":"O que fazer","item":"https:\/\/cm-castelo-paiva-pro.globalskillmind.pt\/portal-turismo\/o-que-fazer\/"},{"@type":"ListItem","position":3,"name":"Escalada"}]},{"@type":"WebSite","@id":"https:\/\/cm-castelo-paiva-pro.globalskillmind.pt\/portal-turismo\/#website","url":"https:\/\/cm-castelo-paiva-pro.globalskillmind.pt\/portal-turismo\/","name":"Portal Turismo C\u00e2mara Municipal de Castelo de Paiva","description":"","potentialAction":[{"@type":"SearchAction","target":{"@type":"EntryPoint","urlTemplate":"https:\/\/cm-castelo-paiva-pro.globalskillmind.pt\/portal-turismo\/?s={search_term_string}"},"query-input":"required name=search_term_string"}],"inLanguage":"pt-PT"}]}},"_links":{"self":[{"href":"https:\/\/cm-castelo-paiva-pro.globalskillmind.pt\/portal-turismo\/wp-json\/wp\/v2\/pages\/1193"}],"collection":[{"href":"https:\/\/cm-castelo-paiva-pro.globalskillmind.pt\/portal-turismo\/wp-json\/wp\/v2\/pages"}],"about":[{"href":"https:\/\/cm-castelo-paiva-pro.globalskillmind.pt\/portal-turismo\/wp-json\/wp\/v2\/types\/page"}],"author":[{"embeddable":true,"href":"https:\/\/cm-castelo-paiva-pro.globalskillmind.pt\/portal-turismo\/wp-json\/wp\/v2\/users\/1"}],"replies":[{"embeddable":true,"href":"https:\/\/cm-castelo-paiva-pro.globalskillmind.pt\/portal-turismo\/wp-json\/wp\/v2\/comments?post=1193"}],"version-history":[{"count":5,"href":"https:\/\/cm-castelo-paiva-pro.globalskillmind.pt\/portal-turismo\/wp-json\/wp\/v2\/pages\/1193\/revisions"}],"predecessor-version":[{"id":2727,"href":"https:\/\/cm-castelo-paiva-pro.globalskillmind.pt\/portal-turismo\/wp-json\/wp\/v2\/pages\/1193\/revisions\/2727"}],"up":[{"embeddable":true,"href":"https:\/\/cm-castelo-paiva-pro.globalskillmind.pt\/portal-turismo\/wp-json\/wp\/v2\/pages\/1171"}],"wp:featuredmedia":[{"embeddable":true,"href":"https:\/\/cm-castelo-paiva-pro.globalskillmind.pt\/portal-turismo\/wp-json\/wp\/v2\/media\/1856"}],"wp:attachment":[{"href":"https:\/\/cm-castelo-paiva-pro.globalskillmind.pt\/portal-turismo\/wp-json\/wp\/v2\/media?parent=1193"}],"curies":[{"name":"wp","href":"https:\/\/api.w.org\/{rel}","templated":true}]}}