{"id":1191,"date":"2025-02-06T12:05:12","date_gmt":"2025-02-06T11:05:12","guid":{"rendered":"https:\/\/cm-castelo-paiva-pro.globalskillmind.pt\/portal-turismo\/?page_id=1191"},"modified":"2025-05-23T15:42:49","modified_gmt":"2025-05-23T14:42:49","slug":"rota-do-romanico","status":"publish","type":"page","link":"https:\/\/cm-castelo-paiva-pro.globalskillmind.pt\/portal-turismo\/o-que-fazer\/rota-do-romanico\/","title":{"rendered":"Rota do Rom\u00e2nico"},"content":{"rendered":"<p><em>Testemunhos medievais que atravessam o tempo<\/em><\/p>\n<p>A Rota do Rom\u00e2nico \u00e9 um convite a descobrir a heran\u00e7a arquitet\u00f3nica e espiritual da \u00e9poca medieval no norte de Portugal. Integrada por 58 monumentos e dois centros de interpreta\u00e7\u00e3o, esta rota estende-se por 12 munic\u00edpios \u2014 incluindo Castelo de Paiva \u2014 oferecendo uma perspetiva \u00fanica sobre a arte e a cultura rom\u00e2nica.<\/p>\n<p>Cada monumento \u00e9 uma pe\u00e7a viva da hist\u00f3ria, refletindo a espiritualidade, a simbologia e o quotidiano das comunidades que os ergueram. Em Castelo de Paiva, esta rota revela n\u00e3o s\u00f3 o patrim\u00f3nio edificado, mas acima de tudo a identidade de um territ\u00f3rio moldado pelas suas tradi\u00e7\u00f5es.<\/p>\n<p>Mais do que um percurso por igrejas e mosteiros, a Rota do Rom\u00e2nico proporciona uma verdadeira imers\u00e3o nos cen\u00e1rios rurais e na gastronomia t\u00edpica da regi\u00e3o, permitindo aos visitantes viver uma experi\u00eancia aut\u00eantica e enriquecedora.<\/p>\n<ul>\n<li><a href=\"https:\/\/www.rotadoromanico.com\/pt\/\" target=\"_blank\" rel=\"noopener\">In\u00edcio &#8211; Rota do Rom\u00e2nico<\/a><\/li>\n<\/ul>\n<p>&nbsp;<\/p>\n<div style=\"width: 640px;\" class=\"wp-video\"><!--[if lt IE 9]><script>document.createElement('video');<\/script><![endif]-->\n<video class=\"wp-video-shortcode\" id=\"video-1191-1\" width=\"640\" height=\"360\" preload=\"metadata\" controls=\"controls\"><source type=\"video\/mp4\" src=\"https:\/\/cm-castelo-paiva-pro.globalskillmind.pt\/portal-turismo\/wp-content\/uploads\/sites\/2\/2025\/02\/Castelo-de-Paiva-_-Rota-do-Romanico-_-1080p.mp4?_=1\" \/><a href=\"https:\/\/cm-castelo-paiva-pro.globalskillmind.pt\/portal-turismo\/wp-content\/uploads\/sites\/2\/2025\/02\/Castelo-de-Paiva-_-Rota-do-Romanico-_-1080p.mp4\">https:\/\/cm-castelo-paiva-pro.globalskillmind.pt\/portal-turismo\/wp-content\/uploads\/sites\/2\/2025\/02\/Castelo-de-Paiva-_-Rota-do-Romanico-_-1080p.mp4<\/a><\/video><\/div>\n","protected":false},"excerpt":{"rendered":"<p>Testemunhos medievais que atravessam o tempo A Rota do Rom\u00e2nico \u00e9 um convite a descobrir a heran\u00e7a arquitet\u00f3nica e espiritual da \u00e9poca medieval no norte de Portugal. Integrada por 58 monumentos e dois centros de interpreta\u00e7\u00e3o, esta rota estende-se por 12 munic\u00edpios \u2014 incluindo Castelo de Paiva \u2014 oferecendo uma perspetiva \u00fanica sobre a arte [&hellip;]<\/p>\n","protected":false},"author":1,"featured_media":0,"parent":1171,"menu_order":0,"comment_status":"closed","ping_status":"closed","template":"templates-map\/component-text-layout1.php","meta":{"_acf_changed":false,"footnotes":""},"class_list":["post-1191","page","type-page","status-publish","hentry"],"acf":[],"yoast_head":"<!-- This site is optimized with the Yoast SEO plugin v22.9 - https:\/\/yoast.com\/wordpress\/plugins\/seo\/ -->\n<title>Rota do Rom\u00e2nico - Portal Turismo C\u00e2mara Municipal de Castelo de Paiva<\/title>\n<meta name=\"robots\" content=\"noindex, follow, max-snippet:-1, max-image-preview:large, max-video-preview:-1\" \/>\n<meta property=\"og:locale\" content=\"pt_PT\" \/>\n<meta property=\"og:type\" content=\"article\" \/>\n<meta property=\"og:title\" content=\"Rota do Rom\u00e2nico - Portal Turismo C\u00e2mara Municipal de Castelo de Paiva\" \/>\n<meta property=\"og:description\" content=\"Testemunhos medievais que atravessam o tempo A Rota do Rom\u00e2nico \u00e9 um convite a descobrir a heran\u00e7a arquitet\u00f3nica e espiritual da \u00e9poca medieval no norte de Portugal. Integrada por 58 monumentos e dois centros de interpreta\u00e7\u00e3o, esta rota estende-se por 12 munic\u00edpios \u2014 incluindo Castelo de Paiva \u2014 oferecendo uma perspetiva \u00fanica sobre a arte [&hellip;]\" \/>\n<meta property=\"og:url\" content=\"https:\/\/cm-castelo-paiva-pro.globalskillmind.pt\/portal-turismo\/o-que-fazer\/rota-do-romanico\/\" \/>\n<meta property=\"og:site_name\" content=\"Portal Turismo C\u00e2mara Municipal de Castelo de Paiva\" \/>\n<meta property=\"article:modified_time\" content=\"2025-05-23T14:42:49+00:00\" \/>\n<meta name=\"twitter:card\" content=\"summary_large_image\" \/>\n<meta name=\"twitter:label1\" content=\"Tempo estimado de leitura\" \/>\n\t<meta name=\"twitter:data1\" content=\"1 minuto\" \/>\n<script type=\"application\/ld+json\" class=\"yoast-schema-graph\">{\"@context\":\"https:\/\/schema.org\",\"@graph\":[{\"@type\":\"WebPage\",\"@id\":\"https:\/\/cm-castelo-paiva-pro.globalskillmind.pt\/portal-turismo\/o-que-fazer\/rota-do-romanico\/\",\"url\":\"https:\/\/cm-castelo-paiva-pro.globalskillmind.pt\/portal-turismo\/o-que-fazer\/rota-do-romanico\/\",\"name\":\"Rota do Rom\u00e2nico - Portal Turismo C\u00e2mara Municipal de Castelo de Paiva\",\"isPartOf\":{\"@id\":\"https:\/\/cm-castelo-paiva-pro.globalskillmind.pt\/portal-turismo\/#website\"},\"datePublished\":\"2025-02-06T11:05:12+00:00\",\"dateModified\":\"2025-05-23T14:42:49+00:00\",\"breadcrumb\":{\"@id\":\"https:\/\/cm-castelo-paiva-pro.globalskillmind.pt\/portal-turismo\/o-que-fazer\/rota-do-romanico\/#breadcrumb\"},\"inLanguage\":\"pt-PT\",\"potentialAction\":[{\"@type\":\"ReadAction\",\"target\":[\"https:\/\/cm-castelo-paiva-pro.globalskillmind.pt\/portal-turismo\/o-que-fazer\/rota-do-romanico\/\"]}]},{\"@type\":\"BreadcrumbList\",\"@id\":\"https:\/\/cm-castelo-paiva-pro.globalskillmind.pt\/portal-turismo\/o-que-fazer\/rota-do-romanico\/#breadcrumb\",\"itemListElement\":[{\"@type\":\"ListItem\",\"position\":1,\"name\":\"In\u00edcio\",\"item\":\"https:\/\/cm-castelo-paiva-pro.globalskillmind.pt\/portal-turismo\/\"},{\"@type\":\"ListItem\",\"position\":2,\"name\":\"O que fazer\",\"item\":\"https:\/\/cm-castelo-paiva-pro.globalskillmind.pt\/portal-turismo\/o-que-fazer\/\"},{\"@type\":\"ListItem\",\"position\":3,\"name\":\"Rota do Rom\u00e2nico\"}]},{\"@type\":\"WebSite\",\"@id\":\"https:\/\/cm-castelo-paiva-pro.globalskillmind.pt\/portal-turismo\/#website\",\"url\":\"https:\/\/cm-castelo-paiva-pro.globalskillmind.pt\/portal-turismo\/\",\"name\":\"Portal Turismo C\u00e2mara Municipal de Castelo de Paiva\",\"description\":\"\",\"potentialAction\":[{\"@type\":\"SearchAction\",\"target\":{\"@type\":\"EntryPoint\",\"urlTemplate\":\"https:\/\/cm-castelo-paiva-pro.globalskillmind.pt\/portal-turismo\/?s={search_term_string}\"},\"query-input\":\"required name=search_term_string\"}],\"inLanguage\":\"pt-PT\"}]}<\/script>\n<!-- \/ Yoast SEO plugin. -->","yoast_head_json":{"title":"Rota do Rom\u00e2nico - Portal Turismo C\u00e2mara Municipal de Castelo de Paiva","robots":{"index":"noindex","follow":"follow","max-snippet":"max-snippet:-1","max-image-preview":"max-image-preview:large","max-video-preview":"max-video-preview:-1"},"og_locale":"pt_PT","og_type":"article","og_title":"Rota do Rom\u00e2nico - Portal Turismo C\u00e2mara Municipal de Castelo de Paiva","og_description":"Testemunhos medievais que atravessam o tempo A Rota do Rom\u00e2nico \u00e9 um convite a descobrir a heran\u00e7a arquitet\u00f3nica e espiritual da \u00e9poca medieval no norte de Portugal. Integrada por 58 monumentos e dois centros de interpreta\u00e7\u00e3o, esta rota estende-se por 12 munic\u00edpios \u2014 incluindo Castelo de Paiva \u2014 oferecendo uma perspetiva \u00fanica sobre a arte [&hellip;]","og_url":"https:\/\/cm-castelo-paiva-pro.globalskillmind.pt\/portal-turismo\/o-que-fazer\/rota-do-romanico\/","og_site_name":"Portal Turismo C\u00e2mara Municipal de Castelo de Paiva","article_modified_time":"2025-05-23T14:42:49+00:00","twitter_card":"summary_large_image","twitter_misc":{"Tempo estimado de leitura":"1 minuto"},"schema":{"@context":"https:\/\/schema.org","@graph":[{"@type":"WebPage","@id":"https:\/\/cm-castelo-paiva-pro.globalskillmind.pt\/portal-turismo\/o-que-fazer\/rota-do-romanico\/","url":"https:\/\/cm-castelo-paiva-pro.globalskillmind.pt\/portal-turismo\/o-que-fazer\/rota-do-romanico\/","name":"Rota do Rom\u00e2nico - Portal Turismo C\u00e2mara Municipal de Castelo de Paiva","isPartOf":{"@id":"https:\/\/cm-castelo-paiva-pro.globalskillmind.pt\/portal-turismo\/#website"},"datePublished":"2025-02-06T11:05:12+00:00","dateModified":"2025-05-23T14:42:49+00:00","breadcrumb":{"@id":"https:\/\/cm-castelo-paiva-pro.globalskillmind.pt\/portal-turismo\/o-que-fazer\/rota-do-romanico\/#breadcrumb"},"inLanguage":"pt-PT","potentialAction":[{"@type":"ReadAction","target":["https:\/\/cm-castelo-paiva-pro.globalskillmind.pt\/portal-turismo\/o-que-fazer\/rota-do-romanico\/"]}]},{"@type":"BreadcrumbList","@id":"https:\/\/cm-castelo-paiva-pro.globalskillmind.pt\/portal-turismo\/o-que-fazer\/rota-do-romanico\/#breadcrumb","itemListElement":[{"@type":"ListItem","position":1,"name":"In\u00edcio","item":"https:\/\/cm-castelo-paiva-pro.globalskillmind.pt\/portal-turismo\/"},{"@type":"ListItem","position":2,"name":"O que fazer","item":"https:\/\/cm-castelo-paiva-pro.globalskillmind.pt\/portal-turismo\/o-que-fazer\/"},{"@type":"ListItem","position":3,"name":"Rota do Rom\u00e2nico"}]},{"@type":"WebSite","@id":"https:\/\/cm-castelo-paiva-pro.globalskillmind.pt\/portal-turismo\/#website","url":"https:\/\/cm-castelo-paiva-pro.globalskillmind.pt\/portal-turismo\/","name":"Portal Turismo C\u00e2mara Municipal de Castelo de Paiva","description":"","potentialAction":[{"@type":"SearchAction","target":{"@type":"EntryPoint","urlTemplate":"https:\/\/cm-castelo-paiva-pro.globalskillmind.pt\/portal-turismo\/?s={search_term_string}"},"query-input":"required name=search_term_string"}],"inLanguage":"pt-PT"}]}},"_links":{"self":[{"href":"https:\/\/cm-castelo-paiva-pro.globalskillmind.pt\/portal-turismo\/wp-json\/wp\/v2\/pages\/1191"}],"collection":[{"href":"https:\/\/cm-castelo-paiva-pro.globalskillmind.pt\/portal-turismo\/wp-json\/wp\/v2\/pages"}],"about":[{"href":"https:\/\/cm-castelo-paiva-pro.globalskillmind.pt\/portal-turismo\/wp-json\/wp\/v2\/types\/page"}],"author":[{"embeddable":true,"href":"https:\/\/cm-castelo-paiva-pro.globalskillmind.pt\/portal-turismo\/wp-json\/wp\/v2\/users\/1"}],"replies":[{"embeddable":true,"href":"https:\/\/cm-castelo-paiva-pro.globalskillmind.pt\/portal-turismo\/wp-json\/wp\/v2\/comments?post=1191"}],"version-history":[{"count":4,"href":"https:\/\/cm-castelo-paiva-pro.globalskillmind.pt\/portal-turismo\/wp-json\/wp\/v2\/pages\/1191\/revisions"}],"predecessor-version":[{"id":2725,"href":"https:\/\/cm-castelo-paiva-pro.globalskillmind.pt\/portal-turismo\/wp-json\/wp\/v2\/pages\/1191\/revisions\/2725"}],"up":[{"embeddable":true,"href":"https:\/\/cm-castelo-paiva-pro.globalskillmind.pt\/portal-turismo\/wp-json\/wp\/v2\/pages\/1171"}],"wp:attachment":[{"href":"https:\/\/cm-castelo-paiva-pro.globalskillmind.pt\/portal-turismo\/wp-json\/wp\/v2\/media?parent=1191"}],"curies":[{"name":"wp","href":"https:\/\/api.w.org\/{rel}","templated":true}]}}