{"id":1185,"date":"2025-02-06T12:03:01","date_gmt":"2025-02-06T11:03:01","guid":{"rendered":"https:\/\/cm-castelo-paiva-pro.globalskillmind.pt\/portal-turismo\/?page_id=1185"},"modified":"2025-05-23T15:10:26","modified_gmt":"2025-05-23T14:10:26","slug":"payvaape","status":"publish","type":"page","link":"https:\/\/cm-castelo-paiva-pro.globalskillmind.pt\/portal-turismo\/o-que-fazer\/trilhos-pedestres-e-btt\/payvaape\/","title":{"rendered":"PayvaAP\u00e9"},"content":{"rendered":"<p><em>Castelo de Paiva passo a passo<\/em><\/p>\n<p>O Payv\u00e1P\u00e9 \u00e9 uma rede de percursos pedestres que convida a descobrir Castelo de Paiva atrav\u00e9s de trilhos cuidadosamente tra\u00e7ados por paisagens naturais deslumbrantes, aldeias t\u00edpicas, monumentos hist\u00f3ricos e recantos rurais aut\u00eanticos.<\/p>\n<p>Com percursos distribu\u00eddos pelas nove freguesias do concelho, este projeto visa n\u00e3o s\u00f3 promover h\u00e1bitos saud\u00e1veis e a pr\u00e1tica desportiva, como tamb\u00e9m valorizar o patrim\u00f3nio natural e cultural que distingue a Terra de Paiva.<\/p>\n<p>Alguns destes percursos est\u00e3o tamb\u00e9m preparados para a pr\u00e1tica de BTT (bicicleta todo-o-terreno), tornando a experi\u00eancia ainda mais din\u00e2mica e desafiante, com op\u00e7\u00f5es para todos os gostos e n\u00edveis de exig\u00eancia.<\/p>\n<p>Dos vales f\u00e9rteis aos miradouros panor\u00e2micos, passando por rios, vinhas, capelas, antigas minas e testemunhos vivos da ruralidade paivense, os percursos do Payv\u00e1P\u00e9 s\u00e3o um convite a sentir o territ\u00f3rio com os p\u00e9s e com o cora\u00e7\u00e3o.<\/p>\n<p>#Payv\u00e1P\u00e9 #CastelodePaivaANatureza #TrilhosPaivenses #TurismoAtivo #BTTePedestrianismo<\/p>\n<p><a href=\"https:\/\/payvape.pt\/\" target=\"_blank\" rel=\"noopener\">Payvap\u00e9 \u2013 Trilhos e percursos \u2013 Castelo de Paiva<\/a><\/p>\n<div style=\"width: 640px;\" class=\"wp-video\"><!--[if lt IE 9]><script>document.createElement('video');<\/script><![endif]-->\n<video class=\"wp-video-shortcode\" id=\"video-1185-1\" width=\"640\" height=\"360\" preload=\"metadata\" controls=\"controls\"><source type=\"video\/mp4\" src=\"https:\/\/cm-castelo-paiva-pro.globalskillmind.pt\/portal-turismo\/wp-content\/uploads\/sites\/2\/2025\/02\/PAYVAPE-1.mp4?_=1\" \/><a href=\"https:\/\/cm-castelo-paiva-pro.globalskillmind.pt\/portal-turismo\/wp-content\/uploads\/sites\/2\/2025\/02\/PAYVAPE-1.mp4\">https:\/\/cm-castelo-paiva-pro.globalskillmind.pt\/portal-turismo\/wp-content\/uploads\/sites\/2\/2025\/02\/PAYVAPE-1.mp4<\/a><\/video><\/div>\n","protected":false},"excerpt":{"rendered":"<p>Castelo de Paiva passo a passo O Payv\u00e1P\u00e9 \u00e9 uma rede de percursos pedestres que convida a descobrir Castelo de Paiva atrav\u00e9s de trilhos cuidadosamente tra\u00e7ados por paisagens naturais deslumbrantes, aldeias t\u00edpicas, monumentos hist\u00f3ricos e recantos rurais aut\u00eanticos. Com percursos distribu\u00eddos pelas nove freguesias do concelho, este projeto visa n\u00e3o s\u00f3 promover h\u00e1bitos saud\u00e1veis e [&hellip;]<\/p>\n","protected":false},"author":1,"featured_media":1823,"parent":1173,"menu_order":0,"comment_status":"closed","ping_status":"closed","template":"templates-map\/component-text-layout1.php","meta":{"_acf_changed":false,"footnotes":""},"class_list":["post-1185","page","type-page","status-publish","has-post-thumbnail","hentry"],"acf":[],"yoast_head":"<!-- This site is optimized with the Yoast SEO plugin v22.9 - https:\/\/yoast.com\/wordpress\/plugins\/seo\/ -->\n<title>PayvaAP\u00e9 - Portal Turismo C\u00e2mara Municipal de Castelo de Paiva<\/title>\n<meta name=\"robots\" content=\"noindex, follow, max-snippet:-1, max-image-preview:large, max-video-preview:-1\" \/>\n<meta property=\"og:locale\" content=\"pt_PT\" \/>\n<meta property=\"og:type\" content=\"article\" \/>\n<meta property=\"og:title\" content=\"PayvaAP\u00e9 - Portal Turismo C\u00e2mara Municipal de Castelo de Paiva\" \/>\n<meta property=\"og:description\" content=\"Castelo de Paiva passo a passo O Payv\u00e1P\u00e9 \u00e9 uma rede de percursos pedestres que convida a descobrir Castelo de Paiva atrav\u00e9s de trilhos cuidadosamente tra\u00e7ados por paisagens naturais deslumbrantes, aldeias t\u00edpicas, monumentos hist\u00f3ricos e recantos rurais aut\u00eanticos. Com percursos distribu\u00eddos pelas nove freguesias do concelho, este projeto visa n\u00e3o s\u00f3 promover h\u00e1bitos saud\u00e1veis e [&hellip;]\" \/>\n<meta property=\"og:url\" content=\"https:\/\/cm-castelo-paiva-pro.globalskillmind.pt\/portal-turismo\/o-que-fazer\/trilhos-pedestres-e-btt\/payvaape\/\" \/>\n<meta property=\"og:site_name\" content=\"Portal Turismo C\u00e2mara Municipal de Castelo de Paiva\" \/>\n<meta property=\"article:modified_time\" content=\"2025-05-23T14:10:26+00:00\" \/>\n<meta property=\"og:image\" content=\"https:\/\/cm-castelo-paiva-pro.globalskillmind.pt\/portal-turismo\/wp-content\/uploads\/sites\/2\/2025\/02\/PayvaPe-1.jpg\" \/>\n\t<meta property=\"og:image:width\" content=\"1358\" \/>\n\t<meta property=\"og:image:height\" content=\"1920\" \/>\n\t<meta property=\"og:image:type\" content=\"image\/jpeg\" \/>\n<meta name=\"twitter:card\" content=\"summary_large_image\" \/>\n<meta name=\"twitter:label1\" content=\"Tempo estimado de leitura\" \/>\n\t<meta name=\"twitter:data1\" content=\"2 minutos\" \/>\n<script type=\"application\/ld+json\" class=\"yoast-schema-graph\">{\"@context\":\"https:\/\/schema.org\",\"@graph\":[{\"@type\":\"WebPage\",\"@id\":\"https:\/\/cm-castelo-paiva-pro.globalskillmind.pt\/portal-turismo\/o-que-fazer\/trilhos-pedestres-e-btt\/payvaape\/\",\"url\":\"https:\/\/cm-castelo-paiva-pro.globalskillmind.pt\/portal-turismo\/o-que-fazer\/trilhos-pedestres-e-btt\/payvaape\/\",\"name\":\"PayvaAP\u00e9 - Portal Turismo C\u00e2mara Municipal de Castelo de Paiva\",\"isPartOf\":{\"@id\":\"https:\/\/cm-castelo-paiva-pro.globalskillmind.pt\/portal-turismo\/#website\"},\"primaryImageOfPage\":{\"@id\":\"https:\/\/cm-castelo-paiva-pro.globalskillmind.pt\/portal-turismo\/o-que-fazer\/trilhos-pedestres-e-btt\/payvaape\/#primaryimage\"},\"image\":{\"@id\":\"https:\/\/cm-castelo-paiva-pro.globalskillmind.pt\/portal-turismo\/o-que-fazer\/trilhos-pedestres-e-btt\/payvaape\/#primaryimage\"},\"thumbnailUrl\":\"https:\/\/cm-castelo-paiva-pro.globalskillmind.pt\/portal-turismo\/wp-content\/uploads\/sites\/2\/2025\/02\/PayvaPe-1.jpg\",\"datePublished\":\"2025-02-06T11:03:01+00:00\",\"dateModified\":\"2025-05-23T14:10:26+00:00\",\"breadcrumb\":{\"@id\":\"https:\/\/cm-castelo-paiva-pro.globalskillmind.pt\/portal-turismo\/o-que-fazer\/trilhos-pedestres-e-btt\/payvaape\/#breadcrumb\"},\"inLanguage\":\"pt-PT\",\"potentialAction\":[{\"@type\":\"ReadAction\",\"target\":[\"https:\/\/cm-castelo-paiva-pro.globalskillmind.pt\/portal-turismo\/o-que-fazer\/trilhos-pedestres-e-btt\/payvaape\/\"]}]},{\"@type\":\"ImageObject\",\"inLanguage\":\"pt-PT\",\"@id\":\"https:\/\/cm-castelo-paiva-pro.globalskillmind.pt\/portal-turismo\/o-que-fazer\/trilhos-pedestres-e-btt\/payvaape\/#primaryimage\",\"url\":\"https:\/\/cm-castelo-paiva-pro.globalskillmind.pt\/portal-turismo\/wp-content\/uploads\/sites\/2\/2025\/02\/PayvaPe-1.jpg\",\"contentUrl\":\"https:\/\/cm-castelo-paiva-pro.globalskillmind.pt\/portal-turismo\/wp-content\/uploads\/sites\/2\/2025\/02\/PayvaPe-1.jpg\",\"width\":1358,\"height\":1920},{\"@type\":\"BreadcrumbList\",\"@id\":\"https:\/\/cm-castelo-paiva-pro.globalskillmind.pt\/portal-turismo\/o-que-fazer\/trilhos-pedestres-e-btt\/payvaape\/#breadcrumb\",\"itemListElement\":[{\"@type\":\"ListItem\",\"position\":1,\"name\":\"In\u00edcio\",\"item\":\"https:\/\/cm-castelo-paiva-pro.globalskillmind.pt\/portal-turismo\/\"},{\"@type\":\"ListItem\",\"position\":2,\"name\":\"O que fazer\",\"item\":\"https:\/\/cm-castelo-paiva-pro.globalskillmind.pt\/portal-turismo\/o-que-fazer\/\"},{\"@type\":\"ListItem\",\"position\":3,\"name\":\"Trilhos Pedestres e BTT\",\"item\":\"https:\/\/cm-castelo-paiva-pro.globalskillmind.pt\/portal-turismo\/o-que-fazer\/trilhos-pedestres-e-btt\/\"},{\"@type\":\"ListItem\",\"position\":4,\"name\":\"PayvaAP\u00e9\"}]},{\"@type\":\"WebSite\",\"@id\":\"https:\/\/cm-castelo-paiva-pro.globalskillmind.pt\/portal-turismo\/#website\",\"url\":\"https:\/\/cm-castelo-paiva-pro.globalskillmind.pt\/portal-turismo\/\",\"name\":\"Portal Turismo C\u00e2mara Municipal de Castelo de Paiva\",\"description\":\"\",\"potentialAction\":[{\"@type\":\"SearchAction\",\"target\":{\"@type\":\"EntryPoint\",\"urlTemplate\":\"https:\/\/cm-castelo-paiva-pro.globalskillmind.pt\/portal-turismo\/?s={search_term_string}\"},\"query-input\":\"required name=search_term_string\"}],\"inLanguage\":\"pt-PT\"}]}<\/script>\n<!-- \/ Yoast SEO plugin. -->","yoast_head_json":{"title":"PayvaAP\u00e9 - Portal Turismo C\u00e2mara Municipal de Castelo de Paiva","robots":{"index":"noindex","follow":"follow","max-snippet":"max-snippet:-1","max-image-preview":"max-image-preview:large","max-video-preview":"max-video-preview:-1"},"og_locale":"pt_PT","og_type":"article","og_title":"PayvaAP\u00e9 - Portal Turismo C\u00e2mara Municipal de Castelo de Paiva","og_description":"Castelo de Paiva passo a passo O Payv\u00e1P\u00e9 \u00e9 uma rede de percursos pedestres que convida a descobrir Castelo de Paiva atrav\u00e9s de trilhos cuidadosamente tra\u00e7ados por paisagens naturais deslumbrantes, aldeias t\u00edpicas, monumentos hist\u00f3ricos e recantos rurais aut\u00eanticos. Com percursos distribu\u00eddos pelas nove freguesias do concelho, este projeto visa n\u00e3o s\u00f3 promover h\u00e1bitos saud\u00e1veis e [&hellip;]","og_url":"https:\/\/cm-castelo-paiva-pro.globalskillmind.pt\/portal-turismo\/o-que-fazer\/trilhos-pedestres-e-btt\/payvaape\/","og_site_name":"Portal Turismo C\u00e2mara Municipal de Castelo de Paiva","article_modified_time":"2025-05-23T14:10:26+00:00","og_image":[{"width":1358,"height":1920,"url":"https:\/\/cm-castelo-paiva-pro.globalskillmind.pt\/portal-turismo\/wp-content\/uploads\/sites\/2\/2025\/02\/PayvaPe-1.jpg","type":"image\/jpeg"}],"twitter_card":"summary_large_image","twitter_misc":{"Tempo estimado de leitura":"2 minutos"},"schema":{"@context":"https:\/\/schema.org","@graph":[{"@type":"WebPage","@id":"https:\/\/cm-castelo-paiva-pro.globalskillmind.pt\/portal-turismo\/o-que-fazer\/trilhos-pedestres-e-btt\/payvaape\/","url":"https:\/\/cm-castelo-paiva-pro.globalskillmind.pt\/portal-turismo\/o-que-fazer\/trilhos-pedestres-e-btt\/payvaape\/","name":"PayvaAP\u00e9 - Portal Turismo C\u00e2mara Municipal de Castelo de Paiva","isPartOf":{"@id":"https:\/\/cm-castelo-paiva-pro.globalskillmind.pt\/portal-turismo\/#website"},"primaryImageOfPage":{"@id":"https:\/\/cm-castelo-paiva-pro.globalskillmind.pt\/portal-turismo\/o-que-fazer\/trilhos-pedestres-e-btt\/payvaape\/#primaryimage"},"image":{"@id":"https:\/\/cm-castelo-paiva-pro.globalskillmind.pt\/portal-turismo\/o-que-fazer\/trilhos-pedestres-e-btt\/payvaape\/#primaryimage"},"thumbnailUrl":"https:\/\/cm-castelo-paiva-pro.globalskillmind.pt\/portal-turismo\/wp-content\/uploads\/sites\/2\/2025\/02\/PayvaPe-1.jpg","datePublished":"2025-02-06T11:03:01+00:00","dateModified":"2025-05-23T14:10:26+00:00","breadcrumb":{"@id":"https:\/\/cm-castelo-paiva-pro.globalskillmind.pt\/portal-turismo\/o-que-fazer\/trilhos-pedestres-e-btt\/payvaape\/#breadcrumb"},"inLanguage":"pt-PT","potentialAction":[{"@type":"ReadAction","target":["https:\/\/cm-castelo-paiva-pro.globalskillmind.pt\/portal-turismo\/o-que-fazer\/trilhos-pedestres-e-btt\/payvaape\/"]}]},{"@type":"ImageObject","inLanguage":"pt-PT","@id":"https:\/\/cm-castelo-paiva-pro.globalskillmind.pt\/portal-turismo\/o-que-fazer\/trilhos-pedestres-e-btt\/payvaape\/#primaryimage","url":"https:\/\/cm-castelo-paiva-pro.globalskillmind.pt\/portal-turismo\/wp-content\/uploads\/sites\/2\/2025\/02\/PayvaPe-1.jpg","contentUrl":"https:\/\/cm-castelo-paiva-pro.globalskillmind.pt\/portal-turismo\/wp-content\/uploads\/sites\/2\/2025\/02\/PayvaPe-1.jpg","width":1358,"height":1920},{"@type":"BreadcrumbList","@id":"https:\/\/cm-castelo-paiva-pro.globalskillmind.pt\/portal-turismo\/o-que-fazer\/trilhos-pedestres-e-btt\/payvaape\/#breadcrumb","itemListElement":[{"@type":"ListItem","position":1,"name":"In\u00edcio","item":"https:\/\/cm-castelo-paiva-pro.globalskillmind.pt\/portal-turismo\/"},{"@type":"ListItem","position":2,"name":"O que fazer","item":"https:\/\/cm-castelo-paiva-pro.globalskillmind.pt\/portal-turismo\/o-que-fazer\/"},{"@type":"ListItem","position":3,"name":"Trilhos Pedestres e BTT","item":"https:\/\/cm-castelo-paiva-pro.globalskillmind.pt\/portal-turismo\/o-que-fazer\/trilhos-pedestres-e-btt\/"},{"@type":"ListItem","position":4,"name":"PayvaAP\u00e9"}]},{"@type":"WebSite","@id":"https:\/\/cm-castelo-paiva-pro.globalskillmind.pt\/portal-turismo\/#website","url":"https:\/\/cm-castelo-paiva-pro.globalskillmind.pt\/portal-turismo\/","name":"Portal Turismo C\u00e2mara Municipal de Castelo de Paiva","description":"","potentialAction":[{"@type":"SearchAction","target":{"@type":"EntryPoint","urlTemplate":"https:\/\/cm-castelo-paiva-pro.globalskillmind.pt\/portal-turismo\/?s={search_term_string}"},"query-input":"required name=search_term_string"}],"inLanguage":"pt-PT"}]}},"_links":{"self":[{"href":"https:\/\/cm-castelo-paiva-pro.globalskillmind.pt\/portal-turismo\/wp-json\/wp\/v2\/pages\/1185"}],"collection":[{"href":"https:\/\/cm-castelo-paiva-pro.globalskillmind.pt\/portal-turismo\/wp-json\/wp\/v2\/pages"}],"about":[{"href":"https:\/\/cm-castelo-paiva-pro.globalskillmind.pt\/portal-turismo\/wp-json\/wp\/v2\/types\/page"}],"author":[{"embeddable":true,"href":"https:\/\/cm-castelo-paiva-pro.globalskillmind.pt\/portal-turismo\/wp-json\/wp\/v2\/users\/1"}],"replies":[{"embeddable":true,"href":"https:\/\/cm-castelo-paiva-pro.globalskillmind.pt\/portal-turismo\/wp-json\/wp\/v2\/comments?post=1185"}],"version-history":[{"count":8,"href":"https:\/\/cm-castelo-paiva-pro.globalskillmind.pt\/portal-turismo\/wp-json\/wp\/v2\/pages\/1185\/revisions"}],"predecessor-version":[{"id":2722,"href":"https:\/\/cm-castelo-paiva-pro.globalskillmind.pt\/portal-turismo\/wp-json\/wp\/v2\/pages\/1185\/revisions\/2722"}],"up":[{"embeddable":true,"href":"https:\/\/cm-castelo-paiva-pro.globalskillmind.pt\/portal-turismo\/wp-json\/wp\/v2\/pages\/1173"}],"wp:featuredmedia":[{"embeddable":true,"href":"https:\/\/cm-castelo-paiva-pro.globalskillmind.pt\/portal-turismo\/wp-json\/wp\/v2\/media\/1823"}],"wp:attachment":[{"href":"https:\/\/cm-castelo-paiva-pro.globalskillmind.pt\/portal-turismo\/wp-json\/wp\/v2\/media?parent=1185"}],"curies":[{"name":"wp","href":"https:\/\/api.w.org\/{rel}","templated":true}]}}