{"id":1183,"date":"2025-02-06T12:02:41","date_gmt":"2025-02-06T11:02:41","guid":{"rendered":"https:\/\/cm-castelo-paiva-pro.globalskillmind.pt\/portal-turismo\/?page_id=1183"},"modified":"2025-05-23T14:58:01","modified_gmt":"2025-05-23T13:58:01","slug":"percurso-pedestre-ilha-dos-amores","status":"publish","type":"page","link":"https:\/\/cm-castelo-paiva-pro.globalskillmind.pt\/portal-turismo\/o-que-fazer\/trilhos-pedestres-e-btt\/percurso-pedestre-ilha-dos-amores\/","title":{"rendered":"Percurso Pedestre Ilha dos Amores"},"content":{"rendered":"<p><em>Hist\u00f3ria, paisagem e tradi\u00e7\u00e3o num percurso circular \u00e0 beira-Douro<\/em><\/p>\n<p>O Percurso Pedestre Ilha dos Amores \u00e9 um percurso de pequena rota (PR), circular, sinalizado nos dois sentidos e homologado segundo as normas da Federa\u00e7\u00e3o de Campismo e Montanhismo de Portugal. Com uma extens\u00e3o de 7,25 km, apresenta um n\u00edvel de dificuldade m\u00e9dio e uma dura\u00e7\u00e3o aproximada de 2 horas, sendo ideal para quem pretende explorar a riqueza paisag\u00edstica, hist\u00f3rica e cultural da freguesia de Fornos.<\/p>\n<p>Com in\u00edcio e fim no Cais do Castelo, junto \u00e0 emblem\u00e1tica Ilha dos Amores, o percurso convida a uma viagem ao longo de caminhos rurais e tradicionais, passando por lugares hist\u00f3ricos, capelas, cruzeiros, paisagens agr\u00edcolas e vest\u00edgios de antigas povoa\u00e7\u00f5es.<\/p>\n<p>Ao longo do percurso&#8230;<\/p>\n<ul>\n<li>Atravessa-se o pitoresco lugar do Castelo, com as suas ruas estreitas e vistas para o Douro.<\/li>\n<li>Segue-se para o lugar da China e depois Tapado, topon\u00edmia que nos remete para a poss\u00edvel exist\u00eancia de um castelo no \u201cAlto do Crasto\u201d.<\/li>\n<li>A caminhada continua pelos lugares de Crasto, Moimenta de Baixo, Ribeira-de-Fora e at\u00e9 \u00e0 Capela de Santo Ant\u00f3nio, ideal para uma pausa e merenda.<\/li>\n<li>Pelo Largo Paroquial, onde se encontra Cruzeiro Velho de Fornos, chega-se \u00e0 Igreja de S\u00e3o Pel\u00e1gio, onde o percurso sobe por escadas para as zonas altas da freguesia.<\/li>\n<li>Passa-se por Cancelinhas, Cavaco, Pousada, Charneca e a bonita v\u00e1rzea de Fornos, local de beleza natural singular.<\/li>\n<li>O trajeto conduz depois aos lugares de Gi\u00e3o, Leir\u00f3s e Moimenta de Cima, onde se atinge o ponto mais alto, com vistas amplas e antigas rotas de peregrina\u00e7\u00e3o para Santa Luzia da Eja (Penafiel).<\/li>\n<li>Nos metros finais, j\u00e1 junto ao Douro, o trilho passa ao lado da Quinta das Eirinhas (Casal das Andorinhas) e da Quinta de Castelo de Baixo, onde se produz Vinho Verde de qualidade, culminando no regresso ao Cais do Castelo.<\/li>\n<\/ul>\n<p>Este percurso \u00e9 uma verdadeira imers\u00e3o no patrim\u00f3nio rural e humano da Terra de Paiva, cruzando mem\u00f3ria, f\u00e9, trabalho agr\u00edcola e beleza natural, numa experi\u00eancia diversificada e aut\u00eantica, \u00e0 descoberta da alma de Fornos.<\/p>\n<p>#TrilhodeFornos #CastelodePaivaaP\u00e9 #TurismodeNatureza #FornosAut\u00eantico #IlhadosAmores<\/p>\n","protected":false},"excerpt":{"rendered":"<p>Hist\u00f3ria, paisagem e tradi\u00e7\u00e3o num percurso circular \u00e0 beira-Douro O Percurso Pedestre Ilha dos Amores \u00e9 um percurso de pequena rota (PR), circular, sinalizado nos dois sentidos e homologado segundo as normas da Federa\u00e7\u00e3o de Campismo e Montanhismo de Portugal. Com uma extens\u00e3o de 7,25 km, apresenta um n\u00edvel de dificuldade m\u00e9dio e uma dura\u00e7\u00e3o [&hellip;]<\/p>\n","protected":false},"author":1,"featured_media":0,"parent":1173,"menu_order":0,"comment_status":"closed","ping_status":"closed","template":"templates-map\/component-text-layout1.php","meta":{"_acf_changed":false,"footnotes":""},"class_list":["post-1183","page","type-page","status-publish","hentry"],"acf":[],"yoast_head":"<!-- This site is optimized with the Yoast SEO plugin v22.9 - https:\/\/yoast.com\/wordpress\/plugins\/seo\/ -->\n<title>Percurso Pedestre Ilha dos Amores - Portal Turismo C\u00e2mara Municipal de Castelo de Paiva<\/title>\n<meta name=\"robots\" content=\"noindex, follow, max-snippet:-1, max-image-preview:large, max-video-preview:-1\" \/>\n<meta property=\"og:locale\" content=\"pt_PT\" \/>\n<meta property=\"og:type\" content=\"article\" \/>\n<meta property=\"og:title\" content=\"Percurso Pedestre Ilha dos Amores - Portal Turismo C\u00e2mara Municipal de Castelo de Paiva\" \/>\n<meta property=\"og:description\" content=\"Hist\u00f3ria, paisagem e tradi\u00e7\u00e3o num percurso circular \u00e0 beira-Douro O Percurso Pedestre Ilha dos Amores \u00e9 um percurso de pequena rota (PR), circular, sinalizado nos dois sentidos e homologado segundo as normas da Federa\u00e7\u00e3o de Campismo e Montanhismo de Portugal. Com uma extens\u00e3o de 7,25 km, apresenta um n\u00edvel de dificuldade m\u00e9dio e uma dura\u00e7\u00e3o [&hellip;]\" \/>\n<meta property=\"og:url\" content=\"https:\/\/cm-castelo-paiva-pro.globalskillmind.pt\/portal-turismo\/o-que-fazer\/trilhos-pedestres-e-btt\/percurso-pedestre-ilha-dos-amores\/\" \/>\n<meta property=\"og:site_name\" content=\"Portal Turismo C\u00e2mara Municipal de Castelo de Paiva\" \/>\n<meta property=\"article:modified_time\" content=\"2025-05-23T13:58:01+00:00\" \/>\n<meta name=\"twitter:card\" content=\"summary_large_image\" \/>\n<meta name=\"twitter:label1\" content=\"Tempo estimado de leitura\" \/>\n\t<meta name=\"twitter:data1\" content=\"2 minutos\" \/>\n<script type=\"application\/ld+json\" class=\"yoast-schema-graph\">{\"@context\":\"https:\/\/schema.org\",\"@graph\":[{\"@type\":\"WebPage\",\"@id\":\"https:\/\/cm-castelo-paiva-pro.globalskillmind.pt\/portal-turismo\/o-que-fazer\/trilhos-pedestres-e-btt\/percurso-pedestre-ilha-dos-amores\/\",\"url\":\"https:\/\/cm-castelo-paiva-pro.globalskillmind.pt\/portal-turismo\/o-que-fazer\/trilhos-pedestres-e-btt\/percurso-pedestre-ilha-dos-amores\/\",\"name\":\"Percurso Pedestre Ilha dos Amores - Portal Turismo C\u00e2mara Municipal de Castelo de Paiva\",\"isPartOf\":{\"@id\":\"https:\/\/cm-castelo-paiva-pro.globalskillmind.pt\/portal-turismo\/#website\"},\"datePublished\":\"2025-02-06T11:02:41+00:00\",\"dateModified\":\"2025-05-23T13:58:01+00:00\",\"breadcrumb\":{\"@id\":\"https:\/\/cm-castelo-paiva-pro.globalskillmind.pt\/portal-turismo\/o-que-fazer\/trilhos-pedestres-e-btt\/percurso-pedestre-ilha-dos-amores\/#breadcrumb\"},\"inLanguage\":\"pt-PT\",\"potentialAction\":[{\"@type\":\"ReadAction\",\"target\":[\"https:\/\/cm-castelo-paiva-pro.globalskillmind.pt\/portal-turismo\/o-que-fazer\/trilhos-pedestres-e-btt\/percurso-pedestre-ilha-dos-amores\/\"]}]},{\"@type\":\"BreadcrumbList\",\"@id\":\"https:\/\/cm-castelo-paiva-pro.globalskillmind.pt\/portal-turismo\/o-que-fazer\/trilhos-pedestres-e-btt\/percurso-pedestre-ilha-dos-amores\/#breadcrumb\",\"itemListElement\":[{\"@type\":\"ListItem\",\"position\":1,\"name\":\"In\u00edcio\",\"item\":\"https:\/\/cm-castelo-paiva-pro.globalskillmind.pt\/portal-turismo\/\"},{\"@type\":\"ListItem\",\"position\":2,\"name\":\"O que fazer\",\"item\":\"https:\/\/cm-castelo-paiva-pro.globalskillmind.pt\/portal-turismo\/o-que-fazer\/\"},{\"@type\":\"ListItem\",\"position\":3,\"name\":\"Trilhos Pedestres e BTT\",\"item\":\"https:\/\/cm-castelo-paiva-pro.globalskillmind.pt\/portal-turismo\/o-que-fazer\/trilhos-pedestres-e-btt\/\"},{\"@type\":\"ListItem\",\"position\":4,\"name\":\"Percurso Pedestre Ilha dos Amores\"}]},{\"@type\":\"WebSite\",\"@id\":\"https:\/\/cm-castelo-paiva-pro.globalskillmind.pt\/portal-turismo\/#website\",\"url\":\"https:\/\/cm-castelo-paiva-pro.globalskillmind.pt\/portal-turismo\/\",\"name\":\"Portal Turismo C\u00e2mara Municipal de Castelo de Paiva\",\"description\":\"\",\"potentialAction\":[{\"@type\":\"SearchAction\",\"target\":{\"@type\":\"EntryPoint\",\"urlTemplate\":\"https:\/\/cm-castelo-paiva-pro.globalskillmind.pt\/portal-turismo\/?s={search_term_string}\"},\"query-input\":\"required name=search_term_string\"}],\"inLanguage\":\"pt-PT\"}]}<\/script>\n<!-- \/ Yoast SEO plugin. -->","yoast_head_json":{"title":"Percurso Pedestre Ilha dos Amores - Portal Turismo C\u00e2mara Municipal de Castelo de Paiva","robots":{"index":"noindex","follow":"follow","max-snippet":"max-snippet:-1","max-image-preview":"max-image-preview:large","max-video-preview":"max-video-preview:-1"},"og_locale":"pt_PT","og_type":"article","og_title":"Percurso Pedestre Ilha dos Amores - Portal Turismo C\u00e2mara Municipal de Castelo de Paiva","og_description":"Hist\u00f3ria, paisagem e tradi\u00e7\u00e3o num percurso circular \u00e0 beira-Douro O Percurso Pedestre Ilha dos Amores \u00e9 um percurso de pequena rota (PR), circular, sinalizado nos dois sentidos e homologado segundo as normas da Federa\u00e7\u00e3o de Campismo e Montanhismo de Portugal. Com uma extens\u00e3o de 7,25 km, apresenta um n\u00edvel de dificuldade m\u00e9dio e uma dura\u00e7\u00e3o [&hellip;]","og_url":"https:\/\/cm-castelo-paiva-pro.globalskillmind.pt\/portal-turismo\/o-que-fazer\/trilhos-pedestres-e-btt\/percurso-pedestre-ilha-dos-amores\/","og_site_name":"Portal Turismo C\u00e2mara Municipal de Castelo de Paiva","article_modified_time":"2025-05-23T13:58:01+00:00","twitter_card":"summary_large_image","twitter_misc":{"Tempo estimado de leitura":"2 minutos"},"schema":{"@context":"https:\/\/schema.org","@graph":[{"@type":"WebPage","@id":"https:\/\/cm-castelo-paiva-pro.globalskillmind.pt\/portal-turismo\/o-que-fazer\/trilhos-pedestres-e-btt\/percurso-pedestre-ilha-dos-amores\/","url":"https:\/\/cm-castelo-paiva-pro.globalskillmind.pt\/portal-turismo\/o-que-fazer\/trilhos-pedestres-e-btt\/percurso-pedestre-ilha-dos-amores\/","name":"Percurso Pedestre Ilha dos Amores - Portal Turismo C\u00e2mara Municipal de Castelo de Paiva","isPartOf":{"@id":"https:\/\/cm-castelo-paiva-pro.globalskillmind.pt\/portal-turismo\/#website"},"datePublished":"2025-02-06T11:02:41+00:00","dateModified":"2025-05-23T13:58:01+00:00","breadcrumb":{"@id":"https:\/\/cm-castelo-paiva-pro.globalskillmind.pt\/portal-turismo\/o-que-fazer\/trilhos-pedestres-e-btt\/percurso-pedestre-ilha-dos-amores\/#breadcrumb"},"inLanguage":"pt-PT","potentialAction":[{"@type":"ReadAction","target":["https:\/\/cm-castelo-paiva-pro.globalskillmind.pt\/portal-turismo\/o-que-fazer\/trilhos-pedestres-e-btt\/percurso-pedestre-ilha-dos-amores\/"]}]},{"@type":"BreadcrumbList","@id":"https:\/\/cm-castelo-paiva-pro.globalskillmind.pt\/portal-turismo\/o-que-fazer\/trilhos-pedestres-e-btt\/percurso-pedestre-ilha-dos-amores\/#breadcrumb","itemListElement":[{"@type":"ListItem","position":1,"name":"In\u00edcio","item":"https:\/\/cm-castelo-paiva-pro.globalskillmind.pt\/portal-turismo\/"},{"@type":"ListItem","position":2,"name":"O que fazer","item":"https:\/\/cm-castelo-paiva-pro.globalskillmind.pt\/portal-turismo\/o-que-fazer\/"},{"@type":"ListItem","position":3,"name":"Trilhos Pedestres e BTT","item":"https:\/\/cm-castelo-paiva-pro.globalskillmind.pt\/portal-turismo\/o-que-fazer\/trilhos-pedestres-e-btt\/"},{"@type":"ListItem","position":4,"name":"Percurso Pedestre Ilha dos Amores"}]},{"@type":"WebSite","@id":"https:\/\/cm-castelo-paiva-pro.globalskillmind.pt\/portal-turismo\/#website","url":"https:\/\/cm-castelo-paiva-pro.globalskillmind.pt\/portal-turismo\/","name":"Portal Turismo C\u00e2mara Municipal de Castelo de Paiva","description":"","potentialAction":[{"@type":"SearchAction","target":{"@type":"EntryPoint","urlTemplate":"https:\/\/cm-castelo-paiva-pro.globalskillmind.pt\/portal-turismo\/?s={search_term_string}"},"query-input":"required name=search_term_string"}],"inLanguage":"pt-PT"}]}},"_links":{"self":[{"href":"https:\/\/cm-castelo-paiva-pro.globalskillmind.pt\/portal-turismo\/wp-json\/wp\/v2\/pages\/1183"}],"collection":[{"href":"https:\/\/cm-castelo-paiva-pro.globalskillmind.pt\/portal-turismo\/wp-json\/wp\/v2\/pages"}],"about":[{"href":"https:\/\/cm-castelo-paiva-pro.globalskillmind.pt\/portal-turismo\/wp-json\/wp\/v2\/types\/page"}],"author":[{"embeddable":true,"href":"https:\/\/cm-castelo-paiva-pro.globalskillmind.pt\/portal-turismo\/wp-json\/wp\/v2\/users\/1"}],"replies":[{"embeddable":true,"href":"https:\/\/cm-castelo-paiva-pro.globalskillmind.pt\/portal-turismo\/wp-json\/wp\/v2\/comments?post=1183"}],"version-history":[{"count":4,"href":"https:\/\/cm-castelo-paiva-pro.globalskillmind.pt\/portal-turismo\/wp-json\/wp\/v2\/pages\/1183\/revisions"}],"predecessor-version":[{"id":2718,"href":"https:\/\/cm-castelo-paiva-pro.globalskillmind.pt\/portal-turismo\/wp-json\/wp\/v2\/pages\/1183\/revisions\/2718"}],"up":[{"embeddable":true,"href":"https:\/\/cm-castelo-paiva-pro.globalskillmind.pt\/portal-turismo\/wp-json\/wp\/v2\/pages\/1173"}],"wp:attachment":[{"href":"https:\/\/cm-castelo-paiva-pro.globalskillmind.pt\/portal-turismo\/wp-json\/wp\/v2\/media?parent=1183"}],"curies":[{"name":"wp","href":"https:\/\/api.w.org\/{rel}","templated":true}]}}