{"id":1173,"date":"2025-02-06T12:00:58","date_gmt":"2025-02-06T11:00:58","guid":{"rendered":"https:\/\/cm-castelo-paiva-pro.globalskillmind.pt\/portal-turismo\/?page_id=1173"},"modified":"2025-05-23T11:45:09","modified_gmt":"2025-05-23T10:45:09","slug":"trilhos-pedestres-e-btt","status":"publish","type":"page","link":"https:\/\/cm-castelo-paiva-pro.globalskillmind.pt\/portal-turismo\/o-que-fazer\/trilhos-pedestres-e-btt\/","title":{"rendered":"Trilhos Pedestres e BTT"},"content":{"rendered":"<p><em>Explore Castelo de Paiva a p\u00e9 ou sobre rodas<\/em><\/p>\n<p>Castelo de Paiva oferece um conjunto de trilhos pedestres e percursos de BTT que convidam a explorar o concelho ao ritmo da natureza. S\u00e3o caminhos que revelam o que de mais aut\u00eantico a regi\u00e3o tem para oferecer \u2014 desde paisagens naturais deslumbrantes a um patrim\u00f3nio cultural profundamente enraizado.<\/p>\n<p>Ao longo dos trilhos, os visitantes podem atravessar aldeias tradicionais, com ruas estreitas, casas senhoriais com bras\u00f5es, varandas floridas e igrejas centen\u00e1rias, mergulhando na hist\u00f3ria e nas viv\u00eancias locais. Fora do centro urbano, os percursos conduzem por serras, vales, linhas de \u00e1gua e miradouros com vistas soberbas.<\/p>\n<p>Estes trilhos, devidamente sinalizados, s\u00e3o ideais tanto para caminhadas tranquilas como para pr\u00e1ticas desportivas mais exigentes, como o BTT. S\u00e3o percursos que promovem um estilo de vida ativo e saud\u00e1vel, ao mesmo tempo que proporcionam uma liga\u00e7\u00e3o direta com a natureza e o patrim\u00f3nio.<\/p>\n<p>Seja a p\u00e9 ou de bicicleta, venha descobrir Castelo de Paiva por trilhos que contam hist\u00f3rias e paisagens que inspiram.<\/p>\n","protected":false},"excerpt":{"rendered":"<p>Explore Castelo de Paiva a p\u00e9 ou sobre rodas Castelo de Paiva oferece um conjunto de trilhos pedestres e percursos de BTT que convidam a explorar o concelho ao ritmo da natureza. S\u00e3o caminhos que revelam o que de mais aut\u00eantico a regi\u00e3o tem para oferecer \u2014 desde paisagens naturais deslumbrantes a um patrim\u00f3nio cultural [&hellip;]<\/p>\n","protected":false},"author":1,"featured_media":0,"parent":1171,"menu_order":0,"comment_status":"closed","ping_status":"closed","template":"templates-map\/component-text-layout1.php","meta":{"_acf_changed":false,"footnotes":""},"class_list":["post-1173","page","type-page","status-publish","hentry"],"acf":[],"yoast_head":"<!-- This site is optimized with the Yoast SEO plugin v22.9 - https:\/\/yoast.com\/wordpress\/plugins\/seo\/ -->\n<title>Trilhos Pedestres e BTT - Portal Turismo C\u00e2mara Municipal de Castelo de Paiva<\/title>\n<meta name=\"robots\" content=\"noindex, follow, max-snippet:-1, max-image-preview:large, max-video-preview:-1\" \/>\n<meta property=\"og:locale\" content=\"pt_PT\" \/>\n<meta property=\"og:type\" content=\"article\" \/>\n<meta property=\"og:title\" content=\"Trilhos Pedestres e BTT - Portal Turismo C\u00e2mara Municipal de Castelo de Paiva\" \/>\n<meta property=\"og:description\" content=\"Explore Castelo de Paiva a p\u00e9 ou sobre rodas Castelo de Paiva oferece um conjunto de trilhos pedestres e percursos de BTT que convidam a explorar o concelho ao ritmo da natureza. S\u00e3o caminhos que revelam o que de mais aut\u00eantico a regi\u00e3o tem para oferecer \u2014 desde paisagens naturais deslumbrantes a um patrim\u00f3nio cultural [&hellip;]\" \/>\n<meta property=\"og:url\" content=\"https:\/\/cm-castelo-paiva-pro.globalskillmind.pt\/portal-turismo\/o-que-fazer\/trilhos-pedestres-e-btt\/\" \/>\n<meta property=\"og:site_name\" content=\"Portal Turismo C\u00e2mara Municipal de Castelo de Paiva\" \/>\n<meta property=\"article:modified_time\" content=\"2025-05-23T10:45:09+00:00\" \/>\n<meta name=\"twitter:card\" content=\"summary_large_image\" \/>\n<meta name=\"twitter:label1\" content=\"Tempo estimado de leitura\" \/>\n\t<meta name=\"twitter:data1\" content=\"1 minuto\" \/>\n<script type=\"application\/ld+json\" class=\"yoast-schema-graph\">{\"@context\":\"https:\/\/schema.org\",\"@graph\":[{\"@type\":\"WebPage\",\"@id\":\"https:\/\/cm-castelo-paiva-pro.globalskillmind.pt\/portal-turismo\/o-que-fazer\/trilhos-pedestres-e-btt\/\",\"url\":\"https:\/\/cm-castelo-paiva-pro.globalskillmind.pt\/portal-turismo\/o-que-fazer\/trilhos-pedestres-e-btt\/\",\"name\":\"Trilhos Pedestres e BTT - Portal Turismo C\u00e2mara Municipal de Castelo de Paiva\",\"isPartOf\":{\"@id\":\"https:\/\/cm-castelo-paiva-pro.globalskillmind.pt\/portal-turismo\/#website\"},\"datePublished\":\"2025-02-06T11:00:58+00:00\",\"dateModified\":\"2025-05-23T10:45:09+00:00\",\"breadcrumb\":{\"@id\":\"https:\/\/cm-castelo-paiva-pro.globalskillmind.pt\/portal-turismo\/o-que-fazer\/trilhos-pedestres-e-btt\/#breadcrumb\"},\"inLanguage\":\"pt-PT\",\"potentialAction\":[{\"@type\":\"ReadAction\",\"target\":[\"https:\/\/cm-castelo-paiva-pro.globalskillmind.pt\/portal-turismo\/o-que-fazer\/trilhos-pedestres-e-btt\/\"]}]},{\"@type\":\"BreadcrumbList\",\"@id\":\"https:\/\/cm-castelo-paiva-pro.globalskillmind.pt\/portal-turismo\/o-que-fazer\/trilhos-pedestres-e-btt\/#breadcrumb\",\"itemListElement\":[{\"@type\":\"ListItem\",\"position\":1,\"name\":\"In\u00edcio\",\"item\":\"https:\/\/cm-castelo-paiva-pro.globalskillmind.pt\/portal-turismo\/\"},{\"@type\":\"ListItem\",\"position\":2,\"name\":\"O que fazer\",\"item\":\"https:\/\/cm-castelo-paiva-pro.globalskillmind.pt\/portal-turismo\/o-que-fazer\/\"},{\"@type\":\"ListItem\",\"position\":3,\"name\":\"Trilhos Pedestres e BTT\"}]},{\"@type\":\"WebSite\",\"@id\":\"https:\/\/cm-castelo-paiva-pro.globalskillmind.pt\/portal-turismo\/#website\",\"url\":\"https:\/\/cm-castelo-paiva-pro.globalskillmind.pt\/portal-turismo\/\",\"name\":\"Portal Turismo C\u00e2mara Municipal de Castelo de Paiva\",\"description\":\"\",\"potentialAction\":[{\"@type\":\"SearchAction\",\"target\":{\"@type\":\"EntryPoint\",\"urlTemplate\":\"https:\/\/cm-castelo-paiva-pro.globalskillmind.pt\/portal-turismo\/?s={search_term_string}\"},\"query-input\":\"required name=search_term_string\"}],\"inLanguage\":\"pt-PT\"}]}<\/script>\n<!-- \/ Yoast SEO plugin. -->","yoast_head_json":{"title":"Trilhos Pedestres e BTT - Portal Turismo C\u00e2mara Municipal de Castelo de Paiva","robots":{"index":"noindex","follow":"follow","max-snippet":"max-snippet:-1","max-image-preview":"max-image-preview:large","max-video-preview":"max-video-preview:-1"},"og_locale":"pt_PT","og_type":"article","og_title":"Trilhos Pedestres e BTT - Portal Turismo C\u00e2mara Municipal de Castelo de Paiva","og_description":"Explore Castelo de Paiva a p\u00e9 ou sobre rodas Castelo de Paiva oferece um conjunto de trilhos pedestres e percursos de BTT que convidam a explorar o concelho ao ritmo da natureza. S\u00e3o caminhos que revelam o que de mais aut\u00eantico a regi\u00e3o tem para oferecer \u2014 desde paisagens naturais deslumbrantes a um patrim\u00f3nio cultural [&hellip;]","og_url":"https:\/\/cm-castelo-paiva-pro.globalskillmind.pt\/portal-turismo\/o-que-fazer\/trilhos-pedestres-e-btt\/","og_site_name":"Portal Turismo C\u00e2mara Municipal de Castelo de Paiva","article_modified_time":"2025-05-23T10:45:09+00:00","twitter_card":"summary_large_image","twitter_misc":{"Tempo estimado de leitura":"1 minuto"},"schema":{"@context":"https:\/\/schema.org","@graph":[{"@type":"WebPage","@id":"https:\/\/cm-castelo-paiva-pro.globalskillmind.pt\/portal-turismo\/o-que-fazer\/trilhos-pedestres-e-btt\/","url":"https:\/\/cm-castelo-paiva-pro.globalskillmind.pt\/portal-turismo\/o-que-fazer\/trilhos-pedestres-e-btt\/","name":"Trilhos Pedestres e BTT - Portal Turismo C\u00e2mara Municipal de Castelo de Paiva","isPartOf":{"@id":"https:\/\/cm-castelo-paiva-pro.globalskillmind.pt\/portal-turismo\/#website"},"datePublished":"2025-02-06T11:00:58+00:00","dateModified":"2025-05-23T10:45:09+00:00","breadcrumb":{"@id":"https:\/\/cm-castelo-paiva-pro.globalskillmind.pt\/portal-turismo\/o-que-fazer\/trilhos-pedestres-e-btt\/#breadcrumb"},"inLanguage":"pt-PT","potentialAction":[{"@type":"ReadAction","target":["https:\/\/cm-castelo-paiva-pro.globalskillmind.pt\/portal-turismo\/o-que-fazer\/trilhos-pedestres-e-btt\/"]}]},{"@type":"BreadcrumbList","@id":"https:\/\/cm-castelo-paiva-pro.globalskillmind.pt\/portal-turismo\/o-que-fazer\/trilhos-pedestres-e-btt\/#breadcrumb","itemListElement":[{"@type":"ListItem","position":1,"name":"In\u00edcio","item":"https:\/\/cm-castelo-paiva-pro.globalskillmind.pt\/portal-turismo\/"},{"@type":"ListItem","position":2,"name":"O que fazer","item":"https:\/\/cm-castelo-paiva-pro.globalskillmind.pt\/portal-turismo\/o-que-fazer\/"},{"@type":"ListItem","position":3,"name":"Trilhos Pedestres e BTT"}]},{"@type":"WebSite","@id":"https:\/\/cm-castelo-paiva-pro.globalskillmind.pt\/portal-turismo\/#website","url":"https:\/\/cm-castelo-paiva-pro.globalskillmind.pt\/portal-turismo\/","name":"Portal Turismo C\u00e2mara Municipal de Castelo de Paiva","description":"","potentialAction":[{"@type":"SearchAction","target":{"@type":"EntryPoint","urlTemplate":"https:\/\/cm-castelo-paiva-pro.globalskillmind.pt\/portal-turismo\/?s={search_term_string}"},"query-input":"required name=search_term_string"}],"inLanguage":"pt-PT"}]}},"_links":{"self":[{"href":"https:\/\/cm-castelo-paiva-pro.globalskillmind.pt\/portal-turismo\/wp-json\/wp\/v2\/pages\/1173"}],"collection":[{"href":"https:\/\/cm-castelo-paiva-pro.globalskillmind.pt\/portal-turismo\/wp-json\/wp\/v2\/pages"}],"about":[{"href":"https:\/\/cm-castelo-paiva-pro.globalskillmind.pt\/portal-turismo\/wp-json\/wp\/v2\/types\/page"}],"author":[{"embeddable":true,"href":"https:\/\/cm-castelo-paiva-pro.globalskillmind.pt\/portal-turismo\/wp-json\/wp\/v2\/users\/1"}],"replies":[{"embeddable":true,"href":"https:\/\/cm-castelo-paiva-pro.globalskillmind.pt\/portal-turismo\/wp-json\/wp\/v2\/comments?post=1173"}],"version-history":[{"count":6,"href":"https:\/\/cm-castelo-paiva-pro.globalskillmind.pt\/portal-turismo\/wp-json\/wp\/v2\/pages\/1173\/revisions"}],"predecessor-version":[{"id":2713,"href":"https:\/\/cm-castelo-paiva-pro.globalskillmind.pt\/portal-turismo\/wp-json\/wp\/v2\/pages\/1173\/revisions\/2713"}],"up":[{"embeddable":true,"href":"https:\/\/cm-castelo-paiva-pro.globalskillmind.pt\/portal-turismo\/wp-json\/wp\/v2\/pages\/1171"}],"wp:attachment":[{"href":"https:\/\/cm-castelo-paiva-pro.globalskillmind.pt\/portal-turismo\/wp-json\/wp\/v2\/media?parent=1173"}],"curies":[{"name":"wp","href":"https:\/\/api.w.org\/{rel}","templated":true}]}}