{"id":1169,"date":"2025-02-06T12:00:05","date_gmt":"2025-02-06T11:00:05","guid":{"rendered":"https:\/\/cm-castelo-paiva-pro.globalskillmind.pt\/portal-turismo\/?page_id=1169"},"modified":"2025-05-23T11:30:24","modified_gmt":"2025-05-23T10:30:24","slug":"pergula-do-castelo","status":"publish","type":"page","link":"https:\/\/cm-castelo-paiva-pro.globalskillmind.pt\/portal-turismo\/descobrir\/locais-instagramaveis\/pergula-do-castelo\/","title":{"rendered":"P\u00e9rgula do Castelo"},"content":{"rendered":"<p><em>Charme e contempla\u00e7\u00e3o \u00e0 beira-Douro<\/em><\/p>\n<p>Situada no Areal do Castelo, em pleno contacto com a natureza, a P\u00e9rgula do Castelo marca um espa\u00e7o rom\u00e2ntico e acolhedor que se destaca na freguesia de Fornos, em Castelo de Paiva.<\/p>\n<p>Com vista direta para o rio Douro e a m\u00e1gica Ilha dos Amores, esta estrutura de madeira, perfeitamente enquadrada na paisagem ribeirinha, convida \u00e0 tranquilidade e \u00e0 contempla\u00e7\u00e3o \u2014 um cen\u00e1rio id\u00edlico para fotografias, momentos a dois ou simples pausas de respira\u00e7\u00e3o profunda.<\/p>\n<p>A p\u00e9rgula oferece uma vista ampla e desimpedida sobre o Douro e a paisagem natural envolvente, especialmente deslumbrante ao p\u00f4r do sol, quando o rio reflete tons dourados e rosados.<\/p>\n<p>Entre sombras naturais e o som calmo da \u00e1gua, este \u00e9 o lugar perfeito para celebrar o amor, a amizade ou o simples prazer de estar presente.<\/p>\n<p>Com acesso f\u00e1cil, este \u00e9 um ponto de paragem obrigat\u00f3ria para quem visita Castelo de Paiva e explora as margens do Douro.<\/p>\n<p>#P\u00e9rguladoCastelo #IlhadosAmores #CastelodePaiva #BeiraDouroRom\u00e2ntica<\/p>\n","protected":false},"excerpt":{"rendered":"<p>Charme e contempla\u00e7\u00e3o \u00e0 beira-Douro Situada no Areal do Castelo, em pleno contacto com a natureza, a P\u00e9rgula do Castelo marca um espa\u00e7o rom\u00e2ntico e acolhedor que se destaca na freguesia de Fornos, em Castelo de Paiva. Com vista direta para o rio Douro e a m\u00e1gica Ilha dos Amores, esta estrutura de madeira, perfeitamente [&hellip;]<\/p>\n","protected":false},"author":1,"featured_media":0,"parent":1159,"menu_order":0,"comment_status":"closed","ping_status":"closed","template":"templates-map\/component-text-layout1.php","meta":{"_acf_changed":false,"footnotes":""},"class_list":["post-1169","page","type-page","status-publish","hentry"],"acf":[],"yoast_head":"<!-- This site is optimized with the Yoast SEO plugin v22.9 - https:\/\/yoast.com\/wordpress\/plugins\/seo\/ -->\n<title>P\u00e9rgula do Castelo - Portal Turismo C\u00e2mara Municipal de Castelo de Paiva<\/title>\n<meta name=\"robots\" content=\"noindex, follow, max-snippet:-1, max-image-preview:large, max-video-preview:-1\" \/>\n<meta property=\"og:locale\" content=\"pt_PT\" \/>\n<meta property=\"og:type\" content=\"article\" \/>\n<meta property=\"og:title\" content=\"P\u00e9rgula do Castelo - Portal Turismo C\u00e2mara Municipal de Castelo de Paiva\" \/>\n<meta property=\"og:description\" content=\"Charme e contempla\u00e7\u00e3o \u00e0 beira-Douro Situada no Areal do Castelo, em pleno contacto com a natureza, a P\u00e9rgula do Castelo marca um espa\u00e7o rom\u00e2ntico e acolhedor que se destaca na freguesia de Fornos, em Castelo de Paiva. Com vista direta para o rio Douro e a m\u00e1gica Ilha dos Amores, esta estrutura de madeira, perfeitamente [&hellip;]\" \/>\n<meta property=\"og:url\" content=\"https:\/\/cm-castelo-paiva-pro.globalskillmind.pt\/portal-turismo\/descobrir\/locais-instagramaveis\/pergula-do-castelo\/\" \/>\n<meta property=\"og:site_name\" content=\"Portal Turismo C\u00e2mara Municipal de Castelo de Paiva\" \/>\n<meta property=\"article:modified_time\" content=\"2025-05-23T10:30:24+00:00\" \/>\n<meta name=\"twitter:card\" content=\"summary_large_image\" \/>\n<meta name=\"twitter:label1\" content=\"Tempo estimado de leitura\" \/>\n\t<meta name=\"twitter:data1\" content=\"1 minuto\" \/>\n<script type=\"application\/ld+json\" class=\"yoast-schema-graph\">{\"@context\":\"https:\/\/schema.org\",\"@graph\":[{\"@type\":\"WebPage\",\"@id\":\"https:\/\/cm-castelo-paiva-pro.globalskillmind.pt\/portal-turismo\/descobrir\/locais-instagramaveis\/pergula-do-castelo\/\",\"url\":\"https:\/\/cm-castelo-paiva-pro.globalskillmind.pt\/portal-turismo\/descobrir\/locais-instagramaveis\/pergula-do-castelo\/\",\"name\":\"P\u00e9rgula do Castelo - Portal Turismo C\u00e2mara Municipal de Castelo de Paiva\",\"isPartOf\":{\"@id\":\"https:\/\/cm-castelo-paiva-pro.globalskillmind.pt\/portal-turismo\/#website\"},\"datePublished\":\"2025-02-06T11:00:05+00:00\",\"dateModified\":\"2025-05-23T10:30:24+00:00\",\"breadcrumb\":{\"@id\":\"https:\/\/cm-castelo-paiva-pro.globalskillmind.pt\/portal-turismo\/descobrir\/locais-instagramaveis\/pergula-do-castelo\/#breadcrumb\"},\"inLanguage\":\"pt-PT\",\"potentialAction\":[{\"@type\":\"ReadAction\",\"target\":[\"https:\/\/cm-castelo-paiva-pro.globalskillmind.pt\/portal-turismo\/descobrir\/locais-instagramaveis\/pergula-do-castelo\/\"]}]},{\"@type\":\"BreadcrumbList\",\"@id\":\"https:\/\/cm-castelo-paiva-pro.globalskillmind.pt\/portal-turismo\/descobrir\/locais-instagramaveis\/pergula-do-castelo\/#breadcrumb\",\"itemListElement\":[{\"@type\":\"ListItem\",\"position\":1,\"name\":\"In\u00edcio\",\"item\":\"https:\/\/cm-castelo-paiva-pro.globalskillmind.pt\/portal-turismo\/\"},{\"@type\":\"ListItem\",\"position\":2,\"name\":\"Descobrir\",\"item\":\"https:\/\/cm-castelo-paiva-pro.globalskillmind.pt\/portal-turismo\/descobrir\/\"},{\"@type\":\"ListItem\",\"position\":3,\"name\":\"Locais instagram\u00e1veis\",\"item\":\"https:\/\/cm-castelo-paiva-pro.globalskillmind.pt\/portal-turismo\/descobrir\/locais-instagramaveis\/\"},{\"@type\":\"ListItem\",\"position\":4,\"name\":\"P\u00e9rgula do Castelo\"}]},{\"@type\":\"WebSite\",\"@id\":\"https:\/\/cm-castelo-paiva-pro.globalskillmind.pt\/portal-turismo\/#website\",\"url\":\"https:\/\/cm-castelo-paiva-pro.globalskillmind.pt\/portal-turismo\/\",\"name\":\"Portal Turismo C\u00e2mara Municipal de Castelo de Paiva\",\"description\":\"\",\"potentialAction\":[{\"@type\":\"SearchAction\",\"target\":{\"@type\":\"EntryPoint\",\"urlTemplate\":\"https:\/\/cm-castelo-paiva-pro.globalskillmind.pt\/portal-turismo\/?s={search_term_string}\"},\"query-input\":\"required name=search_term_string\"}],\"inLanguage\":\"pt-PT\"}]}<\/script>\n<!-- \/ Yoast SEO plugin. -->","yoast_head_json":{"title":"P\u00e9rgula do Castelo - Portal Turismo C\u00e2mara Municipal de Castelo de Paiva","robots":{"index":"noindex","follow":"follow","max-snippet":"max-snippet:-1","max-image-preview":"max-image-preview:large","max-video-preview":"max-video-preview:-1"},"og_locale":"pt_PT","og_type":"article","og_title":"P\u00e9rgula do Castelo - Portal Turismo C\u00e2mara Municipal de Castelo de Paiva","og_description":"Charme e contempla\u00e7\u00e3o \u00e0 beira-Douro Situada no Areal do Castelo, em pleno contacto com a natureza, a P\u00e9rgula do Castelo marca um espa\u00e7o rom\u00e2ntico e acolhedor que se destaca na freguesia de Fornos, em Castelo de Paiva. Com vista direta para o rio Douro e a m\u00e1gica Ilha dos Amores, esta estrutura de madeira, perfeitamente [&hellip;]","og_url":"https:\/\/cm-castelo-paiva-pro.globalskillmind.pt\/portal-turismo\/descobrir\/locais-instagramaveis\/pergula-do-castelo\/","og_site_name":"Portal Turismo C\u00e2mara Municipal de Castelo de Paiva","article_modified_time":"2025-05-23T10:30:24+00:00","twitter_card":"summary_large_image","twitter_misc":{"Tempo estimado de leitura":"1 minuto"},"schema":{"@context":"https:\/\/schema.org","@graph":[{"@type":"WebPage","@id":"https:\/\/cm-castelo-paiva-pro.globalskillmind.pt\/portal-turismo\/descobrir\/locais-instagramaveis\/pergula-do-castelo\/","url":"https:\/\/cm-castelo-paiva-pro.globalskillmind.pt\/portal-turismo\/descobrir\/locais-instagramaveis\/pergula-do-castelo\/","name":"P\u00e9rgula do Castelo - Portal Turismo C\u00e2mara Municipal de Castelo de Paiva","isPartOf":{"@id":"https:\/\/cm-castelo-paiva-pro.globalskillmind.pt\/portal-turismo\/#website"},"datePublished":"2025-02-06T11:00:05+00:00","dateModified":"2025-05-23T10:30:24+00:00","breadcrumb":{"@id":"https:\/\/cm-castelo-paiva-pro.globalskillmind.pt\/portal-turismo\/descobrir\/locais-instagramaveis\/pergula-do-castelo\/#breadcrumb"},"inLanguage":"pt-PT","potentialAction":[{"@type":"ReadAction","target":["https:\/\/cm-castelo-paiva-pro.globalskillmind.pt\/portal-turismo\/descobrir\/locais-instagramaveis\/pergula-do-castelo\/"]}]},{"@type":"BreadcrumbList","@id":"https:\/\/cm-castelo-paiva-pro.globalskillmind.pt\/portal-turismo\/descobrir\/locais-instagramaveis\/pergula-do-castelo\/#breadcrumb","itemListElement":[{"@type":"ListItem","position":1,"name":"In\u00edcio","item":"https:\/\/cm-castelo-paiva-pro.globalskillmind.pt\/portal-turismo\/"},{"@type":"ListItem","position":2,"name":"Descobrir","item":"https:\/\/cm-castelo-paiva-pro.globalskillmind.pt\/portal-turismo\/descobrir\/"},{"@type":"ListItem","position":3,"name":"Locais instagram\u00e1veis","item":"https:\/\/cm-castelo-paiva-pro.globalskillmind.pt\/portal-turismo\/descobrir\/locais-instagramaveis\/"},{"@type":"ListItem","position":4,"name":"P\u00e9rgula do Castelo"}]},{"@type":"WebSite","@id":"https:\/\/cm-castelo-paiva-pro.globalskillmind.pt\/portal-turismo\/#website","url":"https:\/\/cm-castelo-paiva-pro.globalskillmind.pt\/portal-turismo\/","name":"Portal Turismo C\u00e2mara Municipal de Castelo de Paiva","description":"","potentialAction":[{"@type":"SearchAction","target":{"@type":"EntryPoint","urlTemplate":"https:\/\/cm-castelo-paiva-pro.globalskillmind.pt\/portal-turismo\/?s={search_term_string}"},"query-input":"required name=search_term_string"}],"inLanguage":"pt-PT"}]}},"_links":{"self":[{"href":"https:\/\/cm-castelo-paiva-pro.globalskillmind.pt\/portal-turismo\/wp-json\/wp\/v2\/pages\/1169"}],"collection":[{"href":"https:\/\/cm-castelo-paiva-pro.globalskillmind.pt\/portal-turismo\/wp-json\/wp\/v2\/pages"}],"about":[{"href":"https:\/\/cm-castelo-paiva-pro.globalskillmind.pt\/portal-turismo\/wp-json\/wp\/v2\/types\/page"}],"author":[{"embeddable":true,"href":"https:\/\/cm-castelo-paiva-pro.globalskillmind.pt\/portal-turismo\/wp-json\/wp\/v2\/users\/1"}],"replies":[{"embeddable":true,"href":"https:\/\/cm-castelo-paiva-pro.globalskillmind.pt\/portal-turismo\/wp-json\/wp\/v2\/comments?post=1169"}],"version-history":[{"count":2,"href":"https:\/\/cm-castelo-paiva-pro.globalskillmind.pt\/portal-turismo\/wp-json\/wp\/v2\/pages\/1169\/revisions"}],"predecessor-version":[{"id":2712,"href":"https:\/\/cm-castelo-paiva-pro.globalskillmind.pt\/portal-turismo\/wp-json\/wp\/v2\/pages\/1169\/revisions\/2712"}],"up":[{"embeddable":true,"href":"https:\/\/cm-castelo-paiva-pro.globalskillmind.pt\/portal-turismo\/wp-json\/wp\/v2\/pages\/1159"}],"wp:attachment":[{"href":"https:\/\/cm-castelo-paiva-pro.globalskillmind.pt\/portal-turismo\/wp-json\/wp\/v2\/media?parent=1169"}],"curies":[{"name":"wp","href":"https:\/\/api.w.org\/{rel}","templated":true}]}}