{"id":1165,"date":"2025-02-06T11:59:38","date_gmt":"2025-02-06T10:59:38","guid":{"rendered":"https:\/\/cm-castelo-paiva-pro.globalskillmind.pt\/portal-turismo\/?page_id=1165"},"modified":"2025-05-23T10:47:15","modified_gmt":"2025-05-23T09:47:15","slug":"baloico-de-s-domingos","status":"publish","type":"page","link":"https:\/\/cm-castelo-paiva-pro.globalskillmind.pt\/portal-turismo\/descobrir\/locais-instagramaveis\/baloico-de-s-domingos\/","title":{"rendered":"Baloi\u00e7o de S. Domingos"},"content":{"rendered":"<p><em>Onde o Douro e o Arda se encontram no horizonte<\/em><\/p>\n<p>Se procura um lugar para captar momentos \u00fanicos e desfrutar de vistas panor\u00e2micas de cortar a respira\u00e7\u00e3o, o Baloi\u00e7o de S\u00e3o Domingos \u00e9 paragem obrigat\u00f3ria em Castelo de Paiva.<\/p>\n<p>Localizado no Monte de S\u00e3o Domingos, na freguesia da Raiva, este baloi\u00e7o oferece uma perspetiva privilegiada sobre a paisagem envolvente, com os rios Douro e Arda a desenharem o cen\u00e1rio natural.<\/p>\n<p>Situado perto do Santu\u00e1rio de S\u00e3o Domingos, o local combina espiritualidade com natureza, criando um ambiente sereno e inspirador \u2014 ainda mais encantador ao p\u00f4r do sol, quando as cores do c\u00e9u se espelham nos vales e rios.<\/p>\n<p>A poucos passos do baloi\u00e7o, encontra-se uma impressionante torre sineira em ferro, com sinos de v\u00e1rios tamanhos, que enriquece ainda mais a experi\u00eancia da visita.<\/p>\n<p>O acesso \u00e9 simples, com estacionamento pr\u00f3ximo, ideal para quem quer explorar a regi\u00e3o com tranquilidade e conforto.<\/p>\n<p>#BaloicodeSaoDomingos#CastelodePaiva#VistasSobreODouro#RaivaComEncanto<\/p>\n","protected":false},"excerpt":{"rendered":"<p>Onde o Douro e o Arda se encontram no horizonte Se procura um lugar para captar momentos \u00fanicos e desfrutar de vistas panor\u00e2micas de cortar a respira\u00e7\u00e3o, o Baloi\u00e7o de S\u00e3o Domingos \u00e9 paragem obrigat\u00f3ria em Castelo de Paiva. Localizado no Monte de S\u00e3o Domingos, na freguesia da Raiva, este baloi\u00e7o oferece uma perspetiva privilegiada [&hellip;]<\/p>\n","protected":false},"author":1,"featured_media":1763,"parent":1159,"menu_order":0,"comment_status":"closed","ping_status":"closed","template":"templates-map\/component-text-layout1.php","meta":{"_acf_changed":false,"footnotes":""},"class_list":["post-1165","page","type-page","status-publish","has-post-thumbnail","hentry"],"acf":[],"yoast_head":"<!-- This site is optimized with the Yoast SEO plugin v22.9 - https:\/\/yoast.com\/wordpress\/plugins\/seo\/ -->\n<title>Baloi\u00e7o de S. Domingos - Portal Turismo C\u00e2mara Municipal de Castelo de Paiva<\/title>\n<meta name=\"robots\" content=\"noindex, follow, max-snippet:-1, max-image-preview:large, max-video-preview:-1\" \/>\n<meta property=\"og:locale\" content=\"pt_PT\" \/>\n<meta property=\"og:type\" content=\"article\" \/>\n<meta property=\"og:title\" content=\"Baloi\u00e7o de S. Domingos - Portal Turismo C\u00e2mara Municipal de Castelo de Paiva\" \/>\n<meta property=\"og:description\" content=\"Onde o Douro e o Arda se encontram no horizonte Se procura um lugar para captar momentos \u00fanicos e desfrutar de vistas panor\u00e2micas de cortar a respira\u00e7\u00e3o, o Baloi\u00e7o de S\u00e3o Domingos \u00e9 paragem obrigat\u00f3ria em Castelo de Paiva. Localizado no Monte de S\u00e3o Domingos, na freguesia da Raiva, este baloi\u00e7o oferece uma perspetiva privilegiada [&hellip;]\" \/>\n<meta property=\"og:url\" content=\"https:\/\/cm-castelo-paiva-pro.globalskillmind.pt\/portal-turismo\/descobrir\/locais-instagramaveis\/baloico-de-s-domingos\/\" \/>\n<meta property=\"og:site_name\" content=\"Portal Turismo C\u00e2mara Municipal de Castelo de Paiva\" \/>\n<meta property=\"article:modified_time\" content=\"2025-05-23T09:47:15+00:00\" \/>\n<meta property=\"og:image\" content=\"https:\/\/cm-castelo-paiva-pro.globalskillmind.pt\/portal-turismo\/wp-content\/uploads\/sites\/2\/2025\/02\/Baloico-Sao-Domingos-1-1.jpg\" \/>\n\t<meta property=\"og:image:width\" content=\"1920\" \/>\n\t<meta property=\"og:image:height\" content=\"1280\" \/>\n\t<meta property=\"og:image:type\" content=\"image\/jpeg\" \/>\n<meta name=\"twitter:card\" content=\"summary_large_image\" \/>\n<meta name=\"twitter:label1\" content=\"Tempo estimado de leitura\" \/>\n\t<meta name=\"twitter:data1\" content=\"2 minutos\" \/>\n<script type=\"application\/ld+json\" class=\"yoast-schema-graph\">{\"@context\":\"https:\/\/schema.org\",\"@graph\":[{\"@type\":\"WebPage\",\"@id\":\"https:\/\/cm-castelo-paiva-pro.globalskillmind.pt\/portal-turismo\/descobrir\/locais-instagramaveis\/baloico-de-s-domingos\/\",\"url\":\"https:\/\/cm-castelo-paiva-pro.globalskillmind.pt\/portal-turismo\/descobrir\/locais-instagramaveis\/baloico-de-s-domingos\/\",\"name\":\"Baloi\u00e7o de S. Domingos - Portal Turismo C\u00e2mara Municipal de Castelo de Paiva\",\"isPartOf\":{\"@id\":\"https:\/\/cm-castelo-paiva-pro.globalskillmind.pt\/portal-turismo\/#website\"},\"primaryImageOfPage\":{\"@id\":\"https:\/\/cm-castelo-paiva-pro.globalskillmind.pt\/portal-turismo\/descobrir\/locais-instagramaveis\/baloico-de-s-domingos\/#primaryimage\"},\"image\":{\"@id\":\"https:\/\/cm-castelo-paiva-pro.globalskillmind.pt\/portal-turismo\/descobrir\/locais-instagramaveis\/baloico-de-s-domingos\/#primaryimage\"},\"thumbnailUrl\":\"https:\/\/cm-castelo-paiva-pro.globalskillmind.pt\/portal-turismo\/wp-content\/uploads\/sites\/2\/2025\/02\/Baloico-Sao-Domingos-1-1.jpg\",\"datePublished\":\"2025-02-06T10:59:38+00:00\",\"dateModified\":\"2025-05-23T09:47:15+00:00\",\"breadcrumb\":{\"@id\":\"https:\/\/cm-castelo-paiva-pro.globalskillmind.pt\/portal-turismo\/descobrir\/locais-instagramaveis\/baloico-de-s-domingos\/#breadcrumb\"},\"inLanguage\":\"pt-PT\",\"potentialAction\":[{\"@type\":\"ReadAction\",\"target\":[\"https:\/\/cm-castelo-paiva-pro.globalskillmind.pt\/portal-turismo\/descobrir\/locais-instagramaveis\/baloico-de-s-domingos\/\"]}]},{\"@type\":\"ImageObject\",\"inLanguage\":\"pt-PT\",\"@id\":\"https:\/\/cm-castelo-paiva-pro.globalskillmind.pt\/portal-turismo\/descobrir\/locais-instagramaveis\/baloico-de-s-domingos\/#primaryimage\",\"url\":\"https:\/\/cm-castelo-paiva-pro.globalskillmind.pt\/portal-turismo\/wp-content\/uploads\/sites\/2\/2025\/02\/Baloico-Sao-Domingos-1-1.jpg\",\"contentUrl\":\"https:\/\/cm-castelo-paiva-pro.globalskillmind.pt\/portal-turismo\/wp-content\/uploads\/sites\/2\/2025\/02\/Baloico-Sao-Domingos-1-1.jpg\",\"width\":1920,\"height\":1280},{\"@type\":\"BreadcrumbList\",\"@id\":\"https:\/\/cm-castelo-paiva-pro.globalskillmind.pt\/portal-turismo\/descobrir\/locais-instagramaveis\/baloico-de-s-domingos\/#breadcrumb\",\"itemListElement\":[{\"@type\":\"ListItem\",\"position\":1,\"name\":\"In\u00edcio\",\"item\":\"https:\/\/cm-castelo-paiva-pro.globalskillmind.pt\/portal-turismo\/\"},{\"@type\":\"ListItem\",\"position\":2,\"name\":\"Descobrir\",\"item\":\"https:\/\/cm-castelo-paiva-pro.globalskillmind.pt\/portal-turismo\/descobrir\/\"},{\"@type\":\"ListItem\",\"position\":3,\"name\":\"Locais instagram\u00e1veis\",\"item\":\"https:\/\/cm-castelo-paiva-pro.globalskillmind.pt\/portal-turismo\/descobrir\/locais-instagramaveis\/\"},{\"@type\":\"ListItem\",\"position\":4,\"name\":\"Baloi\u00e7o de S. Domingos\"}]},{\"@type\":\"WebSite\",\"@id\":\"https:\/\/cm-castelo-paiva-pro.globalskillmind.pt\/portal-turismo\/#website\",\"url\":\"https:\/\/cm-castelo-paiva-pro.globalskillmind.pt\/portal-turismo\/\",\"name\":\"Portal Turismo C\u00e2mara Municipal de Castelo de Paiva\",\"description\":\"\",\"potentialAction\":[{\"@type\":\"SearchAction\",\"target\":{\"@type\":\"EntryPoint\",\"urlTemplate\":\"https:\/\/cm-castelo-paiva-pro.globalskillmind.pt\/portal-turismo\/?s={search_term_string}\"},\"query-input\":\"required name=search_term_string\"}],\"inLanguage\":\"pt-PT\"}]}<\/script>\n<!-- \/ Yoast SEO plugin. -->","yoast_head_json":{"title":"Baloi\u00e7o de S. Domingos - Portal Turismo C\u00e2mara Municipal de Castelo de Paiva","robots":{"index":"noindex","follow":"follow","max-snippet":"max-snippet:-1","max-image-preview":"max-image-preview:large","max-video-preview":"max-video-preview:-1"},"og_locale":"pt_PT","og_type":"article","og_title":"Baloi\u00e7o de S. Domingos - Portal Turismo C\u00e2mara Municipal de Castelo de Paiva","og_description":"Onde o Douro e o Arda se encontram no horizonte Se procura um lugar para captar momentos \u00fanicos e desfrutar de vistas panor\u00e2micas de cortar a respira\u00e7\u00e3o, o Baloi\u00e7o de S\u00e3o Domingos \u00e9 paragem obrigat\u00f3ria em Castelo de Paiva. Localizado no Monte de S\u00e3o Domingos, na freguesia da Raiva, este baloi\u00e7o oferece uma perspetiva privilegiada [&hellip;]","og_url":"https:\/\/cm-castelo-paiva-pro.globalskillmind.pt\/portal-turismo\/descobrir\/locais-instagramaveis\/baloico-de-s-domingos\/","og_site_name":"Portal Turismo C\u00e2mara Municipal de Castelo de Paiva","article_modified_time":"2025-05-23T09:47:15+00:00","og_image":[{"width":1920,"height":1280,"url":"https:\/\/cm-castelo-paiva-pro.globalskillmind.pt\/portal-turismo\/wp-content\/uploads\/sites\/2\/2025\/02\/Baloico-Sao-Domingos-1-1.jpg","type":"image\/jpeg"}],"twitter_card":"summary_large_image","twitter_misc":{"Tempo estimado de leitura":"2 minutos"},"schema":{"@context":"https:\/\/schema.org","@graph":[{"@type":"WebPage","@id":"https:\/\/cm-castelo-paiva-pro.globalskillmind.pt\/portal-turismo\/descobrir\/locais-instagramaveis\/baloico-de-s-domingos\/","url":"https:\/\/cm-castelo-paiva-pro.globalskillmind.pt\/portal-turismo\/descobrir\/locais-instagramaveis\/baloico-de-s-domingos\/","name":"Baloi\u00e7o de S. Domingos - Portal Turismo C\u00e2mara Municipal de Castelo de Paiva","isPartOf":{"@id":"https:\/\/cm-castelo-paiva-pro.globalskillmind.pt\/portal-turismo\/#website"},"primaryImageOfPage":{"@id":"https:\/\/cm-castelo-paiva-pro.globalskillmind.pt\/portal-turismo\/descobrir\/locais-instagramaveis\/baloico-de-s-domingos\/#primaryimage"},"image":{"@id":"https:\/\/cm-castelo-paiva-pro.globalskillmind.pt\/portal-turismo\/descobrir\/locais-instagramaveis\/baloico-de-s-domingos\/#primaryimage"},"thumbnailUrl":"https:\/\/cm-castelo-paiva-pro.globalskillmind.pt\/portal-turismo\/wp-content\/uploads\/sites\/2\/2025\/02\/Baloico-Sao-Domingos-1-1.jpg","datePublished":"2025-02-06T10:59:38+00:00","dateModified":"2025-05-23T09:47:15+00:00","breadcrumb":{"@id":"https:\/\/cm-castelo-paiva-pro.globalskillmind.pt\/portal-turismo\/descobrir\/locais-instagramaveis\/baloico-de-s-domingos\/#breadcrumb"},"inLanguage":"pt-PT","potentialAction":[{"@type":"ReadAction","target":["https:\/\/cm-castelo-paiva-pro.globalskillmind.pt\/portal-turismo\/descobrir\/locais-instagramaveis\/baloico-de-s-domingos\/"]}]},{"@type":"ImageObject","inLanguage":"pt-PT","@id":"https:\/\/cm-castelo-paiva-pro.globalskillmind.pt\/portal-turismo\/descobrir\/locais-instagramaveis\/baloico-de-s-domingos\/#primaryimage","url":"https:\/\/cm-castelo-paiva-pro.globalskillmind.pt\/portal-turismo\/wp-content\/uploads\/sites\/2\/2025\/02\/Baloico-Sao-Domingos-1-1.jpg","contentUrl":"https:\/\/cm-castelo-paiva-pro.globalskillmind.pt\/portal-turismo\/wp-content\/uploads\/sites\/2\/2025\/02\/Baloico-Sao-Domingos-1-1.jpg","width":1920,"height":1280},{"@type":"BreadcrumbList","@id":"https:\/\/cm-castelo-paiva-pro.globalskillmind.pt\/portal-turismo\/descobrir\/locais-instagramaveis\/baloico-de-s-domingos\/#breadcrumb","itemListElement":[{"@type":"ListItem","position":1,"name":"In\u00edcio","item":"https:\/\/cm-castelo-paiva-pro.globalskillmind.pt\/portal-turismo\/"},{"@type":"ListItem","position":2,"name":"Descobrir","item":"https:\/\/cm-castelo-paiva-pro.globalskillmind.pt\/portal-turismo\/descobrir\/"},{"@type":"ListItem","position":3,"name":"Locais instagram\u00e1veis","item":"https:\/\/cm-castelo-paiva-pro.globalskillmind.pt\/portal-turismo\/descobrir\/locais-instagramaveis\/"},{"@type":"ListItem","position":4,"name":"Baloi\u00e7o de S. Domingos"}]},{"@type":"WebSite","@id":"https:\/\/cm-castelo-paiva-pro.globalskillmind.pt\/portal-turismo\/#website","url":"https:\/\/cm-castelo-paiva-pro.globalskillmind.pt\/portal-turismo\/","name":"Portal Turismo C\u00e2mara Municipal de Castelo de Paiva","description":"","potentialAction":[{"@type":"SearchAction","target":{"@type":"EntryPoint","urlTemplate":"https:\/\/cm-castelo-paiva-pro.globalskillmind.pt\/portal-turismo\/?s={search_term_string}"},"query-input":"required name=search_term_string"}],"inLanguage":"pt-PT"}]}},"_links":{"self":[{"href":"https:\/\/cm-castelo-paiva-pro.globalskillmind.pt\/portal-turismo\/wp-json\/wp\/v2\/pages\/1165"}],"collection":[{"href":"https:\/\/cm-castelo-paiva-pro.globalskillmind.pt\/portal-turismo\/wp-json\/wp\/v2\/pages"}],"about":[{"href":"https:\/\/cm-castelo-paiva-pro.globalskillmind.pt\/portal-turismo\/wp-json\/wp\/v2\/types\/page"}],"author":[{"embeddable":true,"href":"https:\/\/cm-castelo-paiva-pro.globalskillmind.pt\/portal-turismo\/wp-json\/wp\/v2\/users\/1"}],"replies":[{"embeddable":true,"href":"https:\/\/cm-castelo-paiva-pro.globalskillmind.pt\/portal-turismo\/wp-json\/wp\/v2\/comments?post=1165"}],"version-history":[{"count":5,"href":"https:\/\/cm-castelo-paiva-pro.globalskillmind.pt\/portal-turismo\/wp-json\/wp\/v2\/pages\/1165\/revisions"}],"predecessor-version":[{"id":2709,"href":"https:\/\/cm-castelo-paiva-pro.globalskillmind.pt\/portal-turismo\/wp-json\/wp\/v2\/pages\/1165\/revisions\/2709"}],"up":[{"embeddable":true,"href":"https:\/\/cm-castelo-paiva-pro.globalskillmind.pt\/portal-turismo\/wp-json\/wp\/v2\/pages\/1159"}],"wp:featuredmedia":[{"embeddable":true,"href":"https:\/\/cm-castelo-paiva-pro.globalskillmind.pt\/portal-turismo\/wp-json\/wp\/v2\/media\/1763"}],"wp:attachment":[{"href":"https:\/\/cm-castelo-paiva-pro.globalskillmind.pt\/portal-turismo\/wp-json\/wp\/v2\/media?parent=1165"}],"curies":[{"name":"wp","href":"https:\/\/api.w.org\/{rel}","templated":true}]}}