{"id":1163,"date":"2025-02-06T11:59:08","date_gmt":"2025-02-06T10:59:08","guid":{"rendered":"https:\/\/cm-castelo-paiva-pro.globalskillmind.pt\/portal-turismo\/?page_id=1163"},"modified":"2025-05-23T10:38:26","modified_gmt":"2025-05-23T09:38:26","slug":"baloico-de-sto-adriao","status":"publish","type":"page","link":"https:\/\/cm-castelo-paiva-pro.globalskillmind.pt\/portal-turismo\/descobrir\/locais-instagramaveis\/baloico-de-sto-adriao\/","title":{"rendered":"Baloi\u00e7o de Sto. Adri\u00e3o"},"content":{"rendered":"<p><em>Um miradouro de emo\u00e7\u00f5es sobre as montanhas de Paiva<\/em><\/p>\n<p>No topo do Monte de Santo Adri\u00e3o, junto \u00e0 capela com o mesmo nome, encontra-se um dos recantos mais serenos e inspiradores de Castelo de Paiva: o Baloi\u00e7o de Santo Adri\u00e3o.<\/p>\n<p>Com uma vista panor\u00e2mica sobre as montanhas verdes da regi\u00e3o, este baloi\u00e7o de madeira oferece um cen\u00e1rio verdadeiramente encantador, perfeito para quem procura paz, beleza e\u2026 aquela fotografia especial.<\/p>\n<p>Seja numa escapadinha rom\u00e2ntica, num passeio em fam\u00edlia ou numa aventura a solo, o baloi\u00e7o convida \u00e0 contempla\u00e7\u00e3o e \u00e0 partilha de momentos \u00fanicos.<\/p>\n<p>A sua localiza\u00e7\u00e3o elevada permite observar um horizonte vasto, especialmente m\u00e1gico ao fim da tarde, quando a luz dourada cobre a paisagem.<\/p>\n<p>A proximidade com a Capela de Santo Adri\u00e3o refor\u00e7a o ambiente tranquilo e espiritual do local, perfeito para refletir\u2026 e deslumbrar-se.<\/p>\n<p>O caminho at\u00e9 ao topo est\u00e1 em boas condi\u00e7\u00f5es, facilitando a visita a este tesouro natural e cultural.<\/p>\n<p>#BaloicodeSantoAdri\u00e3o #CastelodePaiva #MontanhasVerdes#FotografiaComAlma<\/p>\n","protected":false},"excerpt":{"rendered":"<p>Um miradouro de emo\u00e7\u00f5es sobre as montanhas de Paiva No topo do Monte de Santo Adri\u00e3o, junto \u00e0 capela com o mesmo nome, encontra-se um dos recantos mais serenos e inspiradores de Castelo de Paiva: o Baloi\u00e7o de Santo Adri\u00e3o. Com uma vista panor\u00e2mica sobre as montanhas verdes da regi\u00e3o, este baloi\u00e7o de madeira oferece [&hellip;]<\/p>\n","protected":false},"author":1,"featured_media":1760,"parent":1159,"menu_order":0,"comment_status":"closed","ping_status":"closed","template":"templates-map\/component-text-layout1.php","meta":{"_acf_changed":false,"footnotes":""},"class_list":["post-1163","page","type-page","status-publish","has-post-thumbnail","hentry"],"acf":[],"yoast_head":"<!-- This site is optimized with the Yoast SEO plugin v22.9 - https:\/\/yoast.com\/wordpress\/plugins\/seo\/ -->\n<title>Baloi\u00e7o de Sto. Adri\u00e3o - Portal Turismo C\u00e2mara Municipal de Castelo de Paiva<\/title>\n<meta name=\"robots\" content=\"noindex, follow, max-snippet:-1, max-image-preview:large, max-video-preview:-1\" \/>\n<meta property=\"og:locale\" content=\"pt_PT\" \/>\n<meta property=\"og:type\" content=\"article\" \/>\n<meta property=\"og:title\" content=\"Baloi\u00e7o de Sto. Adri\u00e3o - Portal Turismo C\u00e2mara Municipal de Castelo de Paiva\" \/>\n<meta property=\"og:description\" content=\"Um miradouro de emo\u00e7\u00f5es sobre as montanhas de Paiva No topo do Monte de Santo Adri\u00e3o, junto \u00e0 capela com o mesmo nome, encontra-se um dos recantos mais serenos e inspiradores de Castelo de Paiva: o Baloi\u00e7o de Santo Adri\u00e3o. Com uma vista panor\u00e2mica sobre as montanhas verdes da regi\u00e3o, este baloi\u00e7o de madeira oferece [&hellip;]\" \/>\n<meta property=\"og:url\" content=\"https:\/\/cm-castelo-paiva-pro.globalskillmind.pt\/portal-turismo\/descobrir\/locais-instagramaveis\/baloico-de-sto-adriao\/\" \/>\n<meta property=\"og:site_name\" content=\"Portal Turismo C\u00e2mara Municipal de Castelo de Paiva\" \/>\n<meta property=\"article:modified_time\" content=\"2025-05-23T09:38:26+00:00\" \/>\n<meta property=\"og:image\" content=\"https:\/\/cm-castelo-paiva-pro.globalskillmind.pt\/portal-turismo\/wp-content\/uploads\/sites\/2\/2025\/02\/Baloico-Santo-Adriao-1-1.jpg\" \/>\n\t<meta property=\"og:image:width\" content=\"1920\" \/>\n\t<meta property=\"og:image:height\" content=\"1280\" \/>\n\t<meta property=\"og:image:type\" content=\"image\/jpeg\" \/>\n<meta name=\"twitter:card\" content=\"summary_large_image\" \/>\n<meta name=\"twitter:label1\" content=\"Tempo estimado de leitura\" \/>\n\t<meta name=\"twitter:data1\" content=\"2 minutos\" \/>\n<script type=\"application\/ld+json\" class=\"yoast-schema-graph\">{\"@context\":\"https:\/\/schema.org\",\"@graph\":[{\"@type\":\"WebPage\",\"@id\":\"https:\/\/cm-castelo-paiva-pro.globalskillmind.pt\/portal-turismo\/descobrir\/locais-instagramaveis\/baloico-de-sto-adriao\/\",\"url\":\"https:\/\/cm-castelo-paiva-pro.globalskillmind.pt\/portal-turismo\/descobrir\/locais-instagramaveis\/baloico-de-sto-adriao\/\",\"name\":\"Baloi\u00e7o de Sto. Adri\u00e3o - Portal Turismo C\u00e2mara Municipal de Castelo de Paiva\",\"isPartOf\":{\"@id\":\"https:\/\/cm-castelo-paiva-pro.globalskillmind.pt\/portal-turismo\/#website\"},\"primaryImageOfPage\":{\"@id\":\"https:\/\/cm-castelo-paiva-pro.globalskillmind.pt\/portal-turismo\/descobrir\/locais-instagramaveis\/baloico-de-sto-adriao\/#primaryimage\"},\"image\":{\"@id\":\"https:\/\/cm-castelo-paiva-pro.globalskillmind.pt\/portal-turismo\/descobrir\/locais-instagramaveis\/baloico-de-sto-adriao\/#primaryimage\"},\"thumbnailUrl\":\"https:\/\/cm-castelo-paiva-pro.globalskillmind.pt\/portal-turismo\/wp-content\/uploads\/sites\/2\/2025\/02\/Baloico-Santo-Adriao-1-1.jpg\",\"datePublished\":\"2025-02-06T10:59:08+00:00\",\"dateModified\":\"2025-05-23T09:38:26+00:00\",\"breadcrumb\":{\"@id\":\"https:\/\/cm-castelo-paiva-pro.globalskillmind.pt\/portal-turismo\/descobrir\/locais-instagramaveis\/baloico-de-sto-adriao\/#breadcrumb\"},\"inLanguage\":\"pt-PT\",\"potentialAction\":[{\"@type\":\"ReadAction\",\"target\":[\"https:\/\/cm-castelo-paiva-pro.globalskillmind.pt\/portal-turismo\/descobrir\/locais-instagramaveis\/baloico-de-sto-adriao\/\"]}]},{\"@type\":\"ImageObject\",\"inLanguage\":\"pt-PT\",\"@id\":\"https:\/\/cm-castelo-paiva-pro.globalskillmind.pt\/portal-turismo\/descobrir\/locais-instagramaveis\/baloico-de-sto-adriao\/#primaryimage\",\"url\":\"https:\/\/cm-castelo-paiva-pro.globalskillmind.pt\/portal-turismo\/wp-content\/uploads\/sites\/2\/2025\/02\/Baloico-Santo-Adriao-1-1.jpg\",\"contentUrl\":\"https:\/\/cm-castelo-paiva-pro.globalskillmind.pt\/portal-turismo\/wp-content\/uploads\/sites\/2\/2025\/02\/Baloico-Santo-Adriao-1-1.jpg\",\"width\":1920,\"height\":1280},{\"@type\":\"BreadcrumbList\",\"@id\":\"https:\/\/cm-castelo-paiva-pro.globalskillmind.pt\/portal-turismo\/descobrir\/locais-instagramaveis\/baloico-de-sto-adriao\/#breadcrumb\",\"itemListElement\":[{\"@type\":\"ListItem\",\"position\":1,\"name\":\"In\u00edcio\",\"item\":\"https:\/\/cm-castelo-paiva-pro.globalskillmind.pt\/portal-turismo\/\"},{\"@type\":\"ListItem\",\"position\":2,\"name\":\"Descobrir\",\"item\":\"https:\/\/cm-castelo-paiva-pro.globalskillmind.pt\/portal-turismo\/descobrir\/\"},{\"@type\":\"ListItem\",\"position\":3,\"name\":\"Locais instagram\u00e1veis\",\"item\":\"https:\/\/cm-castelo-paiva-pro.globalskillmind.pt\/portal-turismo\/descobrir\/locais-instagramaveis\/\"},{\"@type\":\"ListItem\",\"position\":4,\"name\":\"Baloi\u00e7o de Sto. Adri\u00e3o\"}]},{\"@type\":\"WebSite\",\"@id\":\"https:\/\/cm-castelo-paiva-pro.globalskillmind.pt\/portal-turismo\/#website\",\"url\":\"https:\/\/cm-castelo-paiva-pro.globalskillmind.pt\/portal-turismo\/\",\"name\":\"Portal Turismo C\u00e2mara Municipal de Castelo de Paiva\",\"description\":\"\",\"potentialAction\":[{\"@type\":\"SearchAction\",\"target\":{\"@type\":\"EntryPoint\",\"urlTemplate\":\"https:\/\/cm-castelo-paiva-pro.globalskillmind.pt\/portal-turismo\/?s={search_term_string}\"},\"query-input\":\"required name=search_term_string\"}],\"inLanguage\":\"pt-PT\"}]}<\/script>\n<!-- \/ Yoast SEO plugin. -->","yoast_head_json":{"title":"Baloi\u00e7o de Sto. Adri\u00e3o - Portal Turismo C\u00e2mara Municipal de Castelo de Paiva","robots":{"index":"noindex","follow":"follow","max-snippet":"max-snippet:-1","max-image-preview":"max-image-preview:large","max-video-preview":"max-video-preview:-1"},"og_locale":"pt_PT","og_type":"article","og_title":"Baloi\u00e7o de Sto. Adri\u00e3o - Portal Turismo C\u00e2mara Municipal de Castelo de Paiva","og_description":"Um miradouro de emo\u00e7\u00f5es sobre as montanhas de Paiva No topo do Monte de Santo Adri\u00e3o, junto \u00e0 capela com o mesmo nome, encontra-se um dos recantos mais serenos e inspiradores de Castelo de Paiva: o Baloi\u00e7o de Santo Adri\u00e3o. Com uma vista panor\u00e2mica sobre as montanhas verdes da regi\u00e3o, este baloi\u00e7o de madeira oferece [&hellip;]","og_url":"https:\/\/cm-castelo-paiva-pro.globalskillmind.pt\/portal-turismo\/descobrir\/locais-instagramaveis\/baloico-de-sto-adriao\/","og_site_name":"Portal Turismo C\u00e2mara Municipal de Castelo de Paiva","article_modified_time":"2025-05-23T09:38:26+00:00","og_image":[{"width":1920,"height":1280,"url":"https:\/\/cm-castelo-paiva-pro.globalskillmind.pt\/portal-turismo\/wp-content\/uploads\/sites\/2\/2025\/02\/Baloico-Santo-Adriao-1-1.jpg","type":"image\/jpeg"}],"twitter_card":"summary_large_image","twitter_misc":{"Tempo estimado de leitura":"2 minutos"},"schema":{"@context":"https:\/\/schema.org","@graph":[{"@type":"WebPage","@id":"https:\/\/cm-castelo-paiva-pro.globalskillmind.pt\/portal-turismo\/descobrir\/locais-instagramaveis\/baloico-de-sto-adriao\/","url":"https:\/\/cm-castelo-paiva-pro.globalskillmind.pt\/portal-turismo\/descobrir\/locais-instagramaveis\/baloico-de-sto-adriao\/","name":"Baloi\u00e7o de Sto. Adri\u00e3o - Portal Turismo C\u00e2mara Municipal de Castelo de Paiva","isPartOf":{"@id":"https:\/\/cm-castelo-paiva-pro.globalskillmind.pt\/portal-turismo\/#website"},"primaryImageOfPage":{"@id":"https:\/\/cm-castelo-paiva-pro.globalskillmind.pt\/portal-turismo\/descobrir\/locais-instagramaveis\/baloico-de-sto-adriao\/#primaryimage"},"image":{"@id":"https:\/\/cm-castelo-paiva-pro.globalskillmind.pt\/portal-turismo\/descobrir\/locais-instagramaveis\/baloico-de-sto-adriao\/#primaryimage"},"thumbnailUrl":"https:\/\/cm-castelo-paiva-pro.globalskillmind.pt\/portal-turismo\/wp-content\/uploads\/sites\/2\/2025\/02\/Baloico-Santo-Adriao-1-1.jpg","datePublished":"2025-02-06T10:59:08+00:00","dateModified":"2025-05-23T09:38:26+00:00","breadcrumb":{"@id":"https:\/\/cm-castelo-paiva-pro.globalskillmind.pt\/portal-turismo\/descobrir\/locais-instagramaveis\/baloico-de-sto-adriao\/#breadcrumb"},"inLanguage":"pt-PT","potentialAction":[{"@type":"ReadAction","target":["https:\/\/cm-castelo-paiva-pro.globalskillmind.pt\/portal-turismo\/descobrir\/locais-instagramaveis\/baloico-de-sto-adriao\/"]}]},{"@type":"ImageObject","inLanguage":"pt-PT","@id":"https:\/\/cm-castelo-paiva-pro.globalskillmind.pt\/portal-turismo\/descobrir\/locais-instagramaveis\/baloico-de-sto-adriao\/#primaryimage","url":"https:\/\/cm-castelo-paiva-pro.globalskillmind.pt\/portal-turismo\/wp-content\/uploads\/sites\/2\/2025\/02\/Baloico-Santo-Adriao-1-1.jpg","contentUrl":"https:\/\/cm-castelo-paiva-pro.globalskillmind.pt\/portal-turismo\/wp-content\/uploads\/sites\/2\/2025\/02\/Baloico-Santo-Adriao-1-1.jpg","width":1920,"height":1280},{"@type":"BreadcrumbList","@id":"https:\/\/cm-castelo-paiva-pro.globalskillmind.pt\/portal-turismo\/descobrir\/locais-instagramaveis\/baloico-de-sto-adriao\/#breadcrumb","itemListElement":[{"@type":"ListItem","position":1,"name":"In\u00edcio","item":"https:\/\/cm-castelo-paiva-pro.globalskillmind.pt\/portal-turismo\/"},{"@type":"ListItem","position":2,"name":"Descobrir","item":"https:\/\/cm-castelo-paiva-pro.globalskillmind.pt\/portal-turismo\/descobrir\/"},{"@type":"ListItem","position":3,"name":"Locais instagram\u00e1veis","item":"https:\/\/cm-castelo-paiva-pro.globalskillmind.pt\/portal-turismo\/descobrir\/locais-instagramaveis\/"},{"@type":"ListItem","position":4,"name":"Baloi\u00e7o de Sto. Adri\u00e3o"}]},{"@type":"WebSite","@id":"https:\/\/cm-castelo-paiva-pro.globalskillmind.pt\/portal-turismo\/#website","url":"https:\/\/cm-castelo-paiva-pro.globalskillmind.pt\/portal-turismo\/","name":"Portal Turismo C\u00e2mara Municipal de Castelo de Paiva","description":"","potentialAction":[{"@type":"SearchAction","target":{"@type":"EntryPoint","urlTemplate":"https:\/\/cm-castelo-paiva-pro.globalskillmind.pt\/portal-turismo\/?s={search_term_string}"},"query-input":"required name=search_term_string"}],"inLanguage":"pt-PT"}]}},"_links":{"self":[{"href":"https:\/\/cm-castelo-paiva-pro.globalskillmind.pt\/portal-turismo\/wp-json\/wp\/v2\/pages\/1163"}],"collection":[{"href":"https:\/\/cm-castelo-paiva-pro.globalskillmind.pt\/portal-turismo\/wp-json\/wp\/v2\/pages"}],"about":[{"href":"https:\/\/cm-castelo-paiva-pro.globalskillmind.pt\/portal-turismo\/wp-json\/wp\/v2\/types\/page"}],"author":[{"embeddable":true,"href":"https:\/\/cm-castelo-paiva-pro.globalskillmind.pt\/portal-turismo\/wp-json\/wp\/v2\/users\/1"}],"replies":[{"embeddable":true,"href":"https:\/\/cm-castelo-paiva-pro.globalskillmind.pt\/portal-turismo\/wp-json\/wp\/v2\/comments?post=1163"}],"version-history":[{"count":5,"href":"https:\/\/cm-castelo-paiva-pro.globalskillmind.pt\/portal-turismo\/wp-json\/wp\/v2\/pages\/1163\/revisions"}],"predecessor-version":[{"id":2708,"href":"https:\/\/cm-castelo-paiva-pro.globalskillmind.pt\/portal-turismo\/wp-json\/wp\/v2\/pages\/1163\/revisions\/2708"}],"up":[{"embeddable":true,"href":"https:\/\/cm-castelo-paiva-pro.globalskillmind.pt\/portal-turismo\/wp-json\/wp\/v2\/pages\/1159"}],"wp:featuredmedia":[{"embeddable":true,"href":"https:\/\/cm-castelo-paiva-pro.globalskillmind.pt\/portal-turismo\/wp-json\/wp\/v2\/media\/1760"}],"wp:attachment":[{"href":"https:\/\/cm-castelo-paiva-pro.globalskillmind.pt\/portal-turismo\/wp-json\/wp\/v2\/media?parent=1163"}],"curies":[{"name":"wp","href":"https:\/\/api.w.org\/{rel}","templated":true}]}}