{"id":1153,"date":"2025-02-06T11:56:40","date_gmt":"2025-02-06T10:56:40","guid":{"rendered":"https:\/\/cm-castelo-paiva-pro.globalskillmind.pt\/portal-turismo\/?page_id=1153"},"modified":"2025-02-07T11:43:05","modified_gmt":"2025-02-07T10:43:05","slug":"museus-e-centros-interpretativos","status":"publish","type":"page","link":"https:\/\/cm-castelo-paiva-pro.globalskillmind.pt\/portal-turismo\/descobrir\/museus-e-centros-interpretativos\/","title":{"rendered":"Museus e Centros Interpretativos"},"content":{"rendered":"<p><strong>CICL<\/strong><\/p>\n<p>O Centro de Interpreta\u00e7\u00e3o da Cultura Local de Castelo de Paiva (CICL) \u00e9 um espa\u00e7o dedicado \u00e0 preserva\u00e7\u00e3o e promo\u00e7\u00e3o do patrim\u00f3nio cultural e hist\u00f3rico do concelho. Localizado no edif\u00edcio da antiga Cadeia, constru\u00eddo no in\u00edcio do s\u00e9culo XVIII pela Casa de Bragan\u00e7a, o Centro foi inaugurado ap\u00f3s um projeto de reconvers\u00e3o que transformou o edif\u00edcio num espa\u00e7o multifuncional.<\/p>\n<p>O CICL oferece uma pequena exposi\u00e7\u00e3o permanente que destaca as diversas vertentes patrimoniais de Castelo de Paiva, incluindo a hist\u00f3ria, as tradi\u00e7\u00f5es, e o artesanato local, possibilitando tamb\u00e9m a realiza\u00e7\u00e3o de diferentes exposi\u00e7\u00f5es tempor\u00e1rias. Alberga ainda um pequeno audit\u00f3rio, com capacidade para 30 lugares, destinado \u00e0 realiza\u00e7\u00e3o de semin\u00e1rios, confer\u00eancias e outras atividades culturais.<\/p>\n<p>Este Centro de Interpreta\u00e7\u00e3o n\u00e3o serve apenas como um ponto de refer\u00eancia identit\u00e1ria para os paivenses, mas tamb\u00e9m como um apoio ao turismo, ao lazer e \u00e0 cultura, constituindo-se como um ponto de partida para todos os que desejam descobrir as Terras de Paiva.<\/p>\n","protected":false},"excerpt":{"rendered":"<p>CICL O Centro de Interpreta\u00e7\u00e3o da Cultura Local de Castelo de Paiva (CICL) \u00e9 um espa\u00e7o dedicado \u00e0 preserva\u00e7\u00e3o e promo\u00e7\u00e3o do patrim\u00f3nio cultural e hist\u00f3rico do concelho. Localizado no edif\u00edcio da antiga Cadeia, constru\u00eddo no in\u00edcio do s\u00e9culo XVIII pela Casa de Bragan\u00e7a, o Centro foi inaugurado ap\u00f3s um projeto de reconvers\u00e3o que transformou [&hellip;]<\/p>\n","protected":false},"author":1,"featured_media":1746,"parent":1057,"menu_order":0,"comment_status":"closed","ping_status":"closed","template":"templates-map\/component-text-layout1.php","meta":{"_acf_changed":false,"footnotes":""},"class_list":["post-1153","page","type-page","status-publish","has-post-thumbnail","hentry"],"acf":[],"yoast_head":"<!-- This site is optimized with the Yoast SEO plugin v22.9 - https:\/\/yoast.com\/wordpress\/plugins\/seo\/ -->\n<title>Museus e Centros Interpretativos - Portal Turismo C\u00e2mara Municipal de Castelo de Paiva<\/title>\n<meta name=\"robots\" content=\"noindex, follow, max-snippet:-1, max-image-preview:large, max-video-preview:-1\" \/>\n<meta property=\"og:locale\" content=\"pt_PT\" \/>\n<meta property=\"og:type\" content=\"article\" \/>\n<meta property=\"og:title\" content=\"Museus e Centros Interpretativos - Portal Turismo C\u00e2mara Municipal de Castelo de Paiva\" \/>\n<meta property=\"og:description\" content=\"CICL O Centro de Interpreta\u00e7\u00e3o da Cultura Local de Castelo de Paiva (CICL) \u00e9 um espa\u00e7o dedicado \u00e0 preserva\u00e7\u00e3o e promo\u00e7\u00e3o do patrim\u00f3nio cultural e hist\u00f3rico do concelho. Localizado no edif\u00edcio da antiga Cadeia, constru\u00eddo no in\u00edcio do s\u00e9culo XVIII pela Casa de Bragan\u00e7a, o Centro foi inaugurado ap\u00f3s um projeto de reconvers\u00e3o que transformou [&hellip;]\" \/>\n<meta property=\"og:url\" content=\"https:\/\/cm-castelo-paiva-pro.globalskillmind.pt\/portal-turismo\/descobrir\/museus-e-centros-interpretativos\/\" \/>\n<meta property=\"og:site_name\" content=\"Portal Turismo C\u00e2mara Municipal de Castelo de Paiva\" \/>\n<meta property=\"article:modified_time\" content=\"2025-02-07T10:43:05+00:00\" \/>\n<meta property=\"og:image\" content=\"https:\/\/cm-castelo-paiva-pro.globalskillmind.pt\/portal-turismo\/wp-content\/uploads\/sites\/2\/2025\/02\/Centro-Interpretacao-da-Cultura-Local-2.jpg\" \/>\n\t<meta property=\"og:image:width\" content=\"1920\" \/>\n\t<meta property=\"og:image:height\" content=\"1280\" \/>\n\t<meta property=\"og:image:type\" content=\"image\/jpeg\" \/>\n<meta name=\"twitter:card\" content=\"summary_large_image\" \/>\n<meta name=\"twitter:label1\" content=\"Tempo estimado de leitura\" \/>\n\t<meta name=\"twitter:data1\" content=\"2 minutos\" \/>\n<script type=\"application\/ld+json\" class=\"yoast-schema-graph\">{\"@context\":\"https:\/\/schema.org\",\"@graph\":[{\"@type\":\"WebPage\",\"@id\":\"https:\/\/cm-castelo-paiva-pro.globalskillmind.pt\/portal-turismo\/descobrir\/museus-e-centros-interpretativos\/\",\"url\":\"https:\/\/cm-castelo-paiva-pro.globalskillmind.pt\/portal-turismo\/descobrir\/museus-e-centros-interpretativos\/\",\"name\":\"Museus e Centros Interpretativos - Portal Turismo C\u00e2mara Municipal de Castelo de Paiva\",\"isPartOf\":{\"@id\":\"https:\/\/cm-castelo-paiva-pro.globalskillmind.pt\/portal-turismo\/#website\"},\"primaryImageOfPage\":{\"@id\":\"https:\/\/cm-castelo-paiva-pro.globalskillmind.pt\/portal-turismo\/descobrir\/museus-e-centros-interpretativos\/#primaryimage\"},\"image\":{\"@id\":\"https:\/\/cm-castelo-paiva-pro.globalskillmind.pt\/portal-turismo\/descobrir\/museus-e-centros-interpretativos\/#primaryimage\"},\"thumbnailUrl\":\"https:\/\/cm-castelo-paiva-pro.globalskillmind.pt\/portal-turismo\/wp-content\/uploads\/sites\/2\/2025\/02\/Centro-Interpretacao-da-Cultura-Local-2.jpg\",\"datePublished\":\"2025-02-06T10:56:40+00:00\",\"dateModified\":\"2025-02-07T10:43:05+00:00\",\"breadcrumb\":{\"@id\":\"https:\/\/cm-castelo-paiva-pro.globalskillmind.pt\/portal-turismo\/descobrir\/museus-e-centros-interpretativos\/#breadcrumb\"},\"inLanguage\":\"pt-PT\",\"potentialAction\":[{\"@type\":\"ReadAction\",\"target\":[\"https:\/\/cm-castelo-paiva-pro.globalskillmind.pt\/portal-turismo\/descobrir\/museus-e-centros-interpretativos\/\"]}]},{\"@type\":\"ImageObject\",\"inLanguage\":\"pt-PT\",\"@id\":\"https:\/\/cm-castelo-paiva-pro.globalskillmind.pt\/portal-turismo\/descobrir\/museus-e-centros-interpretativos\/#primaryimage\",\"url\":\"https:\/\/cm-castelo-paiva-pro.globalskillmind.pt\/portal-turismo\/wp-content\/uploads\/sites\/2\/2025\/02\/Centro-Interpretacao-da-Cultura-Local-2.jpg\",\"contentUrl\":\"https:\/\/cm-castelo-paiva-pro.globalskillmind.pt\/portal-turismo\/wp-content\/uploads\/sites\/2\/2025\/02\/Centro-Interpretacao-da-Cultura-Local-2.jpg\",\"width\":1920,\"height\":1280},{\"@type\":\"BreadcrumbList\",\"@id\":\"https:\/\/cm-castelo-paiva-pro.globalskillmind.pt\/portal-turismo\/descobrir\/museus-e-centros-interpretativos\/#breadcrumb\",\"itemListElement\":[{\"@type\":\"ListItem\",\"position\":1,\"name\":\"In\u00edcio\",\"item\":\"https:\/\/cm-castelo-paiva-pro.globalskillmind.pt\/portal-turismo\/\"},{\"@type\":\"ListItem\",\"position\":2,\"name\":\"Descobrir\",\"item\":\"https:\/\/cm-castelo-paiva-pro.globalskillmind.pt\/portal-turismo\/descobrir\/\"},{\"@type\":\"ListItem\",\"position\":3,\"name\":\"Museus e Centros Interpretativos\"}]},{\"@type\":\"WebSite\",\"@id\":\"https:\/\/cm-castelo-paiva-pro.globalskillmind.pt\/portal-turismo\/#website\",\"url\":\"https:\/\/cm-castelo-paiva-pro.globalskillmind.pt\/portal-turismo\/\",\"name\":\"Portal Turismo C\u00e2mara Municipal de Castelo de Paiva\",\"description\":\"\",\"potentialAction\":[{\"@type\":\"SearchAction\",\"target\":{\"@type\":\"EntryPoint\",\"urlTemplate\":\"https:\/\/cm-castelo-paiva-pro.globalskillmind.pt\/portal-turismo\/?s={search_term_string}\"},\"query-input\":\"required name=search_term_string\"}],\"inLanguage\":\"pt-PT\"}]}<\/script>\n<!-- \/ Yoast SEO plugin. -->","yoast_head_json":{"title":"Museus e Centros Interpretativos - Portal Turismo C\u00e2mara Municipal de Castelo de Paiva","robots":{"index":"noindex","follow":"follow","max-snippet":"max-snippet:-1","max-image-preview":"max-image-preview:large","max-video-preview":"max-video-preview:-1"},"og_locale":"pt_PT","og_type":"article","og_title":"Museus e Centros Interpretativos - Portal Turismo C\u00e2mara Municipal de Castelo de Paiva","og_description":"CICL O Centro de Interpreta\u00e7\u00e3o da Cultura Local de Castelo de Paiva (CICL) \u00e9 um espa\u00e7o dedicado \u00e0 preserva\u00e7\u00e3o e promo\u00e7\u00e3o do patrim\u00f3nio cultural e hist\u00f3rico do concelho. Localizado no edif\u00edcio da antiga Cadeia, constru\u00eddo no in\u00edcio do s\u00e9culo XVIII pela Casa de Bragan\u00e7a, o Centro foi inaugurado ap\u00f3s um projeto de reconvers\u00e3o que transformou [&hellip;]","og_url":"https:\/\/cm-castelo-paiva-pro.globalskillmind.pt\/portal-turismo\/descobrir\/museus-e-centros-interpretativos\/","og_site_name":"Portal Turismo C\u00e2mara Municipal de Castelo de Paiva","article_modified_time":"2025-02-07T10:43:05+00:00","og_image":[{"width":1920,"height":1280,"url":"https:\/\/cm-castelo-paiva-pro.globalskillmind.pt\/portal-turismo\/wp-content\/uploads\/sites\/2\/2025\/02\/Centro-Interpretacao-da-Cultura-Local-2.jpg","type":"image\/jpeg"}],"twitter_card":"summary_large_image","twitter_misc":{"Tempo estimado de leitura":"2 minutos"},"schema":{"@context":"https:\/\/schema.org","@graph":[{"@type":"WebPage","@id":"https:\/\/cm-castelo-paiva-pro.globalskillmind.pt\/portal-turismo\/descobrir\/museus-e-centros-interpretativos\/","url":"https:\/\/cm-castelo-paiva-pro.globalskillmind.pt\/portal-turismo\/descobrir\/museus-e-centros-interpretativos\/","name":"Museus e Centros Interpretativos - Portal Turismo C\u00e2mara Municipal de Castelo de Paiva","isPartOf":{"@id":"https:\/\/cm-castelo-paiva-pro.globalskillmind.pt\/portal-turismo\/#website"},"primaryImageOfPage":{"@id":"https:\/\/cm-castelo-paiva-pro.globalskillmind.pt\/portal-turismo\/descobrir\/museus-e-centros-interpretativos\/#primaryimage"},"image":{"@id":"https:\/\/cm-castelo-paiva-pro.globalskillmind.pt\/portal-turismo\/descobrir\/museus-e-centros-interpretativos\/#primaryimage"},"thumbnailUrl":"https:\/\/cm-castelo-paiva-pro.globalskillmind.pt\/portal-turismo\/wp-content\/uploads\/sites\/2\/2025\/02\/Centro-Interpretacao-da-Cultura-Local-2.jpg","datePublished":"2025-02-06T10:56:40+00:00","dateModified":"2025-02-07T10:43:05+00:00","breadcrumb":{"@id":"https:\/\/cm-castelo-paiva-pro.globalskillmind.pt\/portal-turismo\/descobrir\/museus-e-centros-interpretativos\/#breadcrumb"},"inLanguage":"pt-PT","potentialAction":[{"@type":"ReadAction","target":["https:\/\/cm-castelo-paiva-pro.globalskillmind.pt\/portal-turismo\/descobrir\/museus-e-centros-interpretativos\/"]}]},{"@type":"ImageObject","inLanguage":"pt-PT","@id":"https:\/\/cm-castelo-paiva-pro.globalskillmind.pt\/portal-turismo\/descobrir\/museus-e-centros-interpretativos\/#primaryimage","url":"https:\/\/cm-castelo-paiva-pro.globalskillmind.pt\/portal-turismo\/wp-content\/uploads\/sites\/2\/2025\/02\/Centro-Interpretacao-da-Cultura-Local-2.jpg","contentUrl":"https:\/\/cm-castelo-paiva-pro.globalskillmind.pt\/portal-turismo\/wp-content\/uploads\/sites\/2\/2025\/02\/Centro-Interpretacao-da-Cultura-Local-2.jpg","width":1920,"height":1280},{"@type":"BreadcrumbList","@id":"https:\/\/cm-castelo-paiva-pro.globalskillmind.pt\/portal-turismo\/descobrir\/museus-e-centros-interpretativos\/#breadcrumb","itemListElement":[{"@type":"ListItem","position":1,"name":"In\u00edcio","item":"https:\/\/cm-castelo-paiva-pro.globalskillmind.pt\/portal-turismo\/"},{"@type":"ListItem","position":2,"name":"Descobrir","item":"https:\/\/cm-castelo-paiva-pro.globalskillmind.pt\/portal-turismo\/descobrir\/"},{"@type":"ListItem","position":3,"name":"Museus e Centros Interpretativos"}]},{"@type":"WebSite","@id":"https:\/\/cm-castelo-paiva-pro.globalskillmind.pt\/portal-turismo\/#website","url":"https:\/\/cm-castelo-paiva-pro.globalskillmind.pt\/portal-turismo\/","name":"Portal Turismo C\u00e2mara Municipal de Castelo de Paiva","description":"","potentialAction":[{"@type":"SearchAction","target":{"@type":"EntryPoint","urlTemplate":"https:\/\/cm-castelo-paiva-pro.globalskillmind.pt\/portal-turismo\/?s={search_term_string}"},"query-input":"required name=search_term_string"}],"inLanguage":"pt-PT"}]}},"_links":{"self":[{"href":"https:\/\/cm-castelo-paiva-pro.globalskillmind.pt\/portal-turismo\/wp-json\/wp\/v2\/pages\/1153"}],"collection":[{"href":"https:\/\/cm-castelo-paiva-pro.globalskillmind.pt\/portal-turismo\/wp-json\/wp\/v2\/pages"}],"about":[{"href":"https:\/\/cm-castelo-paiva-pro.globalskillmind.pt\/portal-turismo\/wp-json\/wp\/v2\/types\/page"}],"author":[{"embeddable":true,"href":"https:\/\/cm-castelo-paiva-pro.globalskillmind.pt\/portal-turismo\/wp-json\/wp\/v2\/users\/1"}],"replies":[{"embeddable":true,"href":"https:\/\/cm-castelo-paiva-pro.globalskillmind.pt\/portal-turismo\/wp-json\/wp\/v2\/comments?post=1153"}],"version-history":[{"count":3,"href":"https:\/\/cm-castelo-paiva-pro.globalskillmind.pt\/portal-turismo\/wp-json\/wp\/v2\/pages\/1153\/revisions"}],"predecessor-version":[{"id":1747,"href":"https:\/\/cm-castelo-paiva-pro.globalskillmind.pt\/portal-turismo\/wp-json\/wp\/v2\/pages\/1153\/revisions\/1747"}],"up":[{"embeddable":true,"href":"https:\/\/cm-castelo-paiva-pro.globalskillmind.pt\/portal-turismo\/wp-json\/wp\/v2\/pages\/1057"}],"wp:featuredmedia":[{"embeddable":true,"href":"https:\/\/cm-castelo-paiva-pro.globalskillmind.pt\/portal-turismo\/wp-json\/wp\/v2\/media\/1746"}],"wp:attachment":[{"href":"https:\/\/cm-castelo-paiva-pro.globalskillmind.pt\/portal-turismo\/wp-json\/wp\/v2\/media?parent=1153"}],"curies":[{"name":"wp","href":"https:\/\/api.w.org\/{rel}","templated":true}]}}