{"id":1151,"date":"2025-02-06T11:56:27","date_gmt":"2025-02-06T10:56:27","guid":{"rendered":"https:\/\/cm-castelo-paiva-pro.globalskillmind.pt\/portal-turismo\/?page_id=1151"},"modified":"2025-05-22T16:48:29","modified_gmt":"2025-05-22T15:48:29","slug":"tecelagem","status":"publish","type":"page","link":"https:\/\/cm-castelo-paiva-pro.globalskillmind.pt\/portal-turismo\/descobrir\/artesanato\/tecelagem\/","title":{"rendered":"Tecelagem"},"content":{"rendered":"<p>A tecelagem \u00e9 uma das tradi\u00e7\u00f5es artesanais mais antigas e valorizadas de Castelo de Paiva, representando um legado de saberes transmitido ao longo de gera\u00e7\u00f5es. Este of\u00edcio ancestral faz uso de teares manuais para criar mantas, tape\u00e7arias e outras pe\u00e7as, combinando funcionalidade com express\u00e3o art\u00edstica.<\/p>\n<p>Os artes\u00e3os locais utilizam t\u00e9cnicas tradicionais cuidadosamente preservadas, que conferem autenticidade, qualidade e identidade a cada pe\u00e7a produzida. Os padr\u00f5es, as texturas e os materiais utilizados refletem a liga\u00e7\u00e3o profunda entre a comunidade e o seu territ\u00f3rio.<\/p>\n<p>Embora a industrializa\u00e7\u00e3o tenha reduzido o n\u00famero de tecedeiras e artes\u00e3os ativos, alguns continuam a manter viva esta arte, produzindo pe\u00e7as \u00fanicas e intemporais, apreciadas tanto pela sua beleza est\u00e9tica como pelo seu valor cultural e simb\u00f3lico.<\/p>\n<p>A tecelagem em Castelo de Paiva n\u00e3o \u00e9 apenas um of\u00edcio: \u00e9 um patrim\u00f3nio vivo, feito de fios que entrela\u00e7am mem\u00f3ria, criatividade e resili\u00eancia.<\/p>\n","protected":false},"excerpt":{"rendered":"<p>A tecelagem \u00e9 uma das tradi\u00e7\u00f5es artesanais mais antigas e valorizadas de Castelo de Paiva, representando um legado de saberes transmitido ao longo de gera\u00e7\u00f5es. Este of\u00edcio ancestral faz uso de teares manuais para criar mantas, tape\u00e7arias e outras pe\u00e7as, combinando funcionalidade com express\u00e3o art\u00edstica. Os artes\u00e3os locais utilizam t\u00e9cnicas tradicionais cuidadosamente preservadas, que conferem [&hellip;]<\/p>\n","protected":false},"author":1,"featured_media":1739,"parent":1143,"menu_order":0,"comment_status":"closed","ping_status":"closed","template":"templates-map\/component-text-layout1.php","meta":{"_acf_changed":false,"footnotes":""},"class_list":["post-1151","page","type-page","status-publish","has-post-thumbnail","hentry"],"acf":[],"yoast_head":"<!-- This site is optimized with the Yoast SEO plugin v22.9 - https:\/\/yoast.com\/wordpress\/plugins\/seo\/ -->\n<title>Tecelagem - Portal Turismo C\u00e2mara Municipal de Castelo de Paiva<\/title>\n<meta name=\"robots\" content=\"noindex, follow, max-snippet:-1, max-image-preview:large, max-video-preview:-1\" \/>\n<meta property=\"og:locale\" content=\"pt_PT\" \/>\n<meta property=\"og:type\" content=\"article\" \/>\n<meta property=\"og:title\" content=\"Tecelagem - Portal Turismo C\u00e2mara Municipal de Castelo de Paiva\" \/>\n<meta property=\"og:description\" content=\"A tecelagem \u00e9 uma das tradi\u00e7\u00f5es artesanais mais antigas e valorizadas de Castelo de Paiva, representando um legado de saberes transmitido ao longo de gera\u00e7\u00f5es. Este of\u00edcio ancestral faz uso de teares manuais para criar mantas, tape\u00e7arias e outras pe\u00e7as, combinando funcionalidade com express\u00e3o art\u00edstica. Os artes\u00e3os locais utilizam t\u00e9cnicas tradicionais cuidadosamente preservadas, que conferem [&hellip;]\" \/>\n<meta property=\"og:url\" content=\"https:\/\/cm-castelo-paiva-pro.globalskillmind.pt\/portal-turismo\/descobrir\/artesanato\/tecelagem\/\" \/>\n<meta property=\"og:site_name\" content=\"Portal Turismo C\u00e2mara Municipal de Castelo de Paiva\" \/>\n<meta property=\"article:modified_time\" content=\"2025-05-22T15:48:29+00:00\" \/>\n<meta property=\"og:image\" content=\"https:\/\/cm-castelo-paiva-pro.globalskillmind.pt\/portal-turismo\/wp-content\/uploads\/sites\/2\/2025\/02\/Tecelagem-1.jpg\" \/>\n\t<meta property=\"og:image:width\" content=\"1920\" \/>\n\t<meta property=\"og:image:height\" content=\"1280\" \/>\n\t<meta property=\"og:image:type\" content=\"image\/jpeg\" \/>\n<meta name=\"twitter:card\" content=\"summary_large_image\" \/>\n<meta name=\"twitter:label1\" content=\"Tempo estimado de leitura\" \/>\n\t<meta name=\"twitter:data1\" content=\"1 minuto\" \/>\n<script type=\"application\/ld+json\" class=\"yoast-schema-graph\">{\"@context\":\"https:\/\/schema.org\",\"@graph\":[{\"@type\":\"WebPage\",\"@id\":\"https:\/\/cm-castelo-paiva-pro.globalskillmind.pt\/portal-turismo\/descobrir\/artesanato\/tecelagem\/\",\"url\":\"https:\/\/cm-castelo-paiva-pro.globalskillmind.pt\/portal-turismo\/descobrir\/artesanato\/tecelagem\/\",\"name\":\"Tecelagem - Portal Turismo C\u00e2mara Municipal de Castelo de Paiva\",\"isPartOf\":{\"@id\":\"https:\/\/cm-castelo-paiva-pro.globalskillmind.pt\/portal-turismo\/#website\"},\"primaryImageOfPage\":{\"@id\":\"https:\/\/cm-castelo-paiva-pro.globalskillmind.pt\/portal-turismo\/descobrir\/artesanato\/tecelagem\/#primaryimage\"},\"image\":{\"@id\":\"https:\/\/cm-castelo-paiva-pro.globalskillmind.pt\/portal-turismo\/descobrir\/artesanato\/tecelagem\/#primaryimage\"},\"thumbnailUrl\":\"https:\/\/cm-castelo-paiva-pro.globalskillmind.pt\/portal-turismo\/wp-content\/uploads\/sites\/2\/2025\/02\/Tecelagem-1.jpg\",\"datePublished\":\"2025-02-06T10:56:27+00:00\",\"dateModified\":\"2025-05-22T15:48:29+00:00\",\"breadcrumb\":{\"@id\":\"https:\/\/cm-castelo-paiva-pro.globalskillmind.pt\/portal-turismo\/descobrir\/artesanato\/tecelagem\/#breadcrumb\"},\"inLanguage\":\"pt-PT\",\"potentialAction\":[{\"@type\":\"ReadAction\",\"target\":[\"https:\/\/cm-castelo-paiva-pro.globalskillmind.pt\/portal-turismo\/descobrir\/artesanato\/tecelagem\/\"]}]},{\"@type\":\"ImageObject\",\"inLanguage\":\"pt-PT\",\"@id\":\"https:\/\/cm-castelo-paiva-pro.globalskillmind.pt\/portal-turismo\/descobrir\/artesanato\/tecelagem\/#primaryimage\",\"url\":\"https:\/\/cm-castelo-paiva-pro.globalskillmind.pt\/portal-turismo\/wp-content\/uploads\/sites\/2\/2025\/02\/Tecelagem-1.jpg\",\"contentUrl\":\"https:\/\/cm-castelo-paiva-pro.globalskillmind.pt\/portal-turismo\/wp-content\/uploads\/sites\/2\/2025\/02\/Tecelagem-1.jpg\",\"width\":1920,\"height\":1280},{\"@type\":\"BreadcrumbList\",\"@id\":\"https:\/\/cm-castelo-paiva-pro.globalskillmind.pt\/portal-turismo\/descobrir\/artesanato\/tecelagem\/#breadcrumb\",\"itemListElement\":[{\"@type\":\"ListItem\",\"position\":1,\"name\":\"In\u00edcio\",\"item\":\"https:\/\/cm-castelo-paiva-pro.globalskillmind.pt\/portal-turismo\/\"},{\"@type\":\"ListItem\",\"position\":2,\"name\":\"Descobrir\",\"item\":\"https:\/\/cm-castelo-paiva-pro.globalskillmind.pt\/portal-turismo\/descobrir\/\"},{\"@type\":\"ListItem\",\"position\":3,\"name\":\"Artesanato\",\"item\":\"https:\/\/cm-castelo-paiva-pro.globalskillmind.pt\/portal-turismo\/descobrir\/artesanato\/\"},{\"@type\":\"ListItem\",\"position\":4,\"name\":\"Tecelagem\"}]},{\"@type\":\"WebSite\",\"@id\":\"https:\/\/cm-castelo-paiva-pro.globalskillmind.pt\/portal-turismo\/#website\",\"url\":\"https:\/\/cm-castelo-paiva-pro.globalskillmind.pt\/portal-turismo\/\",\"name\":\"Portal Turismo C\u00e2mara Municipal de Castelo de Paiva\",\"description\":\"\",\"potentialAction\":[{\"@type\":\"SearchAction\",\"target\":{\"@type\":\"EntryPoint\",\"urlTemplate\":\"https:\/\/cm-castelo-paiva-pro.globalskillmind.pt\/portal-turismo\/?s={search_term_string}\"},\"query-input\":\"required name=search_term_string\"}],\"inLanguage\":\"pt-PT\"}]}<\/script>\n<!-- \/ Yoast SEO plugin. -->","yoast_head_json":{"title":"Tecelagem - Portal Turismo C\u00e2mara Municipal de Castelo de Paiva","robots":{"index":"noindex","follow":"follow","max-snippet":"max-snippet:-1","max-image-preview":"max-image-preview:large","max-video-preview":"max-video-preview:-1"},"og_locale":"pt_PT","og_type":"article","og_title":"Tecelagem - Portal Turismo C\u00e2mara Municipal de Castelo de Paiva","og_description":"A tecelagem \u00e9 uma das tradi\u00e7\u00f5es artesanais mais antigas e valorizadas de Castelo de Paiva, representando um legado de saberes transmitido ao longo de gera\u00e7\u00f5es. Este of\u00edcio ancestral faz uso de teares manuais para criar mantas, tape\u00e7arias e outras pe\u00e7as, combinando funcionalidade com express\u00e3o art\u00edstica. Os artes\u00e3os locais utilizam t\u00e9cnicas tradicionais cuidadosamente preservadas, que conferem [&hellip;]","og_url":"https:\/\/cm-castelo-paiva-pro.globalskillmind.pt\/portal-turismo\/descobrir\/artesanato\/tecelagem\/","og_site_name":"Portal Turismo C\u00e2mara Municipal de Castelo de Paiva","article_modified_time":"2025-05-22T15:48:29+00:00","og_image":[{"width":1920,"height":1280,"url":"https:\/\/cm-castelo-paiva-pro.globalskillmind.pt\/portal-turismo\/wp-content\/uploads\/sites\/2\/2025\/02\/Tecelagem-1.jpg","type":"image\/jpeg"}],"twitter_card":"summary_large_image","twitter_misc":{"Tempo estimado de leitura":"1 minuto"},"schema":{"@context":"https:\/\/schema.org","@graph":[{"@type":"WebPage","@id":"https:\/\/cm-castelo-paiva-pro.globalskillmind.pt\/portal-turismo\/descobrir\/artesanato\/tecelagem\/","url":"https:\/\/cm-castelo-paiva-pro.globalskillmind.pt\/portal-turismo\/descobrir\/artesanato\/tecelagem\/","name":"Tecelagem - Portal Turismo C\u00e2mara Municipal de Castelo de Paiva","isPartOf":{"@id":"https:\/\/cm-castelo-paiva-pro.globalskillmind.pt\/portal-turismo\/#website"},"primaryImageOfPage":{"@id":"https:\/\/cm-castelo-paiva-pro.globalskillmind.pt\/portal-turismo\/descobrir\/artesanato\/tecelagem\/#primaryimage"},"image":{"@id":"https:\/\/cm-castelo-paiva-pro.globalskillmind.pt\/portal-turismo\/descobrir\/artesanato\/tecelagem\/#primaryimage"},"thumbnailUrl":"https:\/\/cm-castelo-paiva-pro.globalskillmind.pt\/portal-turismo\/wp-content\/uploads\/sites\/2\/2025\/02\/Tecelagem-1.jpg","datePublished":"2025-02-06T10:56:27+00:00","dateModified":"2025-05-22T15:48:29+00:00","breadcrumb":{"@id":"https:\/\/cm-castelo-paiva-pro.globalskillmind.pt\/portal-turismo\/descobrir\/artesanato\/tecelagem\/#breadcrumb"},"inLanguage":"pt-PT","potentialAction":[{"@type":"ReadAction","target":["https:\/\/cm-castelo-paiva-pro.globalskillmind.pt\/portal-turismo\/descobrir\/artesanato\/tecelagem\/"]}]},{"@type":"ImageObject","inLanguage":"pt-PT","@id":"https:\/\/cm-castelo-paiva-pro.globalskillmind.pt\/portal-turismo\/descobrir\/artesanato\/tecelagem\/#primaryimage","url":"https:\/\/cm-castelo-paiva-pro.globalskillmind.pt\/portal-turismo\/wp-content\/uploads\/sites\/2\/2025\/02\/Tecelagem-1.jpg","contentUrl":"https:\/\/cm-castelo-paiva-pro.globalskillmind.pt\/portal-turismo\/wp-content\/uploads\/sites\/2\/2025\/02\/Tecelagem-1.jpg","width":1920,"height":1280},{"@type":"BreadcrumbList","@id":"https:\/\/cm-castelo-paiva-pro.globalskillmind.pt\/portal-turismo\/descobrir\/artesanato\/tecelagem\/#breadcrumb","itemListElement":[{"@type":"ListItem","position":1,"name":"In\u00edcio","item":"https:\/\/cm-castelo-paiva-pro.globalskillmind.pt\/portal-turismo\/"},{"@type":"ListItem","position":2,"name":"Descobrir","item":"https:\/\/cm-castelo-paiva-pro.globalskillmind.pt\/portal-turismo\/descobrir\/"},{"@type":"ListItem","position":3,"name":"Artesanato","item":"https:\/\/cm-castelo-paiva-pro.globalskillmind.pt\/portal-turismo\/descobrir\/artesanato\/"},{"@type":"ListItem","position":4,"name":"Tecelagem"}]},{"@type":"WebSite","@id":"https:\/\/cm-castelo-paiva-pro.globalskillmind.pt\/portal-turismo\/#website","url":"https:\/\/cm-castelo-paiva-pro.globalskillmind.pt\/portal-turismo\/","name":"Portal Turismo C\u00e2mara Municipal de Castelo de Paiva","description":"","potentialAction":[{"@type":"SearchAction","target":{"@type":"EntryPoint","urlTemplate":"https:\/\/cm-castelo-paiva-pro.globalskillmind.pt\/portal-turismo\/?s={search_term_string}"},"query-input":"required name=search_term_string"}],"inLanguage":"pt-PT"}]}},"_links":{"self":[{"href":"https:\/\/cm-castelo-paiva-pro.globalskillmind.pt\/portal-turismo\/wp-json\/wp\/v2\/pages\/1151"}],"collection":[{"href":"https:\/\/cm-castelo-paiva-pro.globalskillmind.pt\/portal-turismo\/wp-json\/wp\/v2\/pages"}],"about":[{"href":"https:\/\/cm-castelo-paiva-pro.globalskillmind.pt\/portal-turismo\/wp-json\/wp\/v2\/types\/page"}],"author":[{"embeddable":true,"href":"https:\/\/cm-castelo-paiva-pro.globalskillmind.pt\/portal-turismo\/wp-json\/wp\/v2\/users\/1"}],"replies":[{"embeddable":true,"href":"https:\/\/cm-castelo-paiva-pro.globalskillmind.pt\/portal-turismo\/wp-json\/wp\/v2\/comments?post=1151"}],"version-history":[{"count":5,"href":"https:\/\/cm-castelo-paiva-pro.globalskillmind.pt\/portal-turismo\/wp-json\/wp\/v2\/pages\/1151\/revisions"}],"predecessor-version":[{"id":2702,"href":"https:\/\/cm-castelo-paiva-pro.globalskillmind.pt\/portal-turismo\/wp-json\/wp\/v2\/pages\/1151\/revisions\/2702"}],"up":[{"embeddable":true,"href":"https:\/\/cm-castelo-paiva-pro.globalskillmind.pt\/portal-turismo\/wp-json\/wp\/v2\/pages\/1143"}],"wp:featuredmedia":[{"embeddable":true,"href":"https:\/\/cm-castelo-paiva-pro.globalskillmind.pt\/portal-turismo\/wp-json\/wp\/v2\/media\/1739"}],"wp:attachment":[{"href":"https:\/\/cm-castelo-paiva-pro.globalskillmind.pt\/portal-turismo\/wp-json\/wp\/v2\/media?parent=1151"}],"curies":[{"name":"wp","href":"https:\/\/api.w.org\/{rel}","templated":true}]}}