{"id":1149,"date":"2025-02-06T11:56:13","date_gmt":"2025-02-06T10:56:13","guid":{"rendered":"https:\/\/cm-castelo-paiva-pro.globalskillmind.pt\/portal-turismo\/?page_id=1149"},"modified":"2025-05-22T17:00:45","modified_gmt":"2025-05-22T16:00:45","slug":"miniaturas-em-xisto","status":"publish","type":"page","link":"https:\/\/cm-castelo-paiva-pro.globalskillmind.pt\/portal-turismo\/descobrir\/artesanato\/miniaturas-em-xisto\/","title":{"rendered":"Miniaturas em Xisto"},"content":{"rendered":"<p>O artesanato de miniaturas em xisto \u00e9 uma express\u00e3o singular da identidade cultural de Castelo de Paiva, refletindo com precis\u00e3o e sensibilidade a arquitetura tradicional da regi\u00e3o. Este of\u00edcio envolve a cria\u00e7\u00e3o de r\u00e9plicas minuciosas de casas e outros elementos t\u00edpicos das aldeias em xisto, utilizando como mat\u00e9ria-prima o pr\u00f3prio xisto, uma rocha metam\u00f3rfica abundante no territ\u00f3rio paivense.<\/p>\n<p>Com grande habilidade e aten\u00e7\u00e3o ao detalhe, os artes\u00e3os locais talham e montam as pequenas pedras, recriando fielmente os tra\u00e7os distintivos da arquitetura rural. Cada pe\u00e7a \u00e9 uma homenagem ao modo de vida das comunidades tradicionais, e uma forma de preservar visualmente a mem\u00f3ria coletiva.<\/p>\n<p>Mais do que objetos decorativos, estas miniaturas funcionam como pequenos testemunhos da hist\u00f3ria local, contribuindo para a valoriza\u00e7\u00e3o do patrim\u00f3nio edificado e para a promo\u00e7\u00e3o do artesanato como motor de sustentabilidade econ\u00f3mica e cultural.<\/p>\n<p>Ao manter vivas as t\u00e9cnicas artesanais de trabalho em xisto, os artes\u00e3os de Castelo de Paiva asseguram que cada pe\u00e7a conta uma hist\u00f3ria \u2014 a hist\u00f3ria de um territ\u00f3rio moldado pelo tempo, pela pedra e pelas m\u00e3os que a transformam.<\/p>\n","protected":false},"excerpt":{"rendered":"<p>O artesanato de miniaturas em xisto \u00e9 uma express\u00e3o singular da identidade cultural de Castelo de Paiva, refletindo com precis\u00e3o e sensibilidade a arquitetura tradicional da regi\u00e3o. Este of\u00edcio envolve a cria\u00e7\u00e3o de r\u00e9plicas minuciosas de casas e outros elementos t\u00edpicos das aldeias em xisto, utilizando como mat\u00e9ria-prima o pr\u00f3prio xisto, uma rocha metam\u00f3rfica abundante [&hellip;]<\/p>\n","protected":false},"author":1,"featured_media":1732,"parent":1143,"menu_order":0,"comment_status":"closed","ping_status":"closed","template":"templates-map\/component-text-layout1.php","meta":{"_acf_changed":false,"footnotes":""},"class_list":["post-1149","page","type-page","status-publish","has-post-thumbnail","hentry"],"acf":[],"yoast_head":"<!-- This site is optimized with the Yoast SEO plugin v22.9 - https:\/\/yoast.com\/wordpress\/plugins\/seo\/ -->\n<title>Miniaturas em Xisto - Portal Turismo C\u00e2mara Municipal de Castelo de Paiva<\/title>\n<meta name=\"robots\" content=\"noindex, follow, max-snippet:-1, max-image-preview:large, max-video-preview:-1\" \/>\n<meta property=\"og:locale\" content=\"pt_PT\" \/>\n<meta property=\"og:type\" content=\"article\" \/>\n<meta property=\"og:title\" content=\"Miniaturas em Xisto - Portal Turismo C\u00e2mara Municipal de Castelo de Paiva\" \/>\n<meta property=\"og:description\" content=\"O artesanato de miniaturas em xisto \u00e9 uma express\u00e3o singular da identidade cultural de Castelo de Paiva, refletindo com precis\u00e3o e sensibilidade a arquitetura tradicional da regi\u00e3o. Este of\u00edcio envolve a cria\u00e7\u00e3o de r\u00e9plicas minuciosas de casas e outros elementos t\u00edpicos das aldeias em xisto, utilizando como mat\u00e9ria-prima o pr\u00f3prio xisto, uma rocha metam\u00f3rfica abundante [&hellip;]\" \/>\n<meta property=\"og:url\" content=\"https:\/\/cm-castelo-paiva-pro.globalskillmind.pt\/portal-turismo\/descobrir\/artesanato\/miniaturas-em-xisto\/\" \/>\n<meta property=\"og:site_name\" content=\"Portal Turismo C\u00e2mara Municipal de Castelo de Paiva\" \/>\n<meta property=\"article:modified_time\" content=\"2025-05-22T16:00:45+00:00\" \/>\n<meta property=\"og:image\" content=\"https:\/\/cm-castelo-paiva-pro.globalskillmind.pt\/portal-turismo\/wp-content\/uploads\/sites\/2\/2025\/02\/Miniaturas-em-Xisto-1.jpg\" \/>\n\t<meta property=\"og:image:width\" content=\"1920\" \/>\n\t<meta property=\"og:image:height\" content=\"2560\" \/>\n\t<meta property=\"og:image:type\" content=\"image\/jpeg\" \/>\n<meta name=\"twitter:card\" content=\"summary_large_image\" \/>\n<meta name=\"twitter:label1\" content=\"Tempo estimado de leitura\" \/>\n\t<meta name=\"twitter:data1\" content=\"2 minutos\" \/>\n<script type=\"application\/ld+json\" class=\"yoast-schema-graph\">{\"@context\":\"https:\/\/schema.org\",\"@graph\":[{\"@type\":\"WebPage\",\"@id\":\"https:\/\/cm-castelo-paiva-pro.globalskillmind.pt\/portal-turismo\/descobrir\/artesanato\/miniaturas-em-xisto\/\",\"url\":\"https:\/\/cm-castelo-paiva-pro.globalskillmind.pt\/portal-turismo\/descobrir\/artesanato\/miniaturas-em-xisto\/\",\"name\":\"Miniaturas em Xisto - Portal Turismo C\u00e2mara Municipal de Castelo de Paiva\",\"isPartOf\":{\"@id\":\"https:\/\/cm-castelo-paiva-pro.globalskillmind.pt\/portal-turismo\/#website\"},\"primaryImageOfPage\":{\"@id\":\"https:\/\/cm-castelo-paiva-pro.globalskillmind.pt\/portal-turismo\/descobrir\/artesanato\/miniaturas-em-xisto\/#primaryimage\"},\"image\":{\"@id\":\"https:\/\/cm-castelo-paiva-pro.globalskillmind.pt\/portal-turismo\/descobrir\/artesanato\/miniaturas-em-xisto\/#primaryimage\"},\"thumbnailUrl\":\"https:\/\/cm-castelo-paiva-pro.globalskillmind.pt\/portal-turismo\/wp-content\/uploads\/sites\/2\/2025\/02\/Miniaturas-em-Xisto-1.jpg\",\"datePublished\":\"2025-02-06T10:56:13+00:00\",\"dateModified\":\"2025-05-22T16:00:45+00:00\",\"breadcrumb\":{\"@id\":\"https:\/\/cm-castelo-paiva-pro.globalskillmind.pt\/portal-turismo\/descobrir\/artesanato\/miniaturas-em-xisto\/#breadcrumb\"},\"inLanguage\":\"pt-PT\",\"potentialAction\":[{\"@type\":\"ReadAction\",\"target\":[\"https:\/\/cm-castelo-paiva-pro.globalskillmind.pt\/portal-turismo\/descobrir\/artesanato\/miniaturas-em-xisto\/\"]}]},{\"@type\":\"ImageObject\",\"inLanguage\":\"pt-PT\",\"@id\":\"https:\/\/cm-castelo-paiva-pro.globalskillmind.pt\/portal-turismo\/descobrir\/artesanato\/miniaturas-em-xisto\/#primaryimage\",\"url\":\"https:\/\/cm-castelo-paiva-pro.globalskillmind.pt\/portal-turismo\/wp-content\/uploads\/sites\/2\/2025\/02\/Miniaturas-em-Xisto-1.jpg\",\"contentUrl\":\"https:\/\/cm-castelo-paiva-pro.globalskillmind.pt\/portal-turismo\/wp-content\/uploads\/sites\/2\/2025\/02\/Miniaturas-em-Xisto-1.jpg\",\"width\":1920,\"height\":2560},{\"@type\":\"BreadcrumbList\",\"@id\":\"https:\/\/cm-castelo-paiva-pro.globalskillmind.pt\/portal-turismo\/descobrir\/artesanato\/miniaturas-em-xisto\/#breadcrumb\",\"itemListElement\":[{\"@type\":\"ListItem\",\"position\":1,\"name\":\"In\u00edcio\",\"item\":\"https:\/\/cm-castelo-paiva-pro.globalskillmind.pt\/portal-turismo\/\"},{\"@type\":\"ListItem\",\"position\":2,\"name\":\"Descobrir\",\"item\":\"https:\/\/cm-castelo-paiva-pro.globalskillmind.pt\/portal-turismo\/descobrir\/\"},{\"@type\":\"ListItem\",\"position\":3,\"name\":\"Artesanato\",\"item\":\"https:\/\/cm-castelo-paiva-pro.globalskillmind.pt\/portal-turismo\/descobrir\/artesanato\/\"},{\"@type\":\"ListItem\",\"position\":4,\"name\":\"Miniaturas em Xisto\"}]},{\"@type\":\"WebSite\",\"@id\":\"https:\/\/cm-castelo-paiva-pro.globalskillmind.pt\/portal-turismo\/#website\",\"url\":\"https:\/\/cm-castelo-paiva-pro.globalskillmind.pt\/portal-turismo\/\",\"name\":\"Portal Turismo C\u00e2mara Municipal de Castelo de Paiva\",\"description\":\"\",\"potentialAction\":[{\"@type\":\"SearchAction\",\"target\":{\"@type\":\"EntryPoint\",\"urlTemplate\":\"https:\/\/cm-castelo-paiva-pro.globalskillmind.pt\/portal-turismo\/?s={search_term_string}\"},\"query-input\":\"required name=search_term_string\"}],\"inLanguage\":\"pt-PT\"}]}<\/script>\n<!-- \/ Yoast SEO plugin. -->","yoast_head_json":{"title":"Miniaturas em Xisto - Portal Turismo C\u00e2mara Municipal de Castelo de Paiva","robots":{"index":"noindex","follow":"follow","max-snippet":"max-snippet:-1","max-image-preview":"max-image-preview:large","max-video-preview":"max-video-preview:-1"},"og_locale":"pt_PT","og_type":"article","og_title":"Miniaturas em Xisto - Portal Turismo C\u00e2mara Municipal de Castelo de Paiva","og_description":"O artesanato de miniaturas em xisto \u00e9 uma express\u00e3o singular da identidade cultural de Castelo de Paiva, refletindo com precis\u00e3o e sensibilidade a arquitetura tradicional da regi\u00e3o. Este of\u00edcio envolve a cria\u00e7\u00e3o de r\u00e9plicas minuciosas de casas e outros elementos t\u00edpicos das aldeias em xisto, utilizando como mat\u00e9ria-prima o pr\u00f3prio xisto, uma rocha metam\u00f3rfica abundante [&hellip;]","og_url":"https:\/\/cm-castelo-paiva-pro.globalskillmind.pt\/portal-turismo\/descobrir\/artesanato\/miniaturas-em-xisto\/","og_site_name":"Portal Turismo C\u00e2mara Municipal de Castelo de Paiva","article_modified_time":"2025-05-22T16:00:45+00:00","og_image":[{"width":1920,"height":2560,"url":"https:\/\/cm-castelo-paiva-pro.globalskillmind.pt\/portal-turismo\/wp-content\/uploads\/sites\/2\/2025\/02\/Miniaturas-em-Xisto-1.jpg","type":"image\/jpeg"}],"twitter_card":"summary_large_image","twitter_misc":{"Tempo estimado de leitura":"2 minutos"},"schema":{"@context":"https:\/\/schema.org","@graph":[{"@type":"WebPage","@id":"https:\/\/cm-castelo-paiva-pro.globalskillmind.pt\/portal-turismo\/descobrir\/artesanato\/miniaturas-em-xisto\/","url":"https:\/\/cm-castelo-paiva-pro.globalskillmind.pt\/portal-turismo\/descobrir\/artesanato\/miniaturas-em-xisto\/","name":"Miniaturas em Xisto - Portal Turismo C\u00e2mara Municipal de Castelo de Paiva","isPartOf":{"@id":"https:\/\/cm-castelo-paiva-pro.globalskillmind.pt\/portal-turismo\/#website"},"primaryImageOfPage":{"@id":"https:\/\/cm-castelo-paiva-pro.globalskillmind.pt\/portal-turismo\/descobrir\/artesanato\/miniaturas-em-xisto\/#primaryimage"},"image":{"@id":"https:\/\/cm-castelo-paiva-pro.globalskillmind.pt\/portal-turismo\/descobrir\/artesanato\/miniaturas-em-xisto\/#primaryimage"},"thumbnailUrl":"https:\/\/cm-castelo-paiva-pro.globalskillmind.pt\/portal-turismo\/wp-content\/uploads\/sites\/2\/2025\/02\/Miniaturas-em-Xisto-1.jpg","datePublished":"2025-02-06T10:56:13+00:00","dateModified":"2025-05-22T16:00:45+00:00","breadcrumb":{"@id":"https:\/\/cm-castelo-paiva-pro.globalskillmind.pt\/portal-turismo\/descobrir\/artesanato\/miniaturas-em-xisto\/#breadcrumb"},"inLanguage":"pt-PT","potentialAction":[{"@type":"ReadAction","target":["https:\/\/cm-castelo-paiva-pro.globalskillmind.pt\/portal-turismo\/descobrir\/artesanato\/miniaturas-em-xisto\/"]}]},{"@type":"ImageObject","inLanguage":"pt-PT","@id":"https:\/\/cm-castelo-paiva-pro.globalskillmind.pt\/portal-turismo\/descobrir\/artesanato\/miniaturas-em-xisto\/#primaryimage","url":"https:\/\/cm-castelo-paiva-pro.globalskillmind.pt\/portal-turismo\/wp-content\/uploads\/sites\/2\/2025\/02\/Miniaturas-em-Xisto-1.jpg","contentUrl":"https:\/\/cm-castelo-paiva-pro.globalskillmind.pt\/portal-turismo\/wp-content\/uploads\/sites\/2\/2025\/02\/Miniaturas-em-Xisto-1.jpg","width":1920,"height":2560},{"@type":"BreadcrumbList","@id":"https:\/\/cm-castelo-paiva-pro.globalskillmind.pt\/portal-turismo\/descobrir\/artesanato\/miniaturas-em-xisto\/#breadcrumb","itemListElement":[{"@type":"ListItem","position":1,"name":"In\u00edcio","item":"https:\/\/cm-castelo-paiva-pro.globalskillmind.pt\/portal-turismo\/"},{"@type":"ListItem","position":2,"name":"Descobrir","item":"https:\/\/cm-castelo-paiva-pro.globalskillmind.pt\/portal-turismo\/descobrir\/"},{"@type":"ListItem","position":3,"name":"Artesanato","item":"https:\/\/cm-castelo-paiva-pro.globalskillmind.pt\/portal-turismo\/descobrir\/artesanato\/"},{"@type":"ListItem","position":4,"name":"Miniaturas em Xisto"}]},{"@type":"WebSite","@id":"https:\/\/cm-castelo-paiva-pro.globalskillmind.pt\/portal-turismo\/#website","url":"https:\/\/cm-castelo-paiva-pro.globalskillmind.pt\/portal-turismo\/","name":"Portal Turismo C\u00e2mara Municipal de Castelo de Paiva","description":"","potentialAction":[{"@type":"SearchAction","target":{"@type":"EntryPoint","urlTemplate":"https:\/\/cm-castelo-paiva-pro.globalskillmind.pt\/portal-turismo\/?s={search_term_string}"},"query-input":"required name=search_term_string"}],"inLanguage":"pt-PT"}]}},"_links":{"self":[{"href":"https:\/\/cm-castelo-paiva-pro.globalskillmind.pt\/portal-turismo\/wp-json\/wp\/v2\/pages\/1149"}],"collection":[{"href":"https:\/\/cm-castelo-paiva-pro.globalskillmind.pt\/portal-turismo\/wp-json\/wp\/v2\/pages"}],"about":[{"href":"https:\/\/cm-castelo-paiva-pro.globalskillmind.pt\/portal-turismo\/wp-json\/wp\/v2\/types\/page"}],"author":[{"embeddable":true,"href":"https:\/\/cm-castelo-paiva-pro.globalskillmind.pt\/portal-turismo\/wp-json\/wp\/v2\/users\/1"}],"replies":[{"embeddable":true,"href":"https:\/\/cm-castelo-paiva-pro.globalskillmind.pt\/portal-turismo\/wp-json\/wp\/v2\/comments?post=1149"}],"version-history":[{"count":5,"href":"https:\/\/cm-castelo-paiva-pro.globalskillmind.pt\/portal-turismo\/wp-json\/wp\/v2\/pages\/1149\/revisions"}],"predecessor-version":[{"id":2703,"href":"https:\/\/cm-castelo-paiva-pro.globalskillmind.pt\/portal-turismo\/wp-json\/wp\/v2\/pages\/1149\/revisions\/2703"}],"up":[{"embeddable":true,"href":"https:\/\/cm-castelo-paiva-pro.globalskillmind.pt\/portal-turismo\/wp-json\/wp\/v2\/pages\/1143"}],"wp:featuredmedia":[{"embeddable":true,"href":"https:\/\/cm-castelo-paiva-pro.globalskillmind.pt\/portal-turismo\/wp-json\/wp\/v2\/media\/1732"}],"wp:attachment":[{"href":"https:\/\/cm-castelo-paiva-pro.globalskillmind.pt\/portal-turismo\/wp-json\/wp\/v2\/media?parent=1149"}],"curies":[{"name":"wp","href":"https:\/\/api.w.org\/{rel}","templated":true}]}}