{"id":1145,"date":"2025-02-06T11:55:31","date_gmt":"2025-02-06T10:55:31","guid":{"rendered":"https:\/\/cm-castelo-paiva-pro.globalskillmind.pt\/portal-turismo\/?page_id=1145"},"modified":"2025-05-22T16:05:57","modified_gmt":"2025-05-22T15:05:57","slug":"cestaria","status":"publish","type":"page","link":"https:\/\/cm-castelo-paiva-pro.globalskillmind.pt\/portal-turismo\/descobrir\/artesanato\/cestaria\/","title":{"rendered":"Cestaria"},"content":{"rendered":"<p>A cestaria em vime \u00e9 uma das mais genu\u00ednas e apreciadas tradi\u00e7\u00f5es artesanais de Castelo de Paiva, refletindo o saber-fazer transmitido ao longo de gera\u00e7\u00f5es. Este of\u00edcio tradicional assenta na utiliza\u00e7\u00e3o do vime, material natural obtido dos ramos flex\u00edveis do salgueiro, para a cria\u00e7\u00e3o de objetos utilit\u00e1rios e decorativos.<\/p>\n<p>Os artes\u00e3os paivenses mant\u00eam vivas t\u00e9cnicas ancestrais, moldando o vime com mestria e paci\u00eancia em pe\u00e7as que v\u00e3o desde os cestos tradicionais at\u00e9 elabora\u00e7\u00f5es mais complexas, sempre com aten\u00e7\u00e3o ao detalhe e \u00e0 funcionalidade.<\/p>\n<p>Mais do que um of\u00edcio, a cestaria \u00e9 um s\u00edmbolo de identidade cultural, contribuindo ativamente para a valoriza\u00e7\u00e3o do patrim\u00f3nio imaterial da regi\u00e3o. Ao mesmo tempo, desempenha um papel relevante na dinamiza\u00e7\u00e3o da economia local, ao atrair visitantes, colecionadores e amantes do artesanato tradicional, em busca de pe\u00e7as \u00fanicas e aut\u00eanticas.<\/p>\n<p>Para al\u00e9m do valor cultural e econ\u00f3mico, esta pr\u00e1tica artesanal \u00e9 tamb\u00e9m um exemplo de sustentabilidade ambiental: o vime \u00e9 um recurso renov\u00e1vel, biodegrad\u00e1vel e de baixo impacto ecol\u00f3gico, refor\u00e7ando a import\u00e2ncia do artesanato como alternativa consciente aos produtos industrializados.<\/p>\n<p>Em Castelo de Paiva, a cestaria em vime \u00e9 mais do que uma arte \u2013 \u00e9 patrim\u00f3nio vivo, que une passado, presente e futuro.<\/p>\n","protected":false},"excerpt":{"rendered":"<p>A cestaria em vime \u00e9 uma das mais genu\u00ednas e apreciadas tradi\u00e7\u00f5es artesanais de Castelo de Paiva, refletindo o saber-fazer transmitido ao longo de gera\u00e7\u00f5es. Este of\u00edcio tradicional assenta na utiliza\u00e7\u00e3o do vime, material natural obtido dos ramos flex\u00edveis do salgueiro, para a cria\u00e7\u00e3o de objetos utilit\u00e1rios e decorativos. Os artes\u00e3os paivenses mant\u00eam vivas t\u00e9cnicas [&hellip;]<\/p>\n","protected":false},"author":1,"featured_media":1722,"parent":1143,"menu_order":0,"comment_status":"closed","ping_status":"closed","template":"templates-map\/component-text-layout1.php","meta":{"_acf_changed":false,"footnotes":""},"class_list":["post-1145","page","type-page","status-publish","has-post-thumbnail","hentry"],"acf":[],"yoast_head":"<!-- This site is optimized with the Yoast SEO plugin v22.9 - https:\/\/yoast.com\/wordpress\/plugins\/seo\/ -->\n<title>Cestaria - Portal Turismo C\u00e2mara Municipal de Castelo de Paiva<\/title>\n<meta name=\"robots\" content=\"noindex, follow, max-snippet:-1, max-image-preview:large, max-video-preview:-1\" \/>\n<meta property=\"og:locale\" content=\"pt_PT\" \/>\n<meta property=\"og:type\" content=\"article\" \/>\n<meta property=\"og:title\" content=\"Cestaria - Portal Turismo C\u00e2mara Municipal de Castelo de Paiva\" \/>\n<meta property=\"og:description\" content=\"A cestaria em vime \u00e9 uma das mais genu\u00ednas e apreciadas tradi\u00e7\u00f5es artesanais de Castelo de Paiva, refletindo o saber-fazer transmitido ao longo de gera\u00e7\u00f5es. Este of\u00edcio tradicional assenta na utiliza\u00e7\u00e3o do vime, material natural obtido dos ramos flex\u00edveis do salgueiro, para a cria\u00e7\u00e3o de objetos utilit\u00e1rios e decorativos. Os artes\u00e3os paivenses mant\u00eam vivas t\u00e9cnicas [&hellip;]\" \/>\n<meta property=\"og:url\" content=\"https:\/\/cm-castelo-paiva-pro.globalskillmind.pt\/portal-turismo\/descobrir\/artesanato\/cestaria\/\" \/>\n<meta property=\"og:site_name\" content=\"Portal Turismo C\u00e2mara Municipal de Castelo de Paiva\" \/>\n<meta property=\"article:modified_time\" content=\"2025-05-22T15:05:57+00:00\" \/>\n<meta property=\"og:image\" content=\"https:\/\/cm-castelo-paiva-pro.globalskillmind.pt\/portal-turismo\/wp-content\/uploads\/sites\/2\/2025\/02\/Cestaria-2.jpg\" \/>\n\t<meta property=\"og:image:width\" content=\"1920\" \/>\n\t<meta property=\"og:image:height\" content=\"2560\" \/>\n\t<meta property=\"og:image:type\" content=\"image\/jpeg\" \/>\n<meta name=\"twitter:card\" content=\"summary_large_image\" \/>\n<meta name=\"twitter:label1\" content=\"Tempo estimado de leitura\" \/>\n\t<meta name=\"twitter:data1\" content=\"2 minutos\" \/>\n<script type=\"application\/ld+json\" class=\"yoast-schema-graph\">{\"@context\":\"https:\/\/schema.org\",\"@graph\":[{\"@type\":\"WebPage\",\"@id\":\"https:\/\/cm-castelo-paiva-pro.globalskillmind.pt\/portal-turismo\/descobrir\/artesanato\/cestaria\/\",\"url\":\"https:\/\/cm-castelo-paiva-pro.globalskillmind.pt\/portal-turismo\/descobrir\/artesanato\/cestaria\/\",\"name\":\"Cestaria - Portal Turismo C\u00e2mara Municipal de Castelo de Paiva\",\"isPartOf\":{\"@id\":\"https:\/\/cm-castelo-paiva-pro.globalskillmind.pt\/portal-turismo\/#website\"},\"primaryImageOfPage\":{\"@id\":\"https:\/\/cm-castelo-paiva-pro.globalskillmind.pt\/portal-turismo\/descobrir\/artesanato\/cestaria\/#primaryimage\"},\"image\":{\"@id\":\"https:\/\/cm-castelo-paiva-pro.globalskillmind.pt\/portal-turismo\/descobrir\/artesanato\/cestaria\/#primaryimage\"},\"thumbnailUrl\":\"https:\/\/cm-castelo-paiva-pro.globalskillmind.pt\/portal-turismo\/wp-content\/uploads\/sites\/2\/2025\/02\/Cestaria-2.jpg\",\"datePublished\":\"2025-02-06T10:55:31+00:00\",\"dateModified\":\"2025-05-22T15:05:57+00:00\",\"breadcrumb\":{\"@id\":\"https:\/\/cm-castelo-paiva-pro.globalskillmind.pt\/portal-turismo\/descobrir\/artesanato\/cestaria\/#breadcrumb\"},\"inLanguage\":\"pt-PT\",\"potentialAction\":[{\"@type\":\"ReadAction\",\"target\":[\"https:\/\/cm-castelo-paiva-pro.globalskillmind.pt\/portal-turismo\/descobrir\/artesanato\/cestaria\/\"]}]},{\"@type\":\"ImageObject\",\"inLanguage\":\"pt-PT\",\"@id\":\"https:\/\/cm-castelo-paiva-pro.globalskillmind.pt\/portal-turismo\/descobrir\/artesanato\/cestaria\/#primaryimage\",\"url\":\"https:\/\/cm-castelo-paiva-pro.globalskillmind.pt\/portal-turismo\/wp-content\/uploads\/sites\/2\/2025\/02\/Cestaria-2.jpg\",\"contentUrl\":\"https:\/\/cm-castelo-paiva-pro.globalskillmind.pt\/portal-turismo\/wp-content\/uploads\/sites\/2\/2025\/02\/Cestaria-2.jpg\",\"width\":1920,\"height\":2560},{\"@type\":\"BreadcrumbList\",\"@id\":\"https:\/\/cm-castelo-paiva-pro.globalskillmind.pt\/portal-turismo\/descobrir\/artesanato\/cestaria\/#breadcrumb\",\"itemListElement\":[{\"@type\":\"ListItem\",\"position\":1,\"name\":\"In\u00edcio\",\"item\":\"https:\/\/cm-castelo-paiva-pro.globalskillmind.pt\/portal-turismo\/\"},{\"@type\":\"ListItem\",\"position\":2,\"name\":\"Descobrir\",\"item\":\"https:\/\/cm-castelo-paiva-pro.globalskillmind.pt\/portal-turismo\/descobrir\/\"},{\"@type\":\"ListItem\",\"position\":3,\"name\":\"Artesanato\",\"item\":\"https:\/\/cm-castelo-paiva-pro.globalskillmind.pt\/portal-turismo\/descobrir\/artesanato\/\"},{\"@type\":\"ListItem\",\"position\":4,\"name\":\"Cestaria\"}]},{\"@type\":\"WebSite\",\"@id\":\"https:\/\/cm-castelo-paiva-pro.globalskillmind.pt\/portal-turismo\/#website\",\"url\":\"https:\/\/cm-castelo-paiva-pro.globalskillmind.pt\/portal-turismo\/\",\"name\":\"Portal Turismo C\u00e2mara Municipal de Castelo de Paiva\",\"description\":\"\",\"potentialAction\":[{\"@type\":\"SearchAction\",\"target\":{\"@type\":\"EntryPoint\",\"urlTemplate\":\"https:\/\/cm-castelo-paiva-pro.globalskillmind.pt\/portal-turismo\/?s={search_term_string}\"},\"query-input\":\"required name=search_term_string\"}],\"inLanguage\":\"pt-PT\"}]}<\/script>\n<!-- \/ Yoast SEO plugin. -->","yoast_head_json":{"title":"Cestaria - Portal Turismo C\u00e2mara Municipal de Castelo de Paiva","robots":{"index":"noindex","follow":"follow","max-snippet":"max-snippet:-1","max-image-preview":"max-image-preview:large","max-video-preview":"max-video-preview:-1"},"og_locale":"pt_PT","og_type":"article","og_title":"Cestaria - Portal Turismo C\u00e2mara Municipal de Castelo de Paiva","og_description":"A cestaria em vime \u00e9 uma das mais genu\u00ednas e apreciadas tradi\u00e7\u00f5es artesanais de Castelo de Paiva, refletindo o saber-fazer transmitido ao longo de gera\u00e7\u00f5es. Este of\u00edcio tradicional assenta na utiliza\u00e7\u00e3o do vime, material natural obtido dos ramos flex\u00edveis do salgueiro, para a cria\u00e7\u00e3o de objetos utilit\u00e1rios e decorativos. Os artes\u00e3os paivenses mant\u00eam vivas t\u00e9cnicas [&hellip;]","og_url":"https:\/\/cm-castelo-paiva-pro.globalskillmind.pt\/portal-turismo\/descobrir\/artesanato\/cestaria\/","og_site_name":"Portal Turismo C\u00e2mara Municipal de Castelo de Paiva","article_modified_time":"2025-05-22T15:05:57+00:00","og_image":[{"width":1920,"height":2560,"url":"https:\/\/cm-castelo-paiva-pro.globalskillmind.pt\/portal-turismo\/wp-content\/uploads\/sites\/2\/2025\/02\/Cestaria-2.jpg","type":"image\/jpeg"}],"twitter_card":"summary_large_image","twitter_misc":{"Tempo estimado de leitura":"2 minutos"},"schema":{"@context":"https:\/\/schema.org","@graph":[{"@type":"WebPage","@id":"https:\/\/cm-castelo-paiva-pro.globalskillmind.pt\/portal-turismo\/descobrir\/artesanato\/cestaria\/","url":"https:\/\/cm-castelo-paiva-pro.globalskillmind.pt\/portal-turismo\/descobrir\/artesanato\/cestaria\/","name":"Cestaria - Portal Turismo C\u00e2mara Municipal de Castelo de Paiva","isPartOf":{"@id":"https:\/\/cm-castelo-paiva-pro.globalskillmind.pt\/portal-turismo\/#website"},"primaryImageOfPage":{"@id":"https:\/\/cm-castelo-paiva-pro.globalskillmind.pt\/portal-turismo\/descobrir\/artesanato\/cestaria\/#primaryimage"},"image":{"@id":"https:\/\/cm-castelo-paiva-pro.globalskillmind.pt\/portal-turismo\/descobrir\/artesanato\/cestaria\/#primaryimage"},"thumbnailUrl":"https:\/\/cm-castelo-paiva-pro.globalskillmind.pt\/portal-turismo\/wp-content\/uploads\/sites\/2\/2025\/02\/Cestaria-2.jpg","datePublished":"2025-02-06T10:55:31+00:00","dateModified":"2025-05-22T15:05:57+00:00","breadcrumb":{"@id":"https:\/\/cm-castelo-paiva-pro.globalskillmind.pt\/portal-turismo\/descobrir\/artesanato\/cestaria\/#breadcrumb"},"inLanguage":"pt-PT","potentialAction":[{"@type":"ReadAction","target":["https:\/\/cm-castelo-paiva-pro.globalskillmind.pt\/portal-turismo\/descobrir\/artesanato\/cestaria\/"]}]},{"@type":"ImageObject","inLanguage":"pt-PT","@id":"https:\/\/cm-castelo-paiva-pro.globalskillmind.pt\/portal-turismo\/descobrir\/artesanato\/cestaria\/#primaryimage","url":"https:\/\/cm-castelo-paiva-pro.globalskillmind.pt\/portal-turismo\/wp-content\/uploads\/sites\/2\/2025\/02\/Cestaria-2.jpg","contentUrl":"https:\/\/cm-castelo-paiva-pro.globalskillmind.pt\/portal-turismo\/wp-content\/uploads\/sites\/2\/2025\/02\/Cestaria-2.jpg","width":1920,"height":2560},{"@type":"BreadcrumbList","@id":"https:\/\/cm-castelo-paiva-pro.globalskillmind.pt\/portal-turismo\/descobrir\/artesanato\/cestaria\/#breadcrumb","itemListElement":[{"@type":"ListItem","position":1,"name":"In\u00edcio","item":"https:\/\/cm-castelo-paiva-pro.globalskillmind.pt\/portal-turismo\/"},{"@type":"ListItem","position":2,"name":"Descobrir","item":"https:\/\/cm-castelo-paiva-pro.globalskillmind.pt\/portal-turismo\/descobrir\/"},{"@type":"ListItem","position":3,"name":"Artesanato","item":"https:\/\/cm-castelo-paiva-pro.globalskillmind.pt\/portal-turismo\/descobrir\/artesanato\/"},{"@type":"ListItem","position":4,"name":"Cestaria"}]},{"@type":"WebSite","@id":"https:\/\/cm-castelo-paiva-pro.globalskillmind.pt\/portal-turismo\/#website","url":"https:\/\/cm-castelo-paiva-pro.globalskillmind.pt\/portal-turismo\/","name":"Portal Turismo C\u00e2mara Municipal de Castelo de Paiva","description":"","potentialAction":[{"@type":"SearchAction","target":{"@type":"EntryPoint","urlTemplate":"https:\/\/cm-castelo-paiva-pro.globalskillmind.pt\/portal-turismo\/?s={search_term_string}"},"query-input":"required name=search_term_string"}],"inLanguage":"pt-PT"}]}},"_links":{"self":[{"href":"https:\/\/cm-castelo-paiva-pro.globalskillmind.pt\/portal-turismo\/wp-json\/wp\/v2\/pages\/1145"}],"collection":[{"href":"https:\/\/cm-castelo-paiva-pro.globalskillmind.pt\/portal-turismo\/wp-json\/wp\/v2\/pages"}],"about":[{"href":"https:\/\/cm-castelo-paiva-pro.globalskillmind.pt\/portal-turismo\/wp-json\/wp\/v2\/types\/page"}],"author":[{"embeddable":true,"href":"https:\/\/cm-castelo-paiva-pro.globalskillmind.pt\/portal-turismo\/wp-json\/wp\/v2\/users\/1"}],"replies":[{"embeddable":true,"href":"https:\/\/cm-castelo-paiva-pro.globalskillmind.pt\/portal-turismo\/wp-json\/wp\/v2\/comments?post=1145"}],"version-history":[{"count":6,"href":"https:\/\/cm-castelo-paiva-pro.globalskillmind.pt\/portal-turismo\/wp-json\/wp\/v2\/pages\/1145\/revisions"}],"predecessor-version":[{"id":2700,"href":"https:\/\/cm-castelo-paiva-pro.globalskillmind.pt\/portal-turismo\/wp-json\/wp\/v2\/pages\/1145\/revisions\/2700"}],"up":[{"embeddable":true,"href":"https:\/\/cm-castelo-paiva-pro.globalskillmind.pt\/portal-turismo\/wp-json\/wp\/v2\/pages\/1143"}],"wp:featuredmedia":[{"embeddable":true,"href":"https:\/\/cm-castelo-paiva-pro.globalskillmind.pt\/portal-turismo\/wp-json\/wp\/v2\/media\/1722"}],"wp:attachment":[{"href":"https:\/\/cm-castelo-paiva-pro.globalskillmind.pt\/portal-turismo\/wp-json\/wp\/v2\/media?parent=1145"}],"curies":[{"name":"wp","href":"https:\/\/api.w.org\/{rel}","templated":true}]}}