{"id":1143,"date":"2025-02-06T11:55:17","date_gmt":"2025-02-06T10:55:17","guid":{"rendered":"https:\/\/cm-castelo-paiva-pro.globalskillmind.pt\/portal-turismo\/?page_id=1143"},"modified":"2025-02-07T12:12:49","modified_gmt":"2025-02-07T11:12:49","slug":"artesanato","status":"publish","type":"page","link":"https:\/\/cm-castelo-paiva-pro.globalskillmind.pt\/portal-turismo\/descobrir\/artesanato\/","title":{"rendered":"Artesanato"},"content":{"rendered":"<p>O artesanato de Castelo de Paiva \u00e9 uma express\u00e3o rica das tradi\u00e7\u00f5es e cultura locais, refletindo a habilidade e criatividade dos seus artes\u00e3os. No concelho, a cestaria, o trabalho do cobre, a manufatura de mantas ainda produzidas em teares rudimentares, e a produ\u00e7\u00e3o de miniaturas em xisto, d\u00e3o corpo ao saber de diversas gera\u00e7\u00f5es de paivenses.<\/p>\n","protected":false},"excerpt":{"rendered":"<p>O artesanato de Castelo de Paiva \u00e9 uma express\u00e3o rica das tradi\u00e7\u00f5es e cultura locais, refletindo a habilidade e criatividade dos seus artes\u00e3os. No concelho, a cestaria, o trabalho do cobre, a manufatura de mantas ainda produzidas em teares rudimentares, e a produ\u00e7\u00e3o de miniaturas em xisto, d\u00e3o corpo ao saber de diversas gera\u00e7\u00f5es de [&hellip;]<\/p>\n","protected":false},"author":1,"featured_media":0,"parent":1057,"menu_order":0,"comment_status":"closed","ping_status":"closed","template":"templates-map\/component-text-layout1.php","meta":{"_acf_changed":false,"footnotes":""},"class_list":["post-1143","page","type-page","status-publish","hentry"],"acf":[],"yoast_head":"<!-- This site is optimized with the Yoast SEO plugin v22.9 - https:\/\/yoast.com\/wordpress\/plugins\/seo\/ -->\n<title>Artesanato - Portal Turismo C\u00e2mara Municipal de Castelo de Paiva<\/title>\n<meta name=\"robots\" content=\"noindex, follow, max-snippet:-1, max-image-preview:large, max-video-preview:-1\" \/>\n<meta property=\"og:locale\" content=\"pt_PT\" \/>\n<meta property=\"og:type\" content=\"article\" \/>\n<meta property=\"og:title\" content=\"Artesanato - Portal Turismo C\u00e2mara Municipal de Castelo de Paiva\" \/>\n<meta property=\"og:description\" content=\"O artesanato de Castelo de Paiva \u00e9 uma express\u00e3o rica das tradi\u00e7\u00f5es e cultura locais, refletindo a habilidade e criatividade dos seus artes\u00e3os. No concelho, a cestaria, o trabalho do cobre, a manufatura de mantas ainda produzidas em teares rudimentares, e a produ\u00e7\u00e3o de miniaturas em xisto, d\u00e3o corpo ao saber de diversas gera\u00e7\u00f5es de [&hellip;]\" \/>\n<meta property=\"og:url\" content=\"https:\/\/cm-castelo-paiva-pro.globalskillmind.pt\/portal-turismo\/descobrir\/artesanato\/\" \/>\n<meta property=\"og:site_name\" content=\"Portal Turismo C\u00e2mara Municipal de Castelo de Paiva\" \/>\n<meta property=\"article:modified_time\" content=\"2025-02-07T11:12:49+00:00\" \/>\n<meta name=\"twitter:card\" content=\"summary_large_image\" \/>\n<meta name=\"twitter:label1\" content=\"Tempo estimado de leitura\" \/>\n\t<meta name=\"twitter:data1\" content=\"1 minuto\" \/>\n<script type=\"application\/ld+json\" class=\"yoast-schema-graph\">{\"@context\":\"https:\/\/schema.org\",\"@graph\":[{\"@type\":\"WebPage\",\"@id\":\"https:\/\/cm-castelo-paiva-pro.globalskillmind.pt\/portal-turismo\/descobrir\/artesanato\/\",\"url\":\"https:\/\/cm-castelo-paiva-pro.globalskillmind.pt\/portal-turismo\/descobrir\/artesanato\/\",\"name\":\"Artesanato - Portal Turismo C\u00e2mara Municipal de Castelo de Paiva\",\"isPartOf\":{\"@id\":\"https:\/\/cm-castelo-paiva-pro.globalskillmind.pt\/portal-turismo\/#website\"},\"datePublished\":\"2025-02-06T10:55:17+00:00\",\"dateModified\":\"2025-02-07T11:12:49+00:00\",\"breadcrumb\":{\"@id\":\"https:\/\/cm-castelo-paiva-pro.globalskillmind.pt\/portal-turismo\/descobrir\/artesanato\/#breadcrumb\"},\"inLanguage\":\"pt-PT\",\"potentialAction\":[{\"@type\":\"ReadAction\",\"target\":[\"https:\/\/cm-castelo-paiva-pro.globalskillmind.pt\/portal-turismo\/descobrir\/artesanato\/\"]}]},{\"@type\":\"BreadcrumbList\",\"@id\":\"https:\/\/cm-castelo-paiva-pro.globalskillmind.pt\/portal-turismo\/descobrir\/artesanato\/#breadcrumb\",\"itemListElement\":[{\"@type\":\"ListItem\",\"position\":1,\"name\":\"In\u00edcio\",\"item\":\"https:\/\/cm-castelo-paiva-pro.globalskillmind.pt\/portal-turismo\/\"},{\"@type\":\"ListItem\",\"position\":2,\"name\":\"Descobrir\",\"item\":\"https:\/\/cm-castelo-paiva-pro.globalskillmind.pt\/portal-turismo\/descobrir\/\"},{\"@type\":\"ListItem\",\"position\":3,\"name\":\"Artesanato\"}]},{\"@type\":\"WebSite\",\"@id\":\"https:\/\/cm-castelo-paiva-pro.globalskillmind.pt\/portal-turismo\/#website\",\"url\":\"https:\/\/cm-castelo-paiva-pro.globalskillmind.pt\/portal-turismo\/\",\"name\":\"Portal Turismo C\u00e2mara Municipal de Castelo de Paiva\",\"description\":\"\",\"potentialAction\":[{\"@type\":\"SearchAction\",\"target\":{\"@type\":\"EntryPoint\",\"urlTemplate\":\"https:\/\/cm-castelo-paiva-pro.globalskillmind.pt\/portal-turismo\/?s={search_term_string}\"},\"query-input\":\"required name=search_term_string\"}],\"inLanguage\":\"pt-PT\"}]}<\/script>\n<!-- \/ Yoast SEO plugin. -->","yoast_head_json":{"title":"Artesanato - Portal Turismo C\u00e2mara Municipal de Castelo de Paiva","robots":{"index":"noindex","follow":"follow","max-snippet":"max-snippet:-1","max-image-preview":"max-image-preview:large","max-video-preview":"max-video-preview:-1"},"og_locale":"pt_PT","og_type":"article","og_title":"Artesanato - Portal Turismo C\u00e2mara Municipal de Castelo de Paiva","og_description":"O artesanato de Castelo de Paiva \u00e9 uma express\u00e3o rica das tradi\u00e7\u00f5es e cultura locais, refletindo a habilidade e criatividade dos seus artes\u00e3os. No concelho, a cestaria, o trabalho do cobre, a manufatura de mantas ainda produzidas em teares rudimentares, e a produ\u00e7\u00e3o de miniaturas em xisto, d\u00e3o corpo ao saber de diversas gera\u00e7\u00f5es de [&hellip;]","og_url":"https:\/\/cm-castelo-paiva-pro.globalskillmind.pt\/portal-turismo\/descobrir\/artesanato\/","og_site_name":"Portal Turismo C\u00e2mara Municipal de Castelo de Paiva","article_modified_time":"2025-02-07T11:12:49+00:00","twitter_card":"summary_large_image","twitter_misc":{"Tempo estimado de leitura":"1 minuto"},"schema":{"@context":"https:\/\/schema.org","@graph":[{"@type":"WebPage","@id":"https:\/\/cm-castelo-paiva-pro.globalskillmind.pt\/portal-turismo\/descobrir\/artesanato\/","url":"https:\/\/cm-castelo-paiva-pro.globalskillmind.pt\/portal-turismo\/descobrir\/artesanato\/","name":"Artesanato - Portal Turismo C\u00e2mara Municipal de Castelo de Paiva","isPartOf":{"@id":"https:\/\/cm-castelo-paiva-pro.globalskillmind.pt\/portal-turismo\/#website"},"datePublished":"2025-02-06T10:55:17+00:00","dateModified":"2025-02-07T11:12:49+00:00","breadcrumb":{"@id":"https:\/\/cm-castelo-paiva-pro.globalskillmind.pt\/portal-turismo\/descobrir\/artesanato\/#breadcrumb"},"inLanguage":"pt-PT","potentialAction":[{"@type":"ReadAction","target":["https:\/\/cm-castelo-paiva-pro.globalskillmind.pt\/portal-turismo\/descobrir\/artesanato\/"]}]},{"@type":"BreadcrumbList","@id":"https:\/\/cm-castelo-paiva-pro.globalskillmind.pt\/portal-turismo\/descobrir\/artesanato\/#breadcrumb","itemListElement":[{"@type":"ListItem","position":1,"name":"In\u00edcio","item":"https:\/\/cm-castelo-paiva-pro.globalskillmind.pt\/portal-turismo\/"},{"@type":"ListItem","position":2,"name":"Descobrir","item":"https:\/\/cm-castelo-paiva-pro.globalskillmind.pt\/portal-turismo\/descobrir\/"},{"@type":"ListItem","position":3,"name":"Artesanato"}]},{"@type":"WebSite","@id":"https:\/\/cm-castelo-paiva-pro.globalskillmind.pt\/portal-turismo\/#website","url":"https:\/\/cm-castelo-paiva-pro.globalskillmind.pt\/portal-turismo\/","name":"Portal Turismo C\u00e2mara Municipal de Castelo de Paiva","description":"","potentialAction":[{"@type":"SearchAction","target":{"@type":"EntryPoint","urlTemplate":"https:\/\/cm-castelo-paiva-pro.globalskillmind.pt\/portal-turismo\/?s={search_term_string}"},"query-input":"required name=search_term_string"}],"inLanguage":"pt-PT"}]}},"_links":{"self":[{"href":"https:\/\/cm-castelo-paiva-pro.globalskillmind.pt\/portal-turismo\/wp-json\/wp\/v2\/pages\/1143"}],"collection":[{"href":"https:\/\/cm-castelo-paiva-pro.globalskillmind.pt\/portal-turismo\/wp-json\/wp\/v2\/pages"}],"about":[{"href":"https:\/\/cm-castelo-paiva-pro.globalskillmind.pt\/portal-turismo\/wp-json\/wp\/v2\/types\/page"}],"author":[{"embeddable":true,"href":"https:\/\/cm-castelo-paiva-pro.globalskillmind.pt\/portal-turismo\/wp-json\/wp\/v2\/users\/1"}],"replies":[{"embeddable":true,"href":"https:\/\/cm-castelo-paiva-pro.globalskillmind.pt\/portal-turismo\/wp-json\/wp\/v2\/comments?post=1143"}],"version-history":[{"count":3,"href":"https:\/\/cm-castelo-paiva-pro.globalskillmind.pt\/portal-turismo\/wp-json\/wp\/v2\/pages\/1143\/revisions"}],"predecessor-version":[{"id":1775,"href":"https:\/\/cm-castelo-paiva-pro.globalskillmind.pt\/portal-turismo\/wp-json\/wp\/v2\/pages\/1143\/revisions\/1775"}],"up":[{"embeddable":true,"href":"https:\/\/cm-castelo-paiva-pro.globalskillmind.pt\/portal-turismo\/wp-json\/wp\/v2\/pages\/1057"}],"wp:attachment":[{"href":"https:\/\/cm-castelo-paiva-pro.globalskillmind.pt\/portal-turismo\/wp-json\/wp\/v2\/media?parent=1143"}],"curies":[{"name":"wp","href":"https:\/\/api.w.org\/{rel}","templated":true}]}}