{"id":1119,"date":"2025-02-06T11:50:47","date_gmt":"2025-02-06T10:50:47","guid":{"rendered":"https:\/\/cm-castelo-paiva-pro.globalskillmind.pt\/portal-turismo\/?page_id=1119"},"modified":"2025-05-22T10:02:01","modified_gmt":"2025-05-22T09:02:01","slug":"centro-historico-de-sobrado","status":"publish","type":"page","link":"https:\/\/cm-castelo-paiva-pro.globalskillmind.pt\/portal-turismo\/descobrir\/patrimonio\/centro-historico-de-sobrado\/","title":{"rendered":"Centro Hist\u00f3rico de Sobrado"},"content":{"rendered":"<p>O Centro Hist\u00f3rico de Sobrado, em Castelo de Paiva, \u00e9 um lugar encantador, onde a mem\u00f3ria do passado se funde harmoniosamente com a viv\u00eancia contempor\u00e2nea. Os seus edif\u00edcios seculares testemunham a riqueza hist\u00f3rica, arquitet\u00f3nica e cultural da regi\u00e3o.<\/p>\n<p>Entre os seus principais marcos patrimoniais destacam-se os Pa\u00e7os do Concelho, a Igreja Matriz, o Chafariz hist\u00f3rico e o Edif\u00edcio da antiga Cadeia, cada um contando uma parte da hist\u00f3ria local.<\/p>\n<p>No cora\u00e7\u00e3o deste n\u00facleo urbano, encontra-se o Largo do Conde, onde se ergue a est\u00e1tua de D. Martinho Pinto Lencastre de Bulh\u00f5es, o primeiro conde de Castelo de Paiva. Este largo \u00e9 hoje um ponto de encontro privilegiado para residentes e visitantes, oferecendo um ambiente acolhedor e pitoresco.<\/p>\n<p>O Centro Hist\u00f3rico de Sobrado \u00e9 tamb\u00e9m o ponto de partida ideal para visitar outros locais de interesse no concelho, como o Marmoiral de Sobrado, o Parque das T\u00edlias ou a misteriosa Pia dos Mouros.<\/p>\n<p>E porque a hist\u00f3ria tamb\u00e9m se saboreia, aqui encontrar\u00e1 esplanadas agrad\u00e1veis, perfeitas para relaxar com um gelado ou um caf\u00e9, enquanto l\u00ea um bom livro ou simplesmente aprecia a vista.<\/p>\n<p>Se \u00e9 apaixonado por hist\u00f3ria, cultura e tradi\u00e7\u00e3o, o Centro Hist\u00f3rico de Sobrado \u00e9 um destino imperd\u00edvel em Castelo de Paiva.<\/p>\n","protected":false},"excerpt":{"rendered":"<p>O Centro Hist\u00f3rico de Sobrado, em Castelo de Paiva, \u00e9 um lugar encantador, onde a mem\u00f3ria do passado se funde harmoniosamente com a viv\u00eancia contempor\u00e2nea. Os seus edif\u00edcios seculares testemunham a riqueza hist\u00f3rica, arquitet\u00f3nica e cultural da regi\u00e3o. Entre os seus principais marcos patrimoniais destacam-se os Pa\u00e7os do Concelho, a Igreja Matriz, o Chafariz hist\u00f3rico [&hellip;]<\/p>\n","protected":false},"author":1,"featured_media":1693,"parent":1117,"menu_order":0,"comment_status":"closed","ping_status":"closed","template":"templates-map\/component-text-layout1.php","meta":{"_acf_changed":false,"footnotes":""},"class_list":["post-1119","page","type-page","status-publish","has-post-thumbnail","hentry"],"acf":[],"yoast_head":"<!-- This site is optimized with the Yoast SEO plugin v22.9 - https:\/\/yoast.com\/wordpress\/plugins\/seo\/ -->\n<title>Centro Hist\u00f3rico de Sobrado - Portal Turismo C\u00e2mara Municipal de Castelo de Paiva<\/title>\n<meta name=\"robots\" content=\"noindex, follow, max-snippet:-1, max-image-preview:large, max-video-preview:-1\" \/>\n<meta property=\"og:locale\" content=\"pt_PT\" \/>\n<meta property=\"og:type\" content=\"article\" \/>\n<meta property=\"og:title\" content=\"Centro Hist\u00f3rico de Sobrado - Portal Turismo C\u00e2mara Municipal de Castelo de Paiva\" \/>\n<meta property=\"og:description\" content=\"O Centro Hist\u00f3rico de Sobrado, em Castelo de Paiva, \u00e9 um lugar encantador, onde a mem\u00f3ria do passado se funde harmoniosamente com a viv\u00eancia contempor\u00e2nea. Os seus edif\u00edcios seculares testemunham a riqueza hist\u00f3rica, arquitet\u00f3nica e cultural da regi\u00e3o. Entre os seus principais marcos patrimoniais destacam-se os Pa\u00e7os do Concelho, a Igreja Matriz, o Chafariz hist\u00f3rico [&hellip;]\" \/>\n<meta property=\"og:url\" content=\"https:\/\/cm-castelo-paiva-pro.globalskillmind.pt\/portal-turismo\/descobrir\/patrimonio\/centro-historico-de-sobrado\/\" \/>\n<meta property=\"og:site_name\" content=\"Portal Turismo C\u00e2mara Municipal de Castelo de Paiva\" \/>\n<meta property=\"article:modified_time\" content=\"2025-05-22T09:02:01+00:00\" \/>\n<meta property=\"og:image\" content=\"https:\/\/cm-castelo-paiva-pro.globalskillmind.pt\/portal-turismo\/wp-content\/uploads\/sites\/2\/2025\/02\/Centro-Historico-1.jpg\" \/>\n\t<meta property=\"og:image:width\" content=\"1920\" \/>\n\t<meta property=\"og:image:height\" content=\"1280\" \/>\n\t<meta property=\"og:image:type\" content=\"image\/jpeg\" \/>\n<meta name=\"twitter:card\" content=\"summary_large_image\" \/>\n<meta name=\"twitter:label1\" content=\"Tempo estimado de leitura\" \/>\n\t<meta name=\"twitter:data1\" content=\"2 minutos\" \/>\n<script type=\"application\/ld+json\" class=\"yoast-schema-graph\">{\"@context\":\"https:\/\/schema.org\",\"@graph\":[{\"@type\":\"WebPage\",\"@id\":\"https:\/\/cm-castelo-paiva-pro.globalskillmind.pt\/portal-turismo\/descobrir\/patrimonio\/centro-historico-de-sobrado\/\",\"url\":\"https:\/\/cm-castelo-paiva-pro.globalskillmind.pt\/portal-turismo\/descobrir\/patrimonio\/centro-historico-de-sobrado\/\",\"name\":\"Centro Hist\u00f3rico de Sobrado - Portal Turismo C\u00e2mara Municipal de Castelo de Paiva\",\"isPartOf\":{\"@id\":\"https:\/\/cm-castelo-paiva-pro.globalskillmind.pt\/portal-turismo\/#website\"},\"primaryImageOfPage\":{\"@id\":\"https:\/\/cm-castelo-paiva-pro.globalskillmind.pt\/portal-turismo\/descobrir\/patrimonio\/centro-historico-de-sobrado\/#primaryimage\"},\"image\":{\"@id\":\"https:\/\/cm-castelo-paiva-pro.globalskillmind.pt\/portal-turismo\/descobrir\/patrimonio\/centro-historico-de-sobrado\/#primaryimage\"},\"thumbnailUrl\":\"https:\/\/cm-castelo-paiva-pro.globalskillmind.pt\/portal-turismo\/wp-content\/uploads\/sites\/2\/2025\/02\/Centro-Historico-1.jpg\",\"datePublished\":\"2025-02-06T10:50:47+00:00\",\"dateModified\":\"2025-05-22T09:02:01+00:00\",\"breadcrumb\":{\"@id\":\"https:\/\/cm-castelo-paiva-pro.globalskillmind.pt\/portal-turismo\/descobrir\/patrimonio\/centro-historico-de-sobrado\/#breadcrumb\"},\"inLanguage\":\"pt-PT\",\"potentialAction\":[{\"@type\":\"ReadAction\",\"target\":[\"https:\/\/cm-castelo-paiva-pro.globalskillmind.pt\/portal-turismo\/descobrir\/patrimonio\/centro-historico-de-sobrado\/\"]}]},{\"@type\":\"ImageObject\",\"inLanguage\":\"pt-PT\",\"@id\":\"https:\/\/cm-castelo-paiva-pro.globalskillmind.pt\/portal-turismo\/descobrir\/patrimonio\/centro-historico-de-sobrado\/#primaryimage\",\"url\":\"https:\/\/cm-castelo-paiva-pro.globalskillmind.pt\/portal-turismo\/wp-content\/uploads\/sites\/2\/2025\/02\/Centro-Historico-1.jpg\",\"contentUrl\":\"https:\/\/cm-castelo-paiva-pro.globalskillmind.pt\/portal-turismo\/wp-content\/uploads\/sites\/2\/2025\/02\/Centro-Historico-1.jpg\",\"width\":1920,\"height\":1280},{\"@type\":\"BreadcrumbList\",\"@id\":\"https:\/\/cm-castelo-paiva-pro.globalskillmind.pt\/portal-turismo\/descobrir\/patrimonio\/centro-historico-de-sobrado\/#breadcrumb\",\"itemListElement\":[{\"@type\":\"ListItem\",\"position\":1,\"name\":\"In\u00edcio\",\"item\":\"https:\/\/cm-castelo-paiva-pro.globalskillmind.pt\/portal-turismo\/\"},{\"@type\":\"ListItem\",\"position\":2,\"name\":\"Descobrir\",\"item\":\"https:\/\/cm-castelo-paiva-pro.globalskillmind.pt\/portal-turismo\/descobrir\/\"},{\"@type\":\"ListItem\",\"position\":3,\"name\":\"Patrim\u00f3nio\",\"item\":\"https:\/\/cm-castelo-paiva-pro.globalskillmind.pt\/portal-turismo\/descobrir\/patrimonio\/\"},{\"@type\":\"ListItem\",\"position\":4,\"name\":\"Centro Hist\u00f3rico de Sobrado\"}]},{\"@type\":\"WebSite\",\"@id\":\"https:\/\/cm-castelo-paiva-pro.globalskillmind.pt\/portal-turismo\/#website\",\"url\":\"https:\/\/cm-castelo-paiva-pro.globalskillmind.pt\/portal-turismo\/\",\"name\":\"Portal Turismo C\u00e2mara Municipal de Castelo de Paiva\",\"description\":\"\",\"potentialAction\":[{\"@type\":\"SearchAction\",\"target\":{\"@type\":\"EntryPoint\",\"urlTemplate\":\"https:\/\/cm-castelo-paiva-pro.globalskillmind.pt\/portal-turismo\/?s={search_term_string}\"},\"query-input\":\"required name=search_term_string\"}],\"inLanguage\":\"pt-PT\"}]}<\/script>\n<!-- \/ Yoast SEO plugin. -->","yoast_head_json":{"title":"Centro Hist\u00f3rico de Sobrado - Portal Turismo C\u00e2mara Municipal de Castelo de Paiva","robots":{"index":"noindex","follow":"follow","max-snippet":"max-snippet:-1","max-image-preview":"max-image-preview:large","max-video-preview":"max-video-preview:-1"},"og_locale":"pt_PT","og_type":"article","og_title":"Centro Hist\u00f3rico de Sobrado - Portal Turismo C\u00e2mara Municipal de Castelo de Paiva","og_description":"O Centro Hist\u00f3rico de Sobrado, em Castelo de Paiva, \u00e9 um lugar encantador, onde a mem\u00f3ria do passado se funde harmoniosamente com a viv\u00eancia contempor\u00e2nea. Os seus edif\u00edcios seculares testemunham a riqueza hist\u00f3rica, arquitet\u00f3nica e cultural da regi\u00e3o. Entre os seus principais marcos patrimoniais destacam-se os Pa\u00e7os do Concelho, a Igreja Matriz, o Chafariz hist\u00f3rico [&hellip;]","og_url":"https:\/\/cm-castelo-paiva-pro.globalskillmind.pt\/portal-turismo\/descobrir\/patrimonio\/centro-historico-de-sobrado\/","og_site_name":"Portal Turismo C\u00e2mara Municipal de Castelo de Paiva","article_modified_time":"2025-05-22T09:02:01+00:00","og_image":[{"width":1920,"height":1280,"url":"https:\/\/cm-castelo-paiva-pro.globalskillmind.pt\/portal-turismo\/wp-content\/uploads\/sites\/2\/2025\/02\/Centro-Historico-1.jpg","type":"image\/jpeg"}],"twitter_card":"summary_large_image","twitter_misc":{"Tempo estimado de leitura":"2 minutos"},"schema":{"@context":"https:\/\/schema.org","@graph":[{"@type":"WebPage","@id":"https:\/\/cm-castelo-paiva-pro.globalskillmind.pt\/portal-turismo\/descobrir\/patrimonio\/centro-historico-de-sobrado\/","url":"https:\/\/cm-castelo-paiva-pro.globalskillmind.pt\/portal-turismo\/descobrir\/patrimonio\/centro-historico-de-sobrado\/","name":"Centro Hist\u00f3rico de Sobrado - Portal Turismo C\u00e2mara Municipal de Castelo de Paiva","isPartOf":{"@id":"https:\/\/cm-castelo-paiva-pro.globalskillmind.pt\/portal-turismo\/#website"},"primaryImageOfPage":{"@id":"https:\/\/cm-castelo-paiva-pro.globalskillmind.pt\/portal-turismo\/descobrir\/patrimonio\/centro-historico-de-sobrado\/#primaryimage"},"image":{"@id":"https:\/\/cm-castelo-paiva-pro.globalskillmind.pt\/portal-turismo\/descobrir\/patrimonio\/centro-historico-de-sobrado\/#primaryimage"},"thumbnailUrl":"https:\/\/cm-castelo-paiva-pro.globalskillmind.pt\/portal-turismo\/wp-content\/uploads\/sites\/2\/2025\/02\/Centro-Historico-1.jpg","datePublished":"2025-02-06T10:50:47+00:00","dateModified":"2025-05-22T09:02:01+00:00","breadcrumb":{"@id":"https:\/\/cm-castelo-paiva-pro.globalskillmind.pt\/portal-turismo\/descobrir\/patrimonio\/centro-historico-de-sobrado\/#breadcrumb"},"inLanguage":"pt-PT","potentialAction":[{"@type":"ReadAction","target":["https:\/\/cm-castelo-paiva-pro.globalskillmind.pt\/portal-turismo\/descobrir\/patrimonio\/centro-historico-de-sobrado\/"]}]},{"@type":"ImageObject","inLanguage":"pt-PT","@id":"https:\/\/cm-castelo-paiva-pro.globalskillmind.pt\/portal-turismo\/descobrir\/patrimonio\/centro-historico-de-sobrado\/#primaryimage","url":"https:\/\/cm-castelo-paiva-pro.globalskillmind.pt\/portal-turismo\/wp-content\/uploads\/sites\/2\/2025\/02\/Centro-Historico-1.jpg","contentUrl":"https:\/\/cm-castelo-paiva-pro.globalskillmind.pt\/portal-turismo\/wp-content\/uploads\/sites\/2\/2025\/02\/Centro-Historico-1.jpg","width":1920,"height":1280},{"@type":"BreadcrumbList","@id":"https:\/\/cm-castelo-paiva-pro.globalskillmind.pt\/portal-turismo\/descobrir\/patrimonio\/centro-historico-de-sobrado\/#breadcrumb","itemListElement":[{"@type":"ListItem","position":1,"name":"In\u00edcio","item":"https:\/\/cm-castelo-paiva-pro.globalskillmind.pt\/portal-turismo\/"},{"@type":"ListItem","position":2,"name":"Descobrir","item":"https:\/\/cm-castelo-paiva-pro.globalskillmind.pt\/portal-turismo\/descobrir\/"},{"@type":"ListItem","position":3,"name":"Patrim\u00f3nio","item":"https:\/\/cm-castelo-paiva-pro.globalskillmind.pt\/portal-turismo\/descobrir\/patrimonio\/"},{"@type":"ListItem","position":4,"name":"Centro Hist\u00f3rico de Sobrado"}]},{"@type":"WebSite","@id":"https:\/\/cm-castelo-paiva-pro.globalskillmind.pt\/portal-turismo\/#website","url":"https:\/\/cm-castelo-paiva-pro.globalskillmind.pt\/portal-turismo\/","name":"Portal Turismo C\u00e2mara Municipal de Castelo de Paiva","description":"","potentialAction":[{"@type":"SearchAction","target":{"@type":"EntryPoint","urlTemplate":"https:\/\/cm-castelo-paiva-pro.globalskillmind.pt\/portal-turismo\/?s={search_term_string}"},"query-input":"required name=search_term_string"}],"inLanguage":"pt-PT"}]}},"_links":{"self":[{"href":"https:\/\/cm-castelo-paiva-pro.globalskillmind.pt\/portal-turismo\/wp-json\/wp\/v2\/pages\/1119"}],"collection":[{"href":"https:\/\/cm-castelo-paiva-pro.globalskillmind.pt\/portal-turismo\/wp-json\/wp\/v2\/pages"}],"about":[{"href":"https:\/\/cm-castelo-paiva-pro.globalskillmind.pt\/portal-turismo\/wp-json\/wp\/v2\/types\/page"}],"author":[{"embeddable":true,"href":"https:\/\/cm-castelo-paiva-pro.globalskillmind.pt\/portal-turismo\/wp-json\/wp\/v2\/users\/1"}],"replies":[{"embeddable":true,"href":"https:\/\/cm-castelo-paiva-pro.globalskillmind.pt\/portal-turismo\/wp-json\/wp\/v2\/comments?post=1119"}],"version-history":[{"count":4,"href":"https:\/\/cm-castelo-paiva-pro.globalskillmind.pt\/portal-turismo\/wp-json\/wp\/v2\/pages\/1119\/revisions"}],"predecessor-version":[{"id":2695,"href":"https:\/\/cm-castelo-paiva-pro.globalskillmind.pt\/portal-turismo\/wp-json\/wp\/v2\/pages\/1119\/revisions\/2695"}],"up":[{"embeddable":true,"href":"https:\/\/cm-castelo-paiva-pro.globalskillmind.pt\/portal-turismo\/wp-json\/wp\/v2\/pages\/1117"}],"wp:featuredmedia":[{"embeddable":true,"href":"https:\/\/cm-castelo-paiva-pro.globalskillmind.pt\/portal-turismo\/wp-json\/wp\/v2\/media\/1693"}],"wp:attachment":[{"href":"https:\/\/cm-castelo-paiva-pro.globalskillmind.pt\/portal-turismo\/wp-json\/wp\/v2\/media?parent=1119"}],"curies":[{"name":"wp","href":"https:\/\/api.w.org\/{rel}","templated":true}]}}