{"id":1117,"date":"2025-02-06T11:40:57","date_gmt":"2025-02-06T10:40:57","guid":{"rendered":"https:\/\/cm-castelo-paiva-pro.globalskillmind.pt\/portal-turismo\/?page_id=1117"},"modified":"2025-05-22T09:48:59","modified_gmt":"2025-05-22T08:48:59","slug":"patrimonio","status":"publish","type":"page","link":"https:\/\/cm-castelo-paiva-pro.globalskillmind.pt\/portal-turismo\/descobrir\/patrimonio\/","title":{"rendered":"Patrim\u00f3nio"},"content":{"rendered":"<p>A preserva\u00e7\u00e3o e valoriza\u00e7\u00e3o do patrim\u00f3nio de Castelo de Paiva s\u00e3o essenciais para consolidar a identidade do concelho e para manter vivas as suas hist\u00f3rias e tradi\u00e7\u00f5es.<\/p>\n<p>Com base em testemunhos deixados pelo Homem \u00e9 poss\u00edvel fazer recuar o povoamento do territ\u00f3rio at\u00e9 \u00e0 Pr\u00e9-Hist\u00f3ria recente, como assinala o vasto patrim\u00f3nio megal\u00edtico, popularmente conhecido por \u201cmamoas\u201d, inventariado e estudado.<\/p>\n<p>Encontram-se igualmente presentes vest\u00edgios das civiliza\u00e7\u00f5es posteriores, nomeadamente a castreja e a romana, que se traduzem quer em in\u00fameros achados avulso e n\u00e3o sistematizados, quer nas prov\u00e1veis necr\u00f3poles de incinera\u00e7\u00e3o das freguesias de Real e de Sardoura.<\/p>\n<p>Da Idade M\u00e9dia chegaram at\u00e9 aos nossos dias monumentos de particular interesse, como as sepulturas escavadas na rocha do Penedo de Vegide, conhecidas por Pia dos Mouros, e o Marmoiral de Sobrado, classificado como Monumento Nacional e integrado na Rota do Rom\u00e2nico.<\/p>\n<p>O top\u00f3nimo \u201cCastelo\u201d remete para a poss\u00edvel exist\u00eancia de um antigo castro no local da atual povoa\u00e7\u00e3o ribeirinha com o mesmo nome. Tal como Pedorido, tamb\u00e9m junto ao Douro, este n\u00facleo ter\u00e1 tido import\u00e2ncia estrat\u00e9gica como porto fluvial para os barcos rabelos que navegavam nas subidas e descidas do rio.<\/p>\n<p>A documenta\u00e7\u00e3o hist\u00f3rica atesta que no s\u00e9c. XI estava j\u00e1 a <em>terra de Paiva<\/em> bastante povoada, sendo ent\u00e3o constitu\u00edda por 10 freguesias \u2013 \u00e0s 9 atuais somava-se ainda a de Espiunca.<\/p>\n<p>No campo da arquitetura rural civil, Castelo de Paiva preserva o tipicismo da casa duriense, com elementos como antigas eiras, canastros e moinhos de \u00e1gua, e cuja funcionalidade agr\u00edcola se adivinha na paisagem. Subsistem ainda n\u00facleos rurais com not\u00e1vel arquitetura vern\u00e1cula, destacando-se as aldeias em xisto de Mid\u00f5es e Gondar\u00e9m, aut\u00eanticos testemunhos da vida rural tradicional e merecedoras de uma visita mais demorada. Os campos agr\u00edcolas, recortados em pequenas parcelas, conferem ao territ\u00f3rio um colorido muito pr\u00f3prio, real\u00e7ado pela presen\u00e7a constante da \u00e1gua enquanto for\u00e7a motriz e elemento vital.<\/p>\n<p>O concelho guarda igualmente in\u00fameros vest\u00edgios da atividade mineira, com destaque para o Couto Mineiro do Pej\u00e3o, que abrange as freguesias de Para\u00edso, Raiva e Pedorido. Hoje, ap\u00f3s o fim da explora\u00e7\u00e3o mineira, promove-se a reconvers\u00e3o patrimonial e tur\u00edstica destas \u00e1reas, abrindo caminho a novos usos e interpreta\u00e7\u00f5es. Neste contexto, sobressaem o Cavalete do Po\u00e7o do Fojo (inaugurado em 1952 e constru\u00eddo em bet\u00e3o armado), a Mina do Choupelo, com a sua capela dedicada a Santa B\u00e1rbara, padroeira dos mineiros, e o complexo mineiro de Germunde, que comp\u00f5em um valioso conjunto de arqueologia industrial em plena reinterpreta\u00e7\u00e3o.<\/p>\n","protected":false},"excerpt":{"rendered":"<p>A preserva\u00e7\u00e3o e valoriza\u00e7\u00e3o do patrim\u00f3nio de Castelo de Paiva s\u00e3o essenciais para consolidar a identidade do concelho e para manter vivas as suas hist\u00f3rias e tradi\u00e7\u00f5es. Com base em testemunhos deixados pelo Homem \u00e9 poss\u00edvel fazer recuar o povoamento do territ\u00f3rio at\u00e9 \u00e0 Pr\u00e9-Hist\u00f3ria recente, como assinala o vasto patrim\u00f3nio megal\u00edtico, popularmente conhecido por [&hellip;]<\/p>\n","protected":false},"author":1,"featured_media":0,"parent":1057,"menu_order":0,"comment_status":"closed","ping_status":"closed","template":"templates-map\/component-text-layout1.php","meta":{"_acf_changed":false,"footnotes":""},"class_list":["post-1117","page","type-page","status-publish","hentry"],"acf":[],"yoast_head":"<!-- This site is optimized with the Yoast SEO plugin v22.9 - https:\/\/yoast.com\/wordpress\/plugins\/seo\/ -->\n<title>Patrim\u00f3nio - Portal Turismo C\u00e2mara Municipal de Castelo de Paiva<\/title>\n<meta name=\"robots\" content=\"noindex, follow, max-snippet:-1, max-image-preview:large, max-video-preview:-1\" \/>\n<meta property=\"og:locale\" content=\"pt_PT\" \/>\n<meta property=\"og:type\" content=\"article\" \/>\n<meta property=\"og:title\" content=\"Patrim\u00f3nio - Portal Turismo C\u00e2mara Municipal de Castelo de Paiva\" \/>\n<meta property=\"og:description\" content=\"A preserva\u00e7\u00e3o e valoriza\u00e7\u00e3o do patrim\u00f3nio de Castelo de Paiva s\u00e3o essenciais para consolidar a identidade do concelho e para manter vivas as suas hist\u00f3rias e tradi\u00e7\u00f5es. Com base em testemunhos deixados pelo Homem \u00e9 poss\u00edvel fazer recuar o povoamento do territ\u00f3rio at\u00e9 \u00e0 Pr\u00e9-Hist\u00f3ria recente, como assinala o vasto patrim\u00f3nio megal\u00edtico, popularmente conhecido por [&hellip;]\" \/>\n<meta property=\"og:url\" content=\"https:\/\/cm-castelo-paiva-pro.globalskillmind.pt\/portal-turismo\/descobrir\/patrimonio\/\" \/>\n<meta property=\"og:site_name\" content=\"Portal Turismo C\u00e2mara Municipal de Castelo de Paiva\" \/>\n<meta property=\"article:modified_time\" content=\"2025-05-22T08:48:59+00:00\" \/>\n<meta name=\"twitter:card\" content=\"summary_large_image\" \/>\n<meta name=\"twitter:label1\" content=\"Tempo estimado de leitura\" \/>\n\t<meta name=\"twitter:data1\" content=\"3 minutos\" \/>\n<script type=\"application\/ld+json\" class=\"yoast-schema-graph\">{\"@context\":\"https:\/\/schema.org\",\"@graph\":[{\"@type\":\"WebPage\",\"@id\":\"https:\/\/cm-castelo-paiva-pro.globalskillmind.pt\/portal-turismo\/descobrir\/patrimonio\/\",\"url\":\"https:\/\/cm-castelo-paiva-pro.globalskillmind.pt\/portal-turismo\/descobrir\/patrimonio\/\",\"name\":\"Patrim\u00f3nio - Portal Turismo C\u00e2mara Municipal de Castelo de Paiva\",\"isPartOf\":{\"@id\":\"https:\/\/cm-castelo-paiva-pro.globalskillmind.pt\/portal-turismo\/#website\"},\"datePublished\":\"2025-02-06T10:40:57+00:00\",\"dateModified\":\"2025-05-22T08:48:59+00:00\",\"breadcrumb\":{\"@id\":\"https:\/\/cm-castelo-paiva-pro.globalskillmind.pt\/portal-turismo\/descobrir\/patrimonio\/#breadcrumb\"},\"inLanguage\":\"pt-PT\",\"potentialAction\":[{\"@type\":\"ReadAction\",\"target\":[\"https:\/\/cm-castelo-paiva-pro.globalskillmind.pt\/portal-turismo\/descobrir\/patrimonio\/\"]}]},{\"@type\":\"BreadcrumbList\",\"@id\":\"https:\/\/cm-castelo-paiva-pro.globalskillmind.pt\/portal-turismo\/descobrir\/patrimonio\/#breadcrumb\",\"itemListElement\":[{\"@type\":\"ListItem\",\"position\":1,\"name\":\"In\u00edcio\",\"item\":\"https:\/\/cm-castelo-paiva-pro.globalskillmind.pt\/portal-turismo\/\"},{\"@type\":\"ListItem\",\"position\":2,\"name\":\"Descobrir\",\"item\":\"https:\/\/cm-castelo-paiva-pro.globalskillmind.pt\/portal-turismo\/descobrir\/\"},{\"@type\":\"ListItem\",\"position\":3,\"name\":\"Patrim\u00f3nio\"}]},{\"@type\":\"WebSite\",\"@id\":\"https:\/\/cm-castelo-paiva-pro.globalskillmind.pt\/portal-turismo\/#website\",\"url\":\"https:\/\/cm-castelo-paiva-pro.globalskillmind.pt\/portal-turismo\/\",\"name\":\"Portal Turismo C\u00e2mara Municipal de Castelo de Paiva\",\"description\":\"\",\"potentialAction\":[{\"@type\":\"SearchAction\",\"target\":{\"@type\":\"EntryPoint\",\"urlTemplate\":\"https:\/\/cm-castelo-paiva-pro.globalskillmind.pt\/portal-turismo\/?s={search_term_string}\"},\"query-input\":\"required name=search_term_string\"}],\"inLanguage\":\"pt-PT\"}]}<\/script>\n<!-- \/ Yoast SEO plugin. -->","yoast_head_json":{"title":"Patrim\u00f3nio - Portal Turismo C\u00e2mara Municipal de Castelo de Paiva","robots":{"index":"noindex","follow":"follow","max-snippet":"max-snippet:-1","max-image-preview":"max-image-preview:large","max-video-preview":"max-video-preview:-1"},"og_locale":"pt_PT","og_type":"article","og_title":"Patrim\u00f3nio - Portal Turismo C\u00e2mara Municipal de Castelo de Paiva","og_description":"A preserva\u00e7\u00e3o e valoriza\u00e7\u00e3o do patrim\u00f3nio de Castelo de Paiva s\u00e3o essenciais para consolidar a identidade do concelho e para manter vivas as suas hist\u00f3rias e tradi\u00e7\u00f5es. Com base em testemunhos deixados pelo Homem \u00e9 poss\u00edvel fazer recuar o povoamento do territ\u00f3rio at\u00e9 \u00e0 Pr\u00e9-Hist\u00f3ria recente, como assinala o vasto patrim\u00f3nio megal\u00edtico, popularmente conhecido por [&hellip;]","og_url":"https:\/\/cm-castelo-paiva-pro.globalskillmind.pt\/portal-turismo\/descobrir\/patrimonio\/","og_site_name":"Portal Turismo C\u00e2mara Municipal de Castelo de Paiva","article_modified_time":"2025-05-22T08:48:59+00:00","twitter_card":"summary_large_image","twitter_misc":{"Tempo estimado de leitura":"3 minutos"},"schema":{"@context":"https:\/\/schema.org","@graph":[{"@type":"WebPage","@id":"https:\/\/cm-castelo-paiva-pro.globalskillmind.pt\/portal-turismo\/descobrir\/patrimonio\/","url":"https:\/\/cm-castelo-paiva-pro.globalskillmind.pt\/portal-turismo\/descobrir\/patrimonio\/","name":"Patrim\u00f3nio - Portal Turismo C\u00e2mara Municipal de Castelo de Paiva","isPartOf":{"@id":"https:\/\/cm-castelo-paiva-pro.globalskillmind.pt\/portal-turismo\/#website"},"datePublished":"2025-02-06T10:40:57+00:00","dateModified":"2025-05-22T08:48:59+00:00","breadcrumb":{"@id":"https:\/\/cm-castelo-paiva-pro.globalskillmind.pt\/portal-turismo\/descobrir\/patrimonio\/#breadcrumb"},"inLanguage":"pt-PT","potentialAction":[{"@type":"ReadAction","target":["https:\/\/cm-castelo-paiva-pro.globalskillmind.pt\/portal-turismo\/descobrir\/patrimonio\/"]}]},{"@type":"BreadcrumbList","@id":"https:\/\/cm-castelo-paiva-pro.globalskillmind.pt\/portal-turismo\/descobrir\/patrimonio\/#breadcrumb","itemListElement":[{"@type":"ListItem","position":1,"name":"In\u00edcio","item":"https:\/\/cm-castelo-paiva-pro.globalskillmind.pt\/portal-turismo\/"},{"@type":"ListItem","position":2,"name":"Descobrir","item":"https:\/\/cm-castelo-paiva-pro.globalskillmind.pt\/portal-turismo\/descobrir\/"},{"@type":"ListItem","position":3,"name":"Patrim\u00f3nio"}]},{"@type":"WebSite","@id":"https:\/\/cm-castelo-paiva-pro.globalskillmind.pt\/portal-turismo\/#website","url":"https:\/\/cm-castelo-paiva-pro.globalskillmind.pt\/portal-turismo\/","name":"Portal Turismo C\u00e2mara Municipal de Castelo de Paiva","description":"","potentialAction":[{"@type":"SearchAction","target":{"@type":"EntryPoint","urlTemplate":"https:\/\/cm-castelo-paiva-pro.globalskillmind.pt\/portal-turismo\/?s={search_term_string}"},"query-input":"required name=search_term_string"}],"inLanguage":"pt-PT"}]}},"_links":{"self":[{"href":"https:\/\/cm-castelo-paiva-pro.globalskillmind.pt\/portal-turismo\/wp-json\/wp\/v2\/pages\/1117"}],"collection":[{"href":"https:\/\/cm-castelo-paiva-pro.globalskillmind.pt\/portal-turismo\/wp-json\/wp\/v2\/pages"}],"about":[{"href":"https:\/\/cm-castelo-paiva-pro.globalskillmind.pt\/portal-turismo\/wp-json\/wp\/v2\/types\/page"}],"author":[{"embeddable":true,"href":"https:\/\/cm-castelo-paiva-pro.globalskillmind.pt\/portal-turismo\/wp-json\/wp\/v2\/users\/1"}],"replies":[{"embeddable":true,"href":"https:\/\/cm-castelo-paiva-pro.globalskillmind.pt\/portal-turismo\/wp-json\/wp\/v2\/comments?post=1117"}],"version-history":[{"count":6,"href":"https:\/\/cm-castelo-paiva-pro.globalskillmind.pt\/portal-turismo\/wp-json\/wp\/v2\/pages\/1117\/revisions"}],"predecessor-version":[{"id":2694,"href":"https:\/\/cm-castelo-paiva-pro.globalskillmind.pt\/portal-turismo\/wp-json\/wp\/v2\/pages\/1117\/revisions\/2694"}],"up":[{"embeddable":true,"href":"https:\/\/cm-castelo-paiva-pro.globalskillmind.pt\/portal-turismo\/wp-json\/wp\/v2\/pages\/1057"}],"wp:attachment":[{"href":"https:\/\/cm-castelo-paiva-pro.globalskillmind.pt\/portal-turismo\/wp-json\/wp\/v2\/media?parent=1117"}],"curies":[{"name":"wp","href":"https:\/\/api.w.org\/{rel}","templated":true}]}}