{"id":1092,"date":"2025-02-06T11:04:02","date_gmt":"2025-02-06T10:04:02","guid":{"rendered":"https:\/\/cm-castelo-paiva-pro.globalskillmind.pt\/portal-turismo\/?page_id=1092"},"modified":"2025-05-22T11:58:50","modified_gmt":"2025-05-22T10:58:50","slug":"ratao","status":"publish","type":"page","link":"https:\/\/cm-castelo-paiva-pro.globalskillmind.pt\/portal-turismo\/descobrir\/rios\/ratao\/","title":{"rendered":"Rat\u00e3o"},"content":{"rendered":"<p>Na freguesia de Bairros, junto ao Rio Paiva e muito pr\u00f3ximo da Ponte da Bateira, encontra-se um dos segredos mais bem guardados de Castelo de Paiva: o Rat\u00e3o. Este local encantador destaca-se pela sua beleza natural, ambiente tranquilo e pelas excelentes condi\u00e7\u00f5es para a pr\u00e1tica de escalada.<\/p>\n<p>Com forma\u00e7\u00f5es rochosas impressionantes, o Rat\u00e3o \u00e9 um ponto de encontro privilegiado para amantes da escalada, oferecendo desafios para todos os n\u00edveis, desde iniciantes at\u00e9 aos mais experientes. Aqui, a adrenalina combina-se com paisagens deslumbrantes, criando uma experi\u00eancia \u00fanica em contacto direto com a natureza.<\/p>\n<p>O pequeno areal fluvial convida a mergulhos refrescantes nas puras \u00e1guas do Paiva, sendo perfeito para relaxar ap\u00f3s uma sess\u00e3o de aventura ou uma caminhada pela zona envolvente.<\/p>\n<p>A \u00e1rea \u00e9 tamb\u00e9m um excelente local para passeios e caminhadas, onde \u00e9 poss\u00edvel observar a biodiversidade local, incluindo esp\u00e9cies como salamandras, lontras e o colorido guarda-rios, em harmonia com um ambiente ainda preservado.<\/p>\n<p>Se procura um local que una aventura, natureza e tranquilidade, o Rat\u00e3o \u00e9 um destino obrigat\u00f3rio no roteiro pelo vale do Paiva.<\/p>\n","protected":false},"excerpt":{"rendered":"<p>Na freguesia de Bairros, junto ao Rio Paiva e muito pr\u00f3ximo da Ponte da Bateira, encontra-se um dos segredos mais bem guardados de Castelo de Paiva: o Rat\u00e3o. Este local encantador destaca-se pela sua beleza natural, ambiente tranquilo e pelas excelentes condi\u00e7\u00f5es para a pr\u00e1tica de escalada. Com forma\u00e7\u00f5es rochosas impressionantes, o Rat\u00e3o \u00e9 um [&hellip;]<\/p>\n","protected":false},"author":1,"featured_media":0,"parent":1077,"menu_order":0,"comment_status":"closed","ping_status":"closed","template":"templates-map\/component-text-layout1.php","meta":{"_acf_changed":false,"footnotes":""},"class_list":["post-1092","page","type-page","status-publish","hentry"],"acf":[],"yoast_head":"<!-- This site is optimized with the Yoast SEO plugin v22.9 - https:\/\/yoast.com\/wordpress\/plugins\/seo\/ -->\n<title>Rat\u00e3o - Portal Turismo C\u00e2mara Municipal de Castelo de Paiva<\/title>\n<meta name=\"robots\" content=\"noindex, follow, max-snippet:-1, max-image-preview:large, max-video-preview:-1\" \/>\n<meta property=\"og:locale\" content=\"pt_PT\" \/>\n<meta property=\"og:type\" content=\"article\" \/>\n<meta property=\"og:title\" content=\"Rat\u00e3o - Portal Turismo C\u00e2mara Municipal de Castelo de Paiva\" \/>\n<meta property=\"og:description\" content=\"Na freguesia de Bairros, junto ao Rio Paiva e muito pr\u00f3ximo da Ponte da Bateira, encontra-se um dos segredos mais bem guardados de Castelo de Paiva: o Rat\u00e3o. Este local encantador destaca-se pela sua beleza natural, ambiente tranquilo e pelas excelentes condi\u00e7\u00f5es para a pr\u00e1tica de escalada. Com forma\u00e7\u00f5es rochosas impressionantes, o Rat\u00e3o \u00e9 um [&hellip;]\" \/>\n<meta property=\"og:url\" content=\"https:\/\/cm-castelo-paiva-pro.globalskillmind.pt\/portal-turismo\/descobrir\/rios\/ratao\/\" \/>\n<meta property=\"og:site_name\" content=\"Portal Turismo C\u00e2mara Municipal de Castelo de Paiva\" \/>\n<meta property=\"article:modified_time\" content=\"2025-05-22T10:58:50+00:00\" \/>\n<meta name=\"twitter:card\" content=\"summary_large_image\" \/>\n<meta name=\"twitter:label1\" content=\"Tempo estimado de leitura\" \/>\n\t<meta name=\"twitter:data1\" content=\"1 minuto\" \/>\n<script type=\"application\/ld+json\" class=\"yoast-schema-graph\">{\"@context\":\"https:\/\/schema.org\",\"@graph\":[{\"@type\":\"WebPage\",\"@id\":\"https:\/\/cm-castelo-paiva-pro.globalskillmind.pt\/portal-turismo\/descobrir\/rios\/ratao\/\",\"url\":\"https:\/\/cm-castelo-paiva-pro.globalskillmind.pt\/portal-turismo\/descobrir\/rios\/ratao\/\",\"name\":\"Rat\u00e3o - Portal Turismo C\u00e2mara Municipal de Castelo de Paiva\",\"isPartOf\":{\"@id\":\"https:\/\/cm-castelo-paiva-pro.globalskillmind.pt\/portal-turismo\/#website\"},\"datePublished\":\"2025-02-06T10:04:02+00:00\",\"dateModified\":\"2025-05-22T10:58:50+00:00\",\"breadcrumb\":{\"@id\":\"https:\/\/cm-castelo-paiva-pro.globalskillmind.pt\/portal-turismo\/descobrir\/rios\/ratao\/#breadcrumb\"},\"inLanguage\":\"pt-PT\",\"potentialAction\":[{\"@type\":\"ReadAction\",\"target\":[\"https:\/\/cm-castelo-paiva-pro.globalskillmind.pt\/portal-turismo\/descobrir\/rios\/ratao\/\"]}]},{\"@type\":\"BreadcrumbList\",\"@id\":\"https:\/\/cm-castelo-paiva-pro.globalskillmind.pt\/portal-turismo\/descobrir\/rios\/ratao\/#breadcrumb\",\"itemListElement\":[{\"@type\":\"ListItem\",\"position\":1,\"name\":\"In\u00edcio\",\"item\":\"https:\/\/cm-castelo-paiva-pro.globalskillmind.pt\/portal-turismo\/\"},{\"@type\":\"ListItem\",\"position\":2,\"name\":\"Descobrir\",\"item\":\"https:\/\/cm-castelo-paiva-pro.globalskillmind.pt\/portal-turismo\/descobrir\/\"},{\"@type\":\"ListItem\",\"position\":3,\"name\":\"Rios\",\"item\":\"https:\/\/cm-castelo-paiva-pro.globalskillmind.pt\/portal-turismo\/descobrir\/rios\/\"},{\"@type\":\"ListItem\",\"position\":4,\"name\":\"Rat\u00e3o\"}]},{\"@type\":\"WebSite\",\"@id\":\"https:\/\/cm-castelo-paiva-pro.globalskillmind.pt\/portal-turismo\/#website\",\"url\":\"https:\/\/cm-castelo-paiva-pro.globalskillmind.pt\/portal-turismo\/\",\"name\":\"Portal Turismo C\u00e2mara Municipal de Castelo de Paiva\",\"description\":\"\",\"potentialAction\":[{\"@type\":\"SearchAction\",\"target\":{\"@type\":\"EntryPoint\",\"urlTemplate\":\"https:\/\/cm-castelo-paiva-pro.globalskillmind.pt\/portal-turismo\/?s={search_term_string}\"},\"query-input\":\"required name=search_term_string\"}],\"inLanguage\":\"pt-PT\"}]}<\/script>\n<!-- \/ Yoast SEO plugin. -->","yoast_head_json":{"title":"Rat\u00e3o - Portal Turismo C\u00e2mara Municipal de Castelo de Paiva","robots":{"index":"noindex","follow":"follow","max-snippet":"max-snippet:-1","max-image-preview":"max-image-preview:large","max-video-preview":"max-video-preview:-1"},"og_locale":"pt_PT","og_type":"article","og_title":"Rat\u00e3o - Portal Turismo C\u00e2mara Municipal de Castelo de Paiva","og_description":"Na freguesia de Bairros, junto ao Rio Paiva e muito pr\u00f3ximo da Ponte da Bateira, encontra-se um dos segredos mais bem guardados de Castelo de Paiva: o Rat\u00e3o. Este local encantador destaca-se pela sua beleza natural, ambiente tranquilo e pelas excelentes condi\u00e7\u00f5es para a pr\u00e1tica de escalada. Com forma\u00e7\u00f5es rochosas impressionantes, o Rat\u00e3o \u00e9 um [&hellip;]","og_url":"https:\/\/cm-castelo-paiva-pro.globalskillmind.pt\/portal-turismo\/descobrir\/rios\/ratao\/","og_site_name":"Portal Turismo C\u00e2mara Municipal de Castelo de Paiva","article_modified_time":"2025-05-22T10:58:50+00:00","twitter_card":"summary_large_image","twitter_misc":{"Tempo estimado de leitura":"1 minuto"},"schema":{"@context":"https:\/\/schema.org","@graph":[{"@type":"WebPage","@id":"https:\/\/cm-castelo-paiva-pro.globalskillmind.pt\/portal-turismo\/descobrir\/rios\/ratao\/","url":"https:\/\/cm-castelo-paiva-pro.globalskillmind.pt\/portal-turismo\/descobrir\/rios\/ratao\/","name":"Rat\u00e3o - Portal Turismo C\u00e2mara Municipal de Castelo de Paiva","isPartOf":{"@id":"https:\/\/cm-castelo-paiva-pro.globalskillmind.pt\/portal-turismo\/#website"},"datePublished":"2025-02-06T10:04:02+00:00","dateModified":"2025-05-22T10:58:50+00:00","breadcrumb":{"@id":"https:\/\/cm-castelo-paiva-pro.globalskillmind.pt\/portal-turismo\/descobrir\/rios\/ratao\/#breadcrumb"},"inLanguage":"pt-PT","potentialAction":[{"@type":"ReadAction","target":["https:\/\/cm-castelo-paiva-pro.globalskillmind.pt\/portal-turismo\/descobrir\/rios\/ratao\/"]}]},{"@type":"BreadcrumbList","@id":"https:\/\/cm-castelo-paiva-pro.globalskillmind.pt\/portal-turismo\/descobrir\/rios\/ratao\/#breadcrumb","itemListElement":[{"@type":"ListItem","position":1,"name":"In\u00edcio","item":"https:\/\/cm-castelo-paiva-pro.globalskillmind.pt\/portal-turismo\/"},{"@type":"ListItem","position":2,"name":"Descobrir","item":"https:\/\/cm-castelo-paiva-pro.globalskillmind.pt\/portal-turismo\/descobrir\/"},{"@type":"ListItem","position":3,"name":"Rios","item":"https:\/\/cm-castelo-paiva-pro.globalskillmind.pt\/portal-turismo\/descobrir\/rios\/"},{"@type":"ListItem","position":4,"name":"Rat\u00e3o"}]},{"@type":"WebSite","@id":"https:\/\/cm-castelo-paiva-pro.globalskillmind.pt\/portal-turismo\/#website","url":"https:\/\/cm-castelo-paiva-pro.globalskillmind.pt\/portal-turismo\/","name":"Portal Turismo C\u00e2mara Municipal de Castelo de Paiva","description":"","potentialAction":[{"@type":"SearchAction","target":{"@type":"EntryPoint","urlTemplate":"https:\/\/cm-castelo-paiva-pro.globalskillmind.pt\/portal-turismo\/?s={search_term_string}"},"query-input":"required name=search_term_string"}],"inLanguage":"pt-PT"}]}},"_links":{"self":[{"href":"https:\/\/cm-castelo-paiva-pro.globalskillmind.pt\/portal-turismo\/wp-json\/wp\/v2\/pages\/1092"}],"collection":[{"href":"https:\/\/cm-castelo-paiva-pro.globalskillmind.pt\/portal-turismo\/wp-json\/wp\/v2\/pages"}],"about":[{"href":"https:\/\/cm-castelo-paiva-pro.globalskillmind.pt\/portal-turismo\/wp-json\/wp\/v2\/types\/page"}],"author":[{"embeddable":true,"href":"https:\/\/cm-castelo-paiva-pro.globalskillmind.pt\/portal-turismo\/wp-json\/wp\/v2\/users\/1"}],"replies":[{"embeddable":true,"href":"https:\/\/cm-castelo-paiva-pro.globalskillmind.pt\/portal-turismo\/wp-json\/wp\/v2\/comments?post=1092"}],"version-history":[{"count":6,"href":"https:\/\/cm-castelo-paiva-pro.globalskillmind.pt\/portal-turismo\/wp-json\/wp\/v2\/pages\/1092\/revisions"}],"predecessor-version":[{"id":2697,"href":"https:\/\/cm-castelo-paiva-pro.globalskillmind.pt\/portal-turismo\/wp-json\/wp\/v2\/pages\/1092\/revisions\/2697"}],"up":[{"embeddable":true,"href":"https:\/\/cm-castelo-paiva-pro.globalskillmind.pt\/portal-turismo\/wp-json\/wp\/v2\/pages\/1077"}],"wp:attachment":[{"href":"https:\/\/cm-castelo-paiva-pro.globalskillmind.pt\/portal-turismo\/wp-json\/wp\/v2\/media?parent=1092"}],"curies":[{"name":"wp","href":"https:\/\/api.w.org\/{rel}","templated":true}]}}