{"id":1075,"date":"2025-02-06T10:50:21","date_gmt":"2025-02-06T09:50:21","guid":{"rendered":"https:\/\/cm-castelo-paiva-pro.globalskillmind.pt\/portal-turismo\/?page_id=1075"},"modified":"2025-06-04T17:09:44","modified_gmt":"2025-06-04T16:09:44","slug":"monte-de-st-adriao","status":"publish","type":"page","link":"https:\/\/cm-castelo-paiva-pro.globalskillmind.pt\/portal-turismo\/descobrir\/natureza\/monte-de-st-adriao\/","title":{"rendered":"Monte de St. Adri\u00e3o"},"content":{"rendered":"<p style=\"text-align: right\"><strong><em>Entre o sagrado e o sublime, um lugar para ver \u2014 e sentir<\/em><\/strong><\/p>\n<p>Localizado na freguesia de Real, o Monte de Santo Adri\u00e3o ergue-se majestosamente sobre o vale do Paiva, a uma altitude de 640 metros, sendo um dos pontos mais altos e emblem\u00e1ticos do concelho de Castelo de Paiva.<\/p>\n<p>Este monte destaca-se pelas vistas panor\u00e2micas impressionantes sobre as serras e vales que o rodeiam, tornando-se num excelente miradouro natural para os amantes da paisagem e da fotografia.<\/p>\n<p>No topo, ergue-se a capela de Santo Adri\u00e3o, que confere ao local um forte valor religioso e simb\u00f3lico. Este \u00e9 tamb\u00e9m um local de culto popular enraizado nas tradi\u00e7\u00f5es da comunidade. Em tempos de seca, \u00e9 costume levar o santo padroeiro em prociss\u00e3o desde a Igreja Matriz de Real at\u00e9 \u00e0 capela, num ritual ancestral que invoca a chegada da chuva.<\/p>\n<p>O Monte de Santo Adri\u00e3o integra a Grande Rota das Montanhas M\u00e1gicas, oferecendo uma experi\u00eancia \u00fanica de liga\u00e7\u00e3o entre natureza, espiritualidade e cultura local.<\/p>\n","protected":false},"excerpt":{"rendered":"<p>Entre o sagrado e o sublime, um lugar para ver \u2014 e sentir Localizado na freguesia de Real, o Monte de Santo Adri\u00e3o ergue-se majestosamente sobre o vale do Paiva, a uma altitude de 640 metros, sendo um dos pontos mais altos e emblem\u00e1ticos do concelho de Castelo de Paiva. Este monte destaca-se pelas vistas [&hellip;]<\/p>\n","protected":false},"author":1,"featured_media":1574,"parent":1059,"menu_order":0,"comment_status":"closed","ping_status":"closed","template":"templates-map\/component-text-layout1.php","meta":{"_acf_changed":false,"footnotes":""},"class_list":["post-1075","page","type-page","status-publish","has-post-thumbnail","hentry"],"acf":[],"yoast_head":"<!-- This site is optimized with the Yoast SEO plugin v22.9 - https:\/\/yoast.com\/wordpress\/plugins\/seo\/ -->\n<title>Monte de St. Adri\u00e3o - Portal Turismo C\u00e2mara Municipal de Castelo de Paiva<\/title>\n<meta name=\"robots\" content=\"noindex, follow, max-snippet:-1, max-image-preview:large, max-video-preview:-1\" \/>\n<meta property=\"og:locale\" content=\"pt_PT\" \/>\n<meta property=\"og:type\" content=\"article\" \/>\n<meta property=\"og:title\" content=\"Monte de St. Adri\u00e3o - Portal Turismo C\u00e2mara Municipal de Castelo de Paiva\" \/>\n<meta property=\"og:description\" content=\"Entre o sagrado e o sublime, um lugar para ver \u2014 e sentir Localizado na freguesia de Real, o Monte de Santo Adri\u00e3o ergue-se majestosamente sobre o vale do Paiva, a uma altitude de 640 metros, sendo um dos pontos mais altos e emblem\u00e1ticos do concelho de Castelo de Paiva. Este monte destaca-se pelas vistas [&hellip;]\" \/>\n<meta property=\"og:url\" content=\"https:\/\/cm-castelo-paiva-pro.globalskillmind.pt\/portal-turismo\/descobrir\/natureza\/monte-de-st-adriao\/\" \/>\n<meta property=\"og:site_name\" content=\"Portal Turismo C\u00e2mara Municipal de Castelo de Paiva\" \/>\n<meta property=\"article:modified_time\" content=\"2025-06-04T16:09:44+00:00\" \/>\n<meta property=\"og:image\" content=\"https:\/\/cm-castelo-paiva-pro.globalskillmind.pt\/portal-turismo\/wp-content\/uploads\/sites\/2\/2025\/02\/Santo-Adriao-1.jpg\" \/>\n\t<meta property=\"og:image:width\" content=\"1920\" \/>\n\t<meta property=\"og:image:height\" content=\"1280\" \/>\n\t<meta property=\"og:image:type\" content=\"image\/jpeg\" \/>\n<meta name=\"twitter:card\" content=\"summary_large_image\" \/>\n<meta name=\"twitter:label1\" content=\"Tempo estimado de leitura\" \/>\n\t<meta name=\"twitter:data1\" content=\"2 minutos\" \/>\n<script type=\"application\/ld+json\" class=\"yoast-schema-graph\">{\"@context\":\"https:\/\/schema.org\",\"@graph\":[{\"@type\":\"WebPage\",\"@id\":\"https:\/\/cm-castelo-paiva-pro.globalskillmind.pt\/portal-turismo\/descobrir\/natureza\/monte-de-st-adriao\/\",\"url\":\"https:\/\/cm-castelo-paiva-pro.globalskillmind.pt\/portal-turismo\/descobrir\/natureza\/monte-de-st-adriao\/\",\"name\":\"Monte de St. Adri\u00e3o - Portal Turismo C\u00e2mara Municipal de Castelo de Paiva\",\"isPartOf\":{\"@id\":\"https:\/\/cm-castelo-paiva-pro.globalskillmind.pt\/portal-turismo\/#website\"},\"primaryImageOfPage\":{\"@id\":\"https:\/\/cm-castelo-paiva-pro.globalskillmind.pt\/portal-turismo\/descobrir\/natureza\/monte-de-st-adriao\/#primaryimage\"},\"image\":{\"@id\":\"https:\/\/cm-castelo-paiva-pro.globalskillmind.pt\/portal-turismo\/descobrir\/natureza\/monte-de-st-adriao\/#primaryimage\"},\"thumbnailUrl\":\"https:\/\/cm-castelo-paiva-pro.globalskillmind.pt\/portal-turismo\/wp-content\/uploads\/sites\/2\/2025\/02\/Santo-Adriao-1.jpg\",\"datePublished\":\"2025-02-06T09:50:21+00:00\",\"dateModified\":\"2025-06-04T16:09:44+00:00\",\"breadcrumb\":{\"@id\":\"https:\/\/cm-castelo-paiva-pro.globalskillmind.pt\/portal-turismo\/descobrir\/natureza\/monte-de-st-adriao\/#breadcrumb\"},\"inLanguage\":\"pt-PT\",\"potentialAction\":[{\"@type\":\"ReadAction\",\"target\":[\"https:\/\/cm-castelo-paiva-pro.globalskillmind.pt\/portal-turismo\/descobrir\/natureza\/monte-de-st-adriao\/\"]}]},{\"@type\":\"ImageObject\",\"inLanguage\":\"pt-PT\",\"@id\":\"https:\/\/cm-castelo-paiva-pro.globalskillmind.pt\/portal-turismo\/descobrir\/natureza\/monte-de-st-adriao\/#primaryimage\",\"url\":\"https:\/\/cm-castelo-paiva-pro.globalskillmind.pt\/portal-turismo\/wp-content\/uploads\/sites\/2\/2025\/02\/Santo-Adriao-1.jpg\",\"contentUrl\":\"https:\/\/cm-castelo-paiva-pro.globalskillmind.pt\/portal-turismo\/wp-content\/uploads\/sites\/2\/2025\/02\/Santo-Adriao-1.jpg\",\"width\":1920,\"height\":1280},{\"@type\":\"BreadcrumbList\",\"@id\":\"https:\/\/cm-castelo-paiva-pro.globalskillmind.pt\/portal-turismo\/descobrir\/natureza\/monte-de-st-adriao\/#breadcrumb\",\"itemListElement\":[{\"@type\":\"ListItem\",\"position\":1,\"name\":\"In\u00edcio\",\"item\":\"https:\/\/cm-castelo-paiva-pro.globalskillmind.pt\/portal-turismo\/\"},{\"@type\":\"ListItem\",\"position\":2,\"name\":\"Descobrir\",\"item\":\"https:\/\/cm-castelo-paiva-pro.globalskillmind.pt\/portal-turismo\/descobrir\/\"},{\"@type\":\"ListItem\",\"position\":3,\"name\":\"Natureza\",\"item\":\"https:\/\/cm-castelo-paiva-pro.globalskillmind.pt\/portal-turismo\/descobrir\/natureza\/\"},{\"@type\":\"ListItem\",\"position\":4,\"name\":\"Monte de St. Adri\u00e3o\"}]},{\"@type\":\"WebSite\",\"@id\":\"https:\/\/cm-castelo-paiva-pro.globalskillmind.pt\/portal-turismo\/#website\",\"url\":\"https:\/\/cm-castelo-paiva-pro.globalskillmind.pt\/portal-turismo\/\",\"name\":\"Portal Turismo C\u00e2mara Municipal de Castelo de Paiva\",\"description\":\"\",\"potentialAction\":[{\"@type\":\"SearchAction\",\"target\":{\"@type\":\"EntryPoint\",\"urlTemplate\":\"https:\/\/cm-castelo-paiva-pro.globalskillmind.pt\/portal-turismo\/?s={search_term_string}\"},\"query-input\":\"required name=search_term_string\"}],\"inLanguage\":\"pt-PT\"}]}<\/script>\n<!-- \/ Yoast SEO plugin. -->","yoast_head_json":{"title":"Monte de St. Adri\u00e3o - Portal Turismo C\u00e2mara Municipal de Castelo de Paiva","robots":{"index":"noindex","follow":"follow","max-snippet":"max-snippet:-1","max-image-preview":"max-image-preview:large","max-video-preview":"max-video-preview:-1"},"og_locale":"pt_PT","og_type":"article","og_title":"Monte de St. Adri\u00e3o - Portal Turismo C\u00e2mara Municipal de Castelo de Paiva","og_description":"Entre o sagrado e o sublime, um lugar para ver \u2014 e sentir Localizado na freguesia de Real, o Monte de Santo Adri\u00e3o ergue-se majestosamente sobre o vale do Paiva, a uma altitude de 640 metros, sendo um dos pontos mais altos e emblem\u00e1ticos do concelho de Castelo de Paiva. Este monte destaca-se pelas vistas [&hellip;]","og_url":"https:\/\/cm-castelo-paiva-pro.globalskillmind.pt\/portal-turismo\/descobrir\/natureza\/monte-de-st-adriao\/","og_site_name":"Portal Turismo C\u00e2mara Municipal de Castelo de Paiva","article_modified_time":"2025-06-04T16:09:44+00:00","og_image":[{"width":1920,"height":1280,"url":"https:\/\/cm-castelo-paiva-pro.globalskillmind.pt\/portal-turismo\/wp-content\/uploads\/sites\/2\/2025\/02\/Santo-Adriao-1.jpg","type":"image\/jpeg"}],"twitter_card":"summary_large_image","twitter_misc":{"Tempo estimado de leitura":"2 minutos"},"schema":{"@context":"https:\/\/schema.org","@graph":[{"@type":"WebPage","@id":"https:\/\/cm-castelo-paiva-pro.globalskillmind.pt\/portal-turismo\/descobrir\/natureza\/monte-de-st-adriao\/","url":"https:\/\/cm-castelo-paiva-pro.globalskillmind.pt\/portal-turismo\/descobrir\/natureza\/monte-de-st-adriao\/","name":"Monte de St. Adri\u00e3o - Portal Turismo C\u00e2mara Municipal de Castelo de Paiva","isPartOf":{"@id":"https:\/\/cm-castelo-paiva-pro.globalskillmind.pt\/portal-turismo\/#website"},"primaryImageOfPage":{"@id":"https:\/\/cm-castelo-paiva-pro.globalskillmind.pt\/portal-turismo\/descobrir\/natureza\/monte-de-st-adriao\/#primaryimage"},"image":{"@id":"https:\/\/cm-castelo-paiva-pro.globalskillmind.pt\/portal-turismo\/descobrir\/natureza\/monte-de-st-adriao\/#primaryimage"},"thumbnailUrl":"https:\/\/cm-castelo-paiva-pro.globalskillmind.pt\/portal-turismo\/wp-content\/uploads\/sites\/2\/2025\/02\/Santo-Adriao-1.jpg","datePublished":"2025-02-06T09:50:21+00:00","dateModified":"2025-06-04T16:09:44+00:00","breadcrumb":{"@id":"https:\/\/cm-castelo-paiva-pro.globalskillmind.pt\/portal-turismo\/descobrir\/natureza\/monte-de-st-adriao\/#breadcrumb"},"inLanguage":"pt-PT","potentialAction":[{"@type":"ReadAction","target":["https:\/\/cm-castelo-paiva-pro.globalskillmind.pt\/portal-turismo\/descobrir\/natureza\/monte-de-st-adriao\/"]}]},{"@type":"ImageObject","inLanguage":"pt-PT","@id":"https:\/\/cm-castelo-paiva-pro.globalskillmind.pt\/portal-turismo\/descobrir\/natureza\/monte-de-st-adriao\/#primaryimage","url":"https:\/\/cm-castelo-paiva-pro.globalskillmind.pt\/portal-turismo\/wp-content\/uploads\/sites\/2\/2025\/02\/Santo-Adriao-1.jpg","contentUrl":"https:\/\/cm-castelo-paiva-pro.globalskillmind.pt\/portal-turismo\/wp-content\/uploads\/sites\/2\/2025\/02\/Santo-Adriao-1.jpg","width":1920,"height":1280},{"@type":"BreadcrumbList","@id":"https:\/\/cm-castelo-paiva-pro.globalskillmind.pt\/portal-turismo\/descobrir\/natureza\/monte-de-st-adriao\/#breadcrumb","itemListElement":[{"@type":"ListItem","position":1,"name":"In\u00edcio","item":"https:\/\/cm-castelo-paiva-pro.globalskillmind.pt\/portal-turismo\/"},{"@type":"ListItem","position":2,"name":"Descobrir","item":"https:\/\/cm-castelo-paiva-pro.globalskillmind.pt\/portal-turismo\/descobrir\/"},{"@type":"ListItem","position":3,"name":"Natureza","item":"https:\/\/cm-castelo-paiva-pro.globalskillmind.pt\/portal-turismo\/descobrir\/natureza\/"},{"@type":"ListItem","position":4,"name":"Monte de St. Adri\u00e3o"}]},{"@type":"WebSite","@id":"https:\/\/cm-castelo-paiva-pro.globalskillmind.pt\/portal-turismo\/#website","url":"https:\/\/cm-castelo-paiva-pro.globalskillmind.pt\/portal-turismo\/","name":"Portal Turismo C\u00e2mara Municipal de Castelo de Paiva","description":"","potentialAction":[{"@type":"SearchAction","target":{"@type":"EntryPoint","urlTemplate":"https:\/\/cm-castelo-paiva-pro.globalskillmind.pt\/portal-turismo\/?s={search_term_string}"},"query-input":"required name=search_term_string"}],"inLanguage":"pt-PT"}]}},"_links":{"self":[{"href":"https:\/\/cm-castelo-paiva-pro.globalskillmind.pt\/portal-turismo\/wp-json\/wp\/v2\/pages\/1075"}],"collection":[{"href":"https:\/\/cm-castelo-paiva-pro.globalskillmind.pt\/portal-turismo\/wp-json\/wp\/v2\/pages"}],"about":[{"href":"https:\/\/cm-castelo-paiva-pro.globalskillmind.pt\/portal-turismo\/wp-json\/wp\/v2\/types\/page"}],"author":[{"embeddable":true,"href":"https:\/\/cm-castelo-paiva-pro.globalskillmind.pt\/portal-turismo\/wp-json\/wp\/v2\/users\/1"}],"replies":[{"embeddable":true,"href":"https:\/\/cm-castelo-paiva-pro.globalskillmind.pt\/portal-turismo\/wp-json\/wp\/v2\/comments?post=1075"}],"version-history":[{"count":7,"href":"https:\/\/cm-castelo-paiva-pro.globalskillmind.pt\/portal-turismo\/wp-json\/wp\/v2\/pages\/1075\/revisions"}],"predecessor-version":[{"id":2744,"href":"https:\/\/cm-castelo-paiva-pro.globalskillmind.pt\/portal-turismo\/wp-json\/wp\/v2\/pages\/1075\/revisions\/2744"}],"up":[{"embeddable":true,"href":"https:\/\/cm-castelo-paiva-pro.globalskillmind.pt\/portal-turismo\/wp-json\/wp\/v2\/pages\/1059"}],"wp:featuredmedia":[{"embeddable":true,"href":"https:\/\/cm-castelo-paiva-pro.globalskillmind.pt\/portal-turismo\/wp-json\/wp\/v2\/media\/1574"}],"wp:attachment":[{"href":"https:\/\/cm-castelo-paiva-pro.globalskillmind.pt\/portal-turismo\/wp-json\/wp\/v2\/media?parent=1075"}],"curies":[{"name":"wp","href":"https:\/\/api.w.org\/{rel}","templated":true}]}}