{"id":1073,"date":"2025-02-06T10:49:54","date_gmt":"2025-02-06T09:49:54","guid":{"rendered":"https:\/\/cm-castelo-paiva-pro.globalskillmind.pt\/portal-turismo\/?page_id=1073"},"modified":"2025-06-04T16:48:43","modified_gmt":"2025-06-04T15:48:43","slug":"monte-de-s-gens","status":"publish","type":"page","link":"https:\/\/cm-castelo-paiva-pro.globalskillmind.pt\/portal-turismo\/descobrir\/natureza\/monte-de-s-gens\/","title":{"rendered":"Monte de S. Gens"},"content":{"rendered":"<p style=\"text-align: right\"><strong><em>Natureza, vistas deslumbrantes e tranquilidade<\/em><\/strong><\/p>\n<p>Situado na freguesia de Santa Maria de Sardoura, o Monte de S. Gens \u00e9 um verdadeiro miradouro natural, conhecido pela sua beleza serena e pelas vistas panor\u00e2micas que oferece sobre os montes, vales e aldeias da regi\u00e3o. O destaque vai para a impressionante vista sobre o rio Douro, que ali se revela em todo o seu esplendor.<\/p>\n<p>Este \u00e9 um local privilegiado de lazer e contempla\u00e7\u00e3o, ideal para uma pausa em contacto com a natureza. Equipado com mesas e bancos de madeira, \u00e9 perfeito para piqueniques em fam\u00edlia ou momentos de descanso ao ar livre.<\/p>\n<p>O Monte de S. Gens integra ainda a Rota da \u00c1gua e da Pedra, no \u00e2mbito do projeto Montanhas M\u00e1gicas, que valoriza o patrim\u00f3nio natural e cultural da regi\u00e3o, promovendo o turismo sustent\u00e1vel e a descoberta de locais aut\u00eanticos.<\/p>\n","protected":false},"excerpt":{"rendered":"<p>Natureza, vistas deslumbrantes e tranquilidade Situado na freguesia de Santa Maria de Sardoura, o Monte de S. Gens \u00e9 um verdadeiro miradouro natural, conhecido pela sua beleza serena e pelas vistas panor\u00e2micas que oferece sobre os montes, vales e aldeias da regi\u00e3o. O destaque vai para a impressionante vista sobre o rio Douro, que ali [&hellip;]<\/p>\n","protected":false},"author":1,"featured_media":1569,"parent":1059,"menu_order":0,"comment_status":"closed","ping_status":"closed","template":"templates-map\/component-text-layout1.php","meta":{"_acf_changed":false,"footnotes":""},"class_list":["post-1073","page","type-page","status-publish","has-post-thumbnail","hentry"],"acf":[],"yoast_head":"<!-- This site is optimized with the Yoast SEO plugin v22.9 - https:\/\/yoast.com\/wordpress\/plugins\/seo\/ -->\n<title>Monte de S. Gens - Portal Turismo C\u00e2mara Municipal de Castelo de Paiva<\/title>\n<meta name=\"robots\" content=\"noindex, follow, max-snippet:-1, max-image-preview:large, max-video-preview:-1\" \/>\n<meta property=\"og:locale\" content=\"pt_PT\" \/>\n<meta property=\"og:type\" content=\"article\" \/>\n<meta property=\"og:title\" content=\"Monte de S. Gens - Portal Turismo C\u00e2mara Municipal de Castelo de Paiva\" \/>\n<meta property=\"og:description\" content=\"Natureza, vistas deslumbrantes e tranquilidade Situado na freguesia de Santa Maria de Sardoura, o Monte de S. Gens \u00e9 um verdadeiro miradouro natural, conhecido pela sua beleza serena e pelas vistas panor\u00e2micas que oferece sobre os montes, vales e aldeias da regi\u00e3o. O destaque vai para a impressionante vista sobre o rio Douro, que ali [&hellip;]\" \/>\n<meta property=\"og:url\" content=\"https:\/\/cm-castelo-paiva-pro.globalskillmind.pt\/portal-turismo\/descobrir\/natureza\/monte-de-s-gens\/\" \/>\n<meta property=\"og:site_name\" content=\"Portal Turismo C\u00e2mara Municipal de Castelo de Paiva\" \/>\n<meta property=\"article:modified_time\" content=\"2025-06-04T15:48:43+00:00\" \/>\n<meta property=\"og:image\" content=\"https:\/\/cm-castelo-paiva-pro.globalskillmind.pt\/portal-turismo\/wp-content\/uploads\/sites\/2\/2025\/02\/Monte-de-Sao-Gens-1.jpg\" \/>\n\t<meta property=\"og:image:width\" content=\"1920\" \/>\n\t<meta property=\"og:image:height\" content=\"1280\" \/>\n\t<meta property=\"og:image:type\" content=\"image\/jpeg\" \/>\n<meta name=\"twitter:card\" content=\"summary_large_image\" \/>\n<meta name=\"twitter:label1\" content=\"Tempo estimado de leitura\" \/>\n\t<meta name=\"twitter:data1\" content=\"1 minuto\" \/>\n<script type=\"application\/ld+json\" class=\"yoast-schema-graph\">{\"@context\":\"https:\/\/schema.org\",\"@graph\":[{\"@type\":\"WebPage\",\"@id\":\"https:\/\/cm-castelo-paiva-pro.globalskillmind.pt\/portal-turismo\/descobrir\/natureza\/monte-de-s-gens\/\",\"url\":\"https:\/\/cm-castelo-paiva-pro.globalskillmind.pt\/portal-turismo\/descobrir\/natureza\/monte-de-s-gens\/\",\"name\":\"Monte de S. Gens - Portal Turismo C\u00e2mara Municipal de Castelo de Paiva\",\"isPartOf\":{\"@id\":\"https:\/\/cm-castelo-paiva-pro.globalskillmind.pt\/portal-turismo\/#website\"},\"primaryImageOfPage\":{\"@id\":\"https:\/\/cm-castelo-paiva-pro.globalskillmind.pt\/portal-turismo\/descobrir\/natureza\/monte-de-s-gens\/#primaryimage\"},\"image\":{\"@id\":\"https:\/\/cm-castelo-paiva-pro.globalskillmind.pt\/portal-turismo\/descobrir\/natureza\/monte-de-s-gens\/#primaryimage\"},\"thumbnailUrl\":\"https:\/\/cm-castelo-paiva-pro.globalskillmind.pt\/portal-turismo\/wp-content\/uploads\/sites\/2\/2025\/02\/Monte-de-Sao-Gens-1.jpg\",\"datePublished\":\"2025-02-06T09:49:54+00:00\",\"dateModified\":\"2025-06-04T15:48:43+00:00\",\"breadcrumb\":{\"@id\":\"https:\/\/cm-castelo-paiva-pro.globalskillmind.pt\/portal-turismo\/descobrir\/natureza\/monte-de-s-gens\/#breadcrumb\"},\"inLanguage\":\"pt-PT\",\"potentialAction\":[{\"@type\":\"ReadAction\",\"target\":[\"https:\/\/cm-castelo-paiva-pro.globalskillmind.pt\/portal-turismo\/descobrir\/natureza\/monte-de-s-gens\/\"]}]},{\"@type\":\"ImageObject\",\"inLanguage\":\"pt-PT\",\"@id\":\"https:\/\/cm-castelo-paiva-pro.globalskillmind.pt\/portal-turismo\/descobrir\/natureza\/monte-de-s-gens\/#primaryimage\",\"url\":\"https:\/\/cm-castelo-paiva-pro.globalskillmind.pt\/portal-turismo\/wp-content\/uploads\/sites\/2\/2025\/02\/Monte-de-Sao-Gens-1.jpg\",\"contentUrl\":\"https:\/\/cm-castelo-paiva-pro.globalskillmind.pt\/portal-turismo\/wp-content\/uploads\/sites\/2\/2025\/02\/Monte-de-Sao-Gens-1.jpg\",\"width\":1920,\"height\":1280},{\"@type\":\"BreadcrumbList\",\"@id\":\"https:\/\/cm-castelo-paiva-pro.globalskillmind.pt\/portal-turismo\/descobrir\/natureza\/monte-de-s-gens\/#breadcrumb\",\"itemListElement\":[{\"@type\":\"ListItem\",\"position\":1,\"name\":\"In\u00edcio\",\"item\":\"https:\/\/cm-castelo-paiva-pro.globalskillmind.pt\/portal-turismo\/\"},{\"@type\":\"ListItem\",\"position\":2,\"name\":\"Descobrir\",\"item\":\"https:\/\/cm-castelo-paiva-pro.globalskillmind.pt\/portal-turismo\/descobrir\/\"},{\"@type\":\"ListItem\",\"position\":3,\"name\":\"Natureza\",\"item\":\"https:\/\/cm-castelo-paiva-pro.globalskillmind.pt\/portal-turismo\/descobrir\/natureza\/\"},{\"@type\":\"ListItem\",\"position\":4,\"name\":\"Monte de S. Gens\"}]},{\"@type\":\"WebSite\",\"@id\":\"https:\/\/cm-castelo-paiva-pro.globalskillmind.pt\/portal-turismo\/#website\",\"url\":\"https:\/\/cm-castelo-paiva-pro.globalskillmind.pt\/portal-turismo\/\",\"name\":\"Portal Turismo C\u00e2mara Municipal de Castelo de Paiva\",\"description\":\"\",\"potentialAction\":[{\"@type\":\"SearchAction\",\"target\":{\"@type\":\"EntryPoint\",\"urlTemplate\":\"https:\/\/cm-castelo-paiva-pro.globalskillmind.pt\/portal-turismo\/?s={search_term_string}\"},\"query-input\":\"required name=search_term_string\"}],\"inLanguage\":\"pt-PT\"}]}<\/script>\n<!-- \/ Yoast SEO plugin. -->","yoast_head_json":{"title":"Monte de S. Gens - Portal Turismo C\u00e2mara Municipal de Castelo de Paiva","robots":{"index":"noindex","follow":"follow","max-snippet":"max-snippet:-1","max-image-preview":"max-image-preview:large","max-video-preview":"max-video-preview:-1"},"og_locale":"pt_PT","og_type":"article","og_title":"Monte de S. Gens - Portal Turismo C\u00e2mara Municipal de Castelo de Paiva","og_description":"Natureza, vistas deslumbrantes e tranquilidade Situado na freguesia de Santa Maria de Sardoura, o Monte de S. Gens \u00e9 um verdadeiro miradouro natural, conhecido pela sua beleza serena e pelas vistas panor\u00e2micas que oferece sobre os montes, vales e aldeias da regi\u00e3o. O destaque vai para a impressionante vista sobre o rio Douro, que ali [&hellip;]","og_url":"https:\/\/cm-castelo-paiva-pro.globalskillmind.pt\/portal-turismo\/descobrir\/natureza\/monte-de-s-gens\/","og_site_name":"Portal Turismo C\u00e2mara Municipal de Castelo de Paiva","article_modified_time":"2025-06-04T15:48:43+00:00","og_image":[{"width":1920,"height":1280,"url":"https:\/\/cm-castelo-paiva-pro.globalskillmind.pt\/portal-turismo\/wp-content\/uploads\/sites\/2\/2025\/02\/Monte-de-Sao-Gens-1.jpg","type":"image\/jpeg"}],"twitter_card":"summary_large_image","twitter_misc":{"Tempo estimado de leitura":"1 minuto"},"schema":{"@context":"https:\/\/schema.org","@graph":[{"@type":"WebPage","@id":"https:\/\/cm-castelo-paiva-pro.globalskillmind.pt\/portal-turismo\/descobrir\/natureza\/monte-de-s-gens\/","url":"https:\/\/cm-castelo-paiva-pro.globalskillmind.pt\/portal-turismo\/descobrir\/natureza\/monte-de-s-gens\/","name":"Monte de S. Gens - Portal Turismo C\u00e2mara Municipal de Castelo de Paiva","isPartOf":{"@id":"https:\/\/cm-castelo-paiva-pro.globalskillmind.pt\/portal-turismo\/#website"},"primaryImageOfPage":{"@id":"https:\/\/cm-castelo-paiva-pro.globalskillmind.pt\/portal-turismo\/descobrir\/natureza\/monte-de-s-gens\/#primaryimage"},"image":{"@id":"https:\/\/cm-castelo-paiva-pro.globalskillmind.pt\/portal-turismo\/descobrir\/natureza\/monte-de-s-gens\/#primaryimage"},"thumbnailUrl":"https:\/\/cm-castelo-paiva-pro.globalskillmind.pt\/portal-turismo\/wp-content\/uploads\/sites\/2\/2025\/02\/Monte-de-Sao-Gens-1.jpg","datePublished":"2025-02-06T09:49:54+00:00","dateModified":"2025-06-04T15:48:43+00:00","breadcrumb":{"@id":"https:\/\/cm-castelo-paiva-pro.globalskillmind.pt\/portal-turismo\/descobrir\/natureza\/monte-de-s-gens\/#breadcrumb"},"inLanguage":"pt-PT","potentialAction":[{"@type":"ReadAction","target":["https:\/\/cm-castelo-paiva-pro.globalskillmind.pt\/portal-turismo\/descobrir\/natureza\/monte-de-s-gens\/"]}]},{"@type":"ImageObject","inLanguage":"pt-PT","@id":"https:\/\/cm-castelo-paiva-pro.globalskillmind.pt\/portal-turismo\/descobrir\/natureza\/monte-de-s-gens\/#primaryimage","url":"https:\/\/cm-castelo-paiva-pro.globalskillmind.pt\/portal-turismo\/wp-content\/uploads\/sites\/2\/2025\/02\/Monte-de-Sao-Gens-1.jpg","contentUrl":"https:\/\/cm-castelo-paiva-pro.globalskillmind.pt\/portal-turismo\/wp-content\/uploads\/sites\/2\/2025\/02\/Monte-de-Sao-Gens-1.jpg","width":1920,"height":1280},{"@type":"BreadcrumbList","@id":"https:\/\/cm-castelo-paiva-pro.globalskillmind.pt\/portal-turismo\/descobrir\/natureza\/monte-de-s-gens\/#breadcrumb","itemListElement":[{"@type":"ListItem","position":1,"name":"In\u00edcio","item":"https:\/\/cm-castelo-paiva-pro.globalskillmind.pt\/portal-turismo\/"},{"@type":"ListItem","position":2,"name":"Descobrir","item":"https:\/\/cm-castelo-paiva-pro.globalskillmind.pt\/portal-turismo\/descobrir\/"},{"@type":"ListItem","position":3,"name":"Natureza","item":"https:\/\/cm-castelo-paiva-pro.globalskillmind.pt\/portal-turismo\/descobrir\/natureza\/"},{"@type":"ListItem","position":4,"name":"Monte de S. Gens"}]},{"@type":"WebSite","@id":"https:\/\/cm-castelo-paiva-pro.globalskillmind.pt\/portal-turismo\/#website","url":"https:\/\/cm-castelo-paiva-pro.globalskillmind.pt\/portal-turismo\/","name":"Portal Turismo C\u00e2mara Municipal de Castelo de Paiva","description":"","potentialAction":[{"@type":"SearchAction","target":{"@type":"EntryPoint","urlTemplate":"https:\/\/cm-castelo-paiva-pro.globalskillmind.pt\/portal-turismo\/?s={search_term_string}"},"query-input":"required name=search_term_string"}],"inLanguage":"pt-PT"}]}},"_links":{"self":[{"href":"https:\/\/cm-castelo-paiva-pro.globalskillmind.pt\/portal-turismo\/wp-json\/wp\/v2\/pages\/1073"}],"collection":[{"href":"https:\/\/cm-castelo-paiva-pro.globalskillmind.pt\/portal-turismo\/wp-json\/wp\/v2\/pages"}],"about":[{"href":"https:\/\/cm-castelo-paiva-pro.globalskillmind.pt\/portal-turismo\/wp-json\/wp\/v2\/types\/page"}],"author":[{"embeddable":true,"href":"https:\/\/cm-castelo-paiva-pro.globalskillmind.pt\/portal-turismo\/wp-json\/wp\/v2\/users\/1"}],"replies":[{"embeddable":true,"href":"https:\/\/cm-castelo-paiva-pro.globalskillmind.pt\/portal-turismo\/wp-json\/wp\/v2\/comments?post=1073"}],"version-history":[{"count":6,"href":"https:\/\/cm-castelo-paiva-pro.globalskillmind.pt\/portal-turismo\/wp-json\/wp\/v2\/pages\/1073\/revisions"}],"predecessor-version":[{"id":2742,"href":"https:\/\/cm-castelo-paiva-pro.globalskillmind.pt\/portal-turismo\/wp-json\/wp\/v2\/pages\/1073\/revisions\/2742"}],"up":[{"embeddable":true,"href":"https:\/\/cm-castelo-paiva-pro.globalskillmind.pt\/portal-turismo\/wp-json\/wp\/v2\/pages\/1059"}],"wp:featuredmedia":[{"embeddable":true,"href":"https:\/\/cm-castelo-paiva-pro.globalskillmind.pt\/portal-turismo\/wp-json\/wp\/v2\/media\/1569"}],"wp:attachment":[{"href":"https:\/\/cm-castelo-paiva-pro.globalskillmind.pt\/portal-turismo\/wp-json\/wp\/v2\/media?parent=1073"}],"curies":[{"name":"wp","href":"https:\/\/api.w.org\/{rel}","templated":true}]}}