{"id":1069,"date":"2025-02-06T10:49:22","date_gmt":"2025-02-06T09:49:22","guid":{"rendered":"https:\/\/cm-castelo-paiva-pro.globalskillmind.pt\/portal-turismo\/?page_id=1069"},"modified":"2025-02-11T13:14:04","modified_gmt":"2025-02-11T12:14:04","slug":"parque-de-lazer-de-sao-martinho","status":"publish","type":"page","link":"https:\/\/cm-castelo-paiva-pro.globalskillmind.pt\/portal-turismo\/descobrir\/natureza\/parque-de-lazer-de-sao-martinho\/","title":{"rendered":"Parque de Lazer de S\u00e3o Martinho"},"content":{"rendered":"<p>Espa\u00e7o amplo e agrad\u00e1vel convidativo a um dia em fam\u00edlia. Possui relva natural e \u00e1rvores que proporcionam sombra para bons momentos de descanso, de leitura ou quem sabe uma boa soneca. Para os jovens mais irrequietos, o pequeno lago a\u00ed existente far\u00e1 com toda a certeza as del\u00edcias de um refrescante banho.<\/p>\n","protected":false},"excerpt":{"rendered":"<p>Espa\u00e7o amplo e agrad\u00e1vel convidativo a um dia em fam\u00edlia. Possui relva natural e \u00e1rvores que proporcionam sombra para bons momentos de descanso, de leitura ou quem sabe uma boa soneca. Para os jovens mais irrequietos, o pequeno lago a\u00ed existente far\u00e1 com toda a certeza as del\u00edcias de um refrescante banho.<\/p>\n","protected":false},"author":1,"featured_media":977,"parent":1059,"menu_order":0,"comment_status":"closed","ping_status":"closed","template":"templates-map\/component-place-list-layout2.php","meta":{"_acf_changed":false,"footnotes":""},"class_list":["post-1069","page","type-page","status-publish","has-post-thumbnail","hentry"],"acf":[],"yoast_head":"<!-- This site is optimized with the Yoast SEO plugin v22.9 - https:\/\/yoast.com\/wordpress\/plugins\/seo\/ -->\n<title>Parque de Lazer de S\u00e3o Martinho - Portal Turismo C\u00e2mara Municipal de Castelo de Paiva<\/title>\n<meta name=\"robots\" content=\"noindex, follow, max-snippet:-1, max-image-preview:large, max-video-preview:-1\" \/>\n<meta property=\"og:locale\" content=\"pt_PT\" \/>\n<meta property=\"og:type\" content=\"article\" \/>\n<meta property=\"og:title\" content=\"Parque de Lazer de S\u00e3o Martinho - Portal Turismo C\u00e2mara Municipal de Castelo de Paiva\" \/>\n<meta property=\"og:description\" content=\"Espa\u00e7o amplo e agrad\u00e1vel convidativo a um dia em fam\u00edlia. Possui relva natural e \u00e1rvores que proporcionam sombra para bons momentos de descanso, de leitura ou quem sabe uma boa soneca. Para os jovens mais irrequietos, o pequeno lago a\u00ed existente far\u00e1 com toda a certeza as del\u00edcias de um refrescante banho.\" \/>\n<meta property=\"og:url\" content=\"https:\/\/cm-castelo-paiva-pro.globalskillmind.pt\/portal-turismo\/descobrir\/natureza\/parque-de-lazer-de-sao-martinho\/\" \/>\n<meta property=\"og:site_name\" content=\"Portal Turismo C\u00e2mara Municipal de Castelo de Paiva\" \/>\n<meta property=\"article:modified_time\" content=\"2025-02-11T12:14:04+00:00\" \/>\n<meta property=\"og:image\" content=\"https:\/\/cm-castelo-paiva-pro.globalskillmind.pt\/portal-turismo\/wp-content\/uploads\/sites\/2\/2024\/12\/307.original_resultado.jpg\" \/>\n\t<meta property=\"og:image:width\" content=\"1920\" \/>\n\t<meta property=\"og:image:height\" content=\"1440\" \/>\n\t<meta property=\"og:image:type\" content=\"image\/jpeg\" \/>\n<meta name=\"twitter:card\" content=\"summary_large_image\" \/>\n<meta name=\"twitter:label1\" content=\"Tempo estimado de leitura\" \/>\n\t<meta name=\"twitter:data1\" content=\"1 minuto\" \/>\n<script type=\"application\/ld+json\" class=\"yoast-schema-graph\">{\"@context\":\"https:\/\/schema.org\",\"@graph\":[{\"@type\":\"WebPage\",\"@id\":\"https:\/\/cm-castelo-paiva-pro.globalskillmind.pt\/portal-turismo\/descobrir\/natureza\/parque-de-lazer-de-sao-martinho\/\",\"url\":\"https:\/\/cm-castelo-paiva-pro.globalskillmind.pt\/portal-turismo\/descobrir\/natureza\/parque-de-lazer-de-sao-martinho\/\",\"name\":\"Parque de Lazer de S\u00e3o Martinho - Portal Turismo C\u00e2mara Municipal de Castelo de Paiva\",\"isPartOf\":{\"@id\":\"https:\/\/cm-castelo-paiva-pro.globalskillmind.pt\/portal-turismo\/#website\"},\"primaryImageOfPage\":{\"@id\":\"https:\/\/cm-castelo-paiva-pro.globalskillmind.pt\/portal-turismo\/descobrir\/natureza\/parque-de-lazer-de-sao-martinho\/#primaryimage\"},\"image\":{\"@id\":\"https:\/\/cm-castelo-paiva-pro.globalskillmind.pt\/portal-turismo\/descobrir\/natureza\/parque-de-lazer-de-sao-martinho\/#primaryimage\"},\"thumbnailUrl\":\"https:\/\/cm-castelo-paiva-pro.globalskillmind.pt\/portal-turismo\/wp-content\/uploads\/sites\/2\/2024\/12\/307.original_resultado.jpg\",\"datePublished\":\"2025-02-06T09:49:22+00:00\",\"dateModified\":\"2025-02-11T12:14:04+00:00\",\"breadcrumb\":{\"@id\":\"https:\/\/cm-castelo-paiva-pro.globalskillmind.pt\/portal-turismo\/descobrir\/natureza\/parque-de-lazer-de-sao-martinho\/#breadcrumb\"},\"inLanguage\":\"pt-PT\",\"potentialAction\":[{\"@type\":\"ReadAction\",\"target\":[\"https:\/\/cm-castelo-paiva-pro.globalskillmind.pt\/portal-turismo\/descobrir\/natureza\/parque-de-lazer-de-sao-martinho\/\"]}]},{\"@type\":\"ImageObject\",\"inLanguage\":\"pt-PT\",\"@id\":\"https:\/\/cm-castelo-paiva-pro.globalskillmind.pt\/portal-turismo\/descobrir\/natureza\/parque-de-lazer-de-sao-martinho\/#primaryimage\",\"url\":\"https:\/\/cm-castelo-paiva-pro.globalskillmind.pt\/portal-turismo\/wp-content\/uploads\/sites\/2\/2024\/12\/307.original_resultado.jpg\",\"contentUrl\":\"https:\/\/cm-castelo-paiva-pro.globalskillmind.pt\/portal-turismo\/wp-content\/uploads\/sites\/2\/2024\/12\/307.original_resultado.jpg\",\"width\":1920,\"height\":1440},{\"@type\":\"BreadcrumbList\",\"@id\":\"https:\/\/cm-castelo-paiva-pro.globalskillmind.pt\/portal-turismo\/descobrir\/natureza\/parque-de-lazer-de-sao-martinho\/#breadcrumb\",\"itemListElement\":[{\"@type\":\"ListItem\",\"position\":1,\"name\":\"In\u00edcio\",\"item\":\"https:\/\/cm-castelo-paiva-pro.globalskillmind.pt\/portal-turismo\/\"},{\"@type\":\"ListItem\",\"position\":2,\"name\":\"Descobrir\",\"item\":\"https:\/\/cm-castelo-paiva-pro.globalskillmind.pt\/portal-turismo\/descobrir\/\"},{\"@type\":\"ListItem\",\"position\":3,\"name\":\"Natureza\",\"item\":\"https:\/\/cm-castelo-paiva-pro.globalskillmind.pt\/portal-turismo\/descobrir\/natureza\/\"},{\"@type\":\"ListItem\",\"position\":4,\"name\":\"Parque de Lazer de S\u00e3o Martinho\"}]},{\"@type\":\"WebSite\",\"@id\":\"https:\/\/cm-castelo-paiva-pro.globalskillmind.pt\/portal-turismo\/#website\",\"url\":\"https:\/\/cm-castelo-paiva-pro.globalskillmind.pt\/portal-turismo\/\",\"name\":\"Portal Turismo C\u00e2mara Municipal de Castelo de Paiva\",\"description\":\"\",\"potentialAction\":[{\"@type\":\"SearchAction\",\"target\":{\"@type\":\"EntryPoint\",\"urlTemplate\":\"https:\/\/cm-castelo-paiva-pro.globalskillmind.pt\/portal-turismo\/?s={search_term_string}\"},\"query-input\":\"required name=search_term_string\"}],\"inLanguage\":\"pt-PT\"}]}<\/script>\n<!-- \/ Yoast SEO plugin. -->","yoast_head_json":{"title":"Parque de Lazer de S\u00e3o Martinho - Portal Turismo C\u00e2mara Municipal de Castelo de Paiva","robots":{"index":"noindex","follow":"follow","max-snippet":"max-snippet:-1","max-image-preview":"max-image-preview:large","max-video-preview":"max-video-preview:-1"},"og_locale":"pt_PT","og_type":"article","og_title":"Parque de Lazer de S\u00e3o Martinho - Portal Turismo C\u00e2mara Municipal de Castelo de Paiva","og_description":"Espa\u00e7o amplo e agrad\u00e1vel convidativo a um dia em fam\u00edlia. Possui relva natural e \u00e1rvores que proporcionam sombra para bons momentos de descanso, de leitura ou quem sabe uma boa soneca. Para os jovens mais irrequietos, o pequeno lago a\u00ed existente far\u00e1 com toda a certeza as del\u00edcias de um refrescante banho.","og_url":"https:\/\/cm-castelo-paiva-pro.globalskillmind.pt\/portal-turismo\/descobrir\/natureza\/parque-de-lazer-de-sao-martinho\/","og_site_name":"Portal Turismo C\u00e2mara Municipal de Castelo de Paiva","article_modified_time":"2025-02-11T12:14:04+00:00","og_image":[{"width":1920,"height":1440,"url":"https:\/\/cm-castelo-paiva-pro.globalskillmind.pt\/portal-turismo\/wp-content\/uploads\/sites\/2\/2024\/12\/307.original_resultado.jpg","type":"image\/jpeg"}],"twitter_card":"summary_large_image","twitter_misc":{"Tempo estimado de leitura":"1 minuto"},"schema":{"@context":"https:\/\/schema.org","@graph":[{"@type":"WebPage","@id":"https:\/\/cm-castelo-paiva-pro.globalskillmind.pt\/portal-turismo\/descobrir\/natureza\/parque-de-lazer-de-sao-martinho\/","url":"https:\/\/cm-castelo-paiva-pro.globalskillmind.pt\/portal-turismo\/descobrir\/natureza\/parque-de-lazer-de-sao-martinho\/","name":"Parque de Lazer de S\u00e3o Martinho - Portal Turismo C\u00e2mara Municipal de Castelo de Paiva","isPartOf":{"@id":"https:\/\/cm-castelo-paiva-pro.globalskillmind.pt\/portal-turismo\/#website"},"primaryImageOfPage":{"@id":"https:\/\/cm-castelo-paiva-pro.globalskillmind.pt\/portal-turismo\/descobrir\/natureza\/parque-de-lazer-de-sao-martinho\/#primaryimage"},"image":{"@id":"https:\/\/cm-castelo-paiva-pro.globalskillmind.pt\/portal-turismo\/descobrir\/natureza\/parque-de-lazer-de-sao-martinho\/#primaryimage"},"thumbnailUrl":"https:\/\/cm-castelo-paiva-pro.globalskillmind.pt\/portal-turismo\/wp-content\/uploads\/sites\/2\/2024\/12\/307.original_resultado.jpg","datePublished":"2025-02-06T09:49:22+00:00","dateModified":"2025-02-11T12:14:04+00:00","breadcrumb":{"@id":"https:\/\/cm-castelo-paiva-pro.globalskillmind.pt\/portal-turismo\/descobrir\/natureza\/parque-de-lazer-de-sao-martinho\/#breadcrumb"},"inLanguage":"pt-PT","potentialAction":[{"@type":"ReadAction","target":["https:\/\/cm-castelo-paiva-pro.globalskillmind.pt\/portal-turismo\/descobrir\/natureza\/parque-de-lazer-de-sao-martinho\/"]}]},{"@type":"ImageObject","inLanguage":"pt-PT","@id":"https:\/\/cm-castelo-paiva-pro.globalskillmind.pt\/portal-turismo\/descobrir\/natureza\/parque-de-lazer-de-sao-martinho\/#primaryimage","url":"https:\/\/cm-castelo-paiva-pro.globalskillmind.pt\/portal-turismo\/wp-content\/uploads\/sites\/2\/2024\/12\/307.original_resultado.jpg","contentUrl":"https:\/\/cm-castelo-paiva-pro.globalskillmind.pt\/portal-turismo\/wp-content\/uploads\/sites\/2\/2024\/12\/307.original_resultado.jpg","width":1920,"height":1440},{"@type":"BreadcrumbList","@id":"https:\/\/cm-castelo-paiva-pro.globalskillmind.pt\/portal-turismo\/descobrir\/natureza\/parque-de-lazer-de-sao-martinho\/#breadcrumb","itemListElement":[{"@type":"ListItem","position":1,"name":"In\u00edcio","item":"https:\/\/cm-castelo-paiva-pro.globalskillmind.pt\/portal-turismo\/"},{"@type":"ListItem","position":2,"name":"Descobrir","item":"https:\/\/cm-castelo-paiva-pro.globalskillmind.pt\/portal-turismo\/descobrir\/"},{"@type":"ListItem","position":3,"name":"Natureza","item":"https:\/\/cm-castelo-paiva-pro.globalskillmind.pt\/portal-turismo\/descobrir\/natureza\/"},{"@type":"ListItem","position":4,"name":"Parque de Lazer de S\u00e3o Martinho"}]},{"@type":"WebSite","@id":"https:\/\/cm-castelo-paiva-pro.globalskillmind.pt\/portal-turismo\/#website","url":"https:\/\/cm-castelo-paiva-pro.globalskillmind.pt\/portal-turismo\/","name":"Portal Turismo C\u00e2mara Municipal de Castelo de Paiva","description":"","potentialAction":[{"@type":"SearchAction","target":{"@type":"EntryPoint","urlTemplate":"https:\/\/cm-castelo-paiva-pro.globalskillmind.pt\/portal-turismo\/?s={search_term_string}"},"query-input":"required name=search_term_string"}],"inLanguage":"pt-PT"}]}},"_links":{"self":[{"href":"https:\/\/cm-castelo-paiva-pro.globalskillmind.pt\/portal-turismo\/wp-json\/wp\/v2\/pages\/1069"}],"collection":[{"href":"https:\/\/cm-castelo-paiva-pro.globalskillmind.pt\/portal-turismo\/wp-json\/wp\/v2\/pages"}],"about":[{"href":"https:\/\/cm-castelo-paiva-pro.globalskillmind.pt\/portal-turismo\/wp-json\/wp\/v2\/types\/page"}],"author":[{"embeddable":true,"href":"https:\/\/cm-castelo-paiva-pro.globalskillmind.pt\/portal-turismo\/wp-json\/wp\/v2\/users\/1"}],"replies":[{"embeddable":true,"href":"https:\/\/cm-castelo-paiva-pro.globalskillmind.pt\/portal-turismo\/wp-json\/wp\/v2\/comments?post=1069"}],"version-history":[{"count":4,"href":"https:\/\/cm-castelo-paiva-pro.globalskillmind.pt\/portal-turismo\/wp-json\/wp\/v2\/pages\/1069\/revisions"}],"predecessor-version":[{"id":2399,"href":"https:\/\/cm-castelo-paiva-pro.globalskillmind.pt\/portal-turismo\/wp-json\/wp\/v2\/pages\/1069\/revisions\/2399"}],"up":[{"embeddable":true,"href":"https:\/\/cm-castelo-paiva-pro.globalskillmind.pt\/portal-turismo\/wp-json\/wp\/v2\/pages\/1059"}],"wp:featuredmedia":[{"embeddable":true,"href":"https:\/\/cm-castelo-paiva-pro.globalskillmind.pt\/portal-turismo\/wp-json\/wp\/v2\/media\/977"}],"wp:attachment":[{"href":"https:\/\/cm-castelo-paiva-pro.globalskillmind.pt\/portal-turismo\/wp-json\/wp\/v2\/media?parent=1069"}],"curies":[{"name":"wp","href":"https:\/\/api.w.org\/{rel}","templated":true}]}}