{"id":1055,"date":"2025-02-06T10:44:16","date_gmt":"2025-02-06T09:44:16","guid":{"rendered":"https:\/\/cm-castelo-paiva-pro.globalskillmind.pt\/portal-turismo\/?page_id=1055"},"modified":"2025-06-04T16:38:54","modified_gmt":"2025-06-04T15:38:54","slug":"municipio","status":"publish","type":"page","link":"https:\/\/cm-castelo-paiva-pro.globalskillmind.pt\/portal-turismo\/municipio\/","title":{"rendered":"Munic\u00edpio"},"content":{"rendered":"<p style=\"text-align: right\"><strong><em>Castelo de Paiva \u2014 Verde por Natureza<\/em><\/strong><\/p>\n<p><strong>A apenas 45 km da cidade do Porto, descubra um destino aut\u00eantico, vibrante e inesquec\u00edvel.<\/strong><\/p>\n<p>Se procura um ref\u00fagio onde a natureza, a hist\u00f3ria e a tranquilidade se encontram em perfeita harmonia, Castelo de Paiva espera por si.<\/p>\n<p><strong>Natureza no seu estado mais puro<\/strong><\/p>\n<p>Entre vales verdejantes, montes suaves e rios cristalinos, este concelho do norte de Portugal oferece paisagens de cortar a respira\u00e7\u00e3o. A extensa rede hidrogr\u00e1fica \u2014 com os rios Douro, Paiva, Arda e Sardoura \u2014 molda o territ\u00f3rio e cria ambientes \u00fanicos, ideais para relaxar ou aventurar-se ao ar livre.<\/p>\n<p>Explore miradouros naturais como os de S. Domingos, S. Gens e Sto. Adri\u00e3o, onde o olhar se perde entre serras e vinhas.<br \/>\nNas margens dos rios, descubra areais encantadores como o Choupal (Pedorido), o Castelo (Fornos) e a V\u00e1rzea (Bairros) \u2014 perfeitos para momentos de lazer em fam\u00edlia.<\/p>\n<p><strong>Aventura e descoberta<\/strong><\/p>\n<p>O rio Paiva, com as suas \u00e1guas l\u00edmpidas e correntes r\u00e1pidas, \u00e9 um para\u00edso para os amantes do rafting, canoagem e desportos de natureza.<br \/>\nNa conflu\u00eancia com o Douro, a pitoresca Ilha do Castelo \u00e9 ideal para atividades n\u00e1uticas, acampamentos e passeios ao ar livre. Aqui, testemunhos de uma ermida quinhentista e de uma antiga torre medieval (s\u00e9c. XI-XII) revelam a riqueza hist\u00f3rica do local \u2014 e mesmo a origem do top\u00f3nimo <em>Castelo<\/em>.<\/p>\n<p><strong>Mem\u00f3rias do passado industrial<\/strong><\/p>\n<p>As Minas de Carv\u00e3o do Pej\u00e3o, encerradas em 1994, continuam a marcar a identidade coletiva do concelho. Este importante legado industrial \u00e9 hoje um espa\u00e7o de mem\u00f3ria que atrai visitantes, estudiosos e curiosos, \u00e1vidos por conhecer o passado mineiro da regi\u00e3o.<\/p>\n<p><strong>Sabores que contam hist\u00f3rias<\/strong><\/p>\n<p>Castelo de Paiva tamb\u00e9m conquista pelo paladar:<\/p>\n<ul>\n<li>Saboreie o afamado Vinho Verde de Paiva;<\/li>\n<\/ul>\n<ul>\n<li>Delicie-se com o anho assado com arroz de forno, o bife \u00e0 romaria ou uma bem preparada lampreia;<\/li>\n<li>Termine com uma rabanada \u00e0 moda de Paiva ou um peda\u00e7o do melhor p\u00e3o-de-l\u00f3 do universo.<\/li>\n<\/ul>\n<p><strong>Tradi\u00e7\u00f5es vivas<\/strong><\/p>\n<p>As festas e romarias populares, com destaque para o S. Jo\u00e3o, S. Domingos, Sra. das Amoras e Santa Euf\u00e9mia, trazem cor e alegria ao calend\u00e1rio local, celebrando a identidade e a alma das gentes paivenses.<\/p>\n<p>Visite Castelo de Paiva! Aqui, cada paisagem conta uma hist\u00f3ria. Cada trilho conduz a uma experi\u00eancia.<\/p>\n<p>Deixe-se surpreender por um concelho onde a natureza \u00e9 verde por dentro e por fora.<\/p>\n","protected":false},"excerpt":{"rendered":"<p>Castelo de Paiva \u2014 Verde por Natureza A apenas 45 km da cidade do Porto, descubra um destino aut\u00eantico, vibrante e inesquec\u00edvel. Se procura um ref\u00fagio onde a natureza, a hist\u00f3ria e a tranquilidade se encontram em perfeita harmonia, Castelo de Paiva espera por si. Natureza no seu estado mais puro Entre vales verdejantes, montes [&hellip;]<\/p>\n","protected":false},"author":1,"featured_media":0,"parent":0,"menu_order":0,"comment_status":"closed","ping_status":"closed","template":"templates-map\/component-text-layout1.php","meta":{"_acf_changed":false,"footnotes":""},"class_list":["post-1055","page","type-page","status-publish","hentry"],"acf":[],"yoast_head":"<!-- This site is optimized with the Yoast SEO plugin v22.9 - https:\/\/yoast.com\/wordpress\/plugins\/seo\/ -->\n<title>Munic\u00edpio - Portal Turismo C\u00e2mara Municipal de Castelo de Paiva<\/title>\n<meta name=\"robots\" content=\"noindex, follow, max-snippet:-1, max-image-preview:large, max-video-preview:-1\" \/>\n<meta property=\"og:locale\" content=\"pt_PT\" \/>\n<meta property=\"og:type\" content=\"article\" \/>\n<meta property=\"og:title\" content=\"Munic\u00edpio - Portal Turismo C\u00e2mara Municipal de Castelo de Paiva\" \/>\n<meta property=\"og:description\" content=\"Castelo de Paiva \u2014 Verde por Natureza A apenas 45 km da cidade do Porto, descubra um destino aut\u00eantico, vibrante e inesquec\u00edvel. Se procura um ref\u00fagio onde a natureza, a hist\u00f3ria e a tranquilidade se encontram em perfeita harmonia, Castelo de Paiva espera por si. Natureza no seu estado mais puro Entre vales verdejantes, montes [&hellip;]\" \/>\n<meta property=\"og:url\" content=\"https:\/\/cm-castelo-paiva-pro.globalskillmind.pt\/portal-turismo\/municipio\/\" \/>\n<meta property=\"og:site_name\" content=\"Portal Turismo C\u00e2mara Municipal de Castelo de Paiva\" \/>\n<meta property=\"article:modified_time\" content=\"2025-06-04T15:38:54+00:00\" \/>\n<meta name=\"twitter:card\" content=\"summary_large_image\" \/>\n<meta name=\"twitter:label1\" content=\"Tempo estimado de leitura\" \/>\n\t<meta name=\"twitter:data1\" content=\"3 minutos\" \/>\n<script type=\"application\/ld+json\" class=\"yoast-schema-graph\">{\"@context\":\"https:\/\/schema.org\",\"@graph\":[{\"@type\":\"WebPage\",\"@id\":\"https:\/\/cm-castelo-paiva-pro.globalskillmind.pt\/portal-turismo\/municipio\/\",\"url\":\"https:\/\/cm-castelo-paiva-pro.globalskillmind.pt\/portal-turismo\/municipio\/\",\"name\":\"Munic\u00edpio - Portal Turismo C\u00e2mara Municipal de Castelo de Paiva\",\"isPartOf\":{\"@id\":\"https:\/\/cm-castelo-paiva-pro.globalskillmind.pt\/portal-turismo\/#website\"},\"datePublished\":\"2025-02-06T09:44:16+00:00\",\"dateModified\":\"2025-06-04T15:38:54+00:00\",\"breadcrumb\":{\"@id\":\"https:\/\/cm-castelo-paiva-pro.globalskillmind.pt\/portal-turismo\/municipio\/#breadcrumb\"},\"inLanguage\":\"pt-PT\",\"potentialAction\":[{\"@type\":\"ReadAction\",\"target\":[\"https:\/\/cm-castelo-paiva-pro.globalskillmind.pt\/portal-turismo\/municipio\/\"]}]},{\"@type\":\"BreadcrumbList\",\"@id\":\"https:\/\/cm-castelo-paiva-pro.globalskillmind.pt\/portal-turismo\/municipio\/#breadcrumb\",\"itemListElement\":[{\"@type\":\"ListItem\",\"position\":1,\"name\":\"In\u00edcio\",\"item\":\"https:\/\/cm-castelo-paiva-pro.globalskillmind.pt\/portal-turismo\/\"},{\"@type\":\"ListItem\",\"position\":2,\"name\":\"Munic\u00edpio\"}]},{\"@type\":\"WebSite\",\"@id\":\"https:\/\/cm-castelo-paiva-pro.globalskillmind.pt\/portal-turismo\/#website\",\"url\":\"https:\/\/cm-castelo-paiva-pro.globalskillmind.pt\/portal-turismo\/\",\"name\":\"Portal Turismo C\u00e2mara Municipal de Castelo de Paiva\",\"description\":\"\",\"potentialAction\":[{\"@type\":\"SearchAction\",\"target\":{\"@type\":\"EntryPoint\",\"urlTemplate\":\"https:\/\/cm-castelo-paiva-pro.globalskillmind.pt\/portal-turismo\/?s={search_term_string}\"},\"query-input\":\"required name=search_term_string\"}],\"inLanguage\":\"pt-PT\"}]}<\/script>\n<!-- \/ Yoast SEO plugin. -->","yoast_head_json":{"title":"Munic\u00edpio - Portal Turismo C\u00e2mara Municipal de Castelo de Paiva","robots":{"index":"noindex","follow":"follow","max-snippet":"max-snippet:-1","max-image-preview":"max-image-preview:large","max-video-preview":"max-video-preview:-1"},"og_locale":"pt_PT","og_type":"article","og_title":"Munic\u00edpio - Portal Turismo C\u00e2mara Municipal de Castelo de Paiva","og_description":"Castelo de Paiva \u2014 Verde por Natureza A apenas 45 km da cidade do Porto, descubra um destino aut\u00eantico, vibrante e inesquec\u00edvel. Se procura um ref\u00fagio onde a natureza, a hist\u00f3ria e a tranquilidade se encontram em perfeita harmonia, Castelo de Paiva espera por si. Natureza no seu estado mais puro Entre vales verdejantes, montes [&hellip;]","og_url":"https:\/\/cm-castelo-paiva-pro.globalskillmind.pt\/portal-turismo\/municipio\/","og_site_name":"Portal Turismo C\u00e2mara Municipal de Castelo de Paiva","article_modified_time":"2025-06-04T15:38:54+00:00","twitter_card":"summary_large_image","twitter_misc":{"Tempo estimado de leitura":"3 minutos"},"schema":{"@context":"https:\/\/schema.org","@graph":[{"@type":"WebPage","@id":"https:\/\/cm-castelo-paiva-pro.globalskillmind.pt\/portal-turismo\/municipio\/","url":"https:\/\/cm-castelo-paiva-pro.globalskillmind.pt\/portal-turismo\/municipio\/","name":"Munic\u00edpio - Portal Turismo C\u00e2mara Municipal de Castelo de Paiva","isPartOf":{"@id":"https:\/\/cm-castelo-paiva-pro.globalskillmind.pt\/portal-turismo\/#website"},"datePublished":"2025-02-06T09:44:16+00:00","dateModified":"2025-06-04T15:38:54+00:00","breadcrumb":{"@id":"https:\/\/cm-castelo-paiva-pro.globalskillmind.pt\/portal-turismo\/municipio\/#breadcrumb"},"inLanguage":"pt-PT","potentialAction":[{"@type":"ReadAction","target":["https:\/\/cm-castelo-paiva-pro.globalskillmind.pt\/portal-turismo\/municipio\/"]}]},{"@type":"BreadcrumbList","@id":"https:\/\/cm-castelo-paiva-pro.globalskillmind.pt\/portal-turismo\/municipio\/#breadcrumb","itemListElement":[{"@type":"ListItem","position":1,"name":"In\u00edcio","item":"https:\/\/cm-castelo-paiva-pro.globalskillmind.pt\/portal-turismo\/"},{"@type":"ListItem","position":2,"name":"Munic\u00edpio"}]},{"@type":"WebSite","@id":"https:\/\/cm-castelo-paiva-pro.globalskillmind.pt\/portal-turismo\/#website","url":"https:\/\/cm-castelo-paiva-pro.globalskillmind.pt\/portal-turismo\/","name":"Portal Turismo C\u00e2mara Municipal de Castelo de Paiva","description":"","potentialAction":[{"@type":"SearchAction","target":{"@type":"EntryPoint","urlTemplate":"https:\/\/cm-castelo-paiva-pro.globalskillmind.pt\/portal-turismo\/?s={search_term_string}"},"query-input":"required name=search_term_string"}],"inLanguage":"pt-PT"}]}},"_links":{"self":[{"href":"https:\/\/cm-castelo-paiva-pro.globalskillmind.pt\/portal-turismo\/wp-json\/wp\/v2\/pages\/1055"}],"collection":[{"href":"https:\/\/cm-castelo-paiva-pro.globalskillmind.pt\/portal-turismo\/wp-json\/wp\/v2\/pages"}],"about":[{"href":"https:\/\/cm-castelo-paiva-pro.globalskillmind.pt\/portal-turismo\/wp-json\/wp\/v2\/types\/page"}],"author":[{"embeddable":true,"href":"https:\/\/cm-castelo-paiva-pro.globalskillmind.pt\/portal-turismo\/wp-json\/wp\/v2\/users\/1"}],"replies":[{"embeddable":true,"href":"https:\/\/cm-castelo-paiva-pro.globalskillmind.pt\/portal-turismo\/wp-json\/wp\/v2\/comments?post=1055"}],"version-history":[{"count":5,"href":"https:\/\/cm-castelo-paiva-pro.globalskillmind.pt\/portal-turismo\/wp-json\/wp\/v2\/pages\/1055\/revisions"}],"predecessor-version":[{"id":2741,"href":"https:\/\/cm-castelo-paiva-pro.globalskillmind.pt\/portal-turismo\/wp-json\/wp\/v2\/pages\/1055\/revisions\/2741"}],"wp:attachment":[{"href":"https:\/\/cm-castelo-paiva-pro.globalskillmind.pt\/portal-turismo\/wp-json\/wp\/v2\/media?parent=1055"}],"curies":[{"name":"wp","href":"https:\/\/api.w.org\/{rel}","templated":true}]}}